{"id":90,"date":"2021-07-09T12:59:05","date_gmt":"2021-07-09T15:59:05","guid":{"rendered":"https:\/\/camara897460250.wordpress.com\/?page_id=90"},"modified":"2021-11-06T19:55:40","modified_gmt":"2021-11-06T19:55:40","slug":"localizacao","status":"publish","type":"page","link":"https:\/\/cmflorestopolis.pr.gov.br\/?page_id=90","title":{"rendered":"LDO"},"content":{"rendered":"<h1 class=\"page-title\"><\/h1>\n<div class=\"entry-content\">\n<p><a href=\"https:\/\/cmflorestopolis.pr.gov.br\/wp-content\/uploads\/2015\/07\/pdf1.jpg\"><img loading=\"lazy\" class=\"alignleft size-full wp-image-1609 disappear mom_appear\" src=\"https:\/\/cmflorestopolis.pr.gov.br\/wp-content\/uploads\/2015\/07\/pdf1.jpg\" alt=\"pdf1\" width=\"16\" height=\"16\" \/><\/a><a href=\"https:\/\/cmflorestopolis.pr.gov.br\/wp-content\/uploads\/2021\/11\/PROJ.-LEI-No-08_2017-LDO-2.pdf\"><strong>Disp\u00f5e sobre as Diretrizes para a Elabora\u00e7\u00e3o da Lei Or\u00e7ament\u00e1ria para o exerc\u00edcio de 2017 do Munic\u00edpio de Florest\u00f3polis, Estado do Paran\u00e1, e d\u00e1 outras provid\u00eancias. Data: 28\/04\/2017.<\/strong><\/a><\/p>\n<p><a href=\"https:\/\/cmflorestopolis.pr.gov.br\/wp-content\/uploads\/2015\/07\/pdf1.jpg\"><img loading=\"lazy\" class=\"alignleft size-full wp-image-1609 disappear mom_appear\" src=\"https:\/\/cmflorestopolis.pr.gov.br\/wp-content\/uploads\/2015\/07\/pdf1.jpg\" alt=\"pdf1\" width=\"16\" height=\"16\" \/><\/a><a href=\"https:\/\/cmflorestopolis.pr.gov.br\/wp-content\/uploads\/2021\/11\/LEI-No-1.378_2015-LDO_EX._2016.pdf\"><strong>Disp\u00f5e sobre as Diretrizes para a Elabora\u00e7\u00e3o da Lei Or\u00e7ament\u00e1ria para o exerc\u00edcio de 2016 do Munic\u00edpio de Florest\u00f3polis, Estado do Paran\u00e1, e d\u00e1 outras provid\u00eancias. Data: 01\/07\/2015.<\/strong><\/a><\/p>\n<p><img loading=\"lazy\" class=\"alignleft size-full wp-image-1609 disappear mom_appear\" src=\"https:\/\/cmflorestopolis.pr.gov.br\/wp-content\/uploads\/2015\/07\/pdf1.jpg\" alt=\"pdf1\" width=\"16\" height=\"16\" \/><a href=\"https:\/\/cmflorestopolis.pr.gov.br\/wp-content\/uploads\/2021\/11\/LEI-No-1.339_2014-LDO_EX._2015-2.pdf\"><strong>Disp\u00f5e sobre as Diretrizes para a Elabora\u00e7\u00e3o da Lei Or\u00e7ament\u00e1ria para o exerc\u00edcio de 2015 do Munic\u00edpio de Florest\u00f3polis, Estado do Paran\u00e1, e d\u00e1 outras provid\u00eancias. Data: 18\/06\/2014.<\/strong><\/a><\/p>\n<p><strong><img loading=\"lazy\" class=\"alignleft size-full wp-image-1609 disappear mom_appear\" src=\"https:\/\/cmflorestopolis.pr.gov.br\/wp-content\/uploads\/2015\/07\/pdf1.jpg\" alt=\"pdf1\" width=\"16\" height=\"16\" \/><a href=\"https:\/\/cmflorestopolis.pr.gov.br\/wp-content\/uploads\/2021\/11\/LEI-No-1.283_2013-LDO_EX._2014-3.pdf\">Disp\u00f5e sobre as Diretrizes para a Elabora\u00e7\u00e3o da Lei Or\u00e7ament\u00e1ria para o exerc\u00edcio de 2014 do Munic\u00edpio de Florest\u00f3polis, Estado do Paran\u00e1, e d\u00e1 outras provid\u00eancias. Data: 19\/06\/2013.<\/a><\/strong><\/p>\n<p><strong><img loading=\"lazy\" class=\"alignleft size-full wp-image-1609 disappear mom_appear\" src=\"https:\/\/cmflorestopolis.pr.gov.br\/wp-content\/uploads\/2015\/07\/pdf1.jpg\" alt=\"pdf1\" width=\"16\" height=\"16\" \/><a href=\"https:\/\/cmflorestopolis.pr.gov.br\/wp-content\/uploads\/2021\/11\/LEI-No-1.245_2012-LDO_EX._2013.pdf\">Disp\u00f5e sobre as Diretrizes para a Elabora\u00e7\u00e3o da Lei Or\u00e7ament\u00e1ria para o exerc\u00edcio de 2013 do Munic\u00edpio de Florest\u00f3polis, Estado do Paran\u00e1, e d\u00e1 outras provid\u00eancias. Data: 13\/06\/2012.<\/a><\/strong><\/p>\n<\/div>\n","protected":false},"excerpt":{"rendered":"<p>Disp\u00f5e sobre as Diretrizes para a Elabora\u00e7\u00e3o da Lei Or\u00e7ament\u00e1ria para o exerc\u00edcio de 2017 do Munic\u00edpio de Florest\u00f3polis, Estado do Paran\u00e1, e d\u00e1 outras [&#8230;]<\/p>\n","protected":false},"author":2,"featured_media":0,"parent":0,"menu_order":0,"comment_status":"closed","ping_status":"closed","template":"","meta":[],"yoast_head":"<!-- This site is optimized with the Yoast SEO plugin v17.6 - https:\/\/yoast.com\/wordpress\/plugins\/seo\/ -->\n<title>LDO - C\u00e2mara Municipal de Florest\u00f3polis<\/title>\n<meta name=\"robots\" content=\"index, follow, max-snippet:-1, max-image-preview:large, max-video-preview:-1\" \/>\n<link rel=\"canonical\" href=\"https:\/\/cmflorestopolis.pr.gov.br\/?page_id=90\" \/>\n<meta property=\"og:locale\" content=\"pt_BR\" \/>\n<meta property=\"og:type\" content=\"article\" \/>\n<meta property=\"og:title\" content=\"LDO - C\u00e2mara Municipal de Florest\u00f3polis\" \/>\n<meta property=\"og:description\" content=\"Disp\u00f5e sobre as Diretrizes para a Elabora\u00e7\u00e3o da Lei Or\u00e7ament\u00e1ria para o exerc\u00edcio de 2017 do Munic\u00edpio de Florest\u00f3polis, Estado do Paran\u00e1, e d\u00e1 outras [...]\" \/>\n<meta property=\"og:url\" content=\"https:\/\/cmflorestopolis.pr.gov.br\/?page_id=90\" \/>\n<meta property=\"og:site_name\" content=\"C\u00e2mara Municipal de Florest\u00f3polis\" \/>\n<meta property=\"article:modified_time\" content=\"2021-11-06T19:55:40+00:00\" \/>\n<meta property=\"og:image\" content=\"https:\/\/cmflorestopolis.pr.gov.br\/wp-content\/uploads\/2015\/07\/pdf1.jpg\" \/>\n<meta name=\"twitter:card\" content=\"summary_large_image\" \/>\n<meta name=\"twitter:label1\" content=\"Est. tempo de leitura\" \/>\n\t<meta name=\"twitter:data1\" content=\"1 minuto\" \/>\n<script type=\"application\/ld+json\" class=\"yoast-schema-graph\">{\"@context\":\"https:\/\/schema.org\",\"@graph\":[{\"@type\":\"WebSite\",\"@id\":\"https:\/\/cmflorestopolis.pr.gov.br\/#website\",\"url\":\"https:\/\/cmflorestopolis.pr.gov.br\/\",\"name\":\"C\\u00e2mara Municipal de Florest\\u00f3polis\",\"description\":\"\",\"potentialAction\":[{\"@type\":\"SearchAction\",\"target\":{\"@type\":\"EntryPoint\",\"urlTemplate\":\"https:\/\/cmflorestopolis.pr.gov.br\/?s={search_term_string}\"},\"query-input\":\"required name=search_term_string\"}],\"inLanguage\":\"pt-BR\"},{\"@type\":\"ImageObject\",\"@id\":\"https:\/\/cmflorestopolis.pr.gov.br\/?page_id=90#primaryimage\",\"inLanguage\":\"pt-BR\",\"url\":\"https:\/\/cmflorestopolis.pr.gov.br\/wp-content\/uploads\/2015\/07\/pdf1.jpg\",\"contentUrl\":\"https:\/\/cmflorestopolis.pr.gov.br\/wp-content\/uploads\/2015\/07\/pdf1.jpg\"},{\"@type\":\"WebPage\",\"@id\":\"https:\/\/cmflorestopolis.pr.gov.br\/?page_id=90#webpage\",\"url\":\"https:\/\/cmflorestopolis.pr.gov.br\/?page_id=90\",\"name\":\"LDO - C\\u00e2mara Municipal de Florest\\u00f3polis\",\"isPartOf\":{\"@id\":\"https:\/\/cmflorestopolis.pr.gov.br\/#website\"},\"primaryImageOfPage\":{\"@id\":\"https:\/\/cmflorestopolis.pr.gov.br\/?page_id=90#primaryimage\"},\"datePublished\":\"2021-07-09T15:59:05+00:00\",\"dateModified\":\"2021-11-06T19:55:40+00:00\",\"breadcrumb\":{\"@id\":\"https:\/\/cmflorestopolis.pr.gov.br\/?page_id=90#breadcrumb\"},\"inLanguage\":\"pt-BR\",\"potentialAction\":[{\"@type\":\"ReadAction\",\"target\":[\"https:\/\/cmflorestopolis.pr.gov.br\/?page_id=90\"]}]},{\"@type\":\"BreadcrumbList\",\"@id\":\"https:\/\/cmflorestopolis.pr.gov.br\/?page_id=90#breadcrumb\",\"itemListElement\":[{\"@type\":\"ListItem\",\"position\":1,\"name\":\"In\\u00edcio\",\"item\":\"https:\/\/cmflorestopolis.pr.gov.br\/\"},{\"@type\":\"ListItem\",\"position\":2,\"name\":\"LDO\"}]}]}<\/script>\n<!-- \/ Yoast SEO plugin. -->","yoast_head_json":{"title":"LDO - C\u00e2mara Municipal de Florest\u00f3polis","robots":{"index":"index","follow":"follow","max-snippet":"max-snippet:-1","max-image-preview":"max-image-preview:large","max-video-preview":"max-video-preview:-1"},"canonical":"https:\/\/cmflorestopolis.pr.gov.br\/?page_id=90","og_locale":"pt_BR","og_type":"article","og_title":"LDO - C\u00e2mara Municipal de Florest\u00f3polis","og_description":"Disp\u00f5e sobre as Diretrizes para a Elabora\u00e7\u00e3o da Lei Or\u00e7ament\u00e1ria para o exerc\u00edcio de 2017 do Munic\u00edpio de Florest\u00f3polis, Estado do Paran\u00e1, e d\u00e1 outras [...]","og_url":"https:\/\/cmflorestopolis.pr.gov.br\/?page_id=90","og_site_name":"C\u00e2mara Municipal de Florest\u00f3polis","article_modified_time":"2021-11-06T19:55:40+00:00","og_image":[{"url":"https:\/\/cmflorestopolis.pr.gov.br\/wp-content\/uploads\/2015\/07\/pdf1.jpg"}],"twitter_card":"summary_large_image","twitter_misc":{"Est. tempo de leitura":"1 minuto"},"schema":{"@context":"https:\/\/schema.org","@graph":[{"@type":"WebSite","@id":"https:\/\/cmflorestopolis.pr.gov.br\/#website","url":"https:\/\/cmflorestopolis.pr.gov.br\/","name":"C\u00e2mara Municipal de Florest\u00f3polis","description":"","potentialAction":[{"@type":"SearchAction","target":{"@type":"EntryPoint","urlTemplate":"https:\/\/cmflorestopolis.pr.gov.br\/?s={search_term_string}"},"query-input":"required name=search_term_string"}],"inLanguage":"pt-BR"},{"@type":"ImageObject","@id":"https:\/\/cmflorestopolis.pr.gov.br\/?page_id=90#primaryimage","inLanguage":"pt-BR","url":"https:\/\/cmflorestopolis.pr.gov.br\/wp-content\/uploads\/2015\/07\/pdf1.jpg","contentUrl":"https:\/\/cmflorestopolis.pr.gov.br\/wp-content\/uploads\/2015\/07\/pdf1.jpg"},{"@type":"WebPage","@id":"https:\/\/cmflorestopolis.pr.gov.br\/?page_id=90#webpage","url":"https:\/\/cmflorestopolis.pr.gov.br\/?page_id=90","name":"LDO - C\u00e2mara Municipal de Florest\u00f3polis","isPartOf":{"@id":"https:\/\/cmflorestopolis.pr.gov.br\/#website"},"primaryImageOfPage":{"@id":"https:\/\/cmflorestopolis.pr.gov.br\/?page_id=90#primaryimage"},"datePublished":"2021-07-09T15:59:05+00:00","dateModified":"2021-11-06T19:55:40+00:00","breadcrumb":{"@id":"https:\/\/cmflorestopolis.pr.gov.br\/?page_id=90#breadcrumb"},"inLanguage":"pt-BR","potentialAction":[{"@type":"ReadAction","target":["https:\/\/cmflorestopolis.pr.gov.br\/?page_id=90"]}]},{"@type":"BreadcrumbList","@id":"https:\/\/cmflorestopolis.pr.gov.br\/?page_id=90#breadcrumb","itemListElement":[{"@type":"ListItem","position":1,"name":"In\u00edcio","item":"https:\/\/cmflorestopolis.pr.gov.br\/"},{"@type":"ListItem","position":2,"name":"LDO"}]}]}},"_links":{"self":[{"href":"https:\/\/cmflorestopolis.pr.gov.br\/index.php?rest_route=\/wp\/v2\/pages\/90"}],"collection":[{"href":"https:\/\/cmflorestopolis.pr.gov.br\/index.php?rest_route=\/wp\/v2\/pages"}],"about":[{"href":"https:\/\/cmflorestopolis.pr.gov.br\/index.php?rest_route=\/wp\/v2\/types\/page"}],"author":[{"embeddable":true,"href":"https:\/\/cmflorestopolis.pr.gov.br\/index.php?rest_route=\/wp\/v2\/users\/2"}],"replies":[{"embeddable":true,"href":"https:\/\/cmflorestopolis.pr.gov.br\/index.php?rest_route=%2Fwp%2Fv2%2Fcomments&post=90"}],"version-history":[{"count":3,"href":"https:\/\/cmflorestopolis.pr.gov.br\/index.php?rest_route=\/wp\/v2\/pages\/90\/revisions"}],"predecessor-version":[{"id":1196,"href":"https:\/\/cmflorestopolis.pr.gov.br\/index.php?rest_route=\/wp\/v2\/pages\/90\/revisions\/1196"}],"wp:attachment":[{"href":"https:\/\/cmflorestopolis.pr.gov.br\/index.php?rest_route=%2Fwp%2Fv2%2Fmedia&parent=90"}],"curies":[{"name":"wp","href":"https:\/\/api.w.org\/{rel}","templated":true}]}}