{"id":75,"date":"2021-07-09T12:55:06","date_gmt":"2021-07-09T12:55:06","guid":{"rendered":"https:\/\/camara897460250.wordpress.com\/?page_id=75"},"modified":"2021-11-07T16:30:02","modified_gmt":"2021-11-07T16:30:02","slug":"cmf","status":"publish","type":"page","link":"https:\/\/cmflorestopolis.pr.gov.br\/?page_id=75","title":{"rendered":"CMF"},"content":{"rendered":"<table style=\"font-weight: 400;\" data-tablestyle=\"MsoTableGrid\" data-tablelook=\"1696\" aria-rowcount=\"9\">\n<tbody>\n<tr aria-rowindex=\"1\">\n<td data-celllook=\"0\">\n<p aria-level=\"1\"><a href=\"https:\/\/cmflorestopolis.pr.gov.br\/?page_id=7\"><span data-contrast=\"none\">Agenda Sess\u00f5es<\/span><span data-ccp-props=\"{&quot;201341983&quot;:0,&quot;335559738&quot;:240,&quot;335559739&quot;:0,&quot;335559740&quot;:259}\">\u00a0<\/span><\/a><\/p>\n<p><span data-ccp-props=\"{&quot;201341983&quot;:0,&quot;335559740&quot;:259}\">\u00a0<\/span><\/td>\n<\/tr>\n<tr aria-rowindex=\"2\">\n<td data-celllook=\"0\">\n<p aria-level=\"1\"><a href=\"https:\/\/cmflorestopolis.pr.gov.br\/?page_id=87\"><span data-contrast=\"none\">Conhe\u00e7a<\/span><span data-ccp-props=\"{&quot;201341983&quot;:0,&quot;335559738&quot;:240,&quot;335559739&quot;:0,&quot;335559740&quot;:259}\">\u00a0<\/span><\/a><\/p>\n<p><span data-ccp-props=\"{&quot;201341983&quot;:0,&quot;335559740&quot;:259}\">\u00a0<\/span><\/td>\n<\/tr>\n<tr aria-rowindex=\"3\">\n<td data-celllook=\"0\">\n<p aria-level=\"1\"><a href=\"https:\/\/cmflorestopolis.pr.gov.br\/?page_id=88\"><span data-contrast=\"none\">Comiss\u00f5es<\/span><span data-ccp-props=\"{&quot;201341983&quot;:0,&quot;335559738&quot;:240,&quot;335559739&quot;:0,&quot;335559740&quot;:259}\">\u00a0<\/span><\/a><\/p>\n<p><span data-ccp-props=\"{&quot;201341983&quot;:0,&quot;335559740&quot;:259}\">\u00a0<\/span><\/td>\n<\/tr>\n<tr aria-rowindex=\"4\">\n<td data-celllook=\"0\">\n<p aria-level=\"1\"><a href=\"https:\/\/cmflorestopolis.pr.gov.br\/?page_id=89\"><span data-contrast=\"none\">Funcionamento<\/span><\/a><span data-ccp-props=\"{&quot;201341983&quot;:0,&quot;335559738&quot;:240,&quot;335559739&quot;:0,&quot;335559740&quot;:259}\">\u00a0<\/span><\/p>\n<p><span data-ccp-props=\"{&quot;201341983&quot;:0,&quot;335559740&quot;:259}\">\u00a0<\/span><\/td>\n<\/tr>\n<tr aria-rowindex=\"5\">\n<td data-celllook=\"0\">\n<p aria-level=\"1\"><a href=\"https:\/\/cmflorestopolis.pr.gov.br\/?page_id=90\"><span data-contrast=\"none\">LDO<\/span><span data-ccp-props=\"{&quot;201341983&quot;:0,&quot;335559738&quot;:240,&quot;335559739&quot;:0,&quot;335559740&quot;:259}\">\u00a0<\/span><\/a><\/p>\n<p><span data-ccp-props=\"{&quot;201341983&quot;:0,&quot;335559740&quot;:259}\">\u00a0<\/span><\/td>\n<\/tr>\n<tr aria-rowindex=\"6\">\n<td data-celllook=\"0\">\n<p aria-level=\"1\"><a href=\"https:\/\/cmflorestopolis.pr.gov.br\/?page_id=396\"><span data-contrast=\"none\">Lei Org\u00e2nica<\/span><span data-ccp-props=\"{&quot;201341983&quot;:0,&quot;335559738&quot;:240,&quot;335559739&quot;:0,&quot;335559740&quot;:259}\">\u00a0<\/span><\/a><\/p>\n<p><span data-ccp-props=\"{&quot;201341983&quot;:0,&quot;335559740&quot;:259}\">\u00a0<\/span><\/td>\n<\/tr>\n<tr aria-rowindex=\"7\">\n<td data-celllook=\"0\">\n<p aria-level=\"1\"><a href=\"https:\/\/cmflorestopolis.pr.gov.br\/?page_id=398\"><span data-contrast=\"none\">Mesa Diretoria<\/span><span data-ccp-props=\"{&quot;201341983&quot;:0,&quot;335559738&quot;:240,&quot;335559739&quot;:0,&quot;335559740&quot;:259}\">\u00a0<\/span><\/a><\/p>\n<p><span data-ccp-props=\"{&quot;201341983&quot;:0,&quot;335559740&quot;:259}\">\u00a0<\/span><\/td>\n<\/tr>\n<tr aria-rowindex=\"8\">\n<td data-celllook=\"0\">\n<p aria-level=\"1\"><a href=\"https:\/\/cmflorestopolis.pr.gov.br\/?page_id=399\"><span data-contrast=\"none\">Noticias<\/span><span data-ccp-props=\"{&quot;201341983&quot;:0,&quot;335559738&quot;:240,&quot;335559739&quot;:0,&quot;335559740&quot;:259}\">\u00a0<\/span><\/a><\/p>\n<p><span data-ccp-props=\"{&quot;201341983&quot;:0,&quot;335559740&quot;:259}\">\u00a0<\/span><\/td>\n<\/tr>\n<tr aria-rowindex=\"9\">\n<td data-celllook=\"0\">\n<p aria-level=\"1\"><a href=\"https:\/\/cmflorestopolis.pr.gov.br\/?page_id=400\"><span data-contrast=\"none\">Regimento Interno<\/span><\/a><span data-ccp-props=\"{&quot;201341983&quot;:0,&quot;335559738&quot;:240,&quot;335559739&quot;:0,&quot;335559740&quot;:259}\">\u00a0<\/span><\/p>\n<p><span data-ccp-props=\"{&quot;201341983&quot;:0,&quot;335559740&quot;:259}\">\u00a0<\/span><\/td>\n<\/tr>\n<\/tbody>\n<\/table>\n","protected":false},"excerpt":{"rendered":"<p>Agenda Sess\u00f5es\u00a0 \u00a0 Conhe\u00e7a\u00a0 \u00a0 Comiss\u00f5es\u00a0 \u00a0 Funcionamento\u00a0 \u00a0 LDO\u00a0 \u00a0 Lei Org\u00e2nica\u00a0 \u00a0 Mesa Diretoria\u00a0 \u00a0 Noticias\u00a0 \u00a0 Regimento Interno\u00a0 \u00a0<\/p>\n","protected":false},"author":2,"featured_media":0,"parent":0,"menu_order":0,"comment_status":"closed","ping_status":"closed","template":"","meta":[],"yoast_head":"<!-- This site is optimized with the Yoast SEO plugin v17.6 - https:\/\/yoast.com\/wordpress\/plugins\/seo\/ -->\n<title>CMF - C\u00e2mara Municipal de Florest\u00f3polis<\/title>\n<meta name=\"robots\" content=\"index, follow, max-snippet:-1, max-image-preview:large, max-video-preview:-1\" \/>\n<link rel=\"canonical\" href=\"https:\/\/cmflorestopolis.pr.gov.br\/?page_id=75\" \/>\n<meta property=\"og:locale\" content=\"pt_BR\" \/>\n<meta property=\"og:type\" content=\"article\" \/>\n<meta property=\"og:title\" content=\"CMF - C\u00e2mara Municipal de Florest\u00f3polis\" \/>\n<meta property=\"og:description\" content=\"Agenda Sess\u00f5es\u00a0 \u00a0 Conhe\u00e7a\u00a0 \u00a0 Comiss\u00f5es\u00a0 \u00a0 Funcionamento\u00a0 \u00a0 LDO\u00a0 \u00a0 Lei Org\u00e2nica\u00a0 \u00a0 Mesa Diretoria\u00a0 \u00a0 Noticias\u00a0 \u00a0 Regimento Interno\u00a0 \u00a0\" \/>\n<meta property=\"og:url\" content=\"https:\/\/cmflorestopolis.pr.gov.br\/?page_id=75\" \/>\n<meta property=\"og:site_name\" content=\"C\u00e2mara Municipal de Florest\u00f3polis\" \/>\n<meta property=\"article:modified_time\" content=\"2021-11-07T16:30:02+00:00\" \/>\n<meta name=\"twitter:card\" content=\"summary_large_image\" \/>\n<script type=\"application\/ld+json\" class=\"yoast-schema-graph\">{\"@context\":\"https:\/\/schema.org\",\"@graph\":[{\"@type\":\"WebSite\",\"@id\":\"https:\/\/cmflorestopolis.pr.gov.br\/#website\",\"url\":\"https:\/\/cmflorestopolis.pr.gov.br\/\",\"name\":\"C\\u00e2mara Municipal de Florest\\u00f3polis\",\"description\":\"\",\"potentialAction\":[{\"@type\":\"SearchAction\",\"target\":{\"@type\":\"EntryPoint\",\"urlTemplate\":\"https:\/\/cmflorestopolis.pr.gov.br\/?s={search_term_string}\"},\"query-input\":\"required name=search_term_string\"}],\"inLanguage\":\"pt-BR\"},{\"@type\":\"WebPage\",\"@id\":\"https:\/\/cmflorestopolis.pr.gov.br\/?page_id=75#webpage\",\"url\":\"https:\/\/cmflorestopolis.pr.gov.br\/?page_id=75\",\"name\":\"CMF - C\\u00e2mara Municipal de Florest\\u00f3polis\",\"isPartOf\":{\"@id\":\"https:\/\/cmflorestopolis.pr.gov.br\/#website\"},\"datePublished\":\"2021-07-09T12:55:06+00:00\",\"dateModified\":\"2021-11-07T16:30:02+00:00\",\"breadcrumb\":{\"@id\":\"https:\/\/cmflorestopolis.pr.gov.br\/?page_id=75#breadcrumb\"},\"inLanguage\":\"pt-BR\",\"potentialAction\":[{\"@type\":\"ReadAction\",\"target\":[\"https:\/\/cmflorestopolis.pr.gov.br\/?page_id=75\"]}]},{\"@type\":\"BreadcrumbList\",\"@id\":\"https:\/\/cmflorestopolis.pr.gov.br\/?page_id=75#breadcrumb\",\"itemListElement\":[{\"@type\":\"ListItem\",\"position\":1,\"name\":\"In\\u00edcio\",\"item\":\"https:\/\/cmflorestopolis.pr.gov.br\/\"},{\"@type\":\"ListItem\",\"position\":2,\"name\":\"CMF\"}]}]}<\/script>\n<!-- \/ Yoast SEO plugin. -->","yoast_head_json":{"title":"CMF - C\u00e2mara Municipal de Florest\u00f3polis","robots":{"index":"index","follow":"follow","max-snippet":"max-snippet:-1","max-image-preview":"max-image-preview:large","max-video-preview":"max-video-preview:-1"},"canonical":"https:\/\/cmflorestopolis.pr.gov.br\/?page_id=75","og_locale":"pt_BR","og_type":"article","og_title":"CMF - C\u00e2mara Municipal de Florest\u00f3polis","og_description":"Agenda Sess\u00f5es\u00a0 \u00a0 Conhe\u00e7a\u00a0 \u00a0 Comiss\u00f5es\u00a0 \u00a0 Funcionamento\u00a0 \u00a0 LDO\u00a0 \u00a0 Lei Org\u00e2nica\u00a0 \u00a0 Mesa Diretoria\u00a0 \u00a0 Noticias\u00a0 \u00a0 Regimento Interno\u00a0 \u00a0","og_url":"https:\/\/cmflorestopolis.pr.gov.br\/?page_id=75","og_site_name":"C\u00e2mara Municipal de Florest\u00f3polis","article_modified_time":"2021-11-07T16:30:02+00:00","twitter_card":"summary_large_image","schema":{"@context":"https:\/\/schema.org","@graph":[{"@type":"WebSite","@id":"https:\/\/cmflorestopolis.pr.gov.br\/#website","url":"https:\/\/cmflorestopolis.pr.gov.br\/","name":"C\u00e2mara Municipal de Florest\u00f3polis","description":"","potentialAction":[{"@type":"SearchAction","target":{"@type":"EntryPoint","urlTemplate":"https:\/\/cmflorestopolis.pr.gov.br\/?s={search_term_string}"},"query-input":"required name=search_term_string"}],"inLanguage":"pt-BR"},{"@type":"WebPage","@id":"https:\/\/cmflorestopolis.pr.gov.br\/?page_id=75#webpage","url":"https:\/\/cmflorestopolis.pr.gov.br\/?page_id=75","name":"CMF - C\u00e2mara Municipal de Florest\u00f3polis","isPartOf":{"@id":"https:\/\/cmflorestopolis.pr.gov.br\/#website"},"datePublished":"2021-07-09T12:55:06+00:00","dateModified":"2021-11-07T16:30:02+00:00","breadcrumb":{"@id":"https:\/\/cmflorestopolis.pr.gov.br\/?page_id=75#breadcrumb"},"inLanguage":"pt-BR","potentialAction":[{"@type":"ReadAction","target":["https:\/\/cmflorestopolis.pr.gov.br\/?page_id=75"]}]},{"@type":"BreadcrumbList","@id":"https:\/\/cmflorestopolis.pr.gov.br\/?page_id=75#breadcrumb","itemListElement":[{"@type":"ListItem","position":1,"name":"In\u00edcio","item":"https:\/\/cmflorestopolis.pr.gov.br\/"},{"@type":"ListItem","position":2,"name":"CMF"}]}]}},"_links":{"self":[{"href":"https:\/\/cmflorestopolis.pr.gov.br\/index.php?rest_route=\/wp\/v2\/pages\/75"}],"collection":[{"href":"https:\/\/cmflorestopolis.pr.gov.br\/index.php?rest_route=\/wp\/v2\/pages"}],"about":[{"href":"https:\/\/cmflorestopolis.pr.gov.br\/index.php?rest_route=\/wp\/v2\/types\/page"}],"author":[{"embeddable":true,"href":"https:\/\/cmflorestopolis.pr.gov.br\/index.php?rest_route=\/wp\/v2\/users\/2"}],"replies":[{"embeddable":true,"href":"https:\/\/cmflorestopolis.pr.gov.br\/index.php?rest_route=%2Fwp%2Fv2%2Fcomments&post=75"}],"version-history":[{"count":3,"href":"https:\/\/cmflorestopolis.pr.gov.br\/index.php?rest_route=\/wp\/v2\/pages\/75\/revisions"}],"predecessor-version":[{"id":1608,"href":"https:\/\/cmflorestopolis.pr.gov.br\/index.php?rest_route=\/wp\/v2\/pages\/75\/revisions\/1608"}],"wp:attachment":[{"href":"https:\/\/cmflorestopolis.pr.gov.br\/index.php?rest_route=%2Fwp%2Fv2%2Fmedia&parent=75"}],"curies":[{"name":"wp","href":"https:\/\/api.w.org\/{rel}","templated":true}]}}