{"id":6,"date":"2021-07-09T10:53:26","date_gmt":"2021-07-09T10:53:26","guid":{"rendered":"https:\/\/camara897460250.wordpress.com\/?page_id=6"},"modified":"2026-03-02T02:30:54","modified_gmt":"2026-03-02T02:30:54","slug":"home","status":"publish","type":"page","link":"https:\/\/cmflorestopolis.pr.gov.br\/","title":{"rendered":"P\u00e1gina inicial"},"content":{"rendered":"\r\n<div style=\"display: none;\" class=\"crellyslider-slider crellyslider-slider-full-width crellyslider-slider-galeria crellyslider-1\" id=\"crellyslider-1\">\n<ul>\n<li\nstyle=\"\nbackground-color: transparent;\nbackground-image: url('https:\/\/cmflorestopolis.pr.gov.br\/wp-content\/uploads\/2026\/04\/WhatsApp-Image-2026-04-04-at-10.50.29.jpeg');\nbackground-position: center center;\nbackground-repeat: no-repeat;\nbackground-size: cover;\n\n\"\ndata-in=\"fade\"\ndata-ease-in=\"300\"\ndata-out=\"fade\"\ndata-ease-out=\"300\"\ndata-time=\"3000\"\n>\n<a class=\"cs-background-link\" href=\"https:\/\/cmflorestopolis.pr.gov.br\/?page_id=5990\"><\/a><a\ndata-delay=\"0\"\ndata-ease-in=\"300\"\ndata-ease-out=\"300\"\ndata-in=\"fade\"\ndata-out=\"fade\"\ndata-ignore-ease-out=\"0\"\ndata-top=\"-321\"\ndata-left=\"84\"\ndata-time=\"all\"\nhref=\"https:\/\/cmflorestopolis.pr.gov.br\/?page_id=5990\"\n\nstyle=\"z-index: 1;\n\">\n<img\nclass=\"\"\nsrc=\"https:\/\/cmflorestopolis.pr.gov.br\/wp-content\/uploads\/2026\/04\/WhatsApp-Image-2026-04-04-at-10.50.29.jpeg\"\nalt=\"\"\nstyle=\"\n\n\"\n\/>\n<\/a>\n<\/li>\n<li\nstyle=\"\nbackground-color: transparent;\nbackground-image: url('https:\/\/cmflorestopolis.pr.gov.br\/wp-content\/uploads\/2021\/11\/Camara-1.jpg');\nbackground-position: center center;\nbackground-repeat: no-repeat;\nbackground-size: cover;\n\n\"\ndata-in=\"fade\"\ndata-ease-in=\"300\"\ndata-out=\"fade\"\ndata-ease-out=\"300\"\ndata-time=\"3000\"\n>\n<a class=\"cs-background-link\" href=\"https:\/\/cmflorestopolis.pr.gov.br\/?page_id=4669\"><\/a><a\ndata-delay=\"0\"\ndata-ease-in=\"300\"\ndata-ease-out=\"300\"\ndata-in=\"fade\"\ndata-out=\"fade\"\ndata-ignore-ease-out=\"0\"\ndata-top=\"457\"\ndata-left=\"493\"\ndata-time=\"all\"\nhref=\"https:\/\/cmflorestopolis.pr.gov.br\/?page_id=4669\"\n\nstyle=\"z-index: 1;\n\">\n<img\nclass=\"\"\nsrc=\"https:\/\/cmflorestopolis.pr.gov.br\/wp-content\/uploads\/2021\/11\/Camara-1.jpg\"\nalt=\"\"\nstyle=\"\n\n\"\n\/>\n<\/a>\n<\/li>\n<li\nstyle=\"\nbackground-color: transparent;\nbackground-image: url('https:\/\/cmflorestopolis.pr.gov.br\/wp-content\/uploads\/2021\/11\/Camara.jpg');\nbackground-position: 0 0;\nbackground-repeat: repeat;\nbackground-size: auto;\n\n\"\ndata-in=\"fade\"\ndata-ease-in=\"300\"\ndata-out=\"fade\"\ndata-ease-out=\"300\"\ndata-time=\"3000\"\n>\n<a class=\"cs-background-link\" target=\"_blank\" href=\"https:\/\/cidades.ibge.gov.br\/brasil\/pr\/florestopolis\/historico\"><\/a><\/li>\n<\/ul>\n<\/div>\n<script type=\"text\/javascript\">\n(function($) {\n$(document).ready(function() {\n$(\"#crellyslider-1\").crellySlider({\nlayout: 'full-width',\nresponsive: 1,\nstartWidth: 1265,\nstartHeight: 1100,\nautomaticSlide: 1,\nshowControls: 1,\nshowNavigation: 1,\nenableSwipe: 1,\nshowProgressBar: 1,\npauseOnHover: 1,\nrandomOrder: 0,\nstartFromSlide: 0,\nbeforeStart : function() {},\nbeforeSetResponsive : function() {},\nbeforeSlideStart : function() {},\nbeforePause\t: function() {},\nbeforeResume : function() {},\n});\n});\n})(jQuery);\n<\/script>\n\r\n\r\n\r\n\r\n<h1 style=\"text-align: center;\"><strong><a href=\"https:\/\/cmflorestopolis.pr.gov.br\/?page_id=399\">Not\u00edcia<\/a><\/strong><\/h1>\r\n<p>&nbsp;<\/p>\r\n<p>&nbsp;<\/p>\r\n\r\n\r\n\r\n<figure class=\"wp-block-image size-full\">\r\n<figcaption><\/figcaption>\r\n<\/figure>\r\n\r\n\r\n\r\n<figure class=\"wp-block-image size-full\"><br \/>\r\n<figcaption><\/figcaption>\r\n<\/figure>\r\n\r\n\r\n\r\n<figure class=\"wp-block-gallery columns-3 is-cropped\">\r\n<ul class=\"blocks-gallery-grid\">\r\n<li class=\"blocks-gallery-item\">\r\n<figure><img loading=\"lazy\" width=\"742\" height=\"1024\" class=\"wp-image-4754\" src=\"https:\/\/cmflorestopolis.pr.gov.br\/wp-content\/uploads\/2025\/01\/WhatsApp-Image-2025-01-10-at-09.50.03-1-742x1024.jpeg\" alt=\"\" data-id=\"4754\" data-link=\"https:\/\/cmflorestopolis.pr.gov.br\/?attachment_id=4754\" srcset=\"https:\/\/cmflorestopolis.pr.gov.br\/wp-content\/uploads\/2025\/01\/WhatsApp-Image-2025-01-10-at-09.50.03-1-742x1024.jpeg 742w, https:\/\/cmflorestopolis.pr.gov.br\/wp-content\/uploads\/2025\/01\/WhatsApp-Image-2025-01-10-at-09.50.03-1-217x300.jpeg 217w, https:\/\/cmflorestopolis.pr.gov.br\/wp-content\/uploads\/2025\/01\/WhatsApp-Image-2025-01-10-at-09.50.03-1.jpeg 898w, https:\/\/cmflorestopolis.pr.gov.br\/wp-content\/uploads\/2025\/01\/WhatsApp-Image-2025-01-10-at-09.50.03-1-217x300@2x.jpeg 434w\" sizes=\"(max-width: 742px) 100vw, 742px\" \/>\r\n<figcaption class=\"blocks-gallery-item__caption\">PRESIDENTE: DENYS TEIXEIRA SAUL \u2013 (PSD)<\/figcaption>\r\n<\/figure>\r\n<\/li>\r\n<li class=\"blocks-gallery-item\">\r\n<figure><img loading=\"lazy\" width=\"200\" height=\"300\" class=\"wp-image-4758\" src=\"https:\/\/cmflorestopolis.pr.gov.br\/wp-content\/uploads\/2025\/01\/Valmir-Claudio-Rodrigues-Bily.jpg\" alt=\"\" data-id=\"4758\" data-link=\"https:\/\/cmflorestopolis.pr.gov.br\/?attachment_id=4758\" \/>\r\n<figcaption class=\"blocks-gallery-item__caption\">VICE-PRESIDENTE: VALMIR CL\u00c1UDIO RODRIGUES \u2013 UNI\u00c3O BRASIL<\/figcaption>\r\n<\/figure>\r\n<\/li>\r\n<li class=\"blocks-gallery-item\">\r\n<figure><img loading=\"lazy\" width=\"200\" height=\"300\" class=\"wp-image-4755\" src=\"https:\/\/cmflorestopolis.pr.gov.br\/wp-content\/uploads\/2025\/01\/ayrton-capassi-presidente.jpg\" alt=\"\" data-id=\"4755\" data-link=\"https:\/\/cmflorestopolis.pr.gov.br\/?attachment_id=4755\" \/>\r\n<figcaption class=\"blocks-gallery-item__caption\">1\u00b0 SECRET\u00c1RIO: AYRTON CAPASSI \u2013 PSD<\/figcaption>\r\n<\/figure>\r\n<\/li>\r\n<li class=\"blocks-gallery-item\">\r\n<figure><img loading=\"lazy\" width=\"741\" height=\"1024\" class=\"wp-image-4842\" src=\"https:\/\/cmflorestopolis.pr.gov.br\/wp-content\/uploads\/2025\/02\/WhatsApp-Image-2025-01-31-at-15.13.41-741x1024.jpeg\" alt=\"\" data-id=\"4842\" data-link=\"https:\/\/cmflorestopolis.pr.gov.br\/?attachment_id=4842\" srcset=\"https:\/\/cmflorestopolis.pr.gov.br\/wp-content\/uploads\/2025\/02\/WhatsApp-Image-2025-01-31-at-15.13.41-741x1024.jpeg 741w, https:\/\/cmflorestopolis.pr.gov.br\/wp-content\/uploads\/2025\/02\/WhatsApp-Image-2025-01-31-at-15.13.41-217x300.jpeg 217w, https:\/\/cmflorestopolis.pr.gov.br\/wp-content\/uploads\/2025\/02\/WhatsApp-Image-2025-01-31-at-15.13.41-1112x1536.jpeg 1112w, https:\/\/cmflorestopolis.pr.gov.br\/wp-content\/uploads\/2025\/02\/WhatsApp-Image-2025-01-31-at-15.13.41.jpeg 1158w, https:\/\/cmflorestopolis.pr.gov.br\/wp-content\/uploads\/2025\/02\/WhatsApp-Image-2025-01-31-at-15.13.41-217x300@2x.jpeg 434w\" sizes=\"(max-width: 741px) 100vw, 741px\" \/>\r\n<figcaption class=\"blocks-gallery-item__caption\">GUILHERME DA FONSECA BRAZ \u2013 UNI\u00c3O BRASIL<\/figcaption>\r\n<\/figure>\r\n<\/li>\r\n<li class=\"blocks-gallery-item\">\r\n<figure><img loading=\"lazy\" width=\"600\" height=\"903\" class=\"wp-image-4747\" src=\"https:\/\/cmflorestopolis.pr.gov.br\/wp-content\/uploads\/2025\/01\/Captura-de-tela-2025-01-13-125019-1.png\" alt=\"\" data-id=\"4747\" data-link=\"https:\/\/cmflorestopolis.pr.gov.br\/?attachment_id=4747\" srcset=\"https:\/\/cmflorestopolis.pr.gov.br\/wp-content\/uploads\/2025\/01\/Captura-de-tela-2025-01-13-125019-1.png 600w, https:\/\/cmflorestopolis.pr.gov.br\/wp-content\/uploads\/2025\/01\/Captura-de-tela-2025-01-13-125019-1-199x300.png 199w, https:\/\/cmflorestopolis.pr.gov.br\/wp-content\/uploads\/2025\/01\/Captura-de-tela-2025-01-13-125019-1-199x300@2x.png 398w\" sizes=\"(max-width: 600px) 100vw, 600px\" \/>\r\n<figcaption class=\"blocks-gallery-item__caption\">DIOGO KLEITON DA SILVA \u2013 PODEMOS<\/figcaption>\r\n<\/figure>\r\n<\/li>\r\n<li class=\"blocks-gallery-item\">\r\n<figure><img loading=\"lazy\" width=\"200\" height=\"300\" class=\"wp-image-4756\" src=\"https:\/\/cmflorestopolis.pr.gov.br\/wp-content\/uploads\/2025\/01\/Marinho-Novais-Luz-Neto-Vice-Presidente.jpg\" alt=\"\" data-id=\"4756\" data-link=\"https:\/\/cmflorestopolis.pr.gov.br\/?attachment_id=4756\" \/>\r\n<figcaption class=\"blocks-gallery-item__caption\">MARINHO NOVAIS LUZ NETO \u2013 PL<\/figcaption>\r\n<\/figure>\r\n<\/li>\r\n<li class=\"blocks-gallery-item\">\r\n<figure><img loading=\"lazy\" width=\"683\" height=\"1024\" class=\"wp-image-5049\" src=\"https:\/\/cmflorestopolis.pr.gov.br\/wp-content\/uploads\/2025\/03\/FOTO-NELSON-GONCALVES-CORREIA-1-683x1024.jpg\" alt=\"\" data-id=\"5049\" data-full-url=\"https:\/\/cmflorestopolis.pr.gov.br\/wp-content\/uploads\/2025\/03\/FOTO-NELSON-GONCALVES-CORREIA-1-scaled.jpg\" data-link=\"https:\/\/cmflorestopolis.pr.gov.br\/?attachment_id=5049\" srcset=\"https:\/\/cmflorestopolis.pr.gov.br\/wp-content\/uploads\/2025\/03\/FOTO-NELSON-GONCALVES-CORREIA-1-683x1024.jpg 683w, https:\/\/cmflorestopolis.pr.gov.br\/wp-content\/uploads\/2025\/03\/FOTO-NELSON-GONCALVES-CORREIA-1-200x300.jpg 200w, https:\/\/cmflorestopolis.pr.gov.br\/wp-content\/uploads\/2025\/03\/FOTO-NELSON-GONCALVES-CORREIA-1-1024x1536.jpg 1024w, https:\/\/cmflorestopolis.pr.gov.br\/wp-content\/uploads\/2025\/03\/FOTO-NELSON-GONCALVES-CORREIA-1-1365x2048.jpg 1365w, https:\/\/cmflorestopolis.pr.gov.br\/wp-content\/uploads\/2025\/03\/FOTO-NELSON-GONCALVES-CORREIA-1-1800x2700.jpg 1800w, https:\/\/cmflorestopolis.pr.gov.br\/wp-content\/uploads\/2025\/03\/FOTO-NELSON-GONCALVES-CORREIA-1-scaled.jpg 1707w, https:\/\/cmflorestopolis.pr.gov.br\/wp-content\/uploads\/2025\/03\/FOTO-NELSON-GONCALVES-CORREIA-1-683x1024@2x.jpg 1366w, https:\/\/cmflorestopolis.pr.gov.br\/wp-content\/uploads\/2025\/03\/FOTO-NELSON-GONCALVES-CORREIA-1-200x300@2x.jpg 400w\" sizes=\"(max-width: 683px) 100vw, 683px\" \/>\r\n<figcaption class=\"blocks-gallery-item__caption\">NELSON GON\u00c7ALVES CORREIA &#8211; PV<\/figcaption>\r\n<\/figure>\r\n<\/li>\r\n<li class=\"blocks-gallery-item\">\r\n<figure><img loading=\"lazy\" width=\"200\" height=\"300\" class=\"wp-image-4757\" src=\"https:\/\/cmflorestopolis.pr.gov.br\/wp-content\/uploads\/2025\/01\/Silvio-Jorge-de-Oliveira.jpg\" alt=\"Silvio Jorge de Oliveira (Biba)\" data-id=\"4757\" data-link=\"https:\/\/cmflorestopolis.pr.gov.br\/?attachment_id=4757\" \/>\r\n<figcaption class=\"blocks-gallery-item__caption\">SILVIO JORGE DE OLIVEIRA &#8211; UNI\u00c3O BRASIL<\/figcaption>\r\n<\/figure>\r\n<\/li>\r\n<li class=\"blocks-gallery-item\">\r\n<figure><img loading=\"lazy\" width=\"741\" height=\"1024\" class=\"wp-image-4712\" src=\"https:\/\/cmflorestopolis.pr.gov.br\/wp-content\/uploads\/2025\/01\/WhatsApp-Image-2025-01-10-at-10.28.33-741x1024.jpeg\" alt=\"\" data-id=\"4712\" data-link=\"https:\/\/cmflorestopolis.pr.gov.br\/?attachment_id=4712\" srcset=\"https:\/\/cmflorestopolis.pr.gov.br\/wp-content\/uploads\/2025\/01\/WhatsApp-Image-2025-01-10-at-10.28.33-741x1024.jpeg 741w, https:\/\/cmflorestopolis.pr.gov.br\/wp-content\/uploads\/2025\/01\/WhatsApp-Image-2025-01-10-at-10.28.33-217x300.jpeg 217w, https:\/\/cmflorestopolis.pr.gov.br\/wp-content\/uploads\/2025\/01\/WhatsApp-Image-2025-01-10-at-10.28.33.jpeg 926w, https:\/\/cmflorestopolis.pr.gov.br\/wp-content\/uploads\/2025\/01\/WhatsApp-Image-2025-01-10-at-10.28.33-217x300@2x.jpeg 434w\" sizes=\"(max-width: 741px) 100vw, 741px\" \/>\r\n<figcaption class=\"blocks-gallery-item__caption\">VALDETE JOS\u00c9 DE SOUZA \u2013 PSD<\/figcaption>\r\n<\/figure>\r\n<\/li>\r\n<\/ul>\r\n<\/figure>\r\n\r\n\r\n\r\n<p class=\"wp-block-columns\">\u00a0<\/p>\r\n","protected":false},"excerpt":{"rendered":"<p>Not\u00edcia &nbsp; &nbsp; \u00a0<\/p>\n","protected":false},"author":2,"featured_media":0,"parent":0,"menu_order":1,"comment_status":"closed","ping_status":"closed","template":"templates\/template-sidebar-right.php","meta":[],"yoast_head":"<!-- This site is optimized with the Yoast SEO plugin v17.6 - https:\/\/yoast.com\/wordpress\/plugins\/seo\/ -->\n<title>P\u00e1gina inicial - C\u00e2mara Municipal de Florest\u00f3polis<\/title>\n<meta name=\"robots\" content=\"index, follow, max-snippet:-1, max-image-preview:large, max-video-preview:-1\" \/>\n<link rel=\"canonical\" href=\"https:\/\/cmflorestopolis.pr.gov.br\/\" \/>\n<meta property=\"og:locale\" content=\"pt_BR\" \/>\n<meta property=\"og:type\" content=\"article\" \/>\n<meta property=\"og:title\" content=\"P\u00e1gina inicial - C\u00e2mara Municipal de Florest\u00f3polis\" \/>\n<meta property=\"og:description\" content=\"Not\u00edcia &nbsp; &nbsp; \u00a0\" \/>\n<meta property=\"og:url\" content=\"https:\/\/cmflorestopolis.pr.gov.br\/\" \/>\n<meta property=\"og:site_name\" content=\"C\u00e2mara Municipal de Florest\u00f3polis\" \/>\n<meta property=\"article:modified_time\" content=\"2026-03-02T02:30:54+00:00\" \/>\n<meta property=\"og:image\" content=\"https:\/\/cmflorestopolis.pr.gov.br\/wp-content\/uploads\/2025\/01\/WhatsApp-Image-2025-01-10-at-09.50.03-1-742x1024.jpeg\" \/>\n<meta name=\"twitter:card\" content=\"summary_large_image\" \/>\n<meta name=\"twitter:label1\" content=\"Est. tempo de leitura\" \/>\n\t<meta name=\"twitter:data1\" content=\"3 minutos\" \/>\n<script type=\"application\/ld+json\" class=\"yoast-schema-graph\">{\"@context\":\"https:\/\/schema.org\",\"@graph\":[{\"@type\":\"WebSite\",\"@id\":\"https:\/\/cmflorestopolis.pr.gov.br\/#website\",\"url\":\"https:\/\/cmflorestopolis.pr.gov.br\/\",\"name\":\"C\\u00e2mara Municipal de Florest\\u00f3polis\",\"description\":\"\",\"potentialAction\":[{\"@type\":\"SearchAction\",\"target\":{\"@type\":\"EntryPoint\",\"urlTemplate\":\"https:\/\/cmflorestopolis.pr.gov.br\/?s={search_term_string}\"},\"query-input\":\"required name=search_term_string\"}],\"inLanguage\":\"pt-BR\"},{\"@type\":\"ImageObject\",\"@id\":\"https:\/\/cmflorestopolis.pr.gov.br\/#primaryimage\",\"inLanguage\":\"pt-BR\",\"url\":\"https:\/\/cmflorestopolis.pr.gov.br\/wp-content\/uploads\/2025\/01\/WhatsApp-Image-2025-01-10-at-09.50.03-1.jpeg\",\"contentUrl\":\"https:\/\/cmflorestopolis.pr.gov.br\/wp-content\/uploads\/2025\/01\/WhatsApp-Image-2025-01-10-at-09.50.03-1.jpeg\",\"width\":898,\"height\":1240,\"caption\":\"PRESIDENTE: DENYS TEIXEIRA SAUL \\u2013 (PSD)\"},{\"@type\":\"WebPage\",\"@id\":\"https:\/\/cmflorestopolis.pr.gov.br\/#webpage\",\"url\":\"https:\/\/cmflorestopolis.pr.gov.br\/\",\"name\":\"P\\u00e1gina inicial - C\\u00e2mara Municipal de Florest\\u00f3polis\",\"isPartOf\":{\"@id\":\"https:\/\/cmflorestopolis.pr.gov.br\/#website\"},\"primaryImageOfPage\":{\"@id\":\"https:\/\/cmflorestopolis.pr.gov.br\/#primaryimage\"},\"datePublished\":\"2021-07-09T10:53:26+00:00\",\"dateModified\":\"2026-03-02T02:30:54+00:00\",\"breadcrumb\":{\"@id\":\"https:\/\/cmflorestopolis.pr.gov.br\/#breadcrumb\"},\"inLanguage\":\"pt-BR\",\"potentialAction\":[{\"@type\":\"ReadAction\",\"target\":[\"https:\/\/cmflorestopolis.pr.gov.br\/\"]}]},{\"@type\":\"BreadcrumbList\",\"@id\":\"https:\/\/cmflorestopolis.pr.gov.br\/#breadcrumb\",\"itemListElement\":[{\"@type\":\"ListItem\",\"position\":1,\"name\":\"In\\u00edcio\",\"item\":\"https:\/\/cmflorestopolis.pr.gov.br\/\"},{\"@type\":\"ListItem\",\"position\":2,\"name\":\"P\\u00e1gina inicial\"}]}]}<\/script>\n<!-- \/ Yoast SEO plugin. -->","yoast_head_json":{"title":"P\u00e1gina inicial - C\u00e2mara Municipal de Florest\u00f3polis","robots":{"index":"index","follow":"follow","max-snippet":"max-snippet:-1","max-image-preview":"max-image-preview:large","max-video-preview":"max-video-preview:-1"},"canonical":"https:\/\/cmflorestopolis.pr.gov.br\/","og_locale":"pt_BR","og_type":"article","og_title":"P\u00e1gina inicial - C\u00e2mara Municipal de Florest\u00f3polis","og_description":"Not\u00edcia &nbsp; &nbsp; \u00a0","og_url":"https:\/\/cmflorestopolis.pr.gov.br\/","og_site_name":"C\u00e2mara Municipal de Florest\u00f3polis","article_modified_time":"2026-03-02T02:30:54+00:00","og_image":[{"url":"https:\/\/cmflorestopolis.pr.gov.br\/wp-content\/uploads\/2025\/01\/WhatsApp-Image-2025-01-10-at-09.50.03-1-742x1024.jpeg"}],"twitter_card":"summary_large_image","twitter_misc":{"Est. tempo de leitura":"3 minutos"},"schema":{"@context":"https:\/\/schema.org","@graph":[{"@type":"WebSite","@id":"https:\/\/cmflorestopolis.pr.gov.br\/#website","url":"https:\/\/cmflorestopolis.pr.gov.br\/","name":"C\u00e2mara Municipal de Florest\u00f3polis","description":"","potentialAction":[{"@type":"SearchAction","target":{"@type":"EntryPoint","urlTemplate":"https:\/\/cmflorestopolis.pr.gov.br\/?s={search_term_string}"},"query-input":"required name=search_term_string"}],"inLanguage":"pt-BR"},{"@type":"ImageObject","@id":"https:\/\/cmflorestopolis.pr.gov.br\/#primaryimage","inLanguage":"pt-BR","url":"https:\/\/cmflorestopolis.pr.gov.br\/wp-content\/uploads\/2025\/01\/WhatsApp-Image-2025-01-10-at-09.50.03-1.jpeg","contentUrl":"https:\/\/cmflorestopolis.pr.gov.br\/wp-content\/uploads\/2025\/01\/WhatsApp-Image-2025-01-10-at-09.50.03-1.jpeg","width":898,"height":1240,"caption":"PRESIDENTE: DENYS TEIXEIRA SAUL \u2013 (PSD)"},{"@type":"WebPage","@id":"https:\/\/cmflorestopolis.pr.gov.br\/#webpage","url":"https:\/\/cmflorestopolis.pr.gov.br\/","name":"P\u00e1gina inicial - C\u00e2mara Municipal de Florest\u00f3polis","isPartOf":{"@id":"https:\/\/cmflorestopolis.pr.gov.br\/#website"},"primaryImageOfPage":{"@id":"https:\/\/cmflorestopolis.pr.gov.br\/#primaryimage"},"datePublished":"2021-07-09T10:53:26+00:00","dateModified":"2026-03-02T02:30:54+00:00","breadcrumb":{"@id":"https:\/\/cmflorestopolis.pr.gov.br\/#breadcrumb"},"inLanguage":"pt-BR","potentialAction":[{"@type":"ReadAction","target":["https:\/\/cmflorestopolis.pr.gov.br\/"]}]},{"@type":"BreadcrumbList","@id":"https:\/\/cmflorestopolis.pr.gov.br\/#breadcrumb","itemListElement":[{"@type":"ListItem","position":1,"name":"In\u00edcio","item":"https:\/\/cmflorestopolis.pr.gov.br\/"},{"@type":"ListItem","position":2,"name":"P\u00e1gina inicial"}]}]}},"_links":{"self":[{"href":"https:\/\/cmflorestopolis.pr.gov.br\/index.php?rest_route=\/wp\/v2\/pages\/6"}],"collection":[{"href":"https:\/\/cmflorestopolis.pr.gov.br\/index.php?rest_route=\/wp\/v2\/pages"}],"about":[{"href":"https:\/\/cmflorestopolis.pr.gov.br\/index.php?rest_route=\/wp\/v2\/types\/page"}],"author":[{"embeddable":true,"href":"https:\/\/cmflorestopolis.pr.gov.br\/index.php?rest_route=\/wp\/v2\/users\/2"}],"replies":[{"embeddable":true,"href":"https:\/\/cmflorestopolis.pr.gov.br\/index.php?rest_route=%2Fwp%2Fv2%2Fcomments&post=6"}],"version-history":[{"count":233,"href":"https:\/\/cmflorestopolis.pr.gov.br\/index.php?rest_route=\/wp\/v2\/pages\/6\/revisions"}],"predecessor-version":[{"id":5815,"href":"https:\/\/cmflorestopolis.pr.gov.br\/index.php?rest_route=\/wp\/v2\/pages\/6\/revisions\/5815"}],"wp:attachment":[{"href":"https:\/\/cmflorestopolis.pr.gov.br\/index.php?rest_route=%2Fwp%2Fv2%2Fmedia&parent=6"}],"curies":[{"name":"wp","href":"https:\/\/api.w.org\/{rel}","templated":true}]}}