{"id":5990,"date":"2026-04-04T13:51:44","date_gmt":"2026-04-04T13:51:44","guid":{"rendered":"https:\/\/cmflorestopolis.pr.gov.br\/?page_id=5990"},"modified":"2026-04-04T13:51:44","modified_gmt":"2026-04-04T13:51:44","slug":"pascoa-2026","status":"publish","type":"page","link":"https:\/\/cmflorestopolis.pr.gov.br\/?page_id=5990","title":{"rendered":"Pascoa 2026"},"content":{"rendered":"<p><img loading=\"lazy\" class=\"alignnone size-medium wp-image-5991\" src=\"https:\/\/cmflorestopolis.pr.gov.br\/wp-content\/uploads\/2026\/04\/WhatsApp-Image-2026-04-04-at-10.50.29-228x300.jpeg\" alt=\"\" width=\"228\" height=\"300\" srcset=\"https:\/\/cmflorestopolis.pr.gov.br\/wp-content\/uploads\/2026\/04\/WhatsApp-Image-2026-04-04-at-10.50.29-228x300.jpeg 228w, https:\/\/cmflorestopolis.pr.gov.br\/wp-content\/uploads\/2026\/04\/WhatsApp-Image-2026-04-04-at-10.50.29-778x1024.jpeg 778w, https:\/\/cmflorestopolis.pr.gov.br\/wp-content\/uploads\/2026\/04\/WhatsApp-Image-2026-04-04-at-10.50.29.jpeg 1080w, https:\/\/cmflorestopolis.pr.gov.br\/wp-content\/uploads\/2026\/04\/WhatsApp-Image-2026-04-04-at-10.50.29-228x300@2x.jpeg 456w\" sizes=\"(max-width: 228px) 100vw, 228px\" \/><\/p>\n<p>&nbsp;<\/p>\n<p>A C\u00e2mara Municipal de Florest\u00f3polis deseja a toda a popula\u00e7\u00e3o uma Feliz P\u00e1scoa!<\/p>\n<p>Que este momento especial seja repleto de paz, renova\u00e7\u00e3o e esperan\u00e7a. Que o esp\u00edrito pascal fortale\u00e7a os la\u00e7os de uni\u00e3o, solidariedade e amor entre todas as fam\u00edlias de nosso munic\u00edpio.<\/p>\n<p>Que a f\u00e9 e a esperan\u00e7a se renovem em cada cora\u00e7\u00e3o, trazendo dias melhores para todos.<br \/>\nFeliz P\u00e1scoa!<\/p>\n<p>C\u00e2mara Municipal de Florest\u00f3polis<\/p>\n","protected":false},"excerpt":{"rendered":"<p>&nbsp; A C\u00e2mara Municipal de Florest\u00f3polis deseja a toda a popula\u00e7\u00e3o uma Feliz P\u00e1scoa! Que este momento especial seja repleto de paz, renova\u00e7\u00e3o e esperan\u00e7a. [&#8230;]<\/p>\n","protected":false},"author":1,"featured_media":0,"parent":0,"menu_order":0,"comment_status":"closed","ping_status":"closed","template":"","meta":[],"yoast_head":"<!-- This site is optimized with the Yoast SEO plugin v17.6 - https:\/\/yoast.com\/wordpress\/plugins\/seo\/ -->\n<title>Pascoa 2026 - C\u00e2mara Municipal de Florest\u00f3polis<\/title>\n<meta name=\"robots\" content=\"index, follow, max-snippet:-1, max-image-preview:large, max-video-preview:-1\" \/>\n<link rel=\"canonical\" href=\"https:\/\/cmflorestopolis.pr.gov.br\/?page_id=5990\" \/>\n<meta property=\"og:locale\" content=\"pt_BR\" \/>\n<meta property=\"og:type\" content=\"article\" \/>\n<meta property=\"og:title\" content=\"Pascoa 2026 - C\u00e2mara Municipal de Florest\u00f3polis\" \/>\n<meta property=\"og:description\" content=\"&nbsp; A C\u00e2mara Municipal de Florest\u00f3polis deseja a toda a popula\u00e7\u00e3o uma Feliz P\u00e1scoa! Que este momento especial seja repleto de paz, renova\u00e7\u00e3o e esperan\u00e7a. [...]\" \/>\n<meta property=\"og:url\" content=\"https:\/\/cmflorestopolis.pr.gov.br\/?page_id=5990\" \/>\n<meta property=\"og:site_name\" content=\"C\u00e2mara Municipal de Florest\u00f3polis\" \/>\n<meta property=\"og:image\" content=\"https:\/\/cmflorestopolis.pr.gov.br\/wp-content\/uploads\/2026\/04\/WhatsApp-Image-2026-04-04-at-10.50.29-228x300.jpeg\" \/>\n<meta name=\"twitter:card\" content=\"summary_large_image\" \/>\n<script type=\"application\/ld+json\" class=\"yoast-schema-graph\">{\"@context\":\"https:\/\/schema.org\",\"@graph\":[{\"@type\":\"WebSite\",\"@id\":\"https:\/\/cmflorestopolis.pr.gov.br\/#website\",\"url\":\"https:\/\/cmflorestopolis.pr.gov.br\/\",\"name\":\"C\\u00e2mara Municipal de Florest\\u00f3polis\",\"description\":\"\",\"potentialAction\":[{\"@type\":\"SearchAction\",\"target\":{\"@type\":\"EntryPoint\",\"urlTemplate\":\"https:\/\/cmflorestopolis.pr.gov.br\/?s={search_term_string}\"},\"query-input\":\"required name=search_term_string\"}],\"inLanguage\":\"pt-BR\"},{\"@type\":\"ImageObject\",\"@id\":\"https:\/\/cmflorestopolis.pr.gov.br\/?page_id=5990#primaryimage\",\"inLanguage\":\"pt-BR\",\"url\":\"https:\/\/cmflorestopolis.pr.gov.br\/wp-content\/uploads\/2026\/04\/WhatsApp-Image-2026-04-04-at-10.50.29.jpeg\",\"contentUrl\":\"https:\/\/cmflorestopolis.pr.gov.br\/wp-content\/uploads\/2026\/04\/WhatsApp-Image-2026-04-04-at-10.50.29.jpeg\",\"width\":1080,\"height\":1421},{\"@type\":\"WebPage\",\"@id\":\"https:\/\/cmflorestopolis.pr.gov.br\/?page_id=5990#webpage\",\"url\":\"https:\/\/cmflorestopolis.pr.gov.br\/?page_id=5990\",\"name\":\"Pascoa 2026 - C\\u00e2mara Municipal de Florest\\u00f3polis\",\"isPartOf\":{\"@id\":\"https:\/\/cmflorestopolis.pr.gov.br\/#website\"},\"primaryImageOfPage\":{\"@id\":\"https:\/\/cmflorestopolis.pr.gov.br\/?page_id=5990#primaryimage\"},\"datePublished\":\"2026-04-04T13:51:44+00:00\",\"dateModified\":\"2026-04-04T13:51:44+00:00\",\"breadcrumb\":{\"@id\":\"https:\/\/cmflorestopolis.pr.gov.br\/?page_id=5990#breadcrumb\"},\"inLanguage\":\"pt-BR\",\"potentialAction\":[{\"@type\":\"ReadAction\",\"target\":[\"https:\/\/cmflorestopolis.pr.gov.br\/?page_id=5990\"]}]},{\"@type\":\"BreadcrumbList\",\"@id\":\"https:\/\/cmflorestopolis.pr.gov.br\/?page_id=5990#breadcrumb\",\"itemListElement\":[{\"@type\":\"ListItem\",\"position\":1,\"name\":\"In\\u00edcio\",\"item\":\"https:\/\/cmflorestopolis.pr.gov.br\/\"},{\"@type\":\"ListItem\",\"position\":2,\"name\":\"Pascoa 2026\"}]}]}<\/script>\n<!-- \/ Yoast SEO plugin. -->","yoast_head_json":{"title":"Pascoa 2026 - C\u00e2mara Municipal de Florest\u00f3polis","robots":{"index":"index","follow":"follow","max-snippet":"max-snippet:-1","max-image-preview":"max-image-preview:large","max-video-preview":"max-video-preview:-1"},"canonical":"https:\/\/cmflorestopolis.pr.gov.br\/?page_id=5990","og_locale":"pt_BR","og_type":"article","og_title":"Pascoa 2026 - C\u00e2mara Municipal de Florest\u00f3polis","og_description":"&nbsp; A C\u00e2mara Municipal de Florest\u00f3polis deseja a toda a popula\u00e7\u00e3o uma Feliz P\u00e1scoa! Que este momento especial seja repleto de paz, renova\u00e7\u00e3o e esperan\u00e7a. [...]","og_url":"https:\/\/cmflorestopolis.pr.gov.br\/?page_id=5990","og_site_name":"C\u00e2mara Municipal de Florest\u00f3polis","og_image":[{"url":"https:\/\/cmflorestopolis.pr.gov.br\/wp-content\/uploads\/2026\/04\/WhatsApp-Image-2026-04-04-at-10.50.29-228x300.jpeg"}],"twitter_card":"summary_large_image","schema":{"@context":"https:\/\/schema.org","@graph":[{"@type":"WebSite","@id":"https:\/\/cmflorestopolis.pr.gov.br\/#website","url":"https:\/\/cmflorestopolis.pr.gov.br\/","name":"C\u00e2mara Municipal de Florest\u00f3polis","description":"","potentialAction":[{"@type":"SearchAction","target":{"@type":"EntryPoint","urlTemplate":"https:\/\/cmflorestopolis.pr.gov.br\/?s={search_term_string}"},"query-input":"required name=search_term_string"}],"inLanguage":"pt-BR"},{"@type":"ImageObject","@id":"https:\/\/cmflorestopolis.pr.gov.br\/?page_id=5990#primaryimage","inLanguage":"pt-BR","url":"https:\/\/cmflorestopolis.pr.gov.br\/wp-content\/uploads\/2026\/04\/WhatsApp-Image-2026-04-04-at-10.50.29.jpeg","contentUrl":"https:\/\/cmflorestopolis.pr.gov.br\/wp-content\/uploads\/2026\/04\/WhatsApp-Image-2026-04-04-at-10.50.29.jpeg","width":1080,"height":1421},{"@type":"WebPage","@id":"https:\/\/cmflorestopolis.pr.gov.br\/?page_id=5990#webpage","url":"https:\/\/cmflorestopolis.pr.gov.br\/?page_id=5990","name":"Pascoa 2026 - C\u00e2mara Municipal de Florest\u00f3polis","isPartOf":{"@id":"https:\/\/cmflorestopolis.pr.gov.br\/#website"},"primaryImageOfPage":{"@id":"https:\/\/cmflorestopolis.pr.gov.br\/?page_id=5990#primaryimage"},"datePublished":"2026-04-04T13:51:44+00:00","dateModified":"2026-04-04T13:51:44+00:00","breadcrumb":{"@id":"https:\/\/cmflorestopolis.pr.gov.br\/?page_id=5990#breadcrumb"},"inLanguage":"pt-BR","potentialAction":[{"@type":"ReadAction","target":["https:\/\/cmflorestopolis.pr.gov.br\/?page_id=5990"]}]},{"@type":"BreadcrumbList","@id":"https:\/\/cmflorestopolis.pr.gov.br\/?page_id=5990#breadcrumb","itemListElement":[{"@type":"ListItem","position":1,"name":"In\u00edcio","item":"https:\/\/cmflorestopolis.pr.gov.br\/"},{"@type":"ListItem","position":2,"name":"Pascoa 2026"}]}]}},"_links":{"self":[{"href":"https:\/\/cmflorestopolis.pr.gov.br\/index.php?rest_route=\/wp\/v2\/pages\/5990"}],"collection":[{"href":"https:\/\/cmflorestopolis.pr.gov.br\/index.php?rest_route=\/wp\/v2\/pages"}],"about":[{"href":"https:\/\/cmflorestopolis.pr.gov.br\/index.php?rest_route=\/wp\/v2\/types\/page"}],"author":[{"embeddable":true,"href":"https:\/\/cmflorestopolis.pr.gov.br\/index.php?rest_route=\/wp\/v2\/users\/1"}],"replies":[{"embeddable":true,"href":"https:\/\/cmflorestopolis.pr.gov.br\/index.php?rest_route=%2Fwp%2Fv2%2Fcomments&post=5990"}],"version-history":[{"count":1,"href":"https:\/\/cmflorestopolis.pr.gov.br\/index.php?rest_route=\/wp\/v2\/pages\/5990\/revisions"}],"predecessor-version":[{"id":5992,"href":"https:\/\/cmflorestopolis.pr.gov.br\/index.php?rest_route=\/wp\/v2\/pages\/5990\/revisions\/5992"}],"wp:attachment":[{"href":"https:\/\/cmflorestopolis.pr.gov.br\/index.php?rest_route=%2Fwp%2Fv2%2Fmedia&parent=5990"}],"curies":[{"name":"wp","href":"https:\/\/api.w.org\/{rel}","templated":true}]}}