{"id":5280,"date":"2025-06-19T01:40:34","date_gmt":"2025-06-19T01:40:34","guid":{"rendered":"https:\/\/cmflorestopolis.pr.gov.br\/?page_id=5280"},"modified":"2025-06-19T01:43:26","modified_gmt":"2025-06-19T01:43:26","slug":"corpus-christi","status":"publish","type":"page","link":"https:\/\/cmflorestopolis.pr.gov.br\/?page_id=5280","title":{"rendered":"Corpus Christi"},"content":{"rendered":"<p>CORPUS CHRISTI<\/p>\n<p>Nesta data de profunda f\u00e9 e reflex\u00e3o, a C\u00e2mara<br \/>\nMunicipal de Florest\u00f3polis celebra a presen\u00e7a real de Cristo na Eucaristia.<br \/>\nQue este momento fortale\u00e7a em todos a uni\u00e3o, o amor ao pr\u00f3ximo e a busca pela paz, renovando nossa f\u00e9 e esperan\u00e7a.<\/p>\n<p>C\u00e2mara Municipal de Florestap\u00f3lis<\/p>\n<p><img loading=\"lazy\" class=\"alignnone size-medium wp-image-5278\" src=\"https:\/\/cmflorestopolis.pr.gov.br\/wp-content\/uploads\/2025\/06\/WhatsApp-Image-2025-06-18-at-09.38.48-202x300.jpeg\" alt=\"\" width=\"202\" height=\"300\" srcset=\"https:\/\/cmflorestopolis.pr.gov.br\/wp-content\/uploads\/2025\/06\/WhatsApp-Image-2025-06-18-at-09.38.48-202x300.jpeg 202w, https:\/\/cmflorestopolis.pr.gov.br\/wp-content\/uploads\/2025\/06\/WhatsApp-Image-2025-06-18-at-09.38.48-689x1024.jpeg 689w, https:\/\/cmflorestopolis.pr.gov.br\/wp-content\/uploads\/2025\/06\/WhatsApp-Image-2025-06-18-at-09.38.48-1033x1536.jpeg 1033w, https:\/\/cmflorestopolis.pr.gov.br\/wp-content\/uploads\/2025\/06\/WhatsApp-Image-2025-06-18-at-09.38.48.jpeg 1076w, https:\/\/cmflorestopolis.pr.gov.br\/wp-content\/uploads\/2025\/06\/WhatsApp-Image-2025-06-18-at-09.38.48-202x300@2x.jpeg 404w\" sizes=\"(max-width: 202px) 100vw, 202px\" \/><\/p>\n<p>&nbsp;<\/p>\n","protected":false},"excerpt":{"rendered":"<p>CORPUS CHRISTI Nesta data de profunda f\u00e9 e reflex\u00e3o, a C\u00e2mara Municipal de Florest\u00f3polis celebra a presen\u00e7a real de Cristo na Eucaristia. Que este momento [&#8230;]<\/p>\n","protected":false},"author":1,"featured_media":0,"parent":0,"menu_order":0,"comment_status":"closed","ping_status":"closed","template":"","meta":[],"yoast_head":"<!-- This site is optimized with the Yoast SEO plugin v17.6 - https:\/\/yoast.com\/wordpress\/plugins\/seo\/ -->\n<title>Corpus Christi - C\u00e2mara Municipal de Florest\u00f3polis<\/title>\n<meta name=\"robots\" content=\"index, follow, max-snippet:-1, max-image-preview:large, max-video-preview:-1\" \/>\n<link rel=\"canonical\" href=\"https:\/\/cmflorestopolis.pr.gov.br\/?page_id=5280\" \/>\n<meta property=\"og:locale\" content=\"pt_BR\" \/>\n<meta property=\"og:type\" content=\"article\" \/>\n<meta property=\"og:title\" content=\"Corpus Christi - C\u00e2mara Municipal de Florest\u00f3polis\" \/>\n<meta property=\"og:description\" content=\"CORPUS CHRISTI Nesta data de profunda f\u00e9 e reflex\u00e3o, a C\u00e2mara Municipal de Florest\u00f3polis celebra a presen\u00e7a real de Cristo na Eucaristia. Que este momento [...]\" \/>\n<meta property=\"og:url\" content=\"https:\/\/cmflorestopolis.pr.gov.br\/?page_id=5280\" \/>\n<meta property=\"og:site_name\" content=\"C\u00e2mara Municipal de Florest\u00f3polis\" \/>\n<meta property=\"article:modified_time\" content=\"2025-06-19T01:43:26+00:00\" \/>\n<meta property=\"og:image\" content=\"https:\/\/cmflorestopolis.pr.gov.br\/wp-content\/uploads\/2025\/06\/WhatsApp-Image-2025-06-18-at-09.38.48-202x300.jpeg\" \/>\n<meta name=\"twitter:card\" content=\"summary_large_image\" \/>\n<script type=\"application\/ld+json\" class=\"yoast-schema-graph\">{\"@context\":\"https:\/\/schema.org\",\"@graph\":[{\"@type\":\"WebSite\",\"@id\":\"https:\/\/cmflorestopolis.pr.gov.br\/#website\",\"url\":\"https:\/\/cmflorestopolis.pr.gov.br\/\",\"name\":\"C\\u00e2mara Municipal de Florest\\u00f3polis\",\"description\":\"\",\"potentialAction\":[{\"@type\":\"SearchAction\",\"target\":{\"@type\":\"EntryPoint\",\"urlTemplate\":\"https:\/\/cmflorestopolis.pr.gov.br\/?s={search_term_string}\"},\"query-input\":\"required name=search_term_string\"}],\"inLanguage\":\"pt-BR\"},{\"@type\":\"ImageObject\",\"@id\":\"https:\/\/cmflorestopolis.pr.gov.br\/?page_id=5280#primaryimage\",\"inLanguage\":\"pt-BR\",\"url\":\"https:\/\/cmflorestopolis.pr.gov.br\/wp-content\/uploads\/2025\/06\/WhatsApp-Image-2025-06-18-at-09.38.48.jpeg\",\"contentUrl\":\"https:\/\/cmflorestopolis.pr.gov.br\/wp-content\/uploads\/2025\/06\/WhatsApp-Image-2025-06-18-at-09.38.48.jpeg\",\"width\":1076,\"height\":1600},{\"@type\":\"WebPage\",\"@id\":\"https:\/\/cmflorestopolis.pr.gov.br\/?page_id=5280#webpage\",\"url\":\"https:\/\/cmflorestopolis.pr.gov.br\/?page_id=5280\",\"name\":\"Corpus Christi - C\\u00e2mara Municipal de Florest\\u00f3polis\",\"isPartOf\":{\"@id\":\"https:\/\/cmflorestopolis.pr.gov.br\/#website\"},\"primaryImageOfPage\":{\"@id\":\"https:\/\/cmflorestopolis.pr.gov.br\/?page_id=5280#primaryimage\"},\"datePublished\":\"2025-06-19T01:40:34+00:00\",\"dateModified\":\"2025-06-19T01:43:26+00:00\",\"breadcrumb\":{\"@id\":\"https:\/\/cmflorestopolis.pr.gov.br\/?page_id=5280#breadcrumb\"},\"inLanguage\":\"pt-BR\",\"potentialAction\":[{\"@type\":\"ReadAction\",\"target\":[\"https:\/\/cmflorestopolis.pr.gov.br\/?page_id=5280\"]}]},{\"@type\":\"BreadcrumbList\",\"@id\":\"https:\/\/cmflorestopolis.pr.gov.br\/?page_id=5280#breadcrumb\",\"itemListElement\":[{\"@type\":\"ListItem\",\"position\":1,\"name\":\"In\\u00edcio\",\"item\":\"https:\/\/cmflorestopolis.pr.gov.br\/\"},{\"@type\":\"ListItem\",\"position\":2,\"name\":\"Corpus Christi\"}]}]}<\/script>\n<!-- \/ Yoast SEO plugin. -->","yoast_head_json":{"title":"Corpus Christi - C\u00e2mara Municipal de Florest\u00f3polis","robots":{"index":"index","follow":"follow","max-snippet":"max-snippet:-1","max-image-preview":"max-image-preview:large","max-video-preview":"max-video-preview:-1"},"canonical":"https:\/\/cmflorestopolis.pr.gov.br\/?page_id=5280","og_locale":"pt_BR","og_type":"article","og_title":"Corpus Christi - C\u00e2mara Municipal de Florest\u00f3polis","og_description":"CORPUS CHRISTI Nesta data de profunda f\u00e9 e reflex\u00e3o, a C\u00e2mara Municipal de Florest\u00f3polis celebra a presen\u00e7a real de Cristo na Eucaristia. Que este momento [...]","og_url":"https:\/\/cmflorestopolis.pr.gov.br\/?page_id=5280","og_site_name":"C\u00e2mara Municipal de Florest\u00f3polis","article_modified_time":"2025-06-19T01:43:26+00:00","og_image":[{"url":"https:\/\/cmflorestopolis.pr.gov.br\/wp-content\/uploads\/2025\/06\/WhatsApp-Image-2025-06-18-at-09.38.48-202x300.jpeg"}],"twitter_card":"summary_large_image","schema":{"@context":"https:\/\/schema.org","@graph":[{"@type":"WebSite","@id":"https:\/\/cmflorestopolis.pr.gov.br\/#website","url":"https:\/\/cmflorestopolis.pr.gov.br\/","name":"C\u00e2mara Municipal de Florest\u00f3polis","description":"","potentialAction":[{"@type":"SearchAction","target":{"@type":"EntryPoint","urlTemplate":"https:\/\/cmflorestopolis.pr.gov.br\/?s={search_term_string}"},"query-input":"required name=search_term_string"}],"inLanguage":"pt-BR"},{"@type":"ImageObject","@id":"https:\/\/cmflorestopolis.pr.gov.br\/?page_id=5280#primaryimage","inLanguage":"pt-BR","url":"https:\/\/cmflorestopolis.pr.gov.br\/wp-content\/uploads\/2025\/06\/WhatsApp-Image-2025-06-18-at-09.38.48.jpeg","contentUrl":"https:\/\/cmflorestopolis.pr.gov.br\/wp-content\/uploads\/2025\/06\/WhatsApp-Image-2025-06-18-at-09.38.48.jpeg","width":1076,"height":1600},{"@type":"WebPage","@id":"https:\/\/cmflorestopolis.pr.gov.br\/?page_id=5280#webpage","url":"https:\/\/cmflorestopolis.pr.gov.br\/?page_id=5280","name":"Corpus Christi - C\u00e2mara Municipal de Florest\u00f3polis","isPartOf":{"@id":"https:\/\/cmflorestopolis.pr.gov.br\/#website"},"primaryImageOfPage":{"@id":"https:\/\/cmflorestopolis.pr.gov.br\/?page_id=5280#primaryimage"},"datePublished":"2025-06-19T01:40:34+00:00","dateModified":"2025-06-19T01:43:26+00:00","breadcrumb":{"@id":"https:\/\/cmflorestopolis.pr.gov.br\/?page_id=5280#breadcrumb"},"inLanguage":"pt-BR","potentialAction":[{"@type":"ReadAction","target":["https:\/\/cmflorestopolis.pr.gov.br\/?page_id=5280"]}]},{"@type":"BreadcrumbList","@id":"https:\/\/cmflorestopolis.pr.gov.br\/?page_id=5280#breadcrumb","itemListElement":[{"@type":"ListItem","position":1,"name":"In\u00edcio","item":"https:\/\/cmflorestopolis.pr.gov.br\/"},{"@type":"ListItem","position":2,"name":"Corpus Christi"}]}]}},"_links":{"self":[{"href":"https:\/\/cmflorestopolis.pr.gov.br\/index.php?rest_route=\/wp\/v2\/pages\/5280"}],"collection":[{"href":"https:\/\/cmflorestopolis.pr.gov.br\/index.php?rest_route=\/wp\/v2\/pages"}],"about":[{"href":"https:\/\/cmflorestopolis.pr.gov.br\/index.php?rest_route=\/wp\/v2\/types\/page"}],"author":[{"embeddable":true,"href":"https:\/\/cmflorestopolis.pr.gov.br\/index.php?rest_route=\/wp\/v2\/users\/1"}],"replies":[{"embeddable":true,"href":"https:\/\/cmflorestopolis.pr.gov.br\/index.php?rest_route=%2Fwp%2Fv2%2Fcomments&post=5280"}],"version-history":[{"count":3,"href":"https:\/\/cmflorestopolis.pr.gov.br\/index.php?rest_route=\/wp\/v2\/pages\/5280\/revisions"}],"predecessor-version":[{"id":5283,"href":"https:\/\/cmflorestopolis.pr.gov.br\/index.php?rest_route=\/wp\/v2\/pages\/5280\/revisions\/5283"}],"wp:attachment":[{"href":"https:\/\/cmflorestopolis.pr.gov.br\/index.php?rest_route=%2Fwp%2Fv2%2Fmedia&parent=5280"}],"curies":[{"name":"wp","href":"https:\/\/api.w.org\/{rel}","templated":true}]}}