{"id":5110,"date":"2025-04-21T19:35:00","date_gmt":"2025-04-21T19:35:00","guid":{"rendered":"https:\/\/cmflorestopolis.pr.gov.br\/?page_id=5110"},"modified":"2025-04-21T19:35:21","modified_gmt":"2025-04-21T19:35:21","slug":"5110-2","status":"publish","type":"page","link":"https:\/\/cmflorestopolis.pr.gov.br\/?page_id=5110","title":{"rendered":"Feriado"},"content":{"rendered":"<p><img loading=\"lazy\" class=\"alignnone size-medium wp-image-2137\" src=\"https:\/\/cmflorestopolis.pr.gov.br\/wp-content\/uploads\/2021\/11\/proclamacao-da-republica-og-300x158.jpg\" alt=\"\" width=\"300\" height=\"158\" srcset=\"https:\/\/cmflorestopolis.pr.gov.br\/wp-content\/uploads\/2021\/11\/proclamacao-da-republica-og-300x158.jpg 300w, https:\/\/cmflorestopolis.pr.gov.br\/wp-content\/uploads\/2021\/11\/proclamacao-da-republica-og-1024x538.jpg 1024w, https:\/\/cmflorestopolis.pr.gov.br\/wp-content\/uploads\/2021\/11\/proclamacao-da-republica-og-768x403.jpg 768w, https:\/\/cmflorestopolis.pr.gov.br\/wp-content\/uploads\/2021\/11\/proclamacao-da-republica-og.jpg 1200w\" sizes=\"(max-width: 300px) 100vw, 300px\" \/><\/p>\n<p>Neste 21 de abril, a C\u00e2mara Municipal de Florest\u00f3polis homenageia Tiradentes, her\u00f3i da Inconfid\u00eancia Mineira e s\u00edmbolo da luta pela liberdade no Brasil. Que seu exemplo de coragem e patriotismo nos inspire a construir uma sociedade mais justa, democr\u00e1tica e solid\u00e1ria para todos.<\/p>\n","protected":false},"excerpt":{"rendered":"<p>Neste 21 de abril, a C\u00e2mara Municipal de Florest\u00f3polis homenageia Tiradentes, her\u00f3i da Inconfid\u00eancia Mineira e s\u00edmbolo da luta pela liberdade no Brasil. Que seu [&#8230;]<\/p>\n","protected":false},"author":1,"featured_media":0,"parent":0,"menu_order":0,"comment_status":"closed","ping_status":"closed","template":"","meta":[],"yoast_head":"<!-- This site is optimized with the Yoast SEO plugin v17.6 - https:\/\/yoast.com\/wordpress\/plugins\/seo\/ -->\n<title>Feriado - C\u00e2mara Municipal de Florest\u00f3polis<\/title>\n<meta name=\"robots\" content=\"index, follow, max-snippet:-1, max-image-preview:large, max-video-preview:-1\" \/>\n<link rel=\"canonical\" href=\"https:\/\/cmflorestopolis.pr.gov.br\/?page_id=5110\" \/>\n<meta property=\"og:locale\" content=\"pt_BR\" \/>\n<meta property=\"og:type\" content=\"article\" \/>\n<meta property=\"og:title\" content=\"Feriado - C\u00e2mara Municipal de Florest\u00f3polis\" \/>\n<meta property=\"og:description\" content=\"Neste 21 de abril, a C\u00e2mara Municipal de Florest\u00f3polis homenageia Tiradentes, her\u00f3i da Inconfid\u00eancia Mineira e s\u00edmbolo da luta pela liberdade no Brasil. Que seu [...]\" \/>\n<meta property=\"og:url\" content=\"https:\/\/cmflorestopolis.pr.gov.br\/?page_id=5110\" \/>\n<meta property=\"og:site_name\" content=\"C\u00e2mara Municipal de Florest\u00f3polis\" \/>\n<meta property=\"article:modified_time\" content=\"2025-04-21T19:35:21+00:00\" \/>\n<meta property=\"og:image\" content=\"https:\/\/cmflorestopolis.pr.gov.br\/wp-content\/uploads\/2021\/11\/proclamacao-da-republica-og-300x158.jpg\" \/>\n<meta name=\"twitter:card\" content=\"summary_large_image\" \/>\n<script type=\"application\/ld+json\" class=\"yoast-schema-graph\">{\"@context\":\"https:\/\/schema.org\",\"@graph\":[{\"@type\":\"WebSite\",\"@id\":\"https:\/\/cmflorestopolis.pr.gov.br\/#website\",\"url\":\"https:\/\/cmflorestopolis.pr.gov.br\/\",\"name\":\"C\\u00e2mara Municipal de Florest\\u00f3polis\",\"description\":\"\",\"potentialAction\":[{\"@type\":\"SearchAction\",\"target\":{\"@type\":\"EntryPoint\",\"urlTemplate\":\"https:\/\/cmflorestopolis.pr.gov.br\/?s={search_term_string}\"},\"query-input\":\"required name=search_term_string\"}],\"inLanguage\":\"pt-BR\"},{\"@type\":\"ImageObject\",\"@id\":\"https:\/\/cmflorestopolis.pr.gov.br\/?page_id=5110#primaryimage\",\"inLanguage\":\"pt-BR\",\"url\":\"https:\/\/cmflorestopolis.pr.gov.br\/wp-content\/uploads\/2021\/11\/proclamacao-da-republica-og.jpg\",\"contentUrl\":\"https:\/\/cmflorestopolis.pr.gov.br\/wp-content\/uploads\/2021\/11\/proclamacao-da-republica-og.jpg\",\"width\":1200,\"height\":630},{\"@type\":\"WebPage\",\"@id\":\"https:\/\/cmflorestopolis.pr.gov.br\/?page_id=5110#webpage\",\"url\":\"https:\/\/cmflorestopolis.pr.gov.br\/?page_id=5110\",\"name\":\"Feriado - C\\u00e2mara Municipal de Florest\\u00f3polis\",\"isPartOf\":{\"@id\":\"https:\/\/cmflorestopolis.pr.gov.br\/#website\"},\"primaryImageOfPage\":{\"@id\":\"https:\/\/cmflorestopolis.pr.gov.br\/?page_id=5110#primaryimage\"},\"datePublished\":\"2025-04-21T19:35:00+00:00\",\"dateModified\":\"2025-04-21T19:35:21+00:00\",\"breadcrumb\":{\"@id\":\"https:\/\/cmflorestopolis.pr.gov.br\/?page_id=5110#breadcrumb\"},\"inLanguage\":\"pt-BR\",\"potentialAction\":[{\"@type\":\"ReadAction\",\"target\":[\"https:\/\/cmflorestopolis.pr.gov.br\/?page_id=5110\"]}]},{\"@type\":\"BreadcrumbList\",\"@id\":\"https:\/\/cmflorestopolis.pr.gov.br\/?page_id=5110#breadcrumb\",\"itemListElement\":[{\"@type\":\"ListItem\",\"position\":1,\"name\":\"In\\u00edcio\",\"item\":\"https:\/\/cmflorestopolis.pr.gov.br\/\"},{\"@type\":\"ListItem\",\"position\":2,\"name\":\"Feriado\"}]}]}<\/script>\n<!-- \/ Yoast SEO plugin. -->","yoast_head_json":{"title":"Feriado - C\u00e2mara Municipal de Florest\u00f3polis","robots":{"index":"index","follow":"follow","max-snippet":"max-snippet:-1","max-image-preview":"max-image-preview:large","max-video-preview":"max-video-preview:-1"},"canonical":"https:\/\/cmflorestopolis.pr.gov.br\/?page_id=5110","og_locale":"pt_BR","og_type":"article","og_title":"Feriado - C\u00e2mara Municipal de Florest\u00f3polis","og_description":"Neste 21 de abril, a C\u00e2mara Municipal de Florest\u00f3polis homenageia Tiradentes, her\u00f3i da Inconfid\u00eancia Mineira e s\u00edmbolo da luta pela liberdade no Brasil. Que seu [...]","og_url":"https:\/\/cmflorestopolis.pr.gov.br\/?page_id=5110","og_site_name":"C\u00e2mara Municipal de Florest\u00f3polis","article_modified_time":"2025-04-21T19:35:21+00:00","og_image":[{"url":"https:\/\/cmflorestopolis.pr.gov.br\/wp-content\/uploads\/2021\/11\/proclamacao-da-republica-og-300x158.jpg"}],"twitter_card":"summary_large_image","schema":{"@context":"https:\/\/schema.org","@graph":[{"@type":"WebSite","@id":"https:\/\/cmflorestopolis.pr.gov.br\/#website","url":"https:\/\/cmflorestopolis.pr.gov.br\/","name":"C\u00e2mara Municipal de Florest\u00f3polis","description":"","potentialAction":[{"@type":"SearchAction","target":{"@type":"EntryPoint","urlTemplate":"https:\/\/cmflorestopolis.pr.gov.br\/?s={search_term_string}"},"query-input":"required name=search_term_string"}],"inLanguage":"pt-BR"},{"@type":"ImageObject","@id":"https:\/\/cmflorestopolis.pr.gov.br\/?page_id=5110#primaryimage","inLanguage":"pt-BR","url":"https:\/\/cmflorestopolis.pr.gov.br\/wp-content\/uploads\/2021\/11\/proclamacao-da-republica-og.jpg","contentUrl":"https:\/\/cmflorestopolis.pr.gov.br\/wp-content\/uploads\/2021\/11\/proclamacao-da-republica-og.jpg","width":1200,"height":630},{"@type":"WebPage","@id":"https:\/\/cmflorestopolis.pr.gov.br\/?page_id=5110#webpage","url":"https:\/\/cmflorestopolis.pr.gov.br\/?page_id=5110","name":"Feriado - C\u00e2mara Municipal de Florest\u00f3polis","isPartOf":{"@id":"https:\/\/cmflorestopolis.pr.gov.br\/#website"},"primaryImageOfPage":{"@id":"https:\/\/cmflorestopolis.pr.gov.br\/?page_id=5110#primaryimage"},"datePublished":"2025-04-21T19:35:00+00:00","dateModified":"2025-04-21T19:35:21+00:00","breadcrumb":{"@id":"https:\/\/cmflorestopolis.pr.gov.br\/?page_id=5110#breadcrumb"},"inLanguage":"pt-BR","potentialAction":[{"@type":"ReadAction","target":["https:\/\/cmflorestopolis.pr.gov.br\/?page_id=5110"]}]},{"@type":"BreadcrumbList","@id":"https:\/\/cmflorestopolis.pr.gov.br\/?page_id=5110#breadcrumb","itemListElement":[{"@type":"ListItem","position":1,"name":"In\u00edcio","item":"https:\/\/cmflorestopolis.pr.gov.br\/"},{"@type":"ListItem","position":2,"name":"Feriado"}]}]}},"_links":{"self":[{"href":"https:\/\/cmflorestopolis.pr.gov.br\/index.php?rest_route=\/wp\/v2\/pages\/5110"}],"collection":[{"href":"https:\/\/cmflorestopolis.pr.gov.br\/index.php?rest_route=\/wp\/v2\/pages"}],"about":[{"href":"https:\/\/cmflorestopolis.pr.gov.br\/index.php?rest_route=\/wp\/v2\/types\/page"}],"author":[{"embeddable":true,"href":"https:\/\/cmflorestopolis.pr.gov.br\/index.php?rest_route=\/wp\/v2\/users\/1"}],"replies":[{"embeddable":true,"href":"https:\/\/cmflorestopolis.pr.gov.br\/index.php?rest_route=%2Fwp%2Fv2%2Fcomments&post=5110"}],"version-history":[{"count":2,"href":"https:\/\/cmflorestopolis.pr.gov.br\/index.php?rest_route=\/wp\/v2\/pages\/5110\/revisions"}],"predecessor-version":[{"id":5112,"href":"https:\/\/cmflorestopolis.pr.gov.br\/index.php?rest_route=\/wp\/v2\/pages\/5110\/revisions\/5112"}],"wp:attachment":[{"href":"https:\/\/cmflorestopolis.pr.gov.br\/index.php?rest_route=%2Fwp%2Fv2%2Fmedia&parent=5110"}],"curies":[{"name":"wp","href":"https:\/\/api.w.org\/{rel}","templated":true}]}}