{"id":497,"date":"2021-07-11T13:52:54","date_gmt":"2021-07-11T16:52:54","guid":{"rendered":"https:\/\/camara897460250.wordpress.com\/?page_id=497"},"modified":"2021-11-06T20:22:51","modified_gmt":"2021-11-06T20:22:51","slug":"atas-sessoes-2013","status":"publish","type":"page","link":"https:\/\/cmflorestopolis.pr.gov.br\/?page_id=497","title":{"rendered":"Atas Sess\u00f5es 2013"},"content":{"rendered":"<p><strong>Atas das Sess\u00f5es Ordin\u00e1rias e Extraordin\u00e1rias de 2013<br \/>\n<\/strong><\/p>\n<table>\n<tbody>\n<tr>\n<td colspan=\"3\"><strong>Sess\u00f5es Ordin\u00e1rias<\/strong><\/td>\n<\/tr>\n<tr>\n<td><strong>N\u00ba<\/strong><\/td>\n<td><strong>Data<\/strong><\/td>\n<td><strong>Visualizar<\/strong><\/td>\n<\/tr>\n<tr>\n<td><strong>36<\/strong><\/td>\n<td><strong>\u00a009\/12\/2013<\/strong><\/td>\n<td><a href=\"https:\/\/cmflorestopolis.pr.gov.br\/wp-content\/uploads\/2021\/11\/ATA-36a-SESSAO-ORDINARIA-2013.pdf\">ATA-36\u00aa-SESS\u00c3O-ORDIN\u00c1RIA-2013<\/a><\/td>\n<\/tr>\n<tr>\n<td><strong>35<\/strong><\/td>\n<td><strong>\u00a002\/12\/2013<\/strong><\/td>\n<td><a href=\"https:\/\/cmflorestopolis.pr.gov.br\/wp-content\/uploads\/2021\/11\/ATA-35a-SESSAO-ORDINARIA-2013.pdf\">ATA-35\u00aa-SESS\u00c3O-ORDIN\u00c1RIA-2013<\/a><\/td>\n<\/tr>\n<tr>\n<td><strong>34<\/strong><\/td>\n<td><strong>\u00a025\/1\/2013<\/strong><\/td>\n<td><a href=\"https:\/\/cmflorestopolis.pr.gov.br\/wp-content\/uploads\/2021\/11\/ATA-34a-SESSAO-ORDINARIA-2013.pdf\">ATA-34\u00aa-SESS\u00c3O-ORDIN\u00c1RIA-2013<\/a><\/td>\n<\/tr>\n<tr>\n<td><strong>33<\/strong><\/td>\n<td><strong>\u00a018\/11\/2013<\/strong><\/td>\n<td><a href=\"https:\/\/cmflorestopolis.pr.gov.br\/wp-content\/uploads\/2021\/11\/ATA-33a-SESSAO-ORDINARIA-2013.pdf\">ATA-33\u00aa-SESS\u00c3O-ORDIN\u00c1RIA-2013<\/a><\/td>\n<\/tr>\n<tr>\n<td><strong>32<\/strong><\/td>\n<td><strong>\u00a011\/1\/2013<\/strong><\/td>\n<td><a href=\"https:\/\/cmflorestopolis.pr.gov.br\/wp-content\/uploads\/2021\/11\/ATA-32a-SESSAO-ORDINARIA-2013.pdf\">ATA-32\u00aa-SESS\u00c3O-ORDIN\u00c1RIA-2013<\/a><\/td>\n<\/tr>\n<tr>\n<td><strong>31<\/strong><\/td>\n<td><strong>\u00a004\/11\/2013<\/strong><\/td>\n<td><strong> <a href=\"https:\/\/cmflorestopolis.pr.gov.br\/wp-content\/uploads\/2021\/11\/ATA-31a-SESSAO-ORDINARIA-2013.pdf\">ATA-31\u00aa-SESS\u00c3O-ORDIN\u00c1RIA-2013<\/a><\/strong><\/td>\n<\/tr>\n<tr>\n<td><strong>30<\/strong><\/td>\n<td><strong>\u00a028\/10\/2013<\/strong><\/td>\n<td><strong> <a href=\"https:\/\/cmflorestopolis.pr.gov.br\/wp-content\/uploads\/2021\/11\/ATA-30a-SESSAO-ORDINARIA-2013.pdf\">ATA-30\u00aa-SESS\u00c3O-ORDIN\u00c1RIA-2013<\/a><\/strong><\/td>\n<\/tr>\n<tr>\n<td><strong>29<\/strong><\/td>\n<td><strong>\u00a021\/10\/2013<\/strong><\/td>\n<td><strong> <a href=\"https:\/\/cmflorestopolis.pr.gov.br\/wp-content\/uploads\/2021\/11\/ATA-29a-SESSAO-ORDINARIA-2013.pdf\">ATA-29\u00aa-SESS\u00c3O-ORDIN\u00c1RIA-2013<\/a><\/strong><\/td>\n<\/tr>\n<tr>\n<td><strong>28<\/strong><\/td>\n<td><strong>\u00a014\/10\/2013<\/strong><\/td>\n<td><strong> <a href=\"https:\/\/cmflorestopolis.pr.gov.br\/wp-content\/uploads\/2021\/11\/ATA-28a-SESSAO-ORDINARIA-2013.pdf\">ATA-28\u00aa-SESS\u00c3O-ORDIN\u00c1RIA-2013<\/a><\/strong><\/td>\n<\/tr>\n<tr>\n<td><strong>27<\/strong><\/td>\n<td><strong>\u00a007\/10\/2013<\/strong><\/td>\n<td><strong> <a href=\"https:\/\/cmflorestopolis.pr.gov.br\/wp-content\/uploads\/2021\/11\/ATA-27a-SESSAO-ORDINARIA-2013.pdf\">ATA-27\u00aa-SESS\u00c3O-ORDIN\u00c1RIA-2013<\/a><\/strong><\/td>\n<\/tr>\n<tr>\n<td><strong>26<\/strong><\/td>\n<td><strong>\u00a030\/09\/2013<\/strong><\/td>\n<td><strong> <a href=\"https:\/\/cmflorestopolis.pr.gov.br\/wp-content\/uploads\/2021\/11\/ATA-26a-SESSAO-ORDINARIA-2013.pdf\">ATA-26\u00aa-SESS\u00c3O-ORDIN\u00c1RIA-2013<\/a><\/strong><\/td>\n<\/tr>\n<tr>\n<td><strong>25<\/strong><\/td>\n<td><strong>\u00a023\/09\/2013<\/strong><\/td>\n<td><strong> <a href=\"https:\/\/cmflorestopolis.pr.gov.br\/wp-content\/uploads\/2021\/11\/ATA-25a-SESSAO-ORDINARIA-2013.pdf\">ATA-25\u00aa-SESS\u00c3O-ORDIN\u00c1RIA-2013<\/a><\/strong><\/td>\n<\/tr>\n<tr>\n<td><strong>24<\/strong><\/td>\n<td><strong>\u00a016\/09\/2013<\/strong><\/td>\n<td><strong> <a href=\"https:\/\/cmflorestopolis.pr.gov.br\/wp-content\/uploads\/2021\/11\/ATA-24a-SESSAO-ORDINARIA-2013.pdf\">ATA-24\u00aa-SESS\u00c3O-ORDIN\u00c1RIA-2013<\/a><\/strong><\/td>\n<\/tr>\n<tr>\n<td><strong>23<\/strong><\/td>\n<td><strong>\u00a009\/09\/2013<\/strong><\/td>\n<td><strong> <a href=\"https:\/\/cmflorestopolis.pr.gov.br\/wp-content\/uploads\/2021\/11\/ATA-23a-SESSAO-ORDINARIA-2013.pdf\">ATA-23\u00aa-SESS\u00c3O-ORDIN\u00c1RIA-2013<\/a><\/strong><\/td>\n<\/tr>\n<tr>\n<td><strong>22<\/strong><\/td>\n<td><strong>\u00a002\/09\/2013<\/strong><\/td>\n<td><strong> <a href=\"https:\/\/cmflorestopolis.pr.gov.br\/wp-content\/uploads\/2021\/11\/ATA-22a-SESSAO-ORDINARIA-2013.pdf\">ATA-22\u00aa-SESS\u00c3O-ORDIN\u00c1RIA-2013<\/a><\/strong><\/td>\n<\/tr>\n<tr>\n<td><strong>21<\/strong><\/td>\n<td><strong>\u00a026\/08\/2013<\/strong><\/td>\n<td><strong> <a href=\"https:\/\/cmflorestopolis.pr.gov.br\/wp-content\/uploads\/2021\/11\/ATA-21a-SESSAO-ORDINARIA-2013.pdf\">ATA-21\u00aa-SESS\u00c3O-ORDIN\u00c1RIA-2013<\/a><\/strong><\/td>\n<\/tr>\n<tr>\n<td><strong>20<\/strong><\/td>\n<td><strong>\u00a019\/08\/2013<\/strong><\/td>\n<td><strong> <a href=\"https:\/\/cmflorestopolis.pr.gov.br\/wp-content\/uploads\/2021\/11\/ATA-20a-SESSAO-ORDINARIA-2013.pdf\">ATA-20\u00aa-SESS\u00c3O-ORDIN\u00c1RIA-2013<\/a><\/strong><\/td>\n<\/tr>\n<tr>\n<td><strong>19<\/strong><\/td>\n<td><strong>12\/08\/2013<\/strong><\/td>\n<td><strong> <a href=\"https:\/\/cmflorestopolis.pr.gov.br\/wp-content\/uploads\/2021\/11\/ATA-19a-SESSAO-ORDINARIA-2013.pdf\">ATA-19\u00aa-SESS\u00c3O-ORDIN\u00c1RIA-2013<\/a><\/strong><\/td>\n<\/tr>\n<tr>\n<td><strong>18<\/strong><\/td>\n<td><strong>\u00a005\/08\/2013<\/strong><\/td>\n<td><strong> <a href=\"https:\/\/cmflorestopolis.pr.gov.br\/wp-content\/uploads\/2021\/11\/ATA-18a-SESSAO-ORDINARIA-2013.pdf\">ATA-18\u00aa-SESS\u00c3O-ORDIN\u00c1RIA-2013<\/a><\/strong><\/td>\n<\/tr>\n<tr>\n<td><strong>17<\/strong><\/td>\n<td><strong>17\/06\/2013<\/strong><\/td>\n<td><strong> <a href=\"https:\/\/cmflorestopolis.pr.gov.br\/wp-content\/uploads\/2021\/11\/ATA-17a-SESSAO-ORDINARIA-2013.pdf\">ATA-17\u00aa-SESS\u00c3O-ORDIN\u00c1RIA-2013<\/a><\/strong><\/td>\n<\/tr>\n<tr>\n<td><strong>16<\/strong><\/td>\n<td><strong>10\/06\/2013<\/strong><\/td>\n<td><strong> <a href=\"https:\/\/cmflorestopolis.pr.gov.br\/wp-content\/uploads\/2021\/11\/ATA-16a-SESSAO-ORDINARIA-2013.pdf\">ATA-16\u00aa-SESS\u00c3O-ORDIN\u00c1RIA-2013<\/a><\/strong><\/td>\n<\/tr>\n<tr>\n<td><strong>15<\/strong><\/td>\n<td><strong>03\/06\/2013<\/strong><\/td>\n<td><strong> <a href=\"https:\/\/cmflorestopolis.pr.gov.br\/wp-content\/uploads\/2021\/11\/ATA-15a-SESSAO-ORDINARIA-2013.pdf\">ATA-15\u00aa-SESS\u00c3O-ORDIN\u00c1RIA-2013<\/a><\/strong><\/td>\n<\/tr>\n<tr>\n<td><strong>14<\/strong><\/td>\n<td><strong>27\/05\/2013<\/strong><\/td>\n<td><strong> <a href=\"https:\/\/cmflorestopolis.pr.gov.br\/wp-content\/uploads\/2021\/11\/ATA-14a-SESSAO-ORDINARIA-2013.pdf\">ATA-14\u00aa-SESS\u00c3O-ORDIN\u00c1RIA-2013<\/a><\/strong><\/td>\n<\/tr>\n<tr>\n<td><strong>13<\/strong><\/td>\n<td><strong>20\/05\/2013<\/strong><\/td>\n<td><strong> <a href=\"https:\/\/cmflorestopolis.pr.gov.br\/wp-content\/uploads\/2021\/11\/ATA-13a-SESSAO-ORDINARIA-2013.pdf\">ATA-13\u00aa-SESS\u00c3O-ORDIN\u00c1RIA-2013<\/a><\/strong><\/td>\n<\/tr>\n<tr>\n<td><strong>12<\/strong><\/td>\n<td><strong>13\/05\/2013<\/strong><\/td>\n<td><strong> <a href=\"https:\/\/cmflorestopolis.pr.gov.br\/wp-content\/uploads\/2021\/11\/ATA-12a-SESSAO-ORDINARIA-2013.pdf\">ATA-12\u00aa-SESS\u00c3O-ORDIN\u00c1RIA-2013<\/a><\/strong><\/td>\n<\/tr>\n<tr>\n<td><strong>11<\/strong><\/td>\n<td><strong>29\/04\/2013<\/strong><\/td>\n<td><strong> <a href=\"https:\/\/cmflorestopolis.pr.gov.br\/wp-content\/uploads\/2021\/11\/ATA-11a-SESSAO-ORDINARIA-2013.pdf\">ATA-11\u00aa-SESS\u00c3O-ORDIN\u00c1RIA-2013<\/a><\/strong><\/td>\n<\/tr>\n<tr>\n<td><strong>10<\/strong><\/td>\n<td><strong>22\/04\/2013<\/strong><\/td>\n<td><strong> <a href=\"https:\/\/cmflorestopolis.pr.gov.br\/wp-content\/uploads\/2021\/11\/ATA-10a-SESSAO-ORDINARIA-2013.pdf\">ATA-10\u00aa-SESS\u00c3O-ORDIN\u00c1RIA-2013<\/a><\/strong><\/td>\n<\/tr>\n<tr>\n<td><strong>09<\/strong><\/td>\n<td><strong>15\/04\/2013<\/strong><\/td>\n<td><strong> <a href=\"https:\/\/cmflorestopolis.pr.gov.br\/wp-content\/uploads\/2021\/11\/ATA-09a-SESSAO-ORDINARIA-2013.pdf\">ATA-09\u00aa-SESS\u00c3O-ORDIN\u00c1RIA-2013<\/a><\/strong><\/td>\n<\/tr>\n<tr>\n<td><strong>08<\/strong><\/td>\n<td><strong>\u00a008\/04\/2013<\/strong><\/td>\n<td><strong> <a href=\"https:\/\/cmflorestopolis.pr.gov.br\/wp-content\/uploads\/2021\/11\/ATA-08a-SESSAO-ORDINARIA-2013.pdf\">ATA-08\u00aa-SESS\u00c3O-ORDIN\u00c1RIA-2013<\/a><\/strong><\/td>\n<\/tr>\n<tr>\n<td><strong>07<\/strong><\/td>\n<td><strong>\u00a001\/04\/2013<\/strong><\/td>\n<td><strong> <a href=\"https:\/\/cmflorestopolis.pr.gov.br\/wp-content\/uploads\/2021\/11\/ATA-07a-SESSAO-ORDINARIA-2013.pdf\">ATA-07\u00aa-SESS\u00c3O-ORDIN\u00c1RIA-2013<\/a><\/strong><\/td>\n<\/tr>\n<tr>\n<td><strong>06<\/strong><\/td>\n<td><strong>25\/03\/2013<\/strong><\/td>\n<td><strong> <a href=\"https:\/\/cmflorestopolis.pr.gov.br\/wp-content\/uploads\/2021\/11\/ATA-06a-SESSAO-ORDINARIA-2013.pdf\">ATA-06\u00aa-SESS\u00c3O-ORDIN\u00c1RIA-2013<\/a><\/strong><\/td>\n<\/tr>\n<tr>\n<td><strong>05<\/strong><\/td>\n<td><strong>19\/03\/2013<\/strong><\/td>\n<td><strong> <a href=\"https:\/\/cmflorestopolis.pr.gov.br\/wp-content\/uploads\/2021\/11\/ATA-05a-SESSAO-ORDINARIA-2013.pdf\">ATA-05\u00aa-SESS\u00c3O-ORDIN\u00c1RIA-2013<\/a><\/strong><\/td>\n<\/tr>\n<tr>\n<td><strong>04<\/strong><\/td>\n<td><strong>12\/03\/2013<\/strong><\/td>\n<td><strong>\u00a0<\/strong><\/td>\n<\/tr>\n<tr>\n<td><strong>03<\/strong><\/td>\n<td><strong>05\/03\/2013<\/strong><\/td>\n<td><strong>\u00a0<\/strong><\/td>\n<\/tr>\n<tr>\n<td><strong>02<\/strong><\/td>\n<td><strong>12\/02\/2013<\/strong><\/td>\n<td><strong> <a href=\"https:\/\/cmflorestopolis.pr.gov.br\/wp-content\/uploads\/2021\/11\/ATA-02a-SESSAO-ORDINARIA-2013.pdf\">ATA-02\u00aa-SESS\u00c3O-ORDIN\u00c1RIA-2013<\/a><\/strong><\/td>\n<\/tr>\n<tr>\n<td><strong>01<\/strong><\/td>\n<td><strong>19\/02\/2013<\/strong><\/td>\n<td><strong> <a href=\"https:\/\/cmflorestopolis.pr.gov.br\/wp-content\/uploads\/2021\/11\/ATA-01a-SESSAO-ORDINARIA-2013.pdf\">ATA-01\u00aa-SESS\u00c3O-ORDIN\u00c1RIA-2013<\/a><\/strong><\/td>\n<\/tr>\n<\/tbody>\n<\/table>\n<table width=\"901\">\n<tbody>\n<tr>\n<td><strong>Ata da Sess\u00e3o Solene da C\u00e2mara Municipal de Florest\u00f3polis, Estado do Paran\u00e1, realizada para instala\u00e7\u00e3o de sua D\u00e9cima Quinta Legislatura \u2013 01\/01\/2013<br \/>\n<\/strong><\/td>\n<\/tr>\n<\/tbody>\n<\/table>\n<table>\n<tbody>\n<tr>\n<td colspan=\"3\"><strong>Sess\u00f5es Extraordin\u00e1rias<\/strong><\/td>\n<\/tr>\n<tr>\n<td><strong>N\u00ba<\/strong><\/td>\n<td><strong>Data<\/strong><\/td>\n<td><strong>Visualizar<\/strong><\/td>\n<\/tr>\n<tr>\n<td>32<\/td>\n<td>\u00a018\/12\/2013<\/td>\n<td><a href=\"https:\/\/cmflorestopolis.pr.gov.br\/wp-content\/uploads\/2021\/11\/ATA-DA-32a-SESSAO-EXTRAORDINARIA-2013.pdf\">ATA-DA-32\u00aa-SESS\u00c3O-EXTRAORDIN\u00c1RIA-2013<\/a><\/td>\n<\/tr>\n<tr>\n<td>31<\/td>\n<td>17\/12\/2013<\/td>\n<td><a href=\"https:\/\/cmflorestopolis.pr.gov.br\/wp-content\/uploads\/2021\/11\/ATA-DA-31a-SESSAO-EXTRAORDINARIA-2013.pdf\">ATA-DA-31\u00aa-SESS\u00c3O-EXTRAORDIN\u00c1RIA-2013<\/a><\/td>\n<\/tr>\n<tr>\n<td>30<\/td>\n<td>16\/12\/2013<\/td>\n<td><a href=\"https:\/\/cmflorestopolis.pr.gov.br\/wp-content\/uploads\/2021\/11\/ATA-DA-30a-SESSAO-EXTRAORDINARIA-2013.pdf\">ATA-DA-30\u00aa-SESS\u00c3O-EXTRAORDIN\u00c1RIA-2013<\/a><\/td>\n<\/tr>\n<tr>\n<td>29<\/td>\n<td>13\/12\/2013<\/td>\n<td><a href=\"https:\/\/cmflorestopolis.pr.gov.br\/wp-content\/uploads\/2021\/11\/ATA-DA-29a-SESSAO-EXTRAORDINARIA-2013.pdf\">ATA-DA-29\u00aa-SESS\u00c3O-EXTRAORDIN\u00c1RIA-2013<\/a><\/td>\n<\/tr>\n<tr>\n<td>28<\/td>\n<td>12\/12\/2013<\/td>\n<td><a href=\"https:\/\/cmflorestopolis.pr.gov.br\/wp-content\/uploads\/2021\/11\/ATA-DA-28a-SESSAO-EXTRAORDINARIA-2013.pdf\">ATA-DA-28\u00aa-SESS\u00c3O-EXTRAORDIN\u00c1RIA-2013<\/a><\/td>\n<\/tr>\n<tr>\n<td>27<\/td>\n<td>11\/12\/2013<\/td>\n<td><a href=\"https:\/\/cmflorestopolis.pr.gov.br\/wp-content\/uploads\/2021\/11\/ATA-DA-27a-SESSAO-EXTRAORDINARIA-2013.pdf\">ATA-DA-27\u00aa-SESS\u00c3O-EXTRAORDIN\u00c1RIA-2013<\/a><\/td>\n<\/tr>\n<tr>\n<td>26<\/td>\n<td>02\/12\/2013<\/td>\n<td><a href=\"https:\/\/cmflorestopolis.pr.gov.br\/wp-content\/uploads\/2021\/11\/ATA-DA-26a-SESSAO-EXTRAORDINARIA-2013.pdf\">ATA-DA-26\u00aa-SESS\u00c3O-EXTRAORDIN\u00c1RIA-2013<\/a><\/td>\n<\/tr>\n<tr>\n<td>25<\/td>\n<td>08\/10\/2013<\/td>\n<td><a href=\"https:\/\/cmflorestopolis.pr.gov.br\/wp-content\/uploads\/2021\/11\/ATA-DA-25a-SESSAO-EXTRAORDINARIA-2013.pdf\">ATA-DA-25\u00aa-SESS\u00c3O-EXTRAORDIN\u00c1RIA-2013<\/a><\/td>\n<\/tr>\n<tr>\n<td>24<\/td>\n<td>27\/09\/2013<\/td>\n<td><a href=\"https:\/\/cmflorestopolis.pr.gov.br\/wp-content\/uploads\/2021\/11\/ATA-DA-24a-SESSAO-EXTRAORDINARIA-2013.pdf\">ATA-DA-24\u00aa-SESS\u00c3O-EXTRAORDIN\u00c1RIA-2013<\/a><\/td>\n<\/tr>\n<tr>\n<td>23<\/td>\n<td>26\/09\/2013<\/td>\n<td><a href=\"https:\/\/cmflorestopolis.pr.gov.br\/wp-content\/uploads\/2021\/11\/ATA-DA-23a-SESSAO-EXTRAORDINARIA-2013.pdf\">ATA-DA-23\u00aa-SESS\u00c3O-EXTRAORDIN\u00c1RIA-2013<\/a><\/td>\n<\/tr>\n<tr>\n<td>22<\/td>\n<td>25\/09\/2013<\/td>\n<td><a href=\"https:\/\/cmflorestopolis.pr.gov.br\/wp-content\/uploads\/2021\/11\/ATA-DA-22a-SESSAO-EXTRAORDINARIA-2013.pdf\">ATA-DA-22\u00aa-SESS\u00c3O-EXTRAORDIN\u00c1RIA-2013<\/a><\/td>\n<\/tr>\n<tr>\n<td>21<\/td>\n<td>\u00a021\/08\/2013<\/td>\n<td><a href=\"https:\/\/cmflorestopolis.pr.gov.br\/wp-content\/uploads\/2021\/11\/ATA-DA-21a-SESSAO-EXTRAORDINARIA-2013.pdf\">ATA-DA-21\u00aa-SESS\u00c3O-EXTRAORDIN\u00c1RIA-2013<\/a><\/td>\n<\/tr>\n<tr>\n<td>20<\/td>\n<td>20\/08\/2013<\/td>\n<td><a href=\"https:\/\/cmflorestopolis.pr.gov.br\/wp-content\/uploads\/2021\/11\/ATA-DA-20a-SESSAO-EXTRAORDINARIA-2013.pdf\">ATA-DA-20\u00aa-SESS\u00c3O-EXTRAORDIN\u00c1RIA-2013<\/a><\/td>\n<\/tr>\n<tr>\n<td><strong>19<\/strong><\/td>\n<td>04\/08\/2013<\/td>\n<td><a href=\"https:\/\/cmflorestopolis.pr.gov.br\/wp-content\/uploads\/2021\/11\/ATA-DA-19a-SESSAO-EXTRAORDINARIA-2013.pdf\">ATA-DA-19\u00aa-SESS\u00c3O-EXTRAORDIN\u00c1RIA-2013<\/a><\/td>\n<\/tr>\n<tr>\n<td><strong>18<\/strong><\/td>\n<td>03\/07\/2013<\/td>\n<td><a href=\"https:\/\/cmflorestopolis.pr.gov.br\/wp-content\/uploads\/2021\/11\/ATA-DA-18a-SESSAO-EXTRAORDINARIA-2013.pdf\">ATA-DA-18\u00aa-SESS\u00c3O-EXTRAORDIN\u00c1RIA-2013<\/a><\/td>\n<\/tr>\n<tr>\n<td><strong>17<\/strong><\/td>\n<td>19\/06\/2013<\/td>\n<td><a href=\"https:\/\/cmflorestopolis.pr.gov.br\/wp-content\/uploads\/2021\/11\/ATA-DA-17a-SESSAO-EXTRAORDINARIA-2013.pdf\">ATA-DA-17\u00aa-SESS\u00c3O-EXTRAORDIN\u00c1RIA-2013<\/a><\/td>\n<\/tr>\n<tr>\n<td><strong>16<\/strong><\/td>\n<td>18\/06\/2013<\/td>\n<td><a href=\"https:\/\/cmflorestopolis.pr.gov.br\/wp-content\/uploads\/2021\/11\/ATA-DA-16a-SESSAO-EXTRAORDINARIA-2013.pdf\">ATA-DA-16\u00aa-SESS\u00c3O-EXTRAORDIN\u00c1RIA-2013<\/a><\/td>\n<\/tr>\n<tr>\n<td><strong>15<\/strong><\/td>\n<td>27\/05\/2013<\/td>\n<td><a href=\"https:\/\/cmflorestopolis.pr.gov.br\/wp-content\/uploads\/2021\/11\/ATA-DA-15a-SESSAO-EXTRAORDINARIA-2013.pdf\">ATA-DA-15\u00aa-SESS\u00c3O-EXTRAORDIN\u00c1RIA-2013<\/a><\/td>\n<\/tr>\n<tr>\n<td><strong>14<\/strong><\/td>\n<td>15\/05\/2013<\/td>\n<td><a href=\"https:\/\/cmflorestopolis.pr.gov.br\/wp-content\/uploads\/2021\/11\/ATA-DA-14a-SESSAO-EXTRAORDINARIA-2013.pdf\">ATA-DA-14\u00aa-SESS\u00c3O-EXTRAORDIN\u00c1RIA-2013<\/a><\/td>\n<\/tr>\n<tr>\n<td><strong>13<\/strong><\/td>\n<td>14\/05\/2013<\/td>\n<td><a href=\"https:\/\/cmflorestopolis.pr.gov.br\/wp-content\/uploads\/2021\/11\/ATA-DA-13a-SESSAO-EXTRAORDINARIA-2013.pdf\">ATA-DA-13\u00aa-SESS\u00c3O-EXTRAORDIN\u00c1RIA-2013<\/a><\/td>\n<\/tr>\n<tr>\n<td><strong>12<\/strong><\/td>\n<td>\u00a017\/04\/2013<\/td>\n<td><a href=\"https:\/\/cmflorestopolis.pr.gov.br\/wp-content\/uploads\/2021\/11\/ATA-DA-12a-SESSAO-EXTRAORDINARIA-2013.pdf\">ATA-DA-12\u00aa-SESS\u00c3O-EXTRAORDIN\u00c1RIA-2013<\/a><\/td>\n<\/tr>\n<tr>\n<td><strong>11<\/strong><\/td>\n<td>16\/04\/2013<\/td>\n<td><a href=\"https:\/\/cmflorestopolis.pr.gov.br\/wp-content\/uploads\/2021\/11\/ATA-DA-11a-SESSAO-EXTRAORDINARIA-2013.pdf\">ATA-DA-11\u00aa-SESS\u00c3O-EXTRAORDIN\u00c1RIA-2013<\/a><\/td>\n<\/tr>\n<tr>\n<td><strong>10<\/strong><\/td>\n<td>22\/03\/2013<\/td>\n<td><a href=\"https:\/\/cmflorestopolis.pr.gov.br\/wp-content\/uploads\/2021\/11\/ATA-DA-10a-SESSAO-EXTRAORDINARIA-2013.pdf\">ATA-DA-10\u00aa-SESS\u00c3O-EXTRAORDIN\u00c1RIA-2013<\/a><\/td>\n<\/tr>\n<tr>\n<td><strong>09<\/strong><\/td>\n<td>21\/03\/2013<\/td>\n<td><a href=\"https:\/\/cmflorestopolis.pr.gov.br\/wp-content\/uploads\/2021\/11\/ATA-DA-09a-SESSAO-EXTRAORDINARIA-2013.pdf\">ATA-DA-09\u00aa-SESS\u00c3O-EXTRAORDIN\u00c1RIA-2013<\/a><\/td>\n<\/tr>\n<tr>\n<td><strong>08<\/strong><\/td>\n<td>\u00a020\/03\/2013<\/td>\n<td><a href=\"https:\/\/cmflorestopolis.pr.gov.br\/wp-content\/uploads\/2021\/11\/ATA-DA-08a-SESSAO-EXTRAORDINARIA-2013.pdf\">ATA-DA-08\u00aa-SESS\u00c3O-EXTRAORDIN\u00c1RIA-2013<\/a><\/td>\n<\/tr>\n<tr>\n<td><strong>07<\/strong><\/td>\n<td>\u00a006\/02\/2013<\/td>\n<td><a href=\"https:\/\/cmflorestopolis.pr.gov.br\/wp-content\/uploads\/2021\/11\/ATA-DA-07a-SESSAO-EXTRAORDINARIA-2013.pdf\">ATA-DA-07\u00aa-SESS\u00c3O-EXTRAORDIN\u00c1RIA-2013<\/a><\/td>\n<\/tr>\n<tr>\n<td><strong>06<\/strong><\/td>\n<td>06\/02\/2013<\/td>\n<td><a href=\"https:\/\/cmflorestopolis.pr.gov.br\/wp-content\/uploads\/2021\/11\/ATA-DA-06a-SESSAO-EXTRAORDINARIA-2013.pdf\">ATA-DA-06\u00aa-SESS\u00c3O-EXTRAORDIN\u00c1RIA-2013<\/a><\/td>\n<\/tr>\n<tr>\n<td><strong>05<\/strong><\/td>\n<td>06\/02\/2013<\/td>\n<td><a href=\"https:\/\/cmflorestopolis.pr.gov.br\/wp-content\/uploads\/2021\/11\/ATA-DA-05a-SESSAO-EXTRAORDINARIA-2013.pdf\">ATA-DA-05\u00aa-SESS\u00c3O-EXTRAORDIN\u00c1RIA-2013<\/a><\/td>\n<\/tr>\n<tr>\n<td><strong>04<\/strong><\/td>\n<td>31\/01\/2013<\/td>\n<td><a href=\"https:\/\/cmflorestopolis.pr.gov.br\/wp-content\/uploads\/2021\/11\/ATA-DA-04a-SESSAO-EXTRAORDINARIA-2013.pdf\">ATA-DA-04\u00aa-SESS\u00c3O-EXTRAORDIN\u00c1RIA-2013<\/a><\/td>\n<\/tr>\n<tr>\n<td><strong>03<\/strong><\/td>\n<td>30\/01\/2013<\/td>\n<td><a href=\"https:\/\/cmflorestopolis.pr.gov.br\/wp-content\/uploads\/2021\/11\/ATA-DA-03a-SESSAO-EXTRAORDINARIA-2013.pdf\">ATA-DA-03\u00aa-SESS\u00c3O-EXTRAORDIN\u00c1RIA-2013<\/a><\/td>\n<\/tr>\n<tr>\n<td><strong>02<\/strong><\/td>\n<td>29\/01\/2013<\/td>\n<td><a href=\"https:\/\/cmflorestopolis.pr.gov.br\/wp-content\/uploads\/2021\/11\/ATA-DA-02a-SESSAO-EXTRAORDINARIA-2013.pdf\">ATA-DA-02\u00aa-SESS\u00c3O-EXTRAORDIN\u00c1RIA-2013<\/a><\/td>\n<\/tr>\n<tr>\n<td><strong>01<\/strong><\/td>\n<td>11\/01\/2013<\/td>\n<td><a href=\"https:\/\/cmflorestopolis.pr.gov.br\/wp-content\/uploads\/2021\/11\/ATA-DA-01a-SESSAO-EXTRAORDINARIA-2013.pdf\">ATA-DA-01\u00aa-SESS\u00c3O-EXTRAORDIN\u00c1RIA-2013<\/a><\/td>\n<\/tr>\n<\/tbody>\n<\/table>\n","protected":false},"excerpt":{"rendered":"<p>Atas das Sess\u00f5es Ordin\u00e1rias e Extraordin\u00e1rias de 2013 Sess\u00f5es Ordin\u00e1rias N\u00ba Data Visualizar 36 \u00a009\/12\/2013 ATA-36\u00aa-SESS\u00c3O-ORDIN\u00c1RIA-2013 35 \u00a002\/12\/2013 ATA-35\u00aa-SESS\u00c3O-ORDIN\u00c1RIA-2013 34 \u00a025\/1\/2013 ATA-34\u00aa-SESS\u00c3O-ORDIN\u00c1RIA-2013 33 \u00a018\/11\/2013 ATA-33\u00aa-SESS\u00c3O-ORDIN\u00c1RIA-2013 [&#8230;]<\/p>\n","protected":false},"author":2,"featured_media":0,"parent":0,"menu_order":0,"comment_status":"closed","ping_status":"closed","template":"","meta":[],"yoast_head":"<!-- This site is optimized with the Yoast SEO plugin v17.6 - https:\/\/yoast.com\/wordpress\/plugins\/seo\/ -->\n<title>Atas Sess\u00f5es 2013 - C\u00e2mara Municipal de Florest\u00f3polis<\/title>\n<meta name=\"robots\" content=\"index, follow, max-snippet:-1, max-image-preview:large, max-video-preview:-1\" \/>\n<link rel=\"canonical\" href=\"https:\/\/cmflorestopolis.pr.gov.br\/?page_id=497\" \/>\n<meta property=\"og:locale\" content=\"pt_BR\" \/>\n<meta property=\"og:type\" content=\"article\" \/>\n<meta property=\"og:title\" content=\"Atas Sess\u00f5es 2013 - C\u00e2mara Municipal de Florest\u00f3polis\" \/>\n<meta property=\"og:description\" content=\"Atas das Sess\u00f5es Ordin\u00e1rias e Extraordin\u00e1rias de 2013 Sess\u00f5es Ordin\u00e1rias N\u00ba Data Visualizar 36 \u00a009\/12\/2013 ATA-36\u00aa-SESS\u00c3O-ORDIN\u00c1RIA-2013 35 \u00a002\/12\/2013 ATA-35\u00aa-SESS\u00c3O-ORDIN\u00c1RIA-2013 34 \u00a025\/1\/2013 ATA-34\u00aa-SESS\u00c3O-ORDIN\u00c1RIA-2013 33 \u00a018\/11\/2013 ATA-33\u00aa-SESS\u00c3O-ORDIN\u00c1RIA-2013 [...]\" \/>\n<meta property=\"og:url\" content=\"https:\/\/cmflorestopolis.pr.gov.br\/?page_id=497\" \/>\n<meta property=\"og:site_name\" content=\"C\u00e2mara Municipal de Florest\u00f3polis\" \/>\n<meta property=\"article:modified_time\" content=\"2021-11-06T20:22:51+00:00\" \/>\n<meta name=\"twitter:card\" content=\"summary_large_image\" \/>\n<meta name=\"twitter:label1\" content=\"Est. tempo de leitura\" \/>\n\t<meta name=\"twitter:data1\" content=\"2 minutos\" \/>\n<script type=\"application\/ld+json\" class=\"yoast-schema-graph\">{\"@context\":\"https:\/\/schema.org\",\"@graph\":[{\"@type\":\"WebSite\",\"@id\":\"https:\/\/cmflorestopolis.pr.gov.br\/#website\",\"url\":\"https:\/\/cmflorestopolis.pr.gov.br\/\",\"name\":\"C\\u00e2mara Municipal de Florest\\u00f3polis\",\"description\":\"\",\"potentialAction\":[{\"@type\":\"SearchAction\",\"target\":{\"@type\":\"EntryPoint\",\"urlTemplate\":\"https:\/\/cmflorestopolis.pr.gov.br\/?s={search_term_string}\"},\"query-input\":\"required name=search_term_string\"}],\"inLanguage\":\"pt-BR\"},{\"@type\":\"WebPage\",\"@id\":\"https:\/\/cmflorestopolis.pr.gov.br\/?page_id=497#webpage\",\"url\":\"https:\/\/cmflorestopolis.pr.gov.br\/?page_id=497\",\"name\":\"Atas Sess\\u00f5es 2013 - C\\u00e2mara Municipal de Florest\\u00f3polis\",\"isPartOf\":{\"@id\":\"https:\/\/cmflorestopolis.pr.gov.br\/#website\"},\"datePublished\":\"2021-07-11T16:52:54+00:00\",\"dateModified\":\"2021-11-06T20:22:51+00:00\",\"breadcrumb\":{\"@id\":\"https:\/\/cmflorestopolis.pr.gov.br\/?page_id=497#breadcrumb\"},\"inLanguage\":\"pt-BR\",\"potentialAction\":[{\"@type\":\"ReadAction\",\"target\":[\"https:\/\/cmflorestopolis.pr.gov.br\/?page_id=497\"]}]},{\"@type\":\"BreadcrumbList\",\"@id\":\"https:\/\/cmflorestopolis.pr.gov.br\/?page_id=497#breadcrumb\",\"itemListElement\":[{\"@type\":\"ListItem\",\"position\":1,\"name\":\"In\\u00edcio\",\"item\":\"https:\/\/cmflorestopolis.pr.gov.br\/\"},{\"@type\":\"ListItem\",\"position\":2,\"name\":\"Atas Sess\\u00f5es 2013\"}]}]}<\/script>\n<!-- \/ Yoast SEO plugin. -->","yoast_head_json":{"title":"Atas Sess\u00f5es 2013 - C\u00e2mara Municipal de Florest\u00f3polis","robots":{"index":"index","follow":"follow","max-snippet":"max-snippet:-1","max-image-preview":"max-image-preview:large","max-video-preview":"max-video-preview:-1"},"canonical":"https:\/\/cmflorestopolis.pr.gov.br\/?page_id=497","og_locale":"pt_BR","og_type":"article","og_title":"Atas Sess\u00f5es 2013 - C\u00e2mara Municipal de Florest\u00f3polis","og_description":"Atas das Sess\u00f5es Ordin\u00e1rias e Extraordin\u00e1rias de 2013 Sess\u00f5es Ordin\u00e1rias N\u00ba Data Visualizar 36 \u00a009\/12\/2013 ATA-36\u00aa-SESS\u00c3O-ORDIN\u00c1RIA-2013 35 \u00a002\/12\/2013 ATA-35\u00aa-SESS\u00c3O-ORDIN\u00c1RIA-2013 34 \u00a025\/1\/2013 ATA-34\u00aa-SESS\u00c3O-ORDIN\u00c1RIA-2013 33 \u00a018\/11\/2013 ATA-33\u00aa-SESS\u00c3O-ORDIN\u00c1RIA-2013 [...]","og_url":"https:\/\/cmflorestopolis.pr.gov.br\/?page_id=497","og_site_name":"C\u00e2mara Municipal de Florest\u00f3polis","article_modified_time":"2021-11-06T20:22:51+00:00","twitter_card":"summary_large_image","twitter_misc":{"Est. tempo de leitura":"2 minutos"},"schema":{"@context":"https:\/\/schema.org","@graph":[{"@type":"WebSite","@id":"https:\/\/cmflorestopolis.pr.gov.br\/#website","url":"https:\/\/cmflorestopolis.pr.gov.br\/","name":"C\u00e2mara Municipal de Florest\u00f3polis","description":"","potentialAction":[{"@type":"SearchAction","target":{"@type":"EntryPoint","urlTemplate":"https:\/\/cmflorestopolis.pr.gov.br\/?s={search_term_string}"},"query-input":"required name=search_term_string"}],"inLanguage":"pt-BR"},{"@type":"WebPage","@id":"https:\/\/cmflorestopolis.pr.gov.br\/?page_id=497#webpage","url":"https:\/\/cmflorestopolis.pr.gov.br\/?page_id=497","name":"Atas Sess\u00f5es 2013 - C\u00e2mara Municipal de Florest\u00f3polis","isPartOf":{"@id":"https:\/\/cmflorestopolis.pr.gov.br\/#website"},"datePublished":"2021-07-11T16:52:54+00:00","dateModified":"2021-11-06T20:22:51+00:00","breadcrumb":{"@id":"https:\/\/cmflorestopolis.pr.gov.br\/?page_id=497#breadcrumb"},"inLanguage":"pt-BR","potentialAction":[{"@type":"ReadAction","target":["https:\/\/cmflorestopolis.pr.gov.br\/?page_id=497"]}]},{"@type":"BreadcrumbList","@id":"https:\/\/cmflorestopolis.pr.gov.br\/?page_id=497#breadcrumb","itemListElement":[{"@type":"ListItem","position":1,"name":"In\u00edcio","item":"https:\/\/cmflorestopolis.pr.gov.br\/"},{"@type":"ListItem","position":2,"name":"Atas Sess\u00f5es 2013"}]}]}},"_links":{"self":[{"href":"https:\/\/cmflorestopolis.pr.gov.br\/index.php?rest_route=\/wp\/v2\/pages\/497"}],"collection":[{"href":"https:\/\/cmflorestopolis.pr.gov.br\/index.php?rest_route=\/wp\/v2\/pages"}],"about":[{"href":"https:\/\/cmflorestopolis.pr.gov.br\/index.php?rest_route=\/wp\/v2\/types\/page"}],"author":[{"embeddable":true,"href":"https:\/\/cmflorestopolis.pr.gov.br\/index.php?rest_route=\/wp\/v2\/users\/2"}],"replies":[{"embeddable":true,"href":"https:\/\/cmflorestopolis.pr.gov.br\/index.php?rest_route=%2Fwp%2Fv2%2Fcomments&post=497"}],"version-history":[{"count":8,"href":"https:\/\/cmflorestopolis.pr.gov.br\/index.php?rest_route=\/wp\/v2\/pages\/497\/revisions"}],"predecessor-version":[{"id":1272,"href":"https:\/\/cmflorestopolis.pr.gov.br\/index.php?rest_route=\/wp\/v2\/pages\/497\/revisions\/1272"}],"wp:attachment":[{"href":"https:\/\/cmflorestopolis.pr.gov.br\/index.php?rest_route=%2Fwp%2Fv2%2Fmedia&parent=497"}],"curies":[{"name":"wp","href":"https:\/\/api.w.org\/{rel}","templated":true}]}}