{"id":4883,"date":"2025-02-19T21:53:23","date_gmt":"2025-02-19T21:53:23","guid":{"rendered":"https:\/\/cmflorestopolis.pr.gov.br\/?page_id=4883"},"modified":"2026-01-15T13:08:12","modified_gmt":"2026-01-15T13:08:12","slug":"sessoes-ordinarias-2025","status":"publish","type":"page","link":"https:\/\/cmflorestopolis.pr.gov.br\/?page_id=4883","title":{"rendered":"Sess\u00f5es Ordin\u00e1rias 2025"},"content":{"rendered":"<p><b><span data-contrast=\"auto\">Sess\u00f5es Ordin\u00e1rias 2025<\/span><\/b><\/p>\n<p><b><span data-contrast=\"auto\">As Sess\u00f5es Ordin\u00e1rias acontecem toda segunda-feira \u00e0s 19:00<br \/>\n<\/span><\/b><\/p>\n<h2>39\u00aa Sess\u00e3o Ordin\u00e1ria 2025<\/h2>\n<p><iframe loading=\"lazy\" title=\"39\u00aa SESS\u00c3O ORDIN\u00c1RIA   23\/12\/2025\" width=\"900\" height=\"506\" src=\"https:\/\/www.youtube.com\/embed\/SS9OeQjYFp4?feature=oembed\" frameborder=\"0\" allow=\"accelerometer; autoplay; clipboard-write; encrypted-media; gyroscope; picture-in-picture; web-share\" referrerpolicy=\"strict-origin-when-cross-origin\" allowfullscreen><\/iframe><\/p>\n<h2>38\u00aa Sess\u00e3o Ordin\u00e1ria 2025<\/h2>\n<p>&nbsp;<\/p>\n<p><iframe loading=\"lazy\" title=\"38\u00aa SESS\u00c3O ORDIN\u00c1RIA   15\/12\/2025\" width=\"900\" height=\"506\" src=\"https:\/\/www.youtube.com\/embed\/RWdjl_Z5b-Y?feature=oembed\" frameborder=\"0\" allow=\"accelerometer; autoplay; clipboard-write; encrypted-media; gyroscope; picture-in-picture; web-share\" referrerpolicy=\"strict-origin-when-cross-origin\" allowfullscreen><\/iframe><\/p>\n<h2>37\u00aa Sess\u00e3o Ordin\u00e1ria 2025<\/h2>\n<p>&nbsp;<\/p>\n<p><iframe loading=\"lazy\" title=\"37\u00aa SESS\u00c3O ORDIN\u00c1RIA   08\/12\/2025\" width=\"900\" height=\"506\" src=\"https:\/\/www.youtube.com\/embed\/_fJhg8XpI6Q?feature=oembed\" frameborder=\"0\" allow=\"accelerometer; autoplay; clipboard-write; encrypted-media; gyroscope; picture-in-picture; web-share\" referrerpolicy=\"strict-origin-when-cross-origin\" allowfullscreen><\/iframe><\/p>\n<h2>36\u00aa Sess\u00e3o Ordin\u00e1ria 2025<\/h2>\n<p>&nbsp;<\/p>\n<p><iframe loading=\"lazy\" title=\"36\u00aa SESS\u00c3O ORDIN\u00c1RIA   01\/12\/2025\" width=\"900\" height=\"506\" src=\"https:\/\/www.youtube.com\/embed\/a5ChBTzWk0A?feature=oembed\" frameborder=\"0\" allow=\"accelerometer; autoplay; clipboard-write; encrypted-media; gyroscope; picture-in-picture; web-share\" referrerpolicy=\"strict-origin-when-cross-origin\" allowfullscreen><\/iframe><\/p>\n<h2>35\u00aa Sess\u00e3o Ordin\u00e1ria 2025<\/h2>\n<p>&nbsp;<\/p>\n<p><iframe loading=\"lazy\" title=\"35\u00aa SESS\u00c3O ORDIN\u00c1RIA   24\/11\/2025\" width=\"900\" height=\"506\" src=\"https:\/\/www.youtube.com\/embed\/kM6XQxj86rU?feature=oembed\" frameborder=\"0\" allow=\"accelerometer; autoplay; clipboard-write; encrypted-media; gyroscope; picture-in-picture; web-share\" referrerpolicy=\"strict-origin-when-cross-origin\" allowfullscreen><\/iframe><\/p>\n<h2>34\u00aa Sess\u00e3o Ordin\u00e1ria 2025<\/h2>\n<p>&nbsp;<\/p>\n<p><iframe loading=\"lazy\" title=\"34\u00aa SESS\u00c3O ORDIN\u00c1RIA   17\/11\/2025\" width=\"900\" height=\"506\" src=\"https:\/\/www.youtube.com\/embed\/Wt2qYUDrYvo?feature=oembed\" frameborder=\"0\" allow=\"accelerometer; autoplay; clipboard-write; encrypted-media; gyroscope; picture-in-picture; web-share\" referrerpolicy=\"strict-origin-when-cross-origin\" allowfullscreen><\/iframe><\/p>\n<p><b><span data-contrast=\"auto\">As Sess\u00f5es Ordin\u00e1rias acontecem toda segunda-feira \u00e0s 19:00<br \/>\n<\/span><\/b><\/p>\n<h2>33\u00aa Sess\u00e3o Ordin\u00e1ria 2025<\/h2>\n<p>&nbsp;<\/p>\n<p><iframe loading=\"lazy\" title=\"33\u00aa SESS\u00c3O ORDIN\u00c1RIA   10\/11\/2025\" width=\"900\" height=\"506\" src=\"https:\/\/www.youtube.com\/embed\/aYb9hZNEK78?feature=oembed\" frameborder=\"0\" allow=\"accelerometer; autoplay; clipboard-write; encrypted-media; gyroscope; picture-in-picture; web-share\" referrerpolicy=\"strict-origin-when-cross-origin\" allowfullscreen><\/iframe><\/p>\n<h2>32\u00aa Sess\u00e3o Ordin\u00e1ria 2025<\/h2>\n<p>&nbsp;<\/p>\n<p><iframe loading=\"lazy\" title=\"32\u00aa SESS\u00c3O ORDIN\u00c1RIA   03\/11\/2025\" width=\"900\" height=\"506\" src=\"https:\/\/www.youtube.com\/embed\/EK831RuYh-Y?feature=oembed\" frameborder=\"0\" allow=\"accelerometer; autoplay; clipboard-write; encrypted-media; gyroscope; picture-in-picture; web-share\" referrerpolicy=\"strict-origin-when-cross-origin\" allowfullscreen><\/iframe><\/p>\n<h2>31\u00aa Sess\u00e3o Ordin\u00e1ria 2025<\/h2>\n<p>&nbsp;<\/p>\n<p><iframe loading=\"lazy\" title=\"31\u00aa SESS\u00c3O ORDIN\u00c1RIA   24\/10\/2025\" width=\"900\" height=\"506\" src=\"https:\/\/www.youtube.com\/embed\/59c1Z-Xg3nw?feature=oembed\" frameborder=\"0\" allow=\"accelerometer; autoplay; clipboard-write; encrypted-media; gyroscope; picture-in-picture; web-share\" referrerpolicy=\"strict-origin-when-cross-origin\" allowfullscreen><\/iframe><\/p>\n<h2>30\u00aa Sess\u00e3o Ordin\u00e1ria 2025<\/h2>\n<p>&nbsp;<\/p>\n<p><iframe loading=\"lazy\" title=\"30\u00aa SESS\u00c3O ORDIN\u00c1RIA   20\/10\/2025\" width=\"900\" height=\"506\" src=\"https:\/\/www.youtube.com\/embed\/YIh6dlAIiD8?feature=oembed\" frameborder=\"0\" allow=\"accelerometer; autoplay; clipboard-write; encrypted-media; gyroscope; picture-in-picture; web-share\" referrerpolicy=\"strict-origin-when-cross-origin\" allowfullscreen><\/iframe><\/p>\n<h2>29\u00aa Sess\u00e3o Ordin\u00e1ria 2025<\/h2>\n<p>&nbsp;<\/p>\n<p><iframe loading=\"lazy\" title=\"29\u00aa SESS\u00c3O ORDIN\u00c1RIA   13\/10\/2025\" width=\"900\" height=\"506\" src=\"https:\/\/www.youtube.com\/embed\/bFIlwqlCVBc?feature=oembed\" frameborder=\"0\" allow=\"accelerometer; autoplay; clipboard-write; encrypted-media; gyroscope; picture-in-picture; web-share\" referrerpolicy=\"strict-origin-when-cross-origin\" allowfullscreen><\/iframe><\/p>\n<h2>28\u00aa Sess\u00e3o Ordin\u00e1ria 2025<\/h2>\n<p>&nbsp;<\/p>\n<p><iframe loading=\"lazy\" title=\"28\u00aa SESS\u00c3O ORDIN\u00c1RIA   06\/10\/2025\" width=\"900\" height=\"506\" src=\"https:\/\/www.youtube.com\/embed\/VctFd3SyPOM?feature=oembed\" frameborder=\"0\" allow=\"accelerometer; autoplay; clipboard-write; encrypted-media; gyroscope; picture-in-picture; web-share\" referrerpolicy=\"strict-origin-when-cross-origin\" allowfullscreen><\/iframe><\/p>\n<h2>27\u00aa Sess\u00e3o Ordin\u00e1ria 2025<\/h2>\n<p>&nbsp;<\/p>\n<p><iframe loading=\"lazy\" title=\"27\u00aa SESS\u00c3O ORDIN\u00c1RIA   29\/09\/2025\" width=\"900\" height=\"506\" src=\"https:\/\/www.youtube.com\/embed\/Kc4cC2ySXEo?feature=oembed\" frameborder=\"0\" allow=\"accelerometer; autoplay; clipboard-write; encrypted-media; gyroscope; picture-in-picture; web-share\" referrerpolicy=\"strict-origin-when-cross-origin\" allowfullscreen><\/iframe><\/p>\n<h2>26\u00aa Sess\u00e3o Ordin\u00e1ria 2025<\/h2>\n<p>&nbsp;<\/p>\n<p><iframe loading=\"lazy\" title=\"26\u00aa SESS\u00c3O ORDIN\u00c1RIA   22\/09\/2025\" width=\"900\" height=\"506\" src=\"https:\/\/www.youtube.com\/embed\/TLFYu7PehQU?feature=oembed\" frameborder=\"0\" allow=\"accelerometer; autoplay; clipboard-write; encrypted-media; gyroscope; picture-in-picture; web-share\" referrerpolicy=\"strict-origin-when-cross-origin\" allowfullscreen><\/iframe><\/p>\n<h2>25\u00aa Sess\u00e3o Ordin\u00e1ria 2025<\/h2>\n<p>&nbsp;<\/p>\n<p><iframe loading=\"lazy\" title=\"25\u00aa SESS\u00c3O ORDIN\u00c1RIA   15\/09\/2025\" width=\"900\" height=\"506\" src=\"https:\/\/www.youtube.com\/embed\/fd97Rwto7To?feature=oembed\" frameborder=\"0\" allow=\"accelerometer; autoplay; clipboard-write; encrypted-media; gyroscope; picture-in-picture; web-share\" referrerpolicy=\"strict-origin-when-cross-origin\" allowfullscreen><\/iframe><\/p>\n<h2>24\u00aa Sess\u00e3o Ordin\u00e1ria 2025<\/h2>\n<p>&nbsp;<\/p>\n<p><iframe loading=\"lazy\" title=\"24\u00aa SESS\u00c3O ORDIN\u00c1RIA   08\/09\/2025\" width=\"900\" height=\"506\" src=\"https:\/\/www.youtube.com\/embed\/dWNuE2NSXJI?feature=oembed\" frameborder=\"0\" allow=\"accelerometer; autoplay; clipboard-write; encrypted-media; gyroscope; picture-in-picture; web-share\" referrerpolicy=\"strict-origin-when-cross-origin\" allowfullscreen><\/iframe><\/p>\n<h2>23\u00aa Sess\u00e3o Ordin\u00e1ria 2025<\/h2>\n<p>&nbsp;<\/p>\n<p><iframe loading=\"lazy\" title=\"23\u00aa SESS\u00c3O ORDIN\u00c1RIA   01\/09\/2025\" width=\"900\" height=\"506\" src=\"https:\/\/www.youtube.com\/embed\/JzZhvTz36M0?feature=oembed\" frameborder=\"0\" allow=\"accelerometer; autoplay; clipboard-write; encrypted-media; gyroscope; picture-in-picture; web-share\" referrerpolicy=\"strict-origin-when-cross-origin\" allowfullscreen><\/iframe><\/p>\n<h2>22\u00aa Sess\u00e3o Ordin\u00e1ria 2025<\/h2>\n<p>&nbsp;<\/p>\n<p><iframe loading=\"lazy\" title=\"22\u00aa SESS\u00c3O ORDIN\u00c1RIA - 25\/08\/2025\" width=\"900\" height=\"506\" src=\"https:\/\/www.youtube.com\/embed\/j_zugeGqrg8?feature=oembed\" frameborder=\"0\" allow=\"accelerometer; autoplay; clipboard-write; encrypted-media; gyroscope; picture-in-picture; web-share\" referrerpolicy=\"strict-origin-when-cross-origin\" allowfullscreen><\/iframe><\/p>\n<h2>21\u00aa Sess\u00e3o Ordin\u00e1ria 2025<\/h2>\n<p>&nbsp;<\/p>\n<p><iframe loading=\"lazy\" title=\"21\u00aa SESS\u00c3O ORDIN\u00c1RIA - 18-08-2025\" width=\"900\" height=\"506\" src=\"https:\/\/www.youtube.com\/embed\/qbzkDF14iIk?feature=oembed\" frameborder=\"0\" allow=\"accelerometer; autoplay; clipboard-write; encrypted-media; gyroscope; picture-in-picture; web-share\" referrerpolicy=\"strict-origin-when-cross-origin\" allowfullscreen><\/iframe><\/p>\n<h2>20\u00aa Sess\u00e3o Ordin\u00e1ria 2025<\/h2>\n<p>&nbsp;<\/p>\n<p><iframe loading=\"lazy\" title=\"20\u00aa SESS\u00c3O ORDIN\u00c1RIA   11\/08\/2025\" width=\"900\" height=\"506\" src=\"https:\/\/www.youtube.com\/embed\/zcIxGigUsR8?feature=oembed\" frameborder=\"0\" allow=\"accelerometer; autoplay; clipboard-write; encrypted-media; gyroscope; picture-in-picture; web-share\" referrerpolicy=\"strict-origin-when-cross-origin\" allowfullscreen><\/iframe><\/p>\n<h2>19\u00aa Sess\u00e3o Ordin\u00e1ria 2025<\/h2>\n<p>&nbsp;<\/p>\n<p><iframe loading=\"lazy\" title=\"19\u00aa SESS\u00c3O ORDIN\u00c1RIA - 04\/08\/2025\" width=\"900\" height=\"506\" src=\"https:\/\/www.youtube.com\/embed\/aC9YHIlmP28?feature=oembed\" frameborder=\"0\" allow=\"accelerometer; autoplay; clipboard-write; encrypted-media; gyroscope; picture-in-picture; web-share\" referrerpolicy=\"strict-origin-when-cross-origin\" allowfullscreen><\/iframe><\/p>\n<h2>18\u00aa Sess\u00e3o Ordin\u00e1ria 2025<\/h2>\n<p>&nbsp;<\/p>\n<p><iframe loading=\"lazy\" title=\"18\u00aa SESS\u00c3O ORDIN\u00c1RIA   30\/06\/2025\" width=\"900\" height=\"506\" src=\"https:\/\/www.youtube.com\/embed\/uOi8U4NNJv4?feature=oembed\" frameborder=\"0\" allow=\"accelerometer; autoplay; clipboard-write; encrypted-media; gyroscope; picture-in-picture; web-share\" referrerpolicy=\"strict-origin-when-cross-origin\" allowfullscreen><\/iframe><\/p>\n<h2>17\u00aa Sess\u00e3o Ordin\u00e1ria 2025<\/h2>\n<p>&nbsp;<\/p>\n<p><iframe loading=\"lazy\" title=\"17\u00aa SESS\u00c3O ORDIN\u00c1RIA   25\/06\/2025\" width=\"900\" height=\"506\" src=\"https:\/\/www.youtube.com\/embed\/-VRTA_oPqOc?feature=oembed\" frameborder=\"0\" allow=\"accelerometer; autoplay; clipboard-write; encrypted-media; gyroscope; picture-in-picture; web-share\" referrerpolicy=\"strict-origin-when-cross-origin\" allowfullscreen><\/iframe><\/p>\n<h2>16\u00aa Sess\u00e3o Ordin\u00e1ria 2025<\/h2>\n<p>&nbsp;<\/p>\n<p><iframe loading=\"lazy\" title=\"16\u00aa SESS\u00c3O ORDIN\u00c1RIA   16\/06\/2025\" width=\"900\" height=\"506\" src=\"https:\/\/www.youtube.com\/embed\/b9MIjM-FtI8?feature=oembed\" frameborder=\"0\" allow=\"accelerometer; autoplay; clipboard-write; encrypted-media; gyroscope; picture-in-picture; web-share\" referrerpolicy=\"strict-origin-when-cross-origin\" allowfullscreen><\/iframe><\/p>\n<h2>15\u00aa Sess\u00e3o Ordin\u00e1ria 2025<\/h2>\n<p>&nbsp;<\/p>\n<p><iframe loading=\"lazy\" title=\"15\u00aa SESS\u00c3O ORDIN\u00c1RIA   09\/06\/2025\" width=\"900\" height=\"506\" src=\"https:\/\/www.youtube.com\/embed\/WKCsb0CbsOU?feature=oembed\" frameborder=\"0\" allow=\"accelerometer; autoplay; clipboard-write; encrypted-media; gyroscope; picture-in-picture; web-share\" referrerpolicy=\"strict-origin-when-cross-origin\" allowfullscreen><\/iframe><\/p>\n<h2>14\u00aa Sess\u00e3o Ordin\u00e1ria 2025<\/h2>\n<p>&nbsp;<\/p>\n<p><iframe loading=\"lazy\" title=\"14\u00aa SESS\u00c3O ORDIN\u00c1RIA   02\/06\/2025\" width=\"900\" height=\"506\" src=\"https:\/\/www.youtube.com\/embed\/loHDGNlgm80?feature=oembed\" frameborder=\"0\" allow=\"accelerometer; autoplay; clipboard-write; encrypted-media; gyroscope; picture-in-picture; web-share\" referrerpolicy=\"strict-origin-when-cross-origin\" allowfullscreen><\/iframe><\/p>\n<h2>13\u00aa Sess\u00e3o Ordin\u00e1ria 2025<\/h2>\n<p>&nbsp;<\/p>\n<p><iframe loading=\"lazy\" title=\"13\u00aa SESS\u00c3O ORDIN\u00c1RIA   26\/05\/2025\" width=\"900\" height=\"506\" src=\"https:\/\/www.youtube.com\/embed\/zpBW_lJm8XA?feature=oembed\" frameborder=\"0\" allow=\"accelerometer; autoplay; clipboard-write; encrypted-media; gyroscope; picture-in-picture; web-share\" referrerpolicy=\"strict-origin-when-cross-origin\" allowfullscreen><\/iframe><\/p>\n<h2>12\u00aa Sess\u00e3o Ordin\u00e1ria 2025<\/h2>\n<p>&nbsp;<\/p>\n<p><iframe loading=\"lazy\" title=\"12\u00aa SESS\u00c3O ORDIN\u00c1RIA   19\/05\/2025\" width=\"900\" height=\"506\" src=\"https:\/\/www.youtube.com\/embed\/OtlIR-oSxz8?feature=oembed\" frameborder=\"0\" allow=\"accelerometer; autoplay; clipboard-write; encrypted-media; gyroscope; picture-in-picture; web-share\" referrerpolicy=\"strict-origin-when-cross-origin\" allowfullscreen><\/iframe><\/p>\n<h2>11\u00aa Sess\u00e3o Ordin\u00e1ria 2025<\/h2>\n<p>&nbsp;<\/p>\n<p><iframe loading=\"lazy\" title=\"11\u00aa SESS\u00c3O ORDIN\u00c1RIA   12\/05\/2025\" width=\"900\" height=\"506\" src=\"https:\/\/www.youtube.com\/embed\/YQyVgt6FKbo?feature=oembed\" frameborder=\"0\" allow=\"accelerometer; autoplay; clipboard-write; encrypted-media; gyroscope; picture-in-picture; web-share\" referrerpolicy=\"strict-origin-when-cross-origin\" allowfullscreen><\/iframe><\/p>\n<h2>10\u00aa Sess\u00e3o Ordin\u00e1ria 2025<\/h2>\n<p>&nbsp;<\/p>\n<p><iframe loading=\"lazy\" title=\"10\u00aa SESS\u00c3O ORDIN\u00c1RIA   05\/05\/2025\" width=\"900\" height=\"506\" src=\"https:\/\/www.youtube.com\/embed\/hNnojjEUmjw?feature=oembed\" frameborder=\"0\" allow=\"accelerometer; autoplay; clipboard-write; encrypted-media; gyroscope; picture-in-picture; web-share\" referrerpolicy=\"strict-origin-when-cross-origin\" allowfullscreen><\/iframe><\/p>\n<h2>9\u00aa Sess\u00e3o Ordin\u00e1ria 2025<\/h2>\n<p>&nbsp;<\/p>\n<p><iframe loading=\"lazy\" title=\"09\u00aa SESS\u00c3O ORDIN\u00c1RIA   28\/04\/2025\" width=\"900\" height=\"506\" src=\"https:\/\/www.youtube.com\/embed\/cMGyC17KekI?feature=oembed\" frameborder=\"0\" allow=\"accelerometer; autoplay; clipboard-write; encrypted-media; gyroscope; picture-in-picture; web-share\" referrerpolicy=\"strict-origin-when-cross-origin\" allowfullscreen><\/iframe><\/p>\n<h2>8\u00aa Sess\u00e3o Ordin\u00e1ria 2025<\/h2>\n<p>&nbsp;<\/p>\n<p><iframe loading=\"lazy\" title=\"08\u00aa SESS\u00c3O ORDIN\u00c1RIA   14\/04\/2025\" width=\"900\" height=\"506\" src=\"https:\/\/www.youtube.com\/embed\/_OgACWcl23Y?feature=oembed\" frameborder=\"0\" allow=\"accelerometer; autoplay; clipboard-write; encrypted-media; gyroscope; picture-in-picture; web-share\" referrerpolicy=\"strict-origin-when-cross-origin\" allowfullscreen><\/iframe><\/p>\n<h2>7\u00aa Sess\u00e3o Ordin\u00e1ria 2025<\/h2>\n<p>&nbsp;<\/p>\n<p><iframe loading=\"lazy\" title=\"07\u00aa SESS\u00c3O ORDIN\u00c1RIA   07\/04\/2025\" width=\"900\" height=\"506\" src=\"https:\/\/www.youtube.com\/embed\/5OeGLUJwnX4?feature=oembed\" frameborder=\"0\" allow=\"accelerometer; autoplay; clipboard-write; encrypted-media; gyroscope; picture-in-picture; web-share\" referrerpolicy=\"strict-origin-when-cross-origin\" allowfullscreen><\/iframe><\/p>\n<h2>6\u00aa Sess\u00e3o Ordin\u00e1ria 2025<\/h2>\n<p>&nbsp;<\/p>\n<p><iframe loading=\"lazy\" title=\"06\u00aa SESS\u00c3O ORDIN\u00c1RIA   01\/04\/2025\" width=\"900\" height=\"506\" src=\"https:\/\/www.youtube.com\/embed\/n41-hiSpuTs?feature=oembed\" frameborder=\"0\" allow=\"accelerometer; autoplay; clipboard-write; encrypted-media; gyroscope; picture-in-picture; web-share\" referrerpolicy=\"strict-origin-when-cross-origin\" allowfullscreen><\/iframe><\/p>\n<h2>5\u00aa Sess\u00e3o Ordin\u00e1ria 2025<\/h2>\n<p>&nbsp;<\/p>\n<p><iframe loading=\"lazy\" title=\"05\u00aa SESS\u00c3O ORDIN\u00c1RIA   25\/03\/2025\" width=\"900\" height=\"506\" src=\"https:\/\/www.youtube.com\/embed\/KhRkDaUTOuQ?feature=oembed\" frameborder=\"0\" allow=\"accelerometer; autoplay; clipboard-write; encrypted-media; gyroscope; picture-in-picture; web-share\" referrerpolicy=\"strict-origin-when-cross-origin\" allowfullscreen><\/iframe><\/p>\n<h2>4\u00aa Sess\u00e3o Ordin\u00e1ria 2025<\/h2>\n<p>&nbsp;<\/p>\n<p><iframe loading=\"lazy\" title=\"04\u00aa SESS\u00c3O ORDIN\u00c1RIA   18\/03\/2025\" width=\"900\" height=\"506\" src=\"https:\/\/www.youtube.com\/embed\/bR31myzOfoE?feature=oembed\" frameborder=\"0\" allow=\"accelerometer; autoplay; clipboard-write; encrypted-media; gyroscope; picture-in-picture; web-share\" referrerpolicy=\"strict-origin-when-cross-origin\" allowfullscreen><\/iframe><\/p>\n<h2>3\u00aa Sess\u00e3o Ordin\u00e1ria 2025<\/h2>\n<p>&nbsp;<\/p>\n<p><iframe loading=\"lazy\" title=\"03\u00aa SESS\u00c3O ORDIN\u00c1RIA   11\/03\/2025\" width=\"900\" height=\"506\" src=\"https:\/\/www.youtube.com\/embed\/ZoAJWc2iKE8?feature=oembed\" frameborder=\"0\" allow=\"accelerometer; autoplay; clipboard-write; encrypted-media; gyroscope; picture-in-picture; web-share\" referrerpolicy=\"strict-origin-when-cross-origin\" allowfullscreen><\/iframe><\/p>\n<h2>2\u00aa Sess\u00e3o Ordin\u00e1ria 2025<\/h2>\n<p>&nbsp;<\/p>\n<p><iframe loading=\"lazy\" title=\"02\u00aa SESS\u00c3O ORDIN\u00c1RIA   25\/02\/2025\" width=\"900\" height=\"506\" src=\"https:\/\/www.youtube.com\/embed\/lkKTb9XOndg?feature=oembed\" frameborder=\"0\" allow=\"accelerometer; autoplay; clipboard-write; encrypted-media; gyroscope; picture-in-picture; web-share\" referrerpolicy=\"strict-origin-when-cross-origin\" allowfullscreen><\/iframe><\/p>\n<h2>1\u00aa Sess\u00e3o Ordin\u00e1ria 2025<\/h2>\n<p>&nbsp;<\/p>\n<p><iframe loading=\"lazy\" title=\"01\u00aa SESS\u00c3O ORDIN\u00c1RIA   18\/02\/2025\" width=\"900\" height=\"506\" src=\"https:\/\/www.youtube.com\/embed\/kjkYAbK5UjU?feature=oembed\" frameborder=\"0\" allow=\"accelerometer; autoplay; clipboard-write; encrypted-media; gyroscope; picture-in-picture; web-share\" referrerpolicy=\"strict-origin-when-cross-origin\" allowfullscreen><\/iframe><\/p>\n","protected":false},"excerpt":{"rendered":"<p>Sess\u00f5es Ordin\u00e1rias 2025 As Sess\u00f5es Ordin\u00e1rias acontecem toda segunda-feira \u00e0s 19:00 39\u00aa Sess\u00e3o Ordin\u00e1ria 2025 38\u00aa Sess\u00e3o Ordin\u00e1ria 2025 &nbsp; 37\u00aa Sess\u00e3o Ordin\u00e1ria 2025 &nbsp; [&#8230;]<\/p>\n","protected":false},"author":1,"featured_media":0,"parent":0,"menu_order":0,"comment_status":"closed","ping_status":"closed","template":"","meta":[],"yoast_head":"<!-- This site is optimized with the Yoast SEO plugin v17.6 - https:\/\/yoast.com\/wordpress\/plugins\/seo\/ -->\n<title>Sess\u00f5es Ordin\u00e1rias 2025 - C\u00e2mara Municipal de Florest\u00f3polis<\/title>\n<meta name=\"robots\" content=\"index, follow, max-snippet:-1, max-image-preview:large, max-video-preview:-1\" \/>\n<link rel=\"canonical\" href=\"https:\/\/cmflorestopolis.pr.gov.br\/?page_id=4883\" \/>\n<meta property=\"og:locale\" content=\"pt_BR\" \/>\n<meta property=\"og:type\" content=\"article\" \/>\n<meta property=\"og:title\" content=\"Sess\u00f5es Ordin\u00e1rias 2025 - C\u00e2mara Municipal de Florest\u00f3polis\" \/>\n<meta property=\"og:description\" content=\"Sess\u00f5es Ordin\u00e1rias 2025 As Sess\u00f5es Ordin\u00e1rias acontecem toda segunda-feira \u00e0s 19:00 39\u00aa Sess\u00e3o Ordin\u00e1ria 2025 38\u00aa Sess\u00e3o Ordin\u00e1ria 2025 &nbsp; 37\u00aa Sess\u00e3o Ordin\u00e1ria 2025 &nbsp; [...]\" \/>\n<meta property=\"og:url\" content=\"https:\/\/cmflorestopolis.pr.gov.br\/?page_id=4883\" \/>\n<meta property=\"og:site_name\" content=\"C\u00e2mara Municipal de Florest\u00f3polis\" \/>\n<meta property=\"article:modified_time\" content=\"2026-01-15T13:08:12+00:00\" \/>\n<meta name=\"twitter:card\" content=\"summary_large_image\" \/>\n<meta name=\"twitter:label1\" content=\"Est. tempo de leitura\" \/>\n\t<meta name=\"twitter:data1\" content=\"1 minuto\" \/>\n<script type=\"application\/ld+json\" class=\"yoast-schema-graph\">{\"@context\":\"https:\/\/schema.org\",\"@graph\":[{\"@type\":\"WebSite\",\"@id\":\"https:\/\/cmflorestopolis.pr.gov.br\/#website\",\"url\":\"https:\/\/cmflorestopolis.pr.gov.br\/\",\"name\":\"C\\u00e2mara Municipal de Florest\\u00f3polis\",\"description\":\"\",\"potentialAction\":[{\"@type\":\"SearchAction\",\"target\":{\"@type\":\"EntryPoint\",\"urlTemplate\":\"https:\/\/cmflorestopolis.pr.gov.br\/?s={search_term_string}\"},\"query-input\":\"required name=search_term_string\"}],\"inLanguage\":\"pt-BR\"},{\"@type\":\"WebPage\",\"@id\":\"https:\/\/cmflorestopolis.pr.gov.br\/?page_id=4883#webpage\",\"url\":\"https:\/\/cmflorestopolis.pr.gov.br\/?page_id=4883\",\"name\":\"Sess\\u00f5es Ordin\\u00e1rias 2025 - C\\u00e2mara Municipal de Florest\\u00f3polis\",\"isPartOf\":{\"@id\":\"https:\/\/cmflorestopolis.pr.gov.br\/#website\"},\"datePublished\":\"2025-02-19T21:53:23+00:00\",\"dateModified\":\"2026-01-15T13:08:12+00:00\",\"breadcrumb\":{\"@id\":\"https:\/\/cmflorestopolis.pr.gov.br\/?page_id=4883#breadcrumb\"},\"inLanguage\":\"pt-BR\",\"potentialAction\":[{\"@type\":\"ReadAction\",\"target\":[\"https:\/\/cmflorestopolis.pr.gov.br\/?page_id=4883\"]}]},{\"@type\":\"BreadcrumbList\",\"@id\":\"https:\/\/cmflorestopolis.pr.gov.br\/?page_id=4883#breadcrumb\",\"itemListElement\":[{\"@type\":\"ListItem\",\"position\":1,\"name\":\"In\\u00edcio\",\"item\":\"https:\/\/cmflorestopolis.pr.gov.br\/\"},{\"@type\":\"ListItem\",\"position\":2,\"name\":\"Sess\\u00f5es Ordin\\u00e1rias 2025\"}]}]}<\/script>\n<!-- \/ Yoast SEO plugin. -->","yoast_head_json":{"title":"Sess\u00f5es Ordin\u00e1rias 2025 - C\u00e2mara Municipal de Florest\u00f3polis","robots":{"index":"index","follow":"follow","max-snippet":"max-snippet:-1","max-image-preview":"max-image-preview:large","max-video-preview":"max-video-preview:-1"},"canonical":"https:\/\/cmflorestopolis.pr.gov.br\/?page_id=4883","og_locale":"pt_BR","og_type":"article","og_title":"Sess\u00f5es Ordin\u00e1rias 2025 - C\u00e2mara Municipal de Florest\u00f3polis","og_description":"Sess\u00f5es Ordin\u00e1rias 2025 As Sess\u00f5es Ordin\u00e1rias acontecem toda segunda-feira \u00e0s 19:00 39\u00aa Sess\u00e3o Ordin\u00e1ria 2025 38\u00aa Sess\u00e3o Ordin\u00e1ria 2025 &nbsp; 37\u00aa Sess\u00e3o Ordin\u00e1ria 2025 &nbsp; [...]","og_url":"https:\/\/cmflorestopolis.pr.gov.br\/?page_id=4883","og_site_name":"C\u00e2mara Municipal de Florest\u00f3polis","article_modified_time":"2026-01-15T13:08:12+00:00","twitter_card":"summary_large_image","twitter_misc":{"Est. tempo de leitura":"1 minuto"},"schema":{"@context":"https:\/\/schema.org","@graph":[{"@type":"WebSite","@id":"https:\/\/cmflorestopolis.pr.gov.br\/#website","url":"https:\/\/cmflorestopolis.pr.gov.br\/","name":"C\u00e2mara Municipal de Florest\u00f3polis","description":"","potentialAction":[{"@type":"SearchAction","target":{"@type":"EntryPoint","urlTemplate":"https:\/\/cmflorestopolis.pr.gov.br\/?s={search_term_string}"},"query-input":"required name=search_term_string"}],"inLanguage":"pt-BR"},{"@type":"WebPage","@id":"https:\/\/cmflorestopolis.pr.gov.br\/?page_id=4883#webpage","url":"https:\/\/cmflorestopolis.pr.gov.br\/?page_id=4883","name":"Sess\u00f5es Ordin\u00e1rias 2025 - C\u00e2mara Municipal de Florest\u00f3polis","isPartOf":{"@id":"https:\/\/cmflorestopolis.pr.gov.br\/#website"},"datePublished":"2025-02-19T21:53:23+00:00","dateModified":"2026-01-15T13:08:12+00:00","breadcrumb":{"@id":"https:\/\/cmflorestopolis.pr.gov.br\/?page_id=4883#breadcrumb"},"inLanguage":"pt-BR","potentialAction":[{"@type":"ReadAction","target":["https:\/\/cmflorestopolis.pr.gov.br\/?page_id=4883"]}]},{"@type":"BreadcrumbList","@id":"https:\/\/cmflorestopolis.pr.gov.br\/?page_id=4883#breadcrumb","itemListElement":[{"@type":"ListItem","position":1,"name":"In\u00edcio","item":"https:\/\/cmflorestopolis.pr.gov.br\/"},{"@type":"ListItem","position":2,"name":"Sess\u00f5es Ordin\u00e1rias 2025"}]}]}},"_links":{"self":[{"href":"https:\/\/cmflorestopolis.pr.gov.br\/index.php?rest_route=\/wp\/v2\/pages\/4883"}],"collection":[{"href":"https:\/\/cmflorestopolis.pr.gov.br\/index.php?rest_route=\/wp\/v2\/pages"}],"about":[{"href":"https:\/\/cmflorestopolis.pr.gov.br\/index.php?rest_route=\/wp\/v2\/types\/page"}],"author":[{"embeddable":true,"href":"https:\/\/cmflorestopolis.pr.gov.br\/index.php?rest_route=\/wp\/v2\/users\/1"}],"replies":[{"embeddable":true,"href":"https:\/\/cmflorestopolis.pr.gov.br\/index.php?rest_route=%2Fwp%2Fv2%2Fcomments&post=4883"}],"version-history":[{"count":40,"href":"https:\/\/cmflorestopolis.pr.gov.br\/index.php?rest_route=\/wp\/v2\/pages\/4883\/revisions"}],"predecessor-version":[{"id":5779,"href":"https:\/\/cmflorestopolis.pr.gov.br\/index.php?rest_route=\/wp\/v2\/pages\/4883\/revisions\/5779"}],"wp:attachment":[{"href":"https:\/\/cmflorestopolis.pr.gov.br\/index.php?rest_route=%2Fwp%2Fv2%2Fmedia&parent=4883"}],"curies":[{"name":"wp","href":"https:\/\/api.w.org\/{rel}","templated":true}]}}