{"id":4673,"date":"2024-11-21T18:12:14","date_gmt":"2024-11-21T18:12:14","guid":{"rendered":"https:\/\/cmflorestopolis.pr.gov.br\/?page_id=4673"},"modified":"2025-12-17T21:18:54","modified_gmt":"2025-12-17T21:18:54","slug":"pareceres","status":"publish","type":"page","link":"https:\/\/cmflorestopolis.pr.gov.br\/?page_id=4673","title":{"rendered":"Pareceres"},"content":{"rendered":"<p><a href=\"https:\/\/cmflorestopolis.pr.gov.br\/wp-content\/uploads\/2024\/11\/PARECER-No-15_2024-COMISSAO-DE-FINANCAS-E-ORCAMENTO21112024.pdf\"><strong>PARECER N\u00ba 15_2024 &#8211; COMISS\u00c3O DE FINAN\u00c7AS E OR\u00c7AMENTO 21112024<\/strong><\/a><\/p>\n<p><a href=\"https:\/\/cmflorestopolis.pr.gov.br\/wp-content\/uploads\/2025\/12\/PARECER-No-19_2025-COMISSAO-DE-FINANCAS-E-ORCAMENTO-LOA.pdf\">PARECER N\u00ba 19_2025 &#8211; COMISS\u00c3O DE FINAN\u00c7AS E OR\u00c7AMENTO &#8211; LOA<\/a><\/p>\n","protected":false},"excerpt":{"rendered":"<p>PARECER N\u00ba 15_2024 &#8211; COMISS\u00c3O DE FINAN\u00c7AS E OR\u00c7AMENTO 21112024 PARECER N\u00ba 19_2025 &#8211; COMISS\u00c3O DE FINAN\u00c7AS E OR\u00c7AMENTO &#8211; LOA<\/p>\n","protected":false},"author":1,"featured_media":0,"parent":0,"menu_order":0,"comment_status":"closed","ping_status":"closed","template":"","meta":[],"yoast_head":"<!-- This site is optimized with the Yoast SEO plugin v17.6 - https:\/\/yoast.com\/wordpress\/plugins\/seo\/ -->\n<title>Pareceres - C\u00e2mara Municipal de Florest\u00f3polis<\/title>\n<meta name=\"robots\" content=\"index, follow, max-snippet:-1, max-image-preview:large, max-video-preview:-1\" \/>\n<link rel=\"canonical\" href=\"https:\/\/cmflorestopolis.pr.gov.br\/?page_id=4673\" \/>\n<meta property=\"og:locale\" content=\"pt_BR\" \/>\n<meta property=\"og:type\" content=\"article\" \/>\n<meta property=\"og:title\" content=\"Pareceres - C\u00e2mara Municipal de Florest\u00f3polis\" \/>\n<meta property=\"og:description\" content=\"PARECER N\u00ba 15_2024 &#8211; COMISS\u00c3O DE FINAN\u00c7AS E OR\u00c7AMENTO 21112024 PARECER N\u00ba 19_2025 &#8211; COMISS\u00c3O DE FINAN\u00c7AS E OR\u00c7AMENTO &#8211; LOA\" \/>\n<meta property=\"og:url\" content=\"https:\/\/cmflorestopolis.pr.gov.br\/?page_id=4673\" \/>\n<meta property=\"og:site_name\" content=\"C\u00e2mara Municipal de Florest\u00f3polis\" \/>\n<meta property=\"article:modified_time\" content=\"2025-12-17T21:18:54+00:00\" \/>\n<meta name=\"twitter:card\" content=\"summary_large_image\" \/>\n<script type=\"application\/ld+json\" class=\"yoast-schema-graph\">{\"@context\":\"https:\/\/schema.org\",\"@graph\":[{\"@type\":\"WebSite\",\"@id\":\"https:\/\/cmflorestopolis.pr.gov.br\/#website\",\"url\":\"https:\/\/cmflorestopolis.pr.gov.br\/\",\"name\":\"C\\u00e2mara Municipal de Florest\\u00f3polis\",\"description\":\"\",\"potentialAction\":[{\"@type\":\"SearchAction\",\"target\":{\"@type\":\"EntryPoint\",\"urlTemplate\":\"https:\/\/cmflorestopolis.pr.gov.br\/?s={search_term_string}\"},\"query-input\":\"required name=search_term_string\"}],\"inLanguage\":\"pt-BR\"},{\"@type\":\"WebPage\",\"@id\":\"https:\/\/cmflorestopolis.pr.gov.br\/?page_id=4673#webpage\",\"url\":\"https:\/\/cmflorestopolis.pr.gov.br\/?page_id=4673\",\"name\":\"Pareceres - C\\u00e2mara Municipal de Florest\\u00f3polis\",\"isPartOf\":{\"@id\":\"https:\/\/cmflorestopolis.pr.gov.br\/#website\"},\"datePublished\":\"2024-11-21T18:12:14+00:00\",\"dateModified\":\"2025-12-17T21:18:54+00:00\",\"breadcrumb\":{\"@id\":\"https:\/\/cmflorestopolis.pr.gov.br\/?page_id=4673#breadcrumb\"},\"inLanguage\":\"pt-BR\",\"potentialAction\":[{\"@type\":\"ReadAction\",\"target\":[\"https:\/\/cmflorestopolis.pr.gov.br\/?page_id=4673\"]}]},{\"@type\":\"BreadcrumbList\",\"@id\":\"https:\/\/cmflorestopolis.pr.gov.br\/?page_id=4673#breadcrumb\",\"itemListElement\":[{\"@type\":\"ListItem\",\"position\":1,\"name\":\"In\\u00edcio\",\"item\":\"https:\/\/cmflorestopolis.pr.gov.br\/\"},{\"@type\":\"ListItem\",\"position\":2,\"name\":\"Pareceres\"}]}]}<\/script>\n<!-- \/ Yoast SEO plugin. -->","yoast_head_json":{"title":"Pareceres - C\u00e2mara Municipal de Florest\u00f3polis","robots":{"index":"index","follow":"follow","max-snippet":"max-snippet:-1","max-image-preview":"max-image-preview:large","max-video-preview":"max-video-preview:-1"},"canonical":"https:\/\/cmflorestopolis.pr.gov.br\/?page_id=4673","og_locale":"pt_BR","og_type":"article","og_title":"Pareceres - C\u00e2mara Municipal de Florest\u00f3polis","og_description":"PARECER N\u00ba 15_2024 &#8211; COMISS\u00c3O DE FINAN\u00c7AS E OR\u00c7AMENTO 21112024 PARECER N\u00ba 19_2025 &#8211; COMISS\u00c3O DE FINAN\u00c7AS E OR\u00c7AMENTO &#8211; LOA","og_url":"https:\/\/cmflorestopolis.pr.gov.br\/?page_id=4673","og_site_name":"C\u00e2mara Municipal de Florest\u00f3polis","article_modified_time":"2025-12-17T21:18:54+00:00","twitter_card":"summary_large_image","schema":{"@context":"https:\/\/schema.org","@graph":[{"@type":"WebSite","@id":"https:\/\/cmflorestopolis.pr.gov.br\/#website","url":"https:\/\/cmflorestopolis.pr.gov.br\/","name":"C\u00e2mara Municipal de Florest\u00f3polis","description":"","potentialAction":[{"@type":"SearchAction","target":{"@type":"EntryPoint","urlTemplate":"https:\/\/cmflorestopolis.pr.gov.br\/?s={search_term_string}"},"query-input":"required name=search_term_string"}],"inLanguage":"pt-BR"},{"@type":"WebPage","@id":"https:\/\/cmflorestopolis.pr.gov.br\/?page_id=4673#webpage","url":"https:\/\/cmflorestopolis.pr.gov.br\/?page_id=4673","name":"Pareceres - C\u00e2mara Municipal de Florest\u00f3polis","isPartOf":{"@id":"https:\/\/cmflorestopolis.pr.gov.br\/#website"},"datePublished":"2024-11-21T18:12:14+00:00","dateModified":"2025-12-17T21:18:54+00:00","breadcrumb":{"@id":"https:\/\/cmflorestopolis.pr.gov.br\/?page_id=4673#breadcrumb"},"inLanguage":"pt-BR","potentialAction":[{"@type":"ReadAction","target":["https:\/\/cmflorestopolis.pr.gov.br\/?page_id=4673"]}]},{"@type":"BreadcrumbList","@id":"https:\/\/cmflorestopolis.pr.gov.br\/?page_id=4673#breadcrumb","itemListElement":[{"@type":"ListItem","position":1,"name":"In\u00edcio","item":"https:\/\/cmflorestopolis.pr.gov.br\/"},{"@type":"ListItem","position":2,"name":"Pareceres"}]}]}},"_links":{"self":[{"href":"https:\/\/cmflorestopolis.pr.gov.br\/index.php?rest_route=\/wp\/v2\/pages\/4673"}],"collection":[{"href":"https:\/\/cmflorestopolis.pr.gov.br\/index.php?rest_route=\/wp\/v2\/pages"}],"about":[{"href":"https:\/\/cmflorestopolis.pr.gov.br\/index.php?rest_route=\/wp\/v2\/types\/page"}],"author":[{"embeddable":true,"href":"https:\/\/cmflorestopolis.pr.gov.br\/index.php?rest_route=\/wp\/v2\/users\/1"}],"replies":[{"embeddable":true,"href":"https:\/\/cmflorestopolis.pr.gov.br\/index.php?rest_route=%2Fwp%2Fv2%2Fcomments&post=4673"}],"version-history":[{"count":2,"href":"https:\/\/cmflorestopolis.pr.gov.br\/index.php?rest_route=\/wp\/v2\/pages\/4673\/revisions"}],"predecessor-version":[{"id":5749,"href":"https:\/\/cmflorestopolis.pr.gov.br\/index.php?rest_route=\/wp\/v2\/pages\/4673\/revisions\/5749"}],"wp:attachment":[{"href":"https:\/\/cmflorestopolis.pr.gov.br\/index.php?rest_route=%2Fwp%2Fv2%2Fmedia&parent=4673"}],"curies":[{"name":"wp","href":"https:\/\/api.w.org\/{rel}","templated":true}]}}