{"id":4504,"date":"2024-05-06T12:29:50","date_gmt":"2024-05-06T12:29:50","guid":{"rendered":"https:\/\/cmflorestopolis.pr.gov.br\/?page_id=4504"},"modified":"2024-05-06T12:51:08","modified_gmt":"2024-05-06T12:51:08","slug":"projeto-de-lei-executivo-2024","status":"publish","type":"page","link":"https:\/\/cmflorestopolis.pr.gov.br\/?page_id=4504","title":{"rendered":"Projeto de lei Executivo 2024"},"content":{"rendered":"\n<table id=\"tablepress-38\" class=\"tablepress tablepress-id-38\">\n<thead>\n<tr class=\"row-1 odd\">\n\t<th class=\"column-1\">Projetos de Lei  <\/th><th class=\"column-2\">S\u00famula<\/th><th class=\"column-3\">Situa\u00e7\u00e3o<\/th><th class=\"column-4\">Lei<\/th>\n<\/tr>\n<\/thead>\n<tbody class=\"row-hover\">\n<tr class=\"row-2 even\">\n\t<td class=\"column-1\"><a href=\"https:\/\/cmflorestopolis.pr.gov.br\/wp-content\/uploads\/2024\/05\/PL-No-08_2024-REF.-AUTORIZA-REPASSE-SUBVENCAO-APAE-INTEGRA.pdf\">PL N\u00ba 08_2024<\/a><\/td><td class=\"column-2\">Autoriza celebra\u00e7\u00e3o de termo de fomento\/conv\u00eanio com a associa\u00e7\u00e3o de pais e amigos dos excepcionais de Florest\u00f3polis e d\u00e1 outras provid\u00eancias.<\/td><td class=\"column-3\">Aprovado<\/td><td class=\"column-4\"><a href=\"https:\/\/cmflorestopolis.pr.gov.br\/wp-content\/uploads\/2024\/05\/LEI-No-1722_2024-REF.-AUTORIZA-REPASSE-SUBVENCAO-APAE.pdf\">LEI N\u00ba 1722_2024<\/a><\/td>\n<\/tr>\n<tr class=\"row-3 odd\">\n\t<td class=\"column-1\"><a href=\"https:\/\/cmflorestopolis.pr.gov.br\/wp-content\/uploads\/2024\/05\/PL-No-07_2024-REF.-AUTORIZA-MUNICIPIO-ASSOCIAR-CONTRIBUIR-AMP-INTEGRA.pdf\">PL N\u00ba 07_2024<\/a><\/td><td class=\"column-2\">Autoriza o poder executivo do munic\u00edpio de Florest\u00f3polis a associar e contribuir mensalmente para a associa\u00e7\u00e3o dos munic\u00edpio do Panar\u00e1 - AMP, e d\u00e1 outras provid\u00eancias.<\/td><td class=\"column-3\">Aprovado<\/td><td class=\"column-4\"><a href=\"https:\/\/cmflorestopolis.pr.gov.br\/wp-content\/uploads\/2024\/05\/LEI-No-1721_2024-REF.-AUTORIZA-EXECUTIVO-ASSOCIAR-E-CONTRIBUIR-AMP.pdf\">LEI N\u00ba 1721_2024<\/a><\/td>\n<\/tr>\n<tr class=\"row-4 even\">\n\t<td class=\"column-1\"><a href=\"https:\/\/cmflorestopolis.pr.gov.br\/wp-content\/uploads\/2024\/05\/PL-No-06_2024-REF.-CRIA-CONS._FUNDO-DIREITOS-MULHER03052024.pdf\">PL N\u00ba 06_2024<\/a><\/td><td class=\"column-2\">Disp\u00f5e sobre a Cria\u00e7\u00e3o do Conselho Municipal dos Direitos da Mulher - CMDM e do Fundo Municipal dos Direitos da Mulher - FMDM no Munic\u00edpio de Florest\u00f3polis - Estado do Paran\u00e1. <\/td><td class=\"column-3\">Aprovado<\/td><td class=\"column-4\"><a href=\"https:\/\/cmflorestopolis.pr.gov.br\/wp-content\/uploads\/2024\/05\/LEI-No-1720_2024-REF.-CRIA-CONS._FUNDO-DIREITOS-MULHER.pdf\">LEI N\u00ba 1720_2024 <\/a><\/td>\n<\/tr>\n<tr class=\"row-5 odd\">\n\t<td class=\"column-1\"><a href=\"https:\/\/cmflorestopolis.pr.gov.br\/wp-content\/uploads\/2024\/05\/PL-No-05_2024-REF.-AB.-CREDITO-ADIC.-ESPECIAL-260.000_REF.-CAMPO-INTEGRA.pdf\">PL N\u00ba 05_2024<\/a><\/td><td class=\"column-2\">Autoriza o executivo municipal a efetuar a abertura de cr\u00e9dito adicional especial no or\u00e7amento do munic\u00edpio de Florest\u00f3polis, para o exerc\u00edcio de 2024.<\/td><td class=\"column-3\">Aprovado<\/td><td class=\"column-4\"><a href=\"https:\/\/cmflorestopolis.pr.gov.br\/wp-content\/uploads\/2024\/05\/LEI-No-1719_2024-REF.-ABERTURA-CERDITO-AD.-ESP.-260.000-REF.-CAMPO.pdf\">LEI N\u00ba 1719_2024<\/a><\/td>\n<\/tr>\n<tr class=\"row-6 even\">\n\t<td class=\"column-1\"><a href=\"https:\/\/cmflorestopolis.pr.gov.br\/wp-content\/uploads\/2024\/05\/PL-No-04_2024-REF.-AB.-CREDITO-ADIC.-ESPECIAL-650.000_REF.-CONS.-TUTELAR-INTEGRA.pdf\">PL N\u00ba 04_2024<\/a><\/td><td class=\"column-2\">Autoriza o executivo municipal a efetuar a abertura de cr\u00e9dito adicional especial no or\u00e7amento do munic\u00edpio de Florest\u00f3polis, para o exerc\u00edcio de 2024.<\/td><td class=\"column-3\">Aprovado<\/td><td class=\"column-4\"><a href=\"https:\/\/cmflorestopolis.pr.gov.br\/wp-content\/uploads\/2024\/05\/LEI-No-1713_2024-REF.-ABERTURA-CERDITO-AD.-ESP.-650.000-REF.-C.-TUTELAR.pdf\">LEI N\u00ba 1713_2024<\/a><\/td>\n<\/tr>\n<tr class=\"row-7 odd\">\n\t<td class=\"column-1\"><a href=\"https:\/\/cmflorestopolis.pr.gov.br\/wp-content\/uploads\/2024\/05\/PL-No-03_2024-REF.-DISPOE-SOBRE-O-PISO-SAL.-ACS-E-ACE-INTEGRA-1.pdf\">PL N\u00ba 03_2024<\/a><\/td><td class=\"column-2\">Disp\u00f5e sobre o piso dos agentes comunit\u00e1rios de sa\u00fade e dos agentes de combate \u00e0s endemias do munic\u00edpio de Florest\u00f3polis e d\u00e1 outras provid\u00eancias.<\/td><td class=\"column-3\">Aprovado<\/td><td class=\"column-4\"><a href=\"https:\/\/cmflorestopolis.pr.gov.br\/wp-content\/uploads\/2024\/05\/LEI-No-1718_2024-REF.-DISPOE-SOBRE-O-PISO-SAL.-ACS-E-ACE.pdf\">LEI N\u00ba 1718_2024<\/a><\/td>\n<\/tr>\n<tr class=\"row-8 even\">\n\t<td class=\"column-1\"><a href=\"https:\/\/cmflorestopolis.pr.gov.br\/wp-content\/uploads\/2024\/05\/PL-No-02_2024-REF.-REVISAO-GERAL-ANUAL-PREFEITO-VICE-SECRETARIOS-INTEGRA-1.pdf\">PL N\u00ba 02_2024<\/a><\/td><td class=\"column-2\">Disp\u00f5e sobre a revis\u00e3o geral anual dos subs\u00eddios do prefeito, vice-prefeito e secret\u00e1rio do munic\u00edpio de Florest\u00f3polis - PR., em conson\u00e2ncia com o disposto no art. 37, inciso X, da CF\/88, e art. 75, inciso X, da lei org\u00e2nica do munic\u00edpio de Florest\u00f3polis. <\/td><td class=\"column-3\">Aprovado<\/td><td class=\"column-4\"><a href=\"https:\/\/cmflorestopolis.pr.gov.br\/wp-content\/uploads\/2024\/05\/LEI-No-1716_2024-REF.-REVISAO-GERAL-ANUAL-PREFEITO-VICE-SECRETARIOS.pdf\">LEI N\u00ba 1716_2024<\/a><\/td>\n<\/tr>\n<tr class=\"row-9 odd\">\n\t<td class=\"column-1\"><a href=\"https:\/\/cmflorestopolis.pr.gov.br\/wp-content\/uploads\/2024\/05\/PL-No-01_2024-REF.-REVISAO-GERAL-ANUAL-SERV.-MUNICIPAIS-INTEGRA.pdf\">PL N\u00ba 01_2024<\/a><\/td><td class=\"column-2\">Disp\u00f5e sobre a revis\u00e3o geral anual dos vencimentos dos servidores p\u00fablicos do munic\u00edpio de Florest\u00f3polis - PR., em conson\u00e2ncia com o disposto no art. 37, inciso X, da CF\/88, e art. 75, inciso X, da lei org\u00e2nica do munic\u00edpio de Florest\u00f3polis. <\/td><td class=\"column-3\">Aprovado<\/td><td class=\"column-4\"><a href=\"https:\/\/cmflorestopolis.pr.gov.br\/wp-content\/uploads\/2024\/05\/LEI-No-1714_2024-REF.-REVISAO-GERAL-ANUAL-SERV.-MUNICIPAIS.pdf\">LEI N\u00ba 1714_2024<\/a><\/td>\n<\/tr>\n<\/tbody>\n<\/table>\n<!-- #tablepress-38 from cache -->\n","protected":false},"excerpt":{"rendered":"","protected":false},"author":1,"featured_media":0,"parent":0,"menu_order":0,"comment_status":"closed","ping_status":"closed","template":"","meta":[],"yoast_head":"<!-- This site is optimized with the Yoast SEO plugin v17.6 - https:\/\/yoast.com\/wordpress\/plugins\/seo\/ -->\n<title>Projeto de lei Executivo 2024 - C\u00e2mara Municipal de Florest\u00f3polis<\/title>\n<meta name=\"robots\" content=\"index, follow, max-snippet:-1, max-image-preview:large, max-video-preview:-1\" \/>\n<link rel=\"canonical\" href=\"https:\/\/cmflorestopolis.pr.gov.br\/?page_id=4504\" \/>\n<meta property=\"og:locale\" content=\"pt_BR\" \/>\n<meta property=\"og:type\" content=\"article\" \/>\n<meta property=\"og:title\" content=\"Projeto de lei Executivo 2024 - C\u00e2mara Municipal de Florest\u00f3polis\" \/>\n<meta property=\"og:url\" content=\"https:\/\/cmflorestopolis.pr.gov.br\/?page_id=4504\" \/>\n<meta property=\"og:site_name\" content=\"C\u00e2mara Municipal de Florest\u00f3polis\" \/>\n<meta property=\"article:modified_time\" content=\"2024-05-06T12:51:08+00:00\" \/>\n<meta name=\"twitter:card\" content=\"summary_large_image\" \/>\n<script type=\"application\/ld+json\" class=\"yoast-schema-graph\">{\"@context\":\"https:\/\/schema.org\",\"@graph\":[{\"@type\":\"WebSite\",\"@id\":\"https:\/\/cmflorestopolis.pr.gov.br\/#website\",\"url\":\"https:\/\/cmflorestopolis.pr.gov.br\/\",\"name\":\"C\\u00e2mara Municipal de Florest\\u00f3polis\",\"description\":\"\",\"potentialAction\":[{\"@type\":\"SearchAction\",\"target\":{\"@type\":\"EntryPoint\",\"urlTemplate\":\"https:\/\/cmflorestopolis.pr.gov.br\/?s={search_term_string}\"},\"query-input\":\"required name=search_term_string\"}],\"inLanguage\":\"pt-BR\"},{\"@type\":\"WebPage\",\"@id\":\"https:\/\/cmflorestopolis.pr.gov.br\/?page_id=4504#webpage\",\"url\":\"https:\/\/cmflorestopolis.pr.gov.br\/?page_id=4504\",\"name\":\"Projeto de lei Executivo 2024 - C\\u00e2mara Municipal de Florest\\u00f3polis\",\"isPartOf\":{\"@id\":\"https:\/\/cmflorestopolis.pr.gov.br\/#website\"},\"datePublished\":\"2024-05-06T12:29:50+00:00\",\"dateModified\":\"2024-05-06T12:51:08+00:00\",\"breadcrumb\":{\"@id\":\"https:\/\/cmflorestopolis.pr.gov.br\/?page_id=4504#breadcrumb\"},\"inLanguage\":\"pt-BR\",\"potentialAction\":[{\"@type\":\"ReadAction\",\"target\":[\"https:\/\/cmflorestopolis.pr.gov.br\/?page_id=4504\"]}]},{\"@type\":\"BreadcrumbList\",\"@id\":\"https:\/\/cmflorestopolis.pr.gov.br\/?page_id=4504#breadcrumb\",\"itemListElement\":[{\"@type\":\"ListItem\",\"position\":1,\"name\":\"In\\u00edcio\",\"item\":\"https:\/\/cmflorestopolis.pr.gov.br\/\"},{\"@type\":\"ListItem\",\"position\":2,\"name\":\"Projeto de lei Executivo 2024\"}]}]}<\/script>\n<!-- \/ Yoast SEO plugin. -->","yoast_head_json":{"title":"Projeto de lei Executivo 2024 - C\u00e2mara Municipal de Florest\u00f3polis","robots":{"index":"index","follow":"follow","max-snippet":"max-snippet:-1","max-image-preview":"max-image-preview:large","max-video-preview":"max-video-preview:-1"},"canonical":"https:\/\/cmflorestopolis.pr.gov.br\/?page_id=4504","og_locale":"pt_BR","og_type":"article","og_title":"Projeto de lei Executivo 2024 - C\u00e2mara Municipal de Florest\u00f3polis","og_url":"https:\/\/cmflorestopolis.pr.gov.br\/?page_id=4504","og_site_name":"C\u00e2mara Municipal de Florest\u00f3polis","article_modified_time":"2024-05-06T12:51:08+00:00","twitter_card":"summary_large_image","schema":{"@context":"https:\/\/schema.org","@graph":[{"@type":"WebSite","@id":"https:\/\/cmflorestopolis.pr.gov.br\/#website","url":"https:\/\/cmflorestopolis.pr.gov.br\/","name":"C\u00e2mara Municipal de Florest\u00f3polis","description":"","potentialAction":[{"@type":"SearchAction","target":{"@type":"EntryPoint","urlTemplate":"https:\/\/cmflorestopolis.pr.gov.br\/?s={search_term_string}"},"query-input":"required name=search_term_string"}],"inLanguage":"pt-BR"},{"@type":"WebPage","@id":"https:\/\/cmflorestopolis.pr.gov.br\/?page_id=4504#webpage","url":"https:\/\/cmflorestopolis.pr.gov.br\/?page_id=4504","name":"Projeto de lei Executivo 2024 - C\u00e2mara Municipal de Florest\u00f3polis","isPartOf":{"@id":"https:\/\/cmflorestopolis.pr.gov.br\/#website"},"datePublished":"2024-05-06T12:29:50+00:00","dateModified":"2024-05-06T12:51:08+00:00","breadcrumb":{"@id":"https:\/\/cmflorestopolis.pr.gov.br\/?page_id=4504#breadcrumb"},"inLanguage":"pt-BR","potentialAction":[{"@type":"ReadAction","target":["https:\/\/cmflorestopolis.pr.gov.br\/?page_id=4504"]}]},{"@type":"BreadcrumbList","@id":"https:\/\/cmflorestopolis.pr.gov.br\/?page_id=4504#breadcrumb","itemListElement":[{"@type":"ListItem","position":1,"name":"In\u00edcio","item":"https:\/\/cmflorestopolis.pr.gov.br\/"},{"@type":"ListItem","position":2,"name":"Projeto de lei Executivo 2024"}]}]}},"_links":{"self":[{"href":"https:\/\/cmflorestopolis.pr.gov.br\/index.php?rest_route=\/wp\/v2\/pages\/4504"}],"collection":[{"href":"https:\/\/cmflorestopolis.pr.gov.br\/index.php?rest_route=\/wp\/v2\/pages"}],"about":[{"href":"https:\/\/cmflorestopolis.pr.gov.br\/index.php?rest_route=\/wp\/v2\/types\/page"}],"author":[{"embeddable":true,"href":"https:\/\/cmflorestopolis.pr.gov.br\/index.php?rest_route=\/wp\/v2\/users\/1"}],"replies":[{"embeddable":true,"href":"https:\/\/cmflorestopolis.pr.gov.br\/index.php?rest_route=%2Fwp%2Fv2%2Fcomments&post=4504"}],"version-history":[{"count":2,"href":"https:\/\/cmflorestopolis.pr.gov.br\/index.php?rest_route=\/wp\/v2\/pages\/4504\/revisions"}],"predecessor-version":[{"id":4521,"href":"https:\/\/cmflorestopolis.pr.gov.br\/index.php?rest_route=\/wp\/v2\/pages\/4504\/revisions\/4521"}],"wp:attachment":[{"href":"https:\/\/cmflorestopolis.pr.gov.br\/index.php?rest_route=%2Fwp%2Fv2%2Fmedia&parent=4504"}],"curies":[{"name":"wp","href":"https:\/\/api.w.org\/{rel}","templated":true}]}}