{"id":4500,"date":"2024-05-06T12:28:40","date_gmt":"2024-05-06T12:28:40","guid":{"rendered":"https:\/\/cmflorestopolis.pr.gov.br\/?page_id=4500"},"modified":"2024-05-06T13:10:34","modified_gmt":"2024-05-06T13:10:34","slug":"projeto-de-lei-legislativo-2024","status":"publish","type":"page","link":"https:\/\/cmflorestopolis.pr.gov.br\/?page_id=4500","title":{"rendered":"Projeto de lei Legislativo 2024"},"content":{"rendered":"\n<table id=\"tablepress-39\" class=\"tablepress tablepress-id-39\">\n<thead>\n<tr class=\"row-1 odd\">\n\t<th class=\"column-1\">Projetos de Lei  <\/th><th class=\"column-2\">S\u00famula<\/th><th class=\"column-3\">Situa\u00e7\u00e3o<\/th><th class=\"column-4\">Lei<\/th>\n<\/tr>\n<\/thead>\n<tbody class=\"row-hover\">\n<tr class=\"row-2 even\">\n\t<td class=\"column-1\"><a href=\"https:\/\/cmflorestopolis.pr.gov.br\/wp-content\/uploads\/2024\/05\/PL-No-02_2024-REF.-CORRIGE-MON.-SUBSIDIO-VEREADORES-INTEGRA.pdf\">PL N\u00ba 02_2024<\/a><\/td><td class=\"column-2\">Corrige monetariamente os subs\u00eddios dos membros do poder legislativo do munic\u00edpio de Florest\u00f3polis, fixados em parcela \u00fanica pela lei municipal n 1.410\/2016.<\/td><td class=\"column-3\">Aprovado<\/td><td class=\"column-4\"><a href=\"https:\/\/cmflorestopolis.pr.gov.br\/wp-content\/uploads\/2024\/05\/LEI-No-1717_2024-REF.-CORRIGE-MON.-SUBSIDIOS-VEREADORES-CMF.pdf\">LEI N\u00ba 1717_2024<\/a><\/td>\n<\/tr>\n<tr class=\"row-3 odd\">\n\t<td class=\"column-1\"><a href=\"https:\/\/cmflorestopolis.pr.gov.br\/wp-content\/uploads\/2024\/05\/PL-No-01_2024-REF.-REPOSICAO-ANUAL-SERV.-LEGISLATIVO-INTEGRA.pdf\">PL N\u00ba 01_2024<\/a><\/td><td class=\"column-2\">Concede, a t\u00edtulo de revis\u00e3o geral anual, a reposi\u00e7\u00e3o das perdas salarias dos servidores da c\u00e2mara municipal de Florest\u00f3polis, no per\u00edodo correspondente ao IPCA-e acumulado entre os meses de janeiro a dezembro de 2023.<\/td><td class=\"column-3\">Aprovado<\/td><td class=\"column-4\"><a href=\"https:\/\/cmflorestopolis.pr.gov.br\/wp-content\/uploads\/2024\/05\/LEI-No-1715_2024-REF.-REVISAO-GERAL-ANUAL-SERV.-CMF.pdf\">LEI N\u00ba 1715_2024<\/a><\/td>\n<\/tr>\n<\/tbody>\n<\/table>\n<!-- #tablepress-39 from cache -->\n","protected":false},"excerpt":{"rendered":"","protected":false},"author":1,"featured_media":0,"parent":0,"menu_order":0,"comment_status":"closed","ping_status":"closed","template":"","meta":[],"yoast_head":"<!-- This site is optimized with the Yoast SEO plugin v17.6 - https:\/\/yoast.com\/wordpress\/plugins\/seo\/ -->\n<title>Projeto de lei Legislativo 2024 - C\u00e2mara Municipal de Florest\u00f3polis<\/title>\n<meta name=\"robots\" content=\"index, follow, max-snippet:-1, max-image-preview:large, max-video-preview:-1\" \/>\n<link rel=\"canonical\" href=\"https:\/\/cmflorestopolis.pr.gov.br\/?page_id=4500\" \/>\n<meta property=\"og:locale\" content=\"pt_BR\" \/>\n<meta property=\"og:type\" content=\"article\" \/>\n<meta property=\"og:title\" content=\"Projeto de lei Legislativo 2024 - C\u00e2mara Municipal de Florest\u00f3polis\" \/>\n<meta property=\"og:url\" content=\"https:\/\/cmflorestopolis.pr.gov.br\/?page_id=4500\" \/>\n<meta property=\"og:site_name\" content=\"C\u00e2mara Municipal de Florest\u00f3polis\" \/>\n<meta property=\"article:modified_time\" content=\"2024-05-06T13:10:34+00:00\" \/>\n<meta name=\"twitter:card\" content=\"summary_large_image\" \/>\n<script type=\"application\/ld+json\" class=\"yoast-schema-graph\">{\"@context\":\"https:\/\/schema.org\",\"@graph\":[{\"@type\":\"WebSite\",\"@id\":\"https:\/\/cmflorestopolis.pr.gov.br\/#website\",\"url\":\"https:\/\/cmflorestopolis.pr.gov.br\/\",\"name\":\"C\\u00e2mara Municipal de Florest\\u00f3polis\",\"description\":\"\",\"potentialAction\":[{\"@type\":\"SearchAction\",\"target\":{\"@type\":\"EntryPoint\",\"urlTemplate\":\"https:\/\/cmflorestopolis.pr.gov.br\/?s={search_term_string}\"},\"query-input\":\"required name=search_term_string\"}],\"inLanguage\":\"pt-BR\"},{\"@type\":\"WebPage\",\"@id\":\"https:\/\/cmflorestopolis.pr.gov.br\/?page_id=4500#webpage\",\"url\":\"https:\/\/cmflorestopolis.pr.gov.br\/?page_id=4500\",\"name\":\"Projeto de lei Legislativo 2024 - C\\u00e2mara Municipal de Florest\\u00f3polis\",\"isPartOf\":{\"@id\":\"https:\/\/cmflorestopolis.pr.gov.br\/#website\"},\"datePublished\":\"2024-05-06T12:28:40+00:00\",\"dateModified\":\"2024-05-06T13:10:34+00:00\",\"breadcrumb\":{\"@id\":\"https:\/\/cmflorestopolis.pr.gov.br\/?page_id=4500#breadcrumb\"},\"inLanguage\":\"pt-BR\",\"potentialAction\":[{\"@type\":\"ReadAction\",\"target\":[\"https:\/\/cmflorestopolis.pr.gov.br\/?page_id=4500\"]}]},{\"@type\":\"BreadcrumbList\",\"@id\":\"https:\/\/cmflorestopolis.pr.gov.br\/?page_id=4500#breadcrumb\",\"itemListElement\":[{\"@type\":\"ListItem\",\"position\":1,\"name\":\"In\\u00edcio\",\"item\":\"https:\/\/cmflorestopolis.pr.gov.br\/\"},{\"@type\":\"ListItem\",\"position\":2,\"name\":\"Projeto de lei Legislativo 2024\"}]}]}<\/script>\n<!-- \/ Yoast SEO plugin. -->","yoast_head_json":{"title":"Projeto de lei Legislativo 2024 - C\u00e2mara Municipal de Florest\u00f3polis","robots":{"index":"index","follow":"follow","max-snippet":"max-snippet:-1","max-image-preview":"max-image-preview:large","max-video-preview":"max-video-preview:-1"},"canonical":"https:\/\/cmflorestopolis.pr.gov.br\/?page_id=4500","og_locale":"pt_BR","og_type":"article","og_title":"Projeto de lei Legislativo 2024 - C\u00e2mara Municipal de Florest\u00f3polis","og_url":"https:\/\/cmflorestopolis.pr.gov.br\/?page_id=4500","og_site_name":"C\u00e2mara Municipal de Florest\u00f3polis","article_modified_time":"2024-05-06T13:10:34+00:00","twitter_card":"summary_large_image","schema":{"@context":"https:\/\/schema.org","@graph":[{"@type":"WebSite","@id":"https:\/\/cmflorestopolis.pr.gov.br\/#website","url":"https:\/\/cmflorestopolis.pr.gov.br\/","name":"C\u00e2mara Municipal de Florest\u00f3polis","description":"","potentialAction":[{"@type":"SearchAction","target":{"@type":"EntryPoint","urlTemplate":"https:\/\/cmflorestopolis.pr.gov.br\/?s={search_term_string}"},"query-input":"required name=search_term_string"}],"inLanguage":"pt-BR"},{"@type":"WebPage","@id":"https:\/\/cmflorestopolis.pr.gov.br\/?page_id=4500#webpage","url":"https:\/\/cmflorestopolis.pr.gov.br\/?page_id=4500","name":"Projeto de lei Legislativo 2024 - C\u00e2mara Municipal de Florest\u00f3polis","isPartOf":{"@id":"https:\/\/cmflorestopolis.pr.gov.br\/#website"},"datePublished":"2024-05-06T12:28:40+00:00","dateModified":"2024-05-06T13:10:34+00:00","breadcrumb":{"@id":"https:\/\/cmflorestopolis.pr.gov.br\/?page_id=4500#breadcrumb"},"inLanguage":"pt-BR","potentialAction":[{"@type":"ReadAction","target":["https:\/\/cmflorestopolis.pr.gov.br\/?page_id=4500"]}]},{"@type":"BreadcrumbList","@id":"https:\/\/cmflorestopolis.pr.gov.br\/?page_id=4500#breadcrumb","itemListElement":[{"@type":"ListItem","position":1,"name":"In\u00edcio","item":"https:\/\/cmflorestopolis.pr.gov.br\/"},{"@type":"ListItem","position":2,"name":"Projeto de lei Legislativo 2024"}]}]}},"_links":{"self":[{"href":"https:\/\/cmflorestopolis.pr.gov.br\/index.php?rest_route=\/wp\/v2\/pages\/4500"}],"collection":[{"href":"https:\/\/cmflorestopolis.pr.gov.br\/index.php?rest_route=\/wp\/v2\/pages"}],"about":[{"href":"https:\/\/cmflorestopolis.pr.gov.br\/index.php?rest_route=\/wp\/v2\/types\/page"}],"author":[{"embeddable":true,"href":"https:\/\/cmflorestopolis.pr.gov.br\/index.php?rest_route=\/wp\/v2\/users\/1"}],"replies":[{"embeddable":true,"href":"https:\/\/cmflorestopolis.pr.gov.br\/index.php?rest_route=%2Fwp%2Fv2%2Fcomments&post=4500"}],"version-history":[{"count":2,"href":"https:\/\/cmflorestopolis.pr.gov.br\/index.php?rest_route=\/wp\/v2\/pages\/4500\/revisions"}],"predecessor-version":[{"id":4531,"href":"https:\/\/cmflorestopolis.pr.gov.br\/index.php?rest_route=\/wp\/v2\/pages\/4500\/revisions\/4531"}],"wp:attachment":[{"href":"https:\/\/cmflorestopolis.pr.gov.br\/index.php?rest_route=%2Fwp%2Fv2%2Fmedia&parent=4500"}],"curies":[{"name":"wp","href":"https:\/\/api.w.org\/{rel}","templated":true}]}}