{"id":4489,"date":"2024-05-01T11:49:08","date_gmt":"2024-05-01T11:49:08","guid":{"rendered":"https:\/\/cmflorestopolis.pr.gov.br\/?page_id=4489"},"modified":"2025-05-01T14:34:25","modified_gmt":"2025-05-01T14:34:25","slug":"dia-do-trabalho-3","status":"publish","type":"page","link":"https:\/\/cmflorestopolis.pr.gov.br\/?page_id=4489","title":{"rendered":"Dia do trabalho"},"content":{"rendered":"<p>Tradicional e Institucional<br \/>\nMensagem da C\u00e2mara Municipal de Florest\u00f3polis<br \/>\nNeste 1\u00ba de Maio, celebramos o esfor\u00e7o, a dedica\u00e7\u00e3o e a import\u00e2ncia de cada trabalhador e trabalhadora que contribui para o desenvolvimento de nossa cidade. A C\u00e2mara Municipal de Florest\u00f3polis parabeniza todos os profissionais que, com coragem e determina\u00e7\u00e3o, constroem um futuro melhor.<br \/>\nFeliz Dia do Trabalho!<\/p>\n<p><img loading=\"lazy\" class=\"alignnone size-medium wp-image-4490\" src=\"https:\/\/cmflorestopolis.pr.gov.br\/wp-content\/uploads\/2024\/05\/WhatsApp-Image-2024-05-01-at-08.47.43-300x234.jpeg\" alt=\"\" width=\"300\" height=\"234\" srcset=\"https:\/\/cmflorestopolis.pr.gov.br\/wp-content\/uploads\/2024\/05\/WhatsApp-Image-2024-05-01-at-08.47.43-300x234.jpeg 300w, https:\/\/cmflorestopolis.pr.gov.br\/wp-content\/uploads\/2024\/05\/WhatsApp-Image-2024-05-01-at-08.47.43-1024x798.jpeg 1024w, https:\/\/cmflorestopolis.pr.gov.br\/wp-content\/uploads\/2024\/05\/WhatsApp-Image-2024-05-01-at-08.47.43.jpeg 1080w, https:\/\/cmflorestopolis.pr.gov.br\/wp-content\/uploads\/2024\/05\/WhatsApp-Image-2024-05-01-at-08.47.43-300x234@2x.jpeg 600w\" sizes=\"(max-width: 300px) 100vw, 300px\" \/><\/p>\n<p>Hoje, mais do que nunca, reconhecemos e honramos o esfor\u00e7o incans\u00e1vel de todos os trabalhadores que contribuem para o crescimento e prosperidade de nossa comunidade. Seja voc\u00ea um profissional dedicado, um empreendedor vision\u00e1rio ou um colaborador comprometido, seu trabalho \u00e9 fundamental para o progresso de Florest\u00f3polis.<\/p>\n<p>Neste Dia do Trabalho, renovamos nosso compromisso em apoiar e promover condi\u00e7\u00f5es justas e seguras de trabalho para todos. Vamos continuar a construir uma cidade onde cada indiv\u00edduo tenha a oportunidade de realizar seu potencial e alcan\u00e7ar seus objetivos.<\/p>\n<p>A C\u00e2mara Municipal de Florest\u00f3polis agradece a todos os trabalhadores por seu empenho e dedica\u00e7\u00e3o. Juntos, estamos construindo um futuro brilhante para nossa amada cidade.<\/p>\n<p>Feliz Dia do Trabalho!<\/p>\n","protected":false},"excerpt":{"rendered":"<p>Tradicional e Institucional Mensagem da C\u00e2mara Municipal de Florest\u00f3polis Neste 1\u00ba de Maio, celebramos o esfor\u00e7o, a dedica\u00e7\u00e3o e a import\u00e2ncia de cada trabalhador e [&#8230;]<\/p>\n","protected":false},"author":1,"featured_media":0,"parent":0,"menu_order":0,"comment_status":"closed","ping_status":"closed","template":"","meta":[],"yoast_head":"<!-- This site is optimized with the Yoast SEO plugin v17.6 - https:\/\/yoast.com\/wordpress\/plugins\/seo\/ -->\n<title>Dia do trabalho - C\u00e2mara Municipal de Florest\u00f3polis<\/title>\n<meta name=\"robots\" content=\"index, follow, max-snippet:-1, max-image-preview:large, max-video-preview:-1\" \/>\n<link rel=\"canonical\" href=\"https:\/\/cmflorestopolis.pr.gov.br\/?page_id=4489\" \/>\n<meta property=\"og:locale\" content=\"pt_BR\" \/>\n<meta property=\"og:type\" content=\"article\" \/>\n<meta property=\"og:title\" content=\"Dia do trabalho - C\u00e2mara Municipal de Florest\u00f3polis\" \/>\n<meta property=\"og:description\" content=\"Tradicional e Institucional Mensagem da C\u00e2mara Municipal de Florest\u00f3polis Neste 1\u00ba de Maio, celebramos o esfor\u00e7o, a dedica\u00e7\u00e3o e a import\u00e2ncia de cada trabalhador e [...]\" \/>\n<meta property=\"og:url\" content=\"https:\/\/cmflorestopolis.pr.gov.br\/?page_id=4489\" \/>\n<meta property=\"og:site_name\" content=\"C\u00e2mara Municipal de Florest\u00f3polis\" \/>\n<meta property=\"article:modified_time\" content=\"2025-05-01T14:34:25+00:00\" \/>\n<meta property=\"og:image\" content=\"https:\/\/cmflorestopolis.pr.gov.br\/wp-content\/uploads\/2024\/05\/WhatsApp-Image-2024-05-01-at-08.47.43-300x234.jpeg\" \/>\n<meta name=\"twitter:card\" content=\"summary_large_image\" \/>\n<meta name=\"twitter:label1\" content=\"Est. tempo de leitura\" \/>\n\t<meta name=\"twitter:data1\" content=\"1 minuto\" \/>\n<script type=\"application\/ld+json\" class=\"yoast-schema-graph\">{\"@context\":\"https:\/\/schema.org\",\"@graph\":[{\"@type\":\"WebSite\",\"@id\":\"https:\/\/cmflorestopolis.pr.gov.br\/#website\",\"url\":\"https:\/\/cmflorestopolis.pr.gov.br\/\",\"name\":\"C\\u00e2mara Municipal de Florest\\u00f3polis\",\"description\":\"\",\"potentialAction\":[{\"@type\":\"SearchAction\",\"target\":{\"@type\":\"EntryPoint\",\"urlTemplate\":\"https:\/\/cmflorestopolis.pr.gov.br\/?s={search_term_string}\"},\"query-input\":\"required name=search_term_string\"}],\"inLanguage\":\"pt-BR\"},{\"@type\":\"ImageObject\",\"@id\":\"https:\/\/cmflorestopolis.pr.gov.br\/?page_id=4489#primaryimage\",\"inLanguage\":\"pt-BR\",\"url\":\"https:\/\/cmflorestopolis.pr.gov.br\/wp-content\/uploads\/2024\/05\/WhatsApp-Image-2024-05-01-at-08.47.43.jpeg\",\"contentUrl\":\"https:\/\/cmflorestopolis.pr.gov.br\/wp-content\/uploads\/2024\/05\/WhatsApp-Image-2024-05-01-at-08.47.43.jpeg\",\"width\":1080,\"height\":842},{\"@type\":\"WebPage\",\"@id\":\"https:\/\/cmflorestopolis.pr.gov.br\/?page_id=4489#webpage\",\"url\":\"https:\/\/cmflorestopolis.pr.gov.br\/?page_id=4489\",\"name\":\"Dia do trabalho - C\\u00e2mara Municipal de Florest\\u00f3polis\",\"isPartOf\":{\"@id\":\"https:\/\/cmflorestopolis.pr.gov.br\/#website\"},\"primaryImageOfPage\":{\"@id\":\"https:\/\/cmflorestopolis.pr.gov.br\/?page_id=4489#primaryimage\"},\"datePublished\":\"2024-05-01T11:49:08+00:00\",\"dateModified\":\"2025-05-01T14:34:25+00:00\",\"breadcrumb\":{\"@id\":\"https:\/\/cmflorestopolis.pr.gov.br\/?page_id=4489#breadcrumb\"},\"inLanguage\":\"pt-BR\",\"potentialAction\":[{\"@type\":\"ReadAction\",\"target\":[\"https:\/\/cmflorestopolis.pr.gov.br\/?page_id=4489\"]}]},{\"@type\":\"BreadcrumbList\",\"@id\":\"https:\/\/cmflorestopolis.pr.gov.br\/?page_id=4489#breadcrumb\",\"itemListElement\":[{\"@type\":\"ListItem\",\"position\":1,\"name\":\"In\\u00edcio\",\"item\":\"https:\/\/cmflorestopolis.pr.gov.br\/\"},{\"@type\":\"ListItem\",\"position\":2,\"name\":\"Dia do trabalho\"}]}]}<\/script>\n<!-- \/ Yoast SEO plugin. -->","yoast_head_json":{"title":"Dia do trabalho - C\u00e2mara Municipal de Florest\u00f3polis","robots":{"index":"index","follow":"follow","max-snippet":"max-snippet:-1","max-image-preview":"max-image-preview:large","max-video-preview":"max-video-preview:-1"},"canonical":"https:\/\/cmflorestopolis.pr.gov.br\/?page_id=4489","og_locale":"pt_BR","og_type":"article","og_title":"Dia do trabalho - C\u00e2mara Municipal de Florest\u00f3polis","og_description":"Tradicional e Institucional Mensagem da C\u00e2mara Municipal de Florest\u00f3polis Neste 1\u00ba de Maio, celebramos o esfor\u00e7o, a dedica\u00e7\u00e3o e a import\u00e2ncia de cada trabalhador e [...]","og_url":"https:\/\/cmflorestopolis.pr.gov.br\/?page_id=4489","og_site_name":"C\u00e2mara Municipal de Florest\u00f3polis","article_modified_time":"2025-05-01T14:34:25+00:00","og_image":[{"url":"https:\/\/cmflorestopolis.pr.gov.br\/wp-content\/uploads\/2024\/05\/WhatsApp-Image-2024-05-01-at-08.47.43-300x234.jpeg"}],"twitter_card":"summary_large_image","twitter_misc":{"Est. tempo de leitura":"1 minuto"},"schema":{"@context":"https:\/\/schema.org","@graph":[{"@type":"WebSite","@id":"https:\/\/cmflorestopolis.pr.gov.br\/#website","url":"https:\/\/cmflorestopolis.pr.gov.br\/","name":"C\u00e2mara Municipal de Florest\u00f3polis","description":"","potentialAction":[{"@type":"SearchAction","target":{"@type":"EntryPoint","urlTemplate":"https:\/\/cmflorestopolis.pr.gov.br\/?s={search_term_string}"},"query-input":"required name=search_term_string"}],"inLanguage":"pt-BR"},{"@type":"ImageObject","@id":"https:\/\/cmflorestopolis.pr.gov.br\/?page_id=4489#primaryimage","inLanguage":"pt-BR","url":"https:\/\/cmflorestopolis.pr.gov.br\/wp-content\/uploads\/2024\/05\/WhatsApp-Image-2024-05-01-at-08.47.43.jpeg","contentUrl":"https:\/\/cmflorestopolis.pr.gov.br\/wp-content\/uploads\/2024\/05\/WhatsApp-Image-2024-05-01-at-08.47.43.jpeg","width":1080,"height":842},{"@type":"WebPage","@id":"https:\/\/cmflorestopolis.pr.gov.br\/?page_id=4489#webpage","url":"https:\/\/cmflorestopolis.pr.gov.br\/?page_id=4489","name":"Dia do trabalho - C\u00e2mara Municipal de Florest\u00f3polis","isPartOf":{"@id":"https:\/\/cmflorestopolis.pr.gov.br\/#website"},"primaryImageOfPage":{"@id":"https:\/\/cmflorestopolis.pr.gov.br\/?page_id=4489#primaryimage"},"datePublished":"2024-05-01T11:49:08+00:00","dateModified":"2025-05-01T14:34:25+00:00","breadcrumb":{"@id":"https:\/\/cmflorestopolis.pr.gov.br\/?page_id=4489#breadcrumb"},"inLanguage":"pt-BR","potentialAction":[{"@type":"ReadAction","target":["https:\/\/cmflorestopolis.pr.gov.br\/?page_id=4489"]}]},{"@type":"BreadcrumbList","@id":"https:\/\/cmflorestopolis.pr.gov.br\/?page_id=4489#breadcrumb","itemListElement":[{"@type":"ListItem","position":1,"name":"In\u00edcio","item":"https:\/\/cmflorestopolis.pr.gov.br\/"},{"@type":"ListItem","position":2,"name":"Dia do trabalho"}]}]}},"_links":{"self":[{"href":"https:\/\/cmflorestopolis.pr.gov.br\/index.php?rest_route=\/wp\/v2\/pages\/4489"}],"collection":[{"href":"https:\/\/cmflorestopolis.pr.gov.br\/index.php?rest_route=\/wp\/v2\/pages"}],"about":[{"href":"https:\/\/cmflorestopolis.pr.gov.br\/index.php?rest_route=\/wp\/v2\/types\/page"}],"author":[{"embeddable":true,"href":"https:\/\/cmflorestopolis.pr.gov.br\/index.php?rest_route=\/wp\/v2\/users\/1"}],"replies":[{"embeddable":true,"href":"https:\/\/cmflorestopolis.pr.gov.br\/index.php?rest_route=%2Fwp%2Fv2%2Fcomments&post=4489"}],"version-history":[{"count":2,"href":"https:\/\/cmflorestopolis.pr.gov.br\/index.php?rest_route=\/wp\/v2\/pages\/4489\/revisions"}],"predecessor-version":[{"id":5152,"href":"https:\/\/cmflorestopolis.pr.gov.br\/index.php?rest_route=\/wp\/v2\/pages\/4489\/revisions\/5152"}],"wp:attachment":[{"href":"https:\/\/cmflorestopolis.pr.gov.br\/index.php?rest_route=%2Fwp%2Fv2%2Fmedia&parent=4489"}],"curies":[{"name":"wp","href":"https:\/\/api.w.org\/{rel}","templated":true}]}}