{"id":3996,"date":"2023-04-28T15:14:38","date_gmt":"2023-04-28T15:14:38","guid":{"rendered":"https:\/\/cmflorestopolis.pr.gov.br\/?page_id=3996"},"modified":"2023-04-28T15:21:26","modified_gmt":"2023-04-28T15:21:26","slug":"atas-sessoes-2023","status":"publish","type":"page","link":"https:\/\/cmflorestopolis.pr.gov.br\/?page_id=3996","title":{"rendered":"Atas Sess\u00f5es 2023"},"content":{"rendered":"<p><b><span data-contrast=\"auto\">Sess\u00f5es Ordin\u00e1rias 2023<\/span><\/b><\/p>\n<p><span data-contrast=\"auto\">\u00a0\u00a0<\/span><span data-ccp-props=\"{&quot;201341983&quot;:0,&quot;335551550&quot;:0,&quot;335551620&quot;:0,&quot;335559739&quot;:160,&quot;335559740&quot;:259}\">\u00a0<\/span><\/p>\n<p><b><span data-contrast=\"auto\">As Sess\u00f5es Ordin\u00e1rias acontecem toda ter\u00e7a-feira \u00e0s 19:00<\/span><\/b><span data-contrast=\"auto\">\u00a0\u00a0<\/span><span data-ccp-props=\"{&quot;201341983&quot;:0,&quot;335551550&quot;:0,&quot;335551620&quot;:0,&quot;335559739&quot;:160,&quot;335559740&quot;:259}\">\u00a0<\/span><\/p>\n<table style=\"font-weight: 400;\" data-tablestyle=\"MsoTableGrid\" data-tablelook=\"1696\" aria-rowcount=\"7\">\n<tbody>\n<tr aria-rowindex=\"1\">\n<td data-celllook=\"0\"><a href=\"https:\/\/cmflorestopolis.pr.gov.br\/wp-content\/uploads\/2023\/04\/ATA-01a-SESSAO-ORDINARIA_2023.pdf\"><span data-contrast=\"auto\">ATA 01\u00aa SESS\u00c3O ORDIN\u00c1RIA_2023<\/span><span data-ccp-props=\"{&quot;201341983&quot;:0,&quot;335559740&quot;:259}\">\u00a0<\/span><\/a><\/td>\n<\/tr>\n<tr aria-rowindex=\"2\">\n<td data-celllook=\"0\"><a href=\"https:\/\/cmflorestopolis.pr.gov.br\/wp-content\/uploads\/2023\/04\/ATA-02a-SESSAO-ORDINARIA_2023.pdf\"><span data-contrast=\"auto\">ATA 02\u00aa SESS\u00c3O ORDIN\u00c1RIA_2023<\/span><span data-ccp-props=\"{&quot;201341983&quot;:0,&quot;335559740&quot;:259}\">\u00a0<\/span><\/a><\/td>\n<\/tr>\n<tr aria-rowindex=\"3\">\n<td data-celllook=\"0\"><a href=\"https:\/\/cmflorestopolis.pr.gov.br\/wp-content\/uploads\/2023\/04\/ATA-03a-SESSAO-ORDINARIA_2023.pdf\"><span data-contrast=\"auto\">ATA 03\u00aa SESS\u00c3O ORDIN\u00c1RIA_2023<\/span><span data-ccp-props=\"{&quot;201341983&quot;:0,&quot;335559740&quot;:259}\">\u00a0<\/span><\/a><\/td>\n<\/tr>\n<tr aria-rowindex=\"4\">\n<td data-celllook=\"0\"><a href=\"https:\/\/cmflorestopolis.pr.gov.br\/wp-content\/uploads\/2023\/04\/ATA-04a-SESSAO-ORDINARIA_2023.pdf\"><span data-contrast=\"auto\">ATA 04\u00aa SESS\u00c3O ORDIN\u00c1RIA_2023<\/span><\/a><span data-ccp-props=\"{&quot;201341983&quot;:0,&quot;335559740&quot;:259}\">\u00a0<\/span><\/td>\n<\/tr>\n<tr aria-rowindex=\"5\">\n<td data-celllook=\"0\"><a href=\"https:\/\/cmflorestopolis.pr.gov.br\/wp-content\/uploads\/2023\/04\/ATA-05a-SESSAO-ORDINARIA_2023.pdf\"><span data-contrast=\"auto\">ATA 05\u00aa SESS\u00c3O ORDIN\u00c1RIA_2023<\/span><\/a><span data-ccp-props=\"{&quot;201341983&quot;:0,&quot;335559740&quot;:259}\">\u00a0<\/span><\/td>\n<\/tr>\n<tr aria-rowindex=\"6\">\n<td data-celllook=\"0\"><a href=\"https:\/\/cmflorestopolis.pr.gov.br\/wp-content\/uploads\/2023\/04\/ATA-06a-SESSAO-ORDINARIA_2023.pdf\"><span data-contrast=\"auto\">ATA 06\u00aa SESS\u00c3O ORDIN\u00c1RIA_2023<\/span><\/a><span data-ccp-props=\"{&quot;201341983&quot;:0,&quot;335559740&quot;:259}\">\u00a0<\/span><\/td>\n<\/tr>\n<tr aria-rowindex=\"7\">\n<td data-celllook=\"0\"><a href=\"https:\/\/cmflorestopolis.pr.gov.br\/wp-content\/uploads\/2023\/04\/ATA-09a-SESSAO-ORDINARIA_2023-SINTETICA.pdf\"><span data-contrast=\"auto\">ATA 09\u00aa SESS\u00c3O ORDIN\u00c1RIA_2023 &#8211; SINTETICA<\/span><\/a><span data-ccp-props=\"{&quot;201341983&quot;:0,&quot;335559740&quot;:259}\">\u00a0<\/span><\/td>\n<\/tr>\n<\/tbody>\n<\/table>\n<p>&nbsp;<\/p>\n<p><b><span data-contrast=\"auto\">Sess\u00f5es Extraordin\u00e1rias 2023<\/span><\/b><span data-ccp-props=\"{&quot;201341983&quot;:0,&quot;335551550&quot;:0,&quot;335551620&quot;:0,&quot;335559739&quot;:160,&quot;335559740&quot;:259}\">\u00a0<\/span><\/p>\n<table style=\"font-weight: 400;\" data-tablestyle=\"MsoTableGrid\" data-tablelook=\"1696\" aria-rowcount=\"5\">\n<tbody>\n<tr aria-rowindex=\"1\">\n<td data-celllook=\"0\"><a href=\"https:\/\/cmflorestopolis.pr.gov.br\/wp-content\/uploads\/2023\/04\/ATA-01a-SESSAO-EXTRAORDINARIA_2023.pdf\"><span data-contrast=\"auto\">ATA 01\u00aa SESS\u00c3O EXTRAORDIN\u00c1RIA_2023<\/span><\/a><span data-ccp-props=\"{&quot;201341983&quot;:0,&quot;335559740&quot;:259}\">\u00a0<\/span><\/td>\n<\/tr>\n<tr aria-rowindex=\"2\">\n<td data-celllook=\"0\"><a href=\"https:\/\/cmflorestopolis.pr.gov.br\/wp-content\/uploads\/2023\/04\/ATA-02a-SESSAO-EXTRAORDINARIA_2023.pdf\"><span data-contrast=\"auto\">ATA 02\u00aa SESS\u00c3O EXTRAORDIN\u00c1RIA_2023<\/span><\/a><span data-ccp-props=\"{&quot;201341983&quot;:0,&quot;335559740&quot;:259}\">\u00a0<\/span><\/td>\n<\/tr>\n<tr aria-rowindex=\"3\">\n<td data-celllook=\"0\"><a href=\"https:\/\/cmflorestopolis.pr.gov.br\/wp-content\/uploads\/2023\/04\/ATA-03a-SESSAO-EXTRAORDINARIA_2023.pdf\"><span data-contrast=\"auto\">ATA 03\u00aa SESS\u00c3O EXTRAORDIN\u00c1RIA_2023<\/span><\/a><span data-ccp-props=\"{&quot;201341983&quot;:0,&quot;335559740&quot;:259}\">\u00a0<\/span><\/td>\n<\/tr>\n<tr aria-rowindex=\"4\">\n<td data-celllook=\"0\"><a href=\"https:\/\/cmflorestopolis.pr.gov.br\/wp-content\/uploads\/2023\/04\/ATA-04a-SESSAO-EXTRAORDINARIA_2023.pdf\"><span data-contrast=\"auto\">ATA 04\u00aa SESS\u00c3O EXTRAORDIN\u00c1RIA_2023<\/span><\/a><span data-ccp-props=\"{&quot;201341983&quot;:0,&quot;335559740&quot;:259}\">\u00a0<\/span><\/td>\n<\/tr>\n<tr aria-rowindex=\"5\">\n<td data-celllook=\"0\"><a href=\"https:\/\/cmflorestopolis.pr.gov.br\/wp-content\/uploads\/2023\/04\/ATA-05a-SESSAO-EXTRAORDINARIA_2023.pdf\"><span data-contrast=\"auto\">ATA 05\u00aa SESS\u00c3O EXTRAORDIN\u00c1RIA_2023<\/span><span data-ccp-props=\"{&quot;201341983&quot;:0,&quot;335559740&quot;:259}\">\u00a0<\/span><\/a><\/td>\n<\/tr>\n<\/tbody>\n<\/table>\n","protected":false},"excerpt":{"rendered":"<p>Sess\u00f5es Ordin\u00e1rias 2023 \u00a0\u00a0\u00a0 As Sess\u00f5es Ordin\u00e1rias acontecem toda ter\u00e7a-feira \u00e0s 19:00\u00a0\u00a0\u00a0 ATA 01\u00aa SESS\u00c3O ORDIN\u00c1RIA_2023\u00a0 ATA 02\u00aa SESS\u00c3O ORDIN\u00c1RIA_2023\u00a0 ATA 03\u00aa SESS\u00c3O ORDIN\u00c1RIA_2023\u00a0 ATA [&#8230;]<\/p>\n","protected":false},"author":1,"featured_media":0,"parent":0,"menu_order":0,"comment_status":"closed","ping_status":"closed","template":"","meta":[],"yoast_head":"<!-- This site is optimized with the Yoast SEO plugin v17.6 - https:\/\/yoast.com\/wordpress\/plugins\/seo\/ -->\n<title>Atas Sess\u00f5es 2023 - C\u00e2mara Municipal de Florest\u00f3polis<\/title>\n<meta name=\"robots\" content=\"index, follow, max-snippet:-1, max-image-preview:large, max-video-preview:-1\" \/>\n<link rel=\"canonical\" href=\"https:\/\/cmflorestopolis.pr.gov.br\/?page_id=3996\" \/>\n<meta property=\"og:locale\" content=\"pt_BR\" \/>\n<meta property=\"og:type\" content=\"article\" \/>\n<meta property=\"og:title\" content=\"Atas Sess\u00f5es 2023 - C\u00e2mara Municipal de Florest\u00f3polis\" \/>\n<meta property=\"og:description\" content=\"Sess\u00f5es Ordin\u00e1rias 2023 \u00a0\u00a0\u00a0 As Sess\u00f5es Ordin\u00e1rias acontecem toda ter\u00e7a-feira \u00e0s 19:00\u00a0\u00a0\u00a0 ATA 01\u00aa SESS\u00c3O ORDIN\u00c1RIA_2023\u00a0 ATA 02\u00aa SESS\u00c3O ORDIN\u00c1RIA_2023\u00a0 ATA 03\u00aa SESS\u00c3O ORDIN\u00c1RIA_2023\u00a0 ATA [...]\" \/>\n<meta property=\"og:url\" content=\"https:\/\/cmflorestopolis.pr.gov.br\/?page_id=3996\" \/>\n<meta property=\"og:site_name\" content=\"C\u00e2mara Municipal de Florest\u00f3polis\" \/>\n<meta property=\"article:modified_time\" content=\"2023-04-28T15:21:26+00:00\" \/>\n<meta name=\"twitter:card\" content=\"summary_large_image\" \/>\n<script type=\"application\/ld+json\" class=\"yoast-schema-graph\">{\"@context\":\"https:\/\/schema.org\",\"@graph\":[{\"@type\":\"WebSite\",\"@id\":\"https:\/\/cmflorestopolis.pr.gov.br\/#website\",\"url\":\"https:\/\/cmflorestopolis.pr.gov.br\/\",\"name\":\"C\\u00e2mara Municipal de Florest\\u00f3polis\",\"description\":\"\",\"potentialAction\":[{\"@type\":\"SearchAction\",\"target\":{\"@type\":\"EntryPoint\",\"urlTemplate\":\"https:\/\/cmflorestopolis.pr.gov.br\/?s={search_term_string}\"},\"query-input\":\"required name=search_term_string\"}],\"inLanguage\":\"pt-BR\"},{\"@type\":\"WebPage\",\"@id\":\"https:\/\/cmflorestopolis.pr.gov.br\/?page_id=3996#webpage\",\"url\":\"https:\/\/cmflorestopolis.pr.gov.br\/?page_id=3996\",\"name\":\"Atas Sess\\u00f5es 2023 - C\\u00e2mara Municipal de Florest\\u00f3polis\",\"isPartOf\":{\"@id\":\"https:\/\/cmflorestopolis.pr.gov.br\/#website\"},\"datePublished\":\"2023-04-28T15:14:38+00:00\",\"dateModified\":\"2023-04-28T15:21:26+00:00\",\"breadcrumb\":{\"@id\":\"https:\/\/cmflorestopolis.pr.gov.br\/?page_id=3996#breadcrumb\"},\"inLanguage\":\"pt-BR\",\"potentialAction\":[{\"@type\":\"ReadAction\",\"target\":[\"https:\/\/cmflorestopolis.pr.gov.br\/?page_id=3996\"]}]},{\"@type\":\"BreadcrumbList\",\"@id\":\"https:\/\/cmflorestopolis.pr.gov.br\/?page_id=3996#breadcrumb\",\"itemListElement\":[{\"@type\":\"ListItem\",\"position\":1,\"name\":\"In\\u00edcio\",\"item\":\"https:\/\/cmflorestopolis.pr.gov.br\/\"},{\"@type\":\"ListItem\",\"position\":2,\"name\":\"Atas Sess\\u00f5es 2023\"}]}]}<\/script>\n<!-- \/ Yoast SEO plugin. -->","yoast_head_json":{"title":"Atas Sess\u00f5es 2023 - C\u00e2mara Municipal de Florest\u00f3polis","robots":{"index":"index","follow":"follow","max-snippet":"max-snippet:-1","max-image-preview":"max-image-preview:large","max-video-preview":"max-video-preview:-1"},"canonical":"https:\/\/cmflorestopolis.pr.gov.br\/?page_id=3996","og_locale":"pt_BR","og_type":"article","og_title":"Atas Sess\u00f5es 2023 - C\u00e2mara Municipal de Florest\u00f3polis","og_description":"Sess\u00f5es Ordin\u00e1rias 2023 \u00a0\u00a0\u00a0 As Sess\u00f5es Ordin\u00e1rias acontecem toda ter\u00e7a-feira \u00e0s 19:00\u00a0\u00a0\u00a0 ATA 01\u00aa SESS\u00c3O ORDIN\u00c1RIA_2023\u00a0 ATA 02\u00aa SESS\u00c3O ORDIN\u00c1RIA_2023\u00a0 ATA 03\u00aa SESS\u00c3O ORDIN\u00c1RIA_2023\u00a0 ATA [...]","og_url":"https:\/\/cmflorestopolis.pr.gov.br\/?page_id=3996","og_site_name":"C\u00e2mara Municipal de Florest\u00f3polis","article_modified_time":"2023-04-28T15:21:26+00:00","twitter_card":"summary_large_image","schema":{"@context":"https:\/\/schema.org","@graph":[{"@type":"WebSite","@id":"https:\/\/cmflorestopolis.pr.gov.br\/#website","url":"https:\/\/cmflorestopolis.pr.gov.br\/","name":"C\u00e2mara Municipal de Florest\u00f3polis","description":"","potentialAction":[{"@type":"SearchAction","target":{"@type":"EntryPoint","urlTemplate":"https:\/\/cmflorestopolis.pr.gov.br\/?s={search_term_string}"},"query-input":"required name=search_term_string"}],"inLanguage":"pt-BR"},{"@type":"WebPage","@id":"https:\/\/cmflorestopolis.pr.gov.br\/?page_id=3996#webpage","url":"https:\/\/cmflorestopolis.pr.gov.br\/?page_id=3996","name":"Atas Sess\u00f5es 2023 - C\u00e2mara Municipal de Florest\u00f3polis","isPartOf":{"@id":"https:\/\/cmflorestopolis.pr.gov.br\/#website"},"datePublished":"2023-04-28T15:14:38+00:00","dateModified":"2023-04-28T15:21:26+00:00","breadcrumb":{"@id":"https:\/\/cmflorestopolis.pr.gov.br\/?page_id=3996#breadcrumb"},"inLanguage":"pt-BR","potentialAction":[{"@type":"ReadAction","target":["https:\/\/cmflorestopolis.pr.gov.br\/?page_id=3996"]}]},{"@type":"BreadcrumbList","@id":"https:\/\/cmflorestopolis.pr.gov.br\/?page_id=3996#breadcrumb","itemListElement":[{"@type":"ListItem","position":1,"name":"In\u00edcio","item":"https:\/\/cmflorestopolis.pr.gov.br\/"},{"@type":"ListItem","position":2,"name":"Atas Sess\u00f5es 2023"}]}]}},"_links":{"self":[{"href":"https:\/\/cmflorestopolis.pr.gov.br\/index.php?rest_route=\/wp\/v2\/pages\/3996"}],"collection":[{"href":"https:\/\/cmflorestopolis.pr.gov.br\/index.php?rest_route=\/wp\/v2\/pages"}],"about":[{"href":"https:\/\/cmflorestopolis.pr.gov.br\/index.php?rest_route=\/wp\/v2\/types\/page"}],"author":[{"embeddable":true,"href":"https:\/\/cmflorestopolis.pr.gov.br\/index.php?rest_route=\/wp\/v2\/users\/1"}],"replies":[{"embeddable":true,"href":"https:\/\/cmflorestopolis.pr.gov.br\/index.php?rest_route=%2Fwp%2Fv2%2Fcomments&post=3996"}],"version-history":[{"count":4,"href":"https:\/\/cmflorestopolis.pr.gov.br\/index.php?rest_route=\/wp\/v2\/pages\/3996\/revisions"}],"predecessor-version":[{"id":4008,"href":"https:\/\/cmflorestopolis.pr.gov.br\/index.php?rest_route=\/wp\/v2\/pages\/3996\/revisions\/4008"}],"wp:attachment":[{"href":"https:\/\/cmflorestopolis.pr.gov.br\/index.php?rest_route=%2Fwp%2Fv2%2Fmedia&parent=3996"}],"curies":[{"name":"wp","href":"https:\/\/api.w.org\/{rel}","templated":true}]}}