{"id":399,"date":"2021-07-10T15:01:58","date_gmt":"2021-07-10T18:01:58","guid":{"rendered":"https:\/\/camara897460250.wordpress.com\/?page_id=399"},"modified":"2025-06-19T01:52:37","modified_gmt":"2025-06-19T01:52:37","slug":"noticias","status":"publish","type":"page","link":"https:\/\/cmflorestopolis.pr.gov.br\/?page_id=399","title":{"rendered":"Noticias"},"content":{"rendered":"<p style=\"text-align: center;\"><\/p>\r\n<div class=\"wp-block-media-text alignwide is-stacked-on-mobile\">\r\n<figure><\/figure>\r\n<figure>\r\n<h1 style=\"text-align: center;\"><a href=\"https:\/\/cmflorestopolis.pr.gov.br\/?page_id=5280\">Corpus Christi<\/a><\/h1>\r\n<p style=\"text-align: center;\"><img loading=\"lazy\" class=\"alignnone size-medium wp-image-5278\" src=\"https:\/\/cmflorestopolis.pr.gov.br\/wp-content\/uploads\/2025\/06\/WhatsApp-Image-2025-06-18-at-09.38.48-202x300.jpeg\" alt=\"\" width=\"202\" height=\"300\" srcset=\"https:\/\/cmflorestopolis.pr.gov.br\/wp-content\/uploads\/2025\/06\/WhatsApp-Image-2025-06-18-at-09.38.48-202x300.jpeg 202w, https:\/\/cmflorestopolis.pr.gov.br\/wp-content\/uploads\/2025\/06\/WhatsApp-Image-2025-06-18-at-09.38.48-689x1024.jpeg 689w, https:\/\/cmflorestopolis.pr.gov.br\/wp-content\/uploads\/2025\/06\/WhatsApp-Image-2025-06-18-at-09.38.48-1033x1536.jpeg 1033w, https:\/\/cmflorestopolis.pr.gov.br\/wp-content\/uploads\/2025\/06\/WhatsApp-Image-2025-06-18-at-09.38.48.jpeg 1076w, https:\/\/cmflorestopolis.pr.gov.br\/wp-content\/uploads\/2025\/06\/WhatsApp-Image-2025-06-18-at-09.38.48-202x300@2x.jpeg 404w\" sizes=\"(max-width: 202px) 100vw, 202px\" \/><\/p>\r\n<div id=\"titulo\" style=\"text-align: center;\">\r\n<h1 class=\"tituloTextoVereador text-center\"><a href=\"https:\/\/www.florestopolis.pr.gov.br\/?pag=T1RVPU9EZz1PV0k9T1RrPU9UUT1OMlE9T0dNPU9XST1PR1U9T0dNPU9HWT1PV009T1dZPQ==&amp;id=1101\"><strong>UNIFORME PARA NOSSOS TRABALHADORES DA RECICLAGEM.<\/strong><\/a><\/h1>\r\n<\/div>\r\n<div style=\"text-align: center;\">\u00a0<\/div>\r\n<p style=\"text-align: center;\"><img loading=\"lazy\" class=\"alignnone size-medium wp-image-5270\" src=\"https:\/\/cmflorestopolis.pr.gov.br\/wp-content\/uploads\/2025\/06\/f875f67bac79836b73eb939ef33dc90e-300x225.jpg\" alt=\"\" width=\"300\" height=\"225\" srcset=\"https:\/\/cmflorestopolis.pr.gov.br\/wp-content\/uploads\/2025\/06\/f875f67bac79836b73eb939ef33dc90e-300x225.jpg 300w, https:\/\/cmflorestopolis.pr.gov.br\/wp-content\/uploads\/2025\/06\/f875f67bac79836b73eb939ef33dc90e.jpg 620w, https:\/\/cmflorestopolis.pr.gov.br\/wp-content\/uploads\/2025\/06\/f875f67bac79836b73eb939ef33dc90e-300x225@2x.jpg 600w\" sizes=\"(max-width: 300px) 100vw, 300px\" \/><\/p>\r\n<h1 style=\"text-align: center;\"><a href=\"https:\/\/www.florestopolis.pr.gov.br\/?pag=T1RVPU9EZz1PV0k9T1RrPU9UUT1OMlE9T0dNPU9XST1PR1U9T0dNPU9HWT1PV009T1dZPQ==&amp;id=1102\"><strong>Inaugura\u00e7\u00e3o da constru\u00e7\u00e3o do Centro Especializado de Assist\u00eancia Social (CREAS) &#8220;Maria Fernanda Jesus Braga&#8221;<\/strong><\/a><\/h1>\r\n<p style=\"text-align: center;\"><img loading=\"lazy\" class=\"alignnone size-medium wp-image-5269\" src=\"https:\/\/cmflorestopolis.pr.gov.br\/wp-content\/uploads\/2025\/06\/3b031a7c719b42b9707945cac639898c-300x225.jpg\" alt=\"\" width=\"300\" height=\"225\" srcset=\"https:\/\/cmflorestopolis.pr.gov.br\/wp-content\/uploads\/2025\/06\/3b031a7c719b42b9707945cac639898c-300x225.jpg 300w, https:\/\/cmflorestopolis.pr.gov.br\/wp-content\/uploads\/2025\/06\/3b031a7c719b42b9707945cac639898c.jpg 620w, https:\/\/cmflorestopolis.pr.gov.br\/wp-content\/uploads\/2025\/06\/3b031a7c719b42b9707945cac639898c-300x225@2x.jpg 600w\" sizes=\"(max-width: 300px) 100vw, 300px\" \/><\/p>\r\n<h1 style=\"text-align: center;\"><a href=\"https:\/\/www.florestopolis.pr.gov.br\/?pag=T1RVPU9EZz1PV0k9T1RrPU9UUT1OMlE9T0dNPU9XST1PR1U9T0dNPU9HWT1PV009T1dZPQ==&amp;id=1103\"><strong>Mais investimentos para o nosso munic\u00edpio!<\/strong><\/a><\/h1>\r\n<p style=\"text-align: center;\"><img loading=\"lazy\" class=\"alignnone size-medium wp-image-5268\" src=\"https:\/\/cmflorestopolis.pr.gov.br\/wp-content\/uploads\/2025\/06\/ee6907fee9ee83db0ab13681f25ce469-300x161.jpg\" alt=\"\" width=\"300\" height=\"161\" srcset=\"https:\/\/cmflorestopolis.pr.gov.br\/wp-content\/uploads\/2025\/06\/ee6907fee9ee83db0ab13681f25ce469-300x161.jpg 300w, https:\/\/cmflorestopolis.pr.gov.br\/wp-content\/uploads\/2025\/06\/ee6907fee9ee83db0ab13681f25ce469.jpg 848w, https:\/\/cmflorestopolis.pr.gov.br\/wp-content\/uploads\/2025\/06\/ee6907fee9ee83db0ab13681f25ce469-300x161@2x.jpg 600w\" sizes=\"(max-width: 300px) 100vw, 300px\" \/><\/p>\r\n<h1 style=\"text-align: center;\"><a href=\"https:\/\/www.florestopolis.pr.gov.br\/?pag=T1RVPU9EZz1PV0k9T1RrPU9UUT1OMlE9T0dNPU9XST1PR1U9T0dNPU9HWT1PV009T1dZPQ==&amp;id=1095\">Florest\u00f3polis conquistou o t\u00edtulo da Copa Regional de Futebol Su\u00ed\u00e7o +40<\/a><\/h1>\r\n<p style=\"text-align: center;\"><img loading=\"lazy\" class=\"alignnone size-medium wp-image-5265\" src=\"https:\/\/cmflorestopolis.pr.gov.br\/wp-content\/uploads\/2025\/06\/cfdcc8ca75df5b4b422c7ed08b45de92-300x225.jpg\" alt=\"\" width=\"300\" height=\"225\" srcset=\"https:\/\/cmflorestopolis.pr.gov.br\/wp-content\/uploads\/2025\/06\/cfdcc8ca75df5b4b422c7ed08b45de92-300x225.jpg 300w, https:\/\/cmflorestopolis.pr.gov.br\/wp-content\/uploads\/2025\/06\/cfdcc8ca75df5b4b422c7ed08b45de92.jpg 620w, https:\/\/cmflorestopolis.pr.gov.br\/wp-content\/uploads\/2025\/06\/cfdcc8ca75df5b4b422c7ed08b45de92-300x225@2x.jpg 600w\" sizes=\"(max-width: 300px) 100vw, 300px\" \/><\/p>\r\n<h1 style=\"text-align: center;\"><a href=\"https:\/\/www.florestopolis.pr.gov.br\/?pag=T1RVPU9EZz1PV0k9T1RrPU9UUT1OMlE9T0dNPU9XST1PR1U9T0dNPU9HWT1PV009T1dZPQ==&amp;id=1097\"><strong>Jogos Escolares do Paran\u00e1<\/strong><\/a><\/h1>\r\n<p style=\"text-align: center;\"><img loading=\"lazy\" class=\"alignnone size-medium wp-image-5264\" src=\"https:\/\/cmflorestopolis.pr.gov.br\/wp-content\/uploads\/2025\/06\/4640fd36f475d9ab5079dd2253ea9cb9-300x169.jpg\" alt=\"\" width=\"300\" height=\"169\" srcset=\"https:\/\/cmflorestopolis.pr.gov.br\/wp-content\/uploads\/2025\/06\/4640fd36f475d9ab5079dd2253ea9cb9-300x169.jpg 300w, https:\/\/cmflorestopolis.pr.gov.br\/wp-content\/uploads\/2025\/06\/4640fd36f475d9ab5079dd2253ea9cb9.jpg 827w, https:\/\/cmflorestopolis.pr.gov.br\/wp-content\/uploads\/2025\/06\/4640fd36f475d9ab5079dd2253ea9cb9-300x169@2x.jpg 600w\" sizes=\"(max-width: 300px) 100vw, 300px\" \/><\/p>\r\n<h1 style=\"text-align: center;\"><a href=\"https:\/\/www.florestopolis.pr.gov.br\/?pag=T1RVPU9EZz1PV0k9T1RrPU9UUT1OMlE9T0dNPU9XST1PR1U9T0dNPU9HWT1PV009T1dZPQ==&amp;id=1096\">Novas conquistas para nosso munic\u00edpio!<\/a><\/h1>\r\n<p style=\"text-align: center;\"><img loading=\"lazy\" class=\"alignnone size-medium wp-image-5263\" src=\"https:\/\/cmflorestopolis.pr.gov.br\/wp-content\/uploads\/2025\/06\/e119e2c9a3225697575f322d756a6f53-300x169.jpg\" alt=\"\" width=\"300\" height=\"169\" srcset=\"https:\/\/cmflorestopolis.pr.gov.br\/wp-content\/uploads\/2025\/06\/e119e2c9a3225697575f322d756a6f53-300x169.jpg 300w, https:\/\/cmflorestopolis.pr.gov.br\/wp-content\/uploads\/2025\/06\/e119e2c9a3225697575f322d756a6f53.jpg 827w, https:\/\/cmflorestopolis.pr.gov.br\/wp-content\/uploads\/2025\/06\/e119e2c9a3225697575f322d756a6f53-300x169@2x.jpg 600w\" sizes=\"(max-width: 300px) 100vw, 300px\" \/><\/p>\r\n<h1 style=\"text-align: center;\"><a href=\"https:\/\/cmflorestopolis.pr.gov.br\/?page_id=5156&amp;preview=true\">Dia das M\u00e3es<\/a><\/h1>\r\n<h1 style=\"text-align: center;\"><a href=\"https:\/\/cmflorestopolis.pr.gov.br\/?page_id=4489\">Dia do trabalho<\/a><\/h1>\r\n<p style=\"text-align: center;\"><a href=\"https:\/\/cmflorestopolis.pr.gov.br\/?page_id=4489\"><img loading=\"lazy\" class=\"alignnone size-medium wp-image-4490\" src=\"https:\/\/cmflorestopolis.pr.gov.br\/wp-content\/uploads\/2024\/05\/WhatsApp-Image-2024-05-01-at-08.47.43-300x234.jpeg\" alt=\"\" width=\"300\" height=\"234\" srcset=\"https:\/\/cmflorestopolis.pr.gov.br\/wp-content\/uploads\/2024\/05\/WhatsApp-Image-2024-05-01-at-08.47.43-300x234.jpeg 300w, https:\/\/cmflorestopolis.pr.gov.br\/wp-content\/uploads\/2024\/05\/WhatsApp-Image-2024-05-01-at-08.47.43-1024x798.jpeg 1024w, https:\/\/cmflorestopolis.pr.gov.br\/wp-content\/uploads\/2024\/05\/WhatsApp-Image-2024-05-01-at-08.47.43.jpeg 1080w, https:\/\/cmflorestopolis.pr.gov.br\/wp-content\/uploads\/2024\/05\/WhatsApp-Image-2024-05-01-at-08.47.43-300x234@2x.jpeg 600w\" sizes=\"(max-width: 300px) 100vw, 300px\" \/><\/a><\/p>\r\n<h1 style=\"text-align: center;\"><a href=\"https:\/\/cmflorestopolis.pr.gov.br\/?page_id=5115\">Papa Francisco<\/a><\/h1>\r\n<p style=\"text-align: center;\"><a href=\"https:\/\/cmflorestopolis.pr.gov.br\/?page_id=5115\"><img loading=\"lazy\" class=\"alignnone wp-image-5122 size-medium\" src=\"https:\/\/cmflorestopolis.pr.gov.br\/wp-content\/uploads\/2025\/04\/WhatsApp-Image-2025-04-23-at-11.11.06-300x192.jpeg\" alt=\"\" width=\"300\" height=\"192\" srcset=\"https:\/\/cmflorestopolis.pr.gov.br\/wp-content\/uploads\/2025\/04\/WhatsApp-Image-2025-04-23-at-11.11.06-300x192.jpeg 300w, https:\/\/cmflorestopolis.pr.gov.br\/wp-content\/uploads\/2025\/04\/WhatsApp-Image-2025-04-23-at-11.11.06-1024x655.jpeg 1024w, https:\/\/cmflorestopolis.pr.gov.br\/wp-content\/uploads\/2025\/04\/WhatsApp-Image-2025-04-23-at-11.11.06.jpeg 1080w, https:\/\/cmflorestopolis.pr.gov.br\/wp-content\/uploads\/2025\/04\/WhatsApp-Image-2025-04-23-at-11.11.06-300x192@2x.jpeg 600w\" sizes=\"(max-width: 300px) 100vw, 300px\" \/><\/a><\/p>\r\n<h1 style=\"text-align: center;\"><a href=\"https:\/\/cmflorestopolis.pr.gov.br\/?page_id=5110\">Feriado<\/a><\/h1>\r\n<p style=\"text-align: center;\"><a href=\"https:\/\/cmflorestopolis.pr.gov.br\/?page_id=5110\"><img loading=\"lazy\" class=\"alignnone size-medium wp-image-2137\" src=\"https:\/\/cmflorestopolis.pr.gov.br\/wp-content\/uploads\/2021\/11\/proclamacao-da-republica-og-300x158.jpg\" alt=\"\" width=\"300\" height=\"158\" srcset=\"https:\/\/cmflorestopolis.pr.gov.br\/wp-content\/uploads\/2021\/11\/proclamacao-da-republica-og-300x158.jpg 300w, https:\/\/cmflorestopolis.pr.gov.br\/wp-content\/uploads\/2021\/11\/proclamacao-da-republica-og-1024x538.jpg 1024w, https:\/\/cmflorestopolis.pr.gov.br\/wp-content\/uploads\/2021\/11\/proclamacao-da-republica-og-768x403.jpg 768w, https:\/\/cmflorestopolis.pr.gov.br\/wp-content\/uploads\/2021\/11\/proclamacao-da-republica-og.jpg 1200w\" sizes=\"(max-width: 300px) 100vw, 300px\" \/><\/a><\/p>\r\n<h1 class=\"page-title entry-title\" style=\"text-align: center;\"><a href=\"https:\/\/cmflorestopolis.pr.gov.br\/?page_id=3940\">P\u00e1scoa<\/a><\/h1>\r\n<p style=\"text-align: center;\"><a href=\"https:\/\/cmflorestopolis.pr.gov.br\/?page_id=3940\"><img loading=\"lazy\" class=\"alignnone size-medium wp-image-3941\" src=\"https:\/\/cmflorestopolis.pr.gov.br\/wp-content\/uploads\/2023\/04\/pascoa-significado-jesus-cristo-cruz-crucificacao-cristianismo-cristao-1617226182516_v2_900x506-300x169.jpg\" alt=\"\" width=\"300\" height=\"169\" srcset=\"https:\/\/cmflorestopolis.pr.gov.br\/wp-content\/uploads\/2023\/04\/pascoa-significado-jesus-cristo-cruz-crucificacao-cristianismo-cristao-1617226182516_v2_900x506-300x169.jpg 300w, https:\/\/cmflorestopolis.pr.gov.br\/wp-content\/uploads\/2023\/04\/pascoa-significado-jesus-cristo-cruz-crucificacao-cristianismo-cristao-1617226182516_v2_900x506.jpg 900w, https:\/\/cmflorestopolis.pr.gov.br\/wp-content\/uploads\/2023\/04\/pascoa-significado-jesus-cristo-cruz-crucificacao-cristianismo-cristao-1617226182516_v2_900x506-300x169@2x.jpg 600w\" sizes=\"(max-width: 300px) 100vw, 300px\" \/><\/a><\/p>\r\n<h1 class=\"page-title entry-title\" style=\"text-align: center;\">\u00a0<\/h1>\r\n<\/figure>\r\n<div class=\"wp-block-media-text__content\" style=\"text-align: center;\">\r\n<p class=\"has-medium-font-size\">\u00a0<\/p>\r\n<\/div>\r\n<\/div>\r\n<p style=\"text-align: center;\"><!-- \/wp:media-text --><\/p>\r\n<p style=\"text-align: center;\">\u00a0<\/p>\r\n<!-- wp:media-text {\"mediaId\":2349,\"mediaLink\":\"https:\/\/cmflorestopolis.pr.gov.br\/?attachment_id=2349\",\"linkDestination\":\"custom\",\"mediaType\":\"image\",\"mediaWidth\":32} -->\r\n<div class=\"wp-block-media-text alignwide is-stacked-on-mobile\" style=\"grid-template-columns: 32% auto; text-align: center;\">\r\n<figure class=\"wp-block-media-text__media\"><a href=\"https:\/\/cmflorestopolis.pr.gov.br\/?page_id=2100\"><img loading=\"lazy\" width=\"755\" height=\"1007\" class=\"wp-image-2349 size-full\" src=\"https:\/\/cmflorestopolis.pr.gov.br\/wp-content\/uploads\/2021\/12\/WhatsApp-Image-2021-12-23-at-18.35.51-1.jpeg\" alt=\"\" srcset=\"https:\/\/cmflorestopolis.pr.gov.br\/wp-content\/uploads\/2021\/12\/WhatsApp-Image-2021-12-23-at-18.35.51-1.jpeg 755w, https:\/\/cmflorestopolis.pr.gov.br\/wp-content\/uploads\/2021\/12\/WhatsApp-Image-2021-12-23-at-18.35.51-1-225x300.jpeg 225w, https:\/\/cmflorestopolis.pr.gov.br\/wp-content\/uploads\/2021\/12\/WhatsApp-Image-2021-12-23-at-18.35.51-1-225x300@2x.jpeg 450w\" sizes=\"(max-width: 755px) 100vw, 755px\" \/><\/a><\/figure>\r\n<div class=\"wp-block-media-text__content\"><!-- wp:paragraph -->\r\n<p><a href=\"https:\/\/cmflorestopolis.pr.gov.br\/?page_id=2355\">Feliz Natal 2021<\/a><\/p>\r\n<!-- \/wp:paragraph -->\r\n\r\n<!-- wp:paragraph {\"placeholder\":\"Conte\u00fado...\",\"fontSize\":\"medium\"} -->\r\n<p class=\"has-medium-font-size\"><a href=\"https:\/\/cmflorestopolis.pr.gov.br\/?page_id=2355\">Que o Natal seja um s\u00edmbolo de amor e paz no cora\u00e7\u00e3o de todo mundo. Deus o aben\u00e7oe e um feliz Natal repleto de harmonia! A C\u00e2mara Municipal de Florest\u00f3polis deseja um feliz Natal e um pr\u00f3spero Ano Novo, que Deus proporcione muito amor, sa\u00fade, paz e felicidades.<\/a><\/p>\r\n<!-- \/wp:paragraph --><\/div>\r\n<\/div>\r\n<!-- \/wp:media-text -->\r\n\r\n<!-- wp:media-text {\"mediaId\":2361,\"mediaLink\":\"https:\/\/cmflorestopolis.pr.gov.br\/?attachment_id=2361\",\"linkDestination\":\"custom\",\"mediaType\":\"image\",\"mediaWidth\":32} -->\r\n<div class=\"wp-block-media-text alignwide is-stacked-on-mobile\" style=\"grid-template-columns: 32% auto; text-align: center;\">\r\n<figure class=\"wp-block-media-text__media\"><a href=\"https:\/\/cmflorestopolis.pr.gov.br\/?page_id=2100\"><img loading=\"lazy\" width=\"561\" height=\"546\" class=\"wp-image-2361 size-full\" src=\"https:\/\/cmflorestopolis.pr.gov.br\/wp-content\/uploads\/2021\/12\/WhatsApp-Image-2021-12-24-at-12.06.03-4.jpeg\" alt=\"\" srcset=\"https:\/\/cmflorestopolis.pr.gov.br\/wp-content\/uploads\/2021\/12\/WhatsApp-Image-2021-12-24-at-12.06.03-4.jpeg 561w, https:\/\/cmflorestopolis.pr.gov.br\/wp-content\/uploads\/2021\/12\/WhatsApp-Image-2021-12-24-at-12.06.03-4-300x292.jpeg 300w\" sizes=\"(max-width: 561px) 100vw, 561px\" \/><\/a><\/figure>\r\n<div class=\"wp-block-media-text__content\"><!-- wp:paragraph -->\r\n<p><a href=\"https:\/\/cmflorestopolis.pr.gov.br\/?page_id=2337&amp;customize_changeset_uuid=6d05779c-daec-4fae-a46b-d2a92a85ce89&amp;customize_autosaved=on\">Polui\u00e7\u00e3o sonora: Lei Municipal pro\u00edbe o uso de fogos de artif\u00edcio com ru\u00eddo<\/a><\/p>\r\n<!-- \/wp:paragraph -->\r\n\r\n<!-- wp:paragraph {\"placeholder\":\"Conte\u00fado...\",\"fontSize\":\"medium\"} -->\r\n<p class=\"has-medium-font-size\"><a href=\"https:\/\/cmflorestopolis.pr.gov.br\/?page_id=2337\">A Lei Municipal n. 1.565\/2020 pro\u00edbe a utiliza\u00e7\u00e3o de fogos de artif\u00edcios com estampido em todo territ\u00f3rio do Munic\u00edpio de Florest\u00f3polis, sob pena de multa de R$ 565,95 para quem descumprir.<\/a><br \/><a href=\"https:\/\/cmflorestopolis.pr.gov.br\/?page_id=2337\">A medida tem por objetivo proteger animais, crian\u00e7as do espectro autista, pessoas acamadas e idosos.<\/a><br \/><a href=\"https:\/\/cmflorestopolis.pr.gov.br\/?page_id=2337\">Os fogos pirot\u00e9cnicos sem ru\u00eddos est\u00e3o liberados.<\/a><\/p>\r\n<!-- \/wp:paragraph --><\/div>\r\n<\/div>\r\n<!-- \/wp:media-text -->\r\n\r\n<!-- wp:media-text {\"mediaId\":2078,\"mediaLink\":\"https:\/\/cmflorestopolis.pr.gov.br\/?attachment_id=2078\",\"linkDestination\":\"custom\",\"mediaType\":\"image\",\"mediaWidth\":28} -->\r\n<div class=\"wp-block-media-text alignwide is-stacked-on-mobile\" style=\"grid-template-columns: 28% auto; text-align: center;\">\r\n<figure class=\"wp-block-media-text__media\"><a href=\"https:\/\/cmflorestopolis.pr.gov.br\/?page_id=2102\"><img loading=\"lazy\" width=\"1024\" height=\"735\" class=\"wp-image-2078 size-full\" src=\"https:\/\/cmflorestopolis.pr.gov.br\/wp-content\/uploads\/2021\/11\/WhatsApp-Image-2021-11-14-at-10.12.46-1024x735.jpeg\" alt=\"\" \/><\/a><\/figure>\r\n<div class=\"wp-block-media-text__content\"><!-- wp:paragraph {\"placeholder\":\"Conte\u00fado...\",\"fontSize\":\"medium\"} -->\r\n<p class=\"has-medium-font-size\"><a href=\"https:\/\/cmflorestopolis.pr.gov.br\/?page_id=2102\">A C\u00e2mara Municipal deseja um feliz anivers\u00e1rio a nossa querida Florest\u00f3polis e reconhece que cada mun\u00edcipe contribui com o seu trabalho para fazer dessa cidade um lugar ainda melhor de se viver. Sentimos imensur\u00e1vel orgulho de nossa cidade, de suas belezas, cultura, conquistas e das suas hist\u00f3rias.<\/a><\/p>\r\n<!-- \/wp:paragraph --><\/div>\r\n<\/div>\r\n<!-- \/wp:media-text -->\r\n\r\n<!-- wp:paragraph -->\r\n<p style=\"text-align: center;\">\u00a0<\/p>\r\n<!-- \/wp:paragraph -->\r\n\r\n<!-- wp:media-text {\"mediaId\":2099,\"mediaLink\":\"https:\/\/cmflorestopolis.pr.gov.br\/?attachment_id=2099\",\"linkDestination\":\"custom\",\"mediaType\":\"image\",\"mediaWidth\":32} -->\r\n<div class=\"wp-block-media-text alignwide is-stacked-on-mobile\" style=\"grid-template-columns: 32% auto; text-align: center;\">\r\n<figure class=\"wp-block-media-text__media\"><a href=\"https:\/\/cmflorestopolis.pr.gov.br\/?page_id=2100\"><img class=\"wp-image-2099 size-full\" src=\"https:\/\/cmflorestopolis.pr.gov.br\/wp-content\/uploads\/2021\/11\/WhatsApp-Image-2021-11-13-at-16.45.18.jpeg\" alt=\"\" \/><\/a><\/figure>\r\n<div class=\"wp-block-media-text__content\"><!-- wp:paragraph {\"placeholder\":\"Conte\u00fado...\",\"fontSize\":\"medium\"} -->\r\n<p class=\"has-medium-font-size\"><a href=\"https:\/\/cmflorestopolis.pr.gov.br\/?page_id=2100\">A C\u00e2mara Municipal de Florest\u00f3polis deseja um bom feriado.<\/a><\/p>\r\n<!-- \/wp:paragraph --><\/div>\r\n<\/div>\r\n<!-- \/wp:media-text -->\r\n\r\n<!-- wp:paragraph -->\r\n<p style=\"text-align: center;\">\u00a0<\/p>\r\n<!-- \/wp:paragraph -->","protected":false},"excerpt":{"rendered":"<p>Corpus Christi UNIFORME PARA NOSSOS TRABALHADORES DA RECICLAGEM. \u00a0 Inaugura\u00e7\u00e3o da constru\u00e7\u00e3o do Centro Especializado de Assist\u00eancia Social (CREAS) &#8220;Maria Fernanda Jesus Braga&#8221; Mais investimentos [&#8230;]<\/p>\n","protected":false},"author":2,"featured_media":0,"parent":0,"menu_order":0,"comment_status":"closed","ping_status":"closed","template":"","meta":[],"yoast_head":"<!-- This site is optimized with the Yoast SEO plugin v17.6 - https:\/\/yoast.com\/wordpress\/plugins\/seo\/ -->\n<title>Noticias - C\u00e2mara Municipal de Florest\u00f3polis<\/title>\n<meta name=\"robots\" content=\"index, follow, max-snippet:-1, max-image-preview:large, max-video-preview:-1\" \/>\n<link rel=\"canonical\" href=\"https:\/\/cmflorestopolis.pr.gov.br\/?page_id=399\" \/>\n<meta property=\"og:locale\" content=\"pt_BR\" \/>\n<meta property=\"og:type\" content=\"article\" \/>\n<meta property=\"og:title\" content=\"Noticias - C\u00e2mara Municipal de Florest\u00f3polis\" \/>\n<meta property=\"og:description\" content=\"Corpus Christi UNIFORME PARA NOSSOS TRABALHADORES DA RECICLAGEM. \u00a0 Inaugura\u00e7\u00e3o da constru\u00e7\u00e3o do Centro Especializado de Assist\u00eancia Social (CREAS) &#8220;Maria Fernanda Jesus Braga&#8221; Mais investimentos [...]\" \/>\n<meta property=\"og:url\" content=\"https:\/\/cmflorestopolis.pr.gov.br\/?page_id=399\" \/>\n<meta property=\"og:site_name\" content=\"C\u00e2mara Municipal de Florest\u00f3polis\" \/>\n<meta property=\"article:modified_time\" content=\"2025-06-19T01:52:37+00:00\" \/>\n<meta property=\"og:image\" content=\"https:\/\/cmflorestopolis.pr.gov.br\/wp-content\/uploads\/2025\/06\/WhatsApp-Image-2025-06-18-at-09.38.48-202x300.jpeg\" \/>\n<meta name=\"twitter:card\" content=\"summary_large_image\" \/>\n<meta name=\"twitter:label1\" content=\"Est. tempo de leitura\" \/>\n\t<meta name=\"twitter:data1\" content=\"2 minutos\" \/>\n<script type=\"application\/ld+json\" class=\"yoast-schema-graph\">{\"@context\":\"https:\/\/schema.org\",\"@graph\":[{\"@type\":\"WebSite\",\"@id\":\"https:\/\/cmflorestopolis.pr.gov.br\/#website\",\"url\":\"https:\/\/cmflorestopolis.pr.gov.br\/\",\"name\":\"C\\u00e2mara Municipal de Florest\\u00f3polis\",\"description\":\"\",\"potentialAction\":[{\"@type\":\"SearchAction\",\"target\":{\"@type\":\"EntryPoint\",\"urlTemplate\":\"https:\/\/cmflorestopolis.pr.gov.br\/?s={search_term_string}\"},\"query-input\":\"required name=search_term_string\"}],\"inLanguage\":\"pt-BR\"},{\"@type\":\"ImageObject\",\"@id\":\"https:\/\/cmflorestopolis.pr.gov.br\/?page_id=399#primaryimage\",\"inLanguage\":\"pt-BR\",\"url\":\"https:\/\/cmflorestopolis.pr.gov.br\/wp-content\/uploads\/2025\/06\/WhatsApp-Image-2025-06-18-at-09.38.48.jpeg\",\"contentUrl\":\"https:\/\/cmflorestopolis.pr.gov.br\/wp-content\/uploads\/2025\/06\/WhatsApp-Image-2025-06-18-at-09.38.48.jpeg\",\"width\":1076,\"height\":1600},{\"@type\":\"WebPage\",\"@id\":\"https:\/\/cmflorestopolis.pr.gov.br\/?page_id=399#webpage\",\"url\":\"https:\/\/cmflorestopolis.pr.gov.br\/?page_id=399\",\"name\":\"Noticias - C\\u00e2mara Municipal de Florest\\u00f3polis\",\"isPartOf\":{\"@id\":\"https:\/\/cmflorestopolis.pr.gov.br\/#website\"},\"primaryImageOfPage\":{\"@id\":\"https:\/\/cmflorestopolis.pr.gov.br\/?page_id=399#primaryimage\"},\"datePublished\":\"2021-07-10T18:01:58+00:00\",\"dateModified\":\"2025-06-19T01:52:37+00:00\",\"breadcrumb\":{\"@id\":\"https:\/\/cmflorestopolis.pr.gov.br\/?page_id=399#breadcrumb\"},\"inLanguage\":\"pt-BR\",\"potentialAction\":[{\"@type\":\"ReadAction\",\"target\":[\"https:\/\/cmflorestopolis.pr.gov.br\/?page_id=399\"]}]},{\"@type\":\"BreadcrumbList\",\"@id\":\"https:\/\/cmflorestopolis.pr.gov.br\/?page_id=399#breadcrumb\",\"itemListElement\":[{\"@type\":\"ListItem\",\"position\":1,\"name\":\"In\\u00edcio\",\"item\":\"https:\/\/cmflorestopolis.pr.gov.br\/\"},{\"@type\":\"ListItem\",\"position\":2,\"name\":\"Noticias\"}]}]}<\/script>\n<!-- \/ Yoast SEO plugin. -->","yoast_head_json":{"title":"Noticias - C\u00e2mara Municipal de Florest\u00f3polis","robots":{"index":"index","follow":"follow","max-snippet":"max-snippet:-1","max-image-preview":"max-image-preview:large","max-video-preview":"max-video-preview:-1"},"canonical":"https:\/\/cmflorestopolis.pr.gov.br\/?page_id=399","og_locale":"pt_BR","og_type":"article","og_title":"Noticias - C\u00e2mara Municipal de Florest\u00f3polis","og_description":"Corpus Christi UNIFORME PARA NOSSOS TRABALHADORES DA RECICLAGEM. \u00a0 Inaugura\u00e7\u00e3o da constru\u00e7\u00e3o do Centro Especializado de Assist\u00eancia Social (CREAS) &#8220;Maria Fernanda Jesus Braga&#8221; Mais investimentos [...]","og_url":"https:\/\/cmflorestopolis.pr.gov.br\/?page_id=399","og_site_name":"C\u00e2mara Municipal de Florest\u00f3polis","article_modified_time":"2025-06-19T01:52:37+00:00","og_image":[{"url":"https:\/\/cmflorestopolis.pr.gov.br\/wp-content\/uploads\/2025\/06\/WhatsApp-Image-2025-06-18-at-09.38.48-202x300.jpeg"}],"twitter_card":"summary_large_image","twitter_misc":{"Est. tempo de leitura":"2 minutos"},"schema":{"@context":"https:\/\/schema.org","@graph":[{"@type":"WebSite","@id":"https:\/\/cmflorestopolis.pr.gov.br\/#website","url":"https:\/\/cmflorestopolis.pr.gov.br\/","name":"C\u00e2mara Municipal de Florest\u00f3polis","description":"","potentialAction":[{"@type":"SearchAction","target":{"@type":"EntryPoint","urlTemplate":"https:\/\/cmflorestopolis.pr.gov.br\/?s={search_term_string}"},"query-input":"required name=search_term_string"}],"inLanguage":"pt-BR"},{"@type":"ImageObject","@id":"https:\/\/cmflorestopolis.pr.gov.br\/?page_id=399#primaryimage","inLanguage":"pt-BR","url":"https:\/\/cmflorestopolis.pr.gov.br\/wp-content\/uploads\/2025\/06\/WhatsApp-Image-2025-06-18-at-09.38.48.jpeg","contentUrl":"https:\/\/cmflorestopolis.pr.gov.br\/wp-content\/uploads\/2025\/06\/WhatsApp-Image-2025-06-18-at-09.38.48.jpeg","width":1076,"height":1600},{"@type":"WebPage","@id":"https:\/\/cmflorestopolis.pr.gov.br\/?page_id=399#webpage","url":"https:\/\/cmflorestopolis.pr.gov.br\/?page_id=399","name":"Noticias - C\u00e2mara Municipal de Florest\u00f3polis","isPartOf":{"@id":"https:\/\/cmflorestopolis.pr.gov.br\/#website"},"primaryImageOfPage":{"@id":"https:\/\/cmflorestopolis.pr.gov.br\/?page_id=399#primaryimage"},"datePublished":"2021-07-10T18:01:58+00:00","dateModified":"2025-06-19T01:52:37+00:00","breadcrumb":{"@id":"https:\/\/cmflorestopolis.pr.gov.br\/?page_id=399#breadcrumb"},"inLanguage":"pt-BR","potentialAction":[{"@type":"ReadAction","target":["https:\/\/cmflorestopolis.pr.gov.br\/?page_id=399"]}]},{"@type":"BreadcrumbList","@id":"https:\/\/cmflorestopolis.pr.gov.br\/?page_id=399#breadcrumb","itemListElement":[{"@type":"ListItem","position":1,"name":"In\u00edcio","item":"https:\/\/cmflorestopolis.pr.gov.br\/"},{"@type":"ListItem","position":2,"name":"Noticias"}]}]}},"_links":{"self":[{"href":"https:\/\/cmflorestopolis.pr.gov.br\/index.php?rest_route=\/wp\/v2\/pages\/399"}],"collection":[{"href":"https:\/\/cmflorestopolis.pr.gov.br\/index.php?rest_route=\/wp\/v2\/pages"}],"about":[{"href":"https:\/\/cmflorestopolis.pr.gov.br\/index.php?rest_route=\/wp\/v2\/types\/page"}],"author":[{"embeddable":true,"href":"https:\/\/cmflorestopolis.pr.gov.br\/index.php?rest_route=\/wp\/v2\/users\/2"}],"replies":[{"embeddable":true,"href":"https:\/\/cmflorestopolis.pr.gov.br\/index.php?rest_route=%2Fwp%2Fv2%2Fcomments&post=399"}],"version-history":[{"count":31,"href":"https:\/\/cmflorestopolis.pr.gov.br\/index.php?rest_route=\/wp\/v2\/pages\/399\/revisions"}],"predecessor-version":[{"id":5287,"href":"https:\/\/cmflorestopolis.pr.gov.br\/index.php?rest_route=\/wp\/v2\/pages\/399\/revisions\/5287"}],"wp:attachment":[{"href":"https:\/\/cmflorestopolis.pr.gov.br\/index.php?rest_route=%2Fwp%2Fv2%2Fmedia&parent=399"}],"curies":[{"name":"wp","href":"https:\/\/api.w.org\/{rel}","templated":true}]}}