{"id":398,"date":"2021-07-10T15:01:58","date_gmt":"2021-07-10T18:01:58","guid":{"rendered":"https:\/\/camara897460250.wordpress.com\/?page_id=398"},"modified":"2025-01-10T14:28:09","modified_gmt":"2025-01-10T14:28:09","slug":"mesa-diretoria","status":"publish","type":"page","link":"https:\/\/cmflorestopolis.pr.gov.br\/?page_id=398","title":{"rendered":"Mesa Diretoria"},"content":{"rendered":"<p><b><span data-contrast=\"auto\">MESA EXECUTIVA \u2013 BI\u00caNIO: 2025\/2026.\u00a0\u00a0\u00a0\u00a0\u00a0<\/span><\/b><span data-ccp-props=\"{&quot;201341983&quot;:0,&quot;335559737&quot;:-285,&quot;335559739&quot;:200,&quot;335559740&quot;:276,&quot;335559991&quot;:567}\">\u00a0<\/span><\/p>\n<p><b><span data-contrast=\"auto\">PRESIDENTE:\u00a0\u00a0\u00a0\u00a0\u00a0\u00a0\u00a0\u00a0\u00a0\u00a0\u00a0 <\/span><\/b><span data-contrast=\"auto\">DENYS TEIXEIRA SAUL \u2013 <\/span><b><span data-contrast=\"auto\">(PSD)\u00a0\u00a0\u00a0\u00a0\u00a0\u00a0<\/span><\/b><span data-contrast=\"auto\">\u00a0 \u00a0 \u00a0 \u00a0 \u00a0 \u00a0 \u00a0 \u00a0 \u00a0 \u00a0 \u00a0 \u00a0 \u00a0 \u00a0 \u00a0 \u00a0<\/span><\/p>\n<p><b><span data-contrast=\"auto\">VICE-PRESIDENTE:\u00a0 <\/span><\/b><span data-contrast=\"auto\">VALMIR CL\u00c1UDIO RODRIGUES \u2013 <\/span><b><span data-contrast=\"auto\">UNI\u00c3O BRASIL\u00a0\u00a0\u00a0\u00a0\u00a0\u00a0<\/span><\/b><\/p>\n<p><b><span data-contrast=\"auto\">1\u00b0 SECRET\u00c1RIO:\u00a0\u00a0\u00a0\u00a0\u00a0\u00a0 <\/span><\/b><span data-contrast=\"auto\">AYRTON CAPASSI \u2013 <\/span><b><span data-contrast=\"auto\">PSD\u00a0\u00a0\u00a0\u00a0\u00a0\u00a0\u00a0\u00a0\u00a0\u00a0\u00a0\u00a0\u00a0\u00a0\u00a0\u00a0\u00a0\u00a0\u00a0\u00a0\u00a0\u00a0\u00a0\u00a0\u00a0\u00a0\u00a0\u00a0\u00a0\u00a0\u00a0\u00a0\u00a0\u00a0\u00a0\u00a0\u00a0\u00a0\u00a0\u00a0\u00a0\u00a0\u00a0\u00a0\u00a0\u00a0\u00a0 <\/span><\/b><span data-ccp-props=\"{&quot;201341983&quot;:0,&quot;335559737&quot;:-285,&quot;335559739&quot;:200,&quot;335559740&quot;:276,&quot;335559991&quot;:567,&quot;469777462&quot;:[5103],&quot;469777927&quot;:[0],&quot;469777928&quot;:[1]}\">\u00a0<\/span><\/p>\n<p><b><span data-contrast=\"auto\">2\u00b0 SECRET\u00c1RIO:\u00a0\u00a0\u00a0\u00a0\u00a0\u00a0 <\/span><\/b><span data-contrast=\"auto\">GUILHERME DA FONSECA BRAZ \u2013 <\/span><b><span data-contrast=\"auto\">UNI\u00c3O BRASIL\u00a0\u00a0<\/span><\/b><\/p>\n<p><span data-ccp-props=\"{&quot;201341983&quot;:0,&quot;335559685&quot;:-567,&quot;335559737&quot;:-285,&quot;335559739&quot;:200,&quot;335559740&quot;:276}\">\u00a0<\/span><\/p>\n<p><b><span data-contrast=\"auto\">COMISS\u00c3O DE LEGISLA\u00c7\u00c3O, JUSTI\u00c7A E REDA\u00c7\u00c3O FINAL<\/span><\/b><span data-ccp-props=\"{&quot;201341983&quot;:0,&quot;335559685&quot;:-567,&quot;335559737&quot;:-285,&quot;335559739&quot;:200,&quot;335559740&quot;:276}\">\u00a0<\/span><\/p>\n<p><b><span data-contrast=\"auto\">PRESIDENTE:\u00a0\u00a0 <\/span><\/b><span data-contrast=\"auto\">VALDETE JOS\u00c9 DE SOUZA \u2013 <\/span><b><span data-contrast=\"auto\">PSD\u00a0 \u00a0 \u00a0 \u00a0 \u00a0 \u00a0 \u00a0 \u00a0 \u00a0 \u00a0 \u00a0 \u00a0 \u00a0 \u00a0 \u00a0 \u00a0 \u00a0<\/span><\/b><\/p>\n<p><b><span data-contrast=\"auto\">RELATOR:<\/span><\/b><span data-contrast=\"auto\">\u00a0\u00a0\u00a0\u00a0\u00a0<\/span><b><span data-contrast=\"auto\">\u00a0\u00a0 <\/span><\/b><span data-contrast=\"auto\">MARINHO NOVAIS LUZ NETO<\/span><b><span data-contrast=\"auto\"> \u2013 PL\u00a0\u00a0\u00a0\u00a0\u00a0\u00a0\u00a0\u00a0\u00a0\u00a0\u00a0\u00a0\u00a0\u00a0\u00a0\u00a0\u00a0\u00a0\u00a0\u00a0\u00a0\u00a0\u00a0\u00a0\u00a0\u00a0\u00a0\u00a0\u00a0 <\/span><\/b><span data-contrast=\"auto\">\u00a0 \u00a0 \u00a0 \u00a0 \u00a0<\/span><span data-ccp-props=\"{&quot;201341983&quot;:0,&quot;335559685&quot;:-567,&quot;335559737&quot;:-285,&quot;335559739&quot;:200,&quot;335559740&quot;:276,&quot;469777462&quot;:[1276,5103],&quot;469777927&quot;:[0,0],&quot;469777928&quot;:[1,1]}\">\u00a0<\/span><\/p>\n<p><b><span data-contrast=\"auto\">SECRET\u00c1RIO:<\/span><\/b><span data-contrast=\"auto\">\u00a0 VALMIR CL\u00c1UDIO RODRIGUES \u2013 <\/span><b><span data-contrast=\"auto\">UNI\u00c3O BRASIL\u00a0\u00a0<\/span><\/b><span data-contrast=\"auto\">\u00a0 \u00a0\u00a0<\/span><\/p>\n<p><span data-ccp-props=\"{&quot;201341983&quot;:0,&quot;335559685&quot;:-567,&quot;335559737&quot;:-285,&quot;335559739&quot;:200,&quot;335559740&quot;:276}\">\u00a0<\/span><\/p>\n<p><b><span data-contrast=\"auto\">COMISS\u00c3O DE FINAN\u00c7AS E OR\u00c7AMENTO<\/span><\/b><span data-ccp-props=\"{&quot;201341983&quot;:0,&quot;335559685&quot;:-567,&quot;335559737&quot;:-285,&quot;335559739&quot;:200,&quot;335559740&quot;:276}\">\u00a0<\/span><\/p>\n<p><b><span data-contrast=\"auto\">PRESIDENTE:\u00a0\u00a0 <\/span><\/b><span data-contrast=\"auto\">MARINHO NOVAIS LUZ NETO<\/span><b><span data-contrast=\"auto\"> \u2013 PL\u00a0\u00a0\u00a0\u00a0\u00a0\u00a0\u00a0\u00a0\u00a0\u00a0\u00a0\u00a0\u00a0\u00a0\u00a0\u00a0\u00a0\u00a0\u00a0\u00a0\u00a0\u00a0\u00a0\u00a0\u00a0\u00a0\u00a0\u00a0\u00a0\u00a0<\/span><\/b><\/p>\n<p><b><span data-contrast=\"auto\">RELATOR:<\/span><\/b><span data-contrast=\"auto\">\u00a0\u00a0\u00a0\u00a0\u00a0\u00a0\u00a0\u00a0 SILVIO JORGE DE OLIVEIRA \u2013 <\/span><b><span data-contrast=\"auto\">UNI\u00c3O BRASIL\u00a0\u00a0\u00a0\u00a0\u00a0\u00a0\u00a0\u00a0\u00a0<\/span><\/b><span data-contrast=\"auto\">\u00a0 \u00a0<\/span><\/p>\n<p><b><span data-contrast=\"auto\">SECRET\u00c1RIO:<\/span><\/b><span data-contrast=\"auto\">\u00a0\u00a0 AYRTON CAPASSI \u2013 <\/span><b><span data-contrast=\"auto\">PSD<\/span><\/b><span data-contrast=\"auto\">\u00a0 \u00a0 \u00a0 \u00a0 \u00a0 \u00a0 \u00a0 \u00a0 \u00a0 \u00a0 \u00a0 \u00a0 \u00a0 \u00a0 \u00a0 \u00a0 \u00a0 \u00a0 \u00a0 \u00a0 \u00a0 \u00a0 \u00a0 \u00a0\u00a0<\/span><\/p>\n<p><span data-ccp-props=\"{&quot;201341983&quot;:0,&quot;335559685&quot;:-567,&quot;335559737&quot;:-285,&quot;335559739&quot;:200,&quot;335559740&quot;:276}\">\u00a0<\/span><\/p>\n<p><b><span data-contrast=\"auto\">COMISS\u00c3O DE OBRAS, SERVI\u00c7OS P\u00daBLICOS, AGROIND\u00daSTRIA, COM\u00c9RCIO E TURISMO<\/span><\/b><span data-ccp-props=\"{&quot;201341983&quot;:0,&quot;335559685&quot;:-567,&quot;335559737&quot;:-285,&quot;335559739&quot;:200,&quot;335559740&quot;:276}\">\u00a0<\/span><\/p>\n<p><b><span data-contrast=\"auto\">PRESIDENTE:\u00a0 <\/span><\/b><span data-contrast=\"auto\">GUILHERME DA FONSECA BRAZ \u2013 <\/span><b><span data-contrast=\"auto\">UNI\u00c3O BRASIL\u00a0\u00a0<\/span><\/b><span data-contrast=\"auto\"> \u00a0<\/span><\/p>\n<p><b><span data-contrast=\"auto\">RELATOR:<\/span><\/b><span data-contrast=\"auto\">\u00a0\u00a0\u00a0\u00a0\u00a0\u00a0\u00a0 NELSON GON\u00c7ALVES CORREIA \u2013 <\/span><b><span data-contrast=\"auto\">PV\u00a0\u00a0\u00a0<\/span><\/b><span data-contrast=\"auto\">\u00a0 \u00a0 \u00a0 \u00a0 \u00a0 \u00a0 \u00a0 \u00a0 \u00a0 \u00a0 \u00a0\u00a0<\/span><\/p>\n<p><b><span data-contrast=\"auto\">SECRET\u00c1RIO:<\/span><\/b><span data-contrast=\"auto\">\u00a0 VALDETE JOS\u00c9 DE SOUZA \u2013 <\/span><b><span data-contrast=\"auto\">PSD\u00a0\u00a0\u00a0\u00a0\u00a0\u00a0\u00a0\u00a0\u00a0\u00a0<\/span><\/b><span data-contrast=\"auto\">\u00a0\u00a0\u00a0\u00a0\u00a0\u00a0\u00a0\u00a0\u00a0\u00a0\u00a0\u00a0\u00a0\u00a0\u00a0\u00a0\u00a0\u00a0\u00a0\u00a0\u00a0\u00a0\u00a0\u00a0 <\/span><\/p>\n<p>&nbsp;<\/p>\n<p><b><span data-contrast=\"auto\">COMISS\u00c3O DE EDUCA\u00c7\u00c3O, SA\u00daDE E ASSIST\u00caNCIA SOCIAL<\/span><\/b><span data-ccp-props=\"{&quot;201341983&quot;:0,&quot;335559685&quot;:-567,&quot;335559737&quot;:-285,&quot;335559739&quot;:200,&quot;335559740&quot;:276}\">\u00a0<\/span><\/p>\n<p><b><span data-contrast=\"auto\">PRESIDENTE:\u00a0 <\/span><\/b><span data-contrast=\"auto\">VALMIR CL\u00c1UDIO RODRIGUES \u2013 <\/span><b><span data-contrast=\"auto\">UNI\u00c3O BRASIL\u00a0\u00a0\u00a0\u00a0\u00a0\u00a0\u00a0<\/span><\/b><\/p>\n<p><b><span data-contrast=\"auto\">RELATOR:<\/span><\/b><span data-contrast=\"auto\">\u00a0\u00a0\u00a0\u00a0\u00a0\u00a0\u00a0 GUILHERME DA FONSECA BRAZ \u2013 <\/span><b><span data-contrast=\"auto\">UNI\u00c3O BRASIL\u00a0\u00a0\u00a0<\/span><\/b><span data-contrast=\"auto\">\u00a0<\/span><\/p>\n<p><b><span data-contrast=\"auto\">SECRET\u00c1RIO:<\/span><\/b><span data-contrast=\"auto\">\u00a0 DIOGO KLEITON DA SILVA \u2013 <\/span><b><span data-contrast=\"auto\">PODEMOS\u00a0\u00a0\u00a0\u00a0\u00a0\u00a0\u00a0\u00a0\u00a0\u00a0\u00a0\u00a0\u00a0\u00a0\u00a0\u00a0\u00a0\u00a0\u00a0\u00a0<\/span><\/b><span data-contrast=\"auto\"> \u00a0<\/span><\/p>\n<p><span data-ccp-props=\"{&quot;201341983&quot;:0,&quot;335559685&quot;:-567,&quot;335559737&quot;:-285,&quot;335559739&quot;:200,&quot;335559740&quot;:276}\">\u00a0<\/span><\/p>\n<p><b><span data-contrast=\"auto\">FLOREST\u00d3POLIS &#8211; PR, DIA 06\/01\/2025.<\/span><\/b><span data-ccp-props=\"{&quot;201341983&quot;:0,&quot;335559685&quot;:-567,&quot;335559737&quot;:-285,&quot;335559739&quot;:200,&quot;335559740&quot;:276}\">\u00a0<\/span><\/p>\n","protected":false},"excerpt":{"rendered":"<p>MESA EXECUTIVA \u2013 BI\u00caNIO: 2025\/2026.\u00a0\u00a0\u00a0\u00a0\u00a0\u00a0 PRESIDENTE:\u00a0\u00a0\u00a0\u00a0\u00a0\u00a0\u00a0\u00a0\u00a0\u00a0\u00a0 DENYS TEIXEIRA SAUL \u2013 (PSD)\u00a0\u00a0\u00a0\u00a0\u00a0\u00a0\u00a0 \u00a0 \u00a0 \u00a0 \u00a0 \u00a0 \u00a0 \u00a0 \u00a0 \u00a0 \u00a0 \u00a0 \u00a0 \u00a0 \u00a0 [&#8230;]<\/p>\n","protected":false},"author":2,"featured_media":0,"parent":0,"menu_order":0,"comment_status":"closed","ping_status":"closed","template":"","meta":[],"yoast_head":"<!-- This site is optimized with the Yoast SEO plugin v17.6 - https:\/\/yoast.com\/wordpress\/plugins\/seo\/ -->\n<title>Mesa Diretoria - C\u00e2mara Municipal de Florest\u00f3polis<\/title>\n<meta name=\"robots\" content=\"index, follow, max-snippet:-1, max-image-preview:large, max-video-preview:-1\" \/>\n<link rel=\"canonical\" href=\"https:\/\/cmflorestopolis.pr.gov.br\/?page_id=398\" \/>\n<meta property=\"og:locale\" content=\"pt_BR\" \/>\n<meta property=\"og:type\" content=\"article\" \/>\n<meta property=\"og:title\" content=\"Mesa Diretoria - C\u00e2mara Municipal de Florest\u00f3polis\" \/>\n<meta property=\"og:description\" content=\"MESA EXECUTIVA \u2013 BI\u00caNIO: 2025\/2026.\u00a0\u00a0\u00a0\u00a0\u00a0\u00a0 PRESIDENTE:\u00a0\u00a0\u00a0\u00a0\u00a0\u00a0\u00a0\u00a0\u00a0\u00a0\u00a0 DENYS TEIXEIRA SAUL \u2013 (PSD)\u00a0\u00a0\u00a0\u00a0\u00a0\u00a0\u00a0 \u00a0 \u00a0 \u00a0 \u00a0 \u00a0 \u00a0 \u00a0 \u00a0 \u00a0 \u00a0 \u00a0 \u00a0 \u00a0 \u00a0 [...]\" \/>\n<meta property=\"og:url\" content=\"https:\/\/cmflorestopolis.pr.gov.br\/?page_id=398\" \/>\n<meta property=\"og:site_name\" content=\"C\u00e2mara Municipal de Florest\u00f3polis\" \/>\n<meta property=\"article:modified_time\" content=\"2025-01-10T14:28:09+00:00\" \/>\n<meta name=\"twitter:card\" content=\"summary_large_image\" \/>\n<meta name=\"twitter:label1\" content=\"Est. tempo de leitura\" \/>\n\t<meta name=\"twitter:data1\" content=\"1 minuto\" \/>\n<script type=\"application\/ld+json\" class=\"yoast-schema-graph\">{\"@context\":\"https:\/\/schema.org\",\"@graph\":[{\"@type\":\"WebSite\",\"@id\":\"https:\/\/cmflorestopolis.pr.gov.br\/#website\",\"url\":\"https:\/\/cmflorestopolis.pr.gov.br\/\",\"name\":\"C\\u00e2mara Municipal de Florest\\u00f3polis\",\"description\":\"\",\"potentialAction\":[{\"@type\":\"SearchAction\",\"target\":{\"@type\":\"EntryPoint\",\"urlTemplate\":\"https:\/\/cmflorestopolis.pr.gov.br\/?s={search_term_string}\"},\"query-input\":\"required name=search_term_string\"}],\"inLanguage\":\"pt-BR\"},{\"@type\":\"WebPage\",\"@id\":\"https:\/\/cmflorestopolis.pr.gov.br\/?page_id=398#webpage\",\"url\":\"https:\/\/cmflorestopolis.pr.gov.br\/?page_id=398\",\"name\":\"Mesa Diretoria - C\\u00e2mara Municipal de Florest\\u00f3polis\",\"isPartOf\":{\"@id\":\"https:\/\/cmflorestopolis.pr.gov.br\/#website\"},\"datePublished\":\"2021-07-10T18:01:58+00:00\",\"dateModified\":\"2025-01-10T14:28:09+00:00\",\"breadcrumb\":{\"@id\":\"https:\/\/cmflorestopolis.pr.gov.br\/?page_id=398#breadcrumb\"},\"inLanguage\":\"pt-BR\",\"potentialAction\":[{\"@type\":\"ReadAction\",\"target\":[\"https:\/\/cmflorestopolis.pr.gov.br\/?page_id=398\"]}]},{\"@type\":\"BreadcrumbList\",\"@id\":\"https:\/\/cmflorestopolis.pr.gov.br\/?page_id=398#breadcrumb\",\"itemListElement\":[{\"@type\":\"ListItem\",\"position\":1,\"name\":\"In\\u00edcio\",\"item\":\"https:\/\/cmflorestopolis.pr.gov.br\/\"},{\"@type\":\"ListItem\",\"position\":2,\"name\":\"Mesa Diretoria\"}]}]}<\/script>\n<!-- \/ Yoast SEO plugin. -->","yoast_head_json":{"title":"Mesa Diretoria - C\u00e2mara Municipal de Florest\u00f3polis","robots":{"index":"index","follow":"follow","max-snippet":"max-snippet:-1","max-image-preview":"max-image-preview:large","max-video-preview":"max-video-preview:-1"},"canonical":"https:\/\/cmflorestopolis.pr.gov.br\/?page_id=398","og_locale":"pt_BR","og_type":"article","og_title":"Mesa Diretoria - C\u00e2mara Municipal de Florest\u00f3polis","og_description":"MESA EXECUTIVA \u2013 BI\u00caNIO: 2025\/2026.\u00a0\u00a0\u00a0\u00a0\u00a0\u00a0 PRESIDENTE:\u00a0\u00a0\u00a0\u00a0\u00a0\u00a0\u00a0\u00a0\u00a0\u00a0\u00a0 DENYS TEIXEIRA SAUL \u2013 (PSD)\u00a0\u00a0\u00a0\u00a0\u00a0\u00a0\u00a0 \u00a0 \u00a0 \u00a0 \u00a0 \u00a0 \u00a0 \u00a0 \u00a0 \u00a0 \u00a0 \u00a0 \u00a0 \u00a0 \u00a0 [...]","og_url":"https:\/\/cmflorestopolis.pr.gov.br\/?page_id=398","og_site_name":"C\u00e2mara Municipal de Florest\u00f3polis","article_modified_time":"2025-01-10T14:28:09+00:00","twitter_card":"summary_large_image","twitter_misc":{"Est. tempo de leitura":"1 minuto"},"schema":{"@context":"https:\/\/schema.org","@graph":[{"@type":"WebSite","@id":"https:\/\/cmflorestopolis.pr.gov.br\/#website","url":"https:\/\/cmflorestopolis.pr.gov.br\/","name":"C\u00e2mara Municipal de Florest\u00f3polis","description":"","potentialAction":[{"@type":"SearchAction","target":{"@type":"EntryPoint","urlTemplate":"https:\/\/cmflorestopolis.pr.gov.br\/?s={search_term_string}"},"query-input":"required name=search_term_string"}],"inLanguage":"pt-BR"},{"@type":"WebPage","@id":"https:\/\/cmflorestopolis.pr.gov.br\/?page_id=398#webpage","url":"https:\/\/cmflorestopolis.pr.gov.br\/?page_id=398","name":"Mesa Diretoria - C\u00e2mara Municipal de Florest\u00f3polis","isPartOf":{"@id":"https:\/\/cmflorestopolis.pr.gov.br\/#website"},"datePublished":"2021-07-10T18:01:58+00:00","dateModified":"2025-01-10T14:28:09+00:00","breadcrumb":{"@id":"https:\/\/cmflorestopolis.pr.gov.br\/?page_id=398#breadcrumb"},"inLanguage":"pt-BR","potentialAction":[{"@type":"ReadAction","target":["https:\/\/cmflorestopolis.pr.gov.br\/?page_id=398"]}]},{"@type":"BreadcrumbList","@id":"https:\/\/cmflorestopolis.pr.gov.br\/?page_id=398#breadcrumb","itemListElement":[{"@type":"ListItem","position":1,"name":"In\u00edcio","item":"https:\/\/cmflorestopolis.pr.gov.br\/"},{"@type":"ListItem","position":2,"name":"Mesa Diretoria"}]}]}},"_links":{"self":[{"href":"https:\/\/cmflorestopolis.pr.gov.br\/index.php?rest_route=\/wp\/v2\/pages\/398"}],"collection":[{"href":"https:\/\/cmflorestopolis.pr.gov.br\/index.php?rest_route=\/wp\/v2\/pages"}],"about":[{"href":"https:\/\/cmflorestopolis.pr.gov.br\/index.php?rest_route=\/wp\/v2\/types\/page"}],"author":[{"embeddable":true,"href":"https:\/\/cmflorestopolis.pr.gov.br\/index.php?rest_route=\/wp\/v2\/users\/2"}],"replies":[{"embeddable":true,"href":"https:\/\/cmflorestopolis.pr.gov.br\/index.php?rest_route=%2Fwp%2Fv2%2Fcomments&post=398"}],"version-history":[{"count":14,"href":"https:\/\/cmflorestopolis.pr.gov.br\/index.php?rest_route=\/wp\/v2\/pages\/398\/revisions"}],"predecessor-version":[{"id":4721,"href":"https:\/\/cmflorestopolis.pr.gov.br\/index.php?rest_route=\/wp\/v2\/pages\/398\/revisions\/4721"}],"wp:attachment":[{"href":"https:\/\/cmflorestopolis.pr.gov.br\/index.php?rest_route=%2Fwp%2Fv2%2Fmedia&parent=398"}],"curies":[{"name":"wp","href":"https:\/\/api.w.org\/{rel}","templated":true}]}}