{"id":3940,"date":"2023-04-10T01:08:09","date_gmt":"2023-04-10T01:08:09","guid":{"rendered":"https:\/\/cmflorestopolis.pr.gov.br\/?page_id=3940"},"modified":"2023-04-10T01:08:09","modified_gmt":"2023-04-10T01:08:09","slug":"pascoa","status":"publish","type":"page","link":"https:\/\/cmflorestopolis.pr.gov.br\/?page_id=3940","title":{"rendered":"P\u00e1scoa"},"content":{"rendered":"<p><img loading=\"lazy\" class=\"alignnone size-medium wp-image-3941\" src=\"https:\/\/cmflorestopolis.pr.gov.br\/wp-content\/uploads\/2023\/04\/pascoa-significado-jesus-cristo-cruz-crucificacao-cristianismo-cristao-1617226182516_v2_900x506-300x169.jpg\" alt=\"\" width=\"300\" height=\"169\" srcset=\"https:\/\/cmflorestopolis.pr.gov.br\/wp-content\/uploads\/2023\/04\/pascoa-significado-jesus-cristo-cruz-crucificacao-cristianismo-cristao-1617226182516_v2_900x506-300x169.jpg 300w, https:\/\/cmflorestopolis.pr.gov.br\/wp-content\/uploads\/2023\/04\/pascoa-significado-jesus-cristo-cruz-crucificacao-cristianismo-cristao-1617226182516_v2_900x506.jpg 900w, https:\/\/cmflorestopolis.pr.gov.br\/wp-content\/uploads\/2023\/04\/pascoa-significado-jesus-cristo-cruz-crucificacao-cristianismo-cristao-1617226182516_v2_900x506-300x169@2x.jpg 600w\" sizes=\"(max-width: 300px) 100vw, 300px\" \/><\/p>\n<p>Prezados cidad\u00e3os e cidad\u00e3s de Florest\u00f3polis,<\/p>\n<p>\u00c9 com muita alegria que a C\u00e2mara Municipal de Florest\u00f3polis deseja a todos uma feliz P\u00e1scoa!<\/p>\n<p>Que este momento de renova\u00e7\u00e3o e esperan\u00e7a traga muita paz, amor e harmonia aos lares de nossa querida cidade. Que possamos celebrar esta data especial junto \u00e0queles que amamos, compartilhando momentos felizes e cheios de significado.<\/p>\n<p>Que a P\u00e1scoa nos inspire a praticar o bem, a solidariedade e a compaix\u00e3o, fortalecendo os la\u00e7os de fraternidade e coopera\u00e7\u00e3o entre todos os moradores de Florest\u00f3polis.<\/p>\n<p>Desejamos uma P\u00e1scoa aben\u00e7oada a todos, repleta de luz, f\u00e9 e esperan\u00e7a em dias melhores.<\/p>\n<p>Feliz P\u00e1scoa!<\/p>\n<p>Atenciosamente,<br \/>\nC\u00e2mara Municipal de Florest\u00f3polis<\/p>\n","protected":false},"excerpt":{"rendered":"<p>Prezados cidad\u00e3os e cidad\u00e3s de Florest\u00f3polis, \u00c9 com muita alegria que a C\u00e2mara Municipal de Florest\u00f3polis deseja a todos uma feliz P\u00e1scoa! Que este momento [&#8230;]<\/p>\n","protected":false},"author":1,"featured_media":0,"parent":0,"menu_order":0,"comment_status":"closed","ping_status":"closed","template":"","meta":[],"yoast_head":"<!-- This site is optimized with the Yoast SEO plugin v17.6 - https:\/\/yoast.com\/wordpress\/plugins\/seo\/ -->\n<title>P\u00e1scoa - C\u00e2mara Municipal de Florest\u00f3polis<\/title>\n<meta name=\"robots\" content=\"index, follow, max-snippet:-1, max-image-preview:large, max-video-preview:-1\" \/>\n<link rel=\"canonical\" href=\"https:\/\/cmflorestopolis.pr.gov.br\/?page_id=3940\" \/>\n<meta property=\"og:locale\" content=\"pt_BR\" \/>\n<meta property=\"og:type\" content=\"article\" \/>\n<meta property=\"og:title\" content=\"P\u00e1scoa - C\u00e2mara Municipal de Florest\u00f3polis\" \/>\n<meta property=\"og:description\" content=\"Prezados cidad\u00e3os e cidad\u00e3s de Florest\u00f3polis, \u00c9 com muita alegria que a C\u00e2mara Municipal de Florest\u00f3polis deseja a todos uma feliz P\u00e1scoa! Que este momento [...]\" \/>\n<meta property=\"og:url\" content=\"https:\/\/cmflorestopolis.pr.gov.br\/?page_id=3940\" \/>\n<meta property=\"og:site_name\" content=\"C\u00e2mara Municipal de Florest\u00f3polis\" \/>\n<meta property=\"og:image\" content=\"https:\/\/cmflorestopolis.pr.gov.br\/wp-content\/uploads\/2023\/04\/pascoa-significado-jesus-cristo-cruz-crucificacao-cristianismo-cristao-1617226182516_v2_900x506-300x169.jpg\" \/>\n<meta name=\"twitter:card\" content=\"summary_large_image\" \/>\n<meta name=\"twitter:label1\" content=\"Est. tempo de leitura\" \/>\n\t<meta name=\"twitter:data1\" content=\"1 minuto\" \/>\n<script type=\"application\/ld+json\" class=\"yoast-schema-graph\">{\"@context\":\"https:\/\/schema.org\",\"@graph\":[{\"@type\":\"WebSite\",\"@id\":\"https:\/\/cmflorestopolis.pr.gov.br\/#website\",\"url\":\"https:\/\/cmflorestopolis.pr.gov.br\/\",\"name\":\"C\\u00e2mara Municipal de Florest\\u00f3polis\",\"description\":\"\",\"potentialAction\":[{\"@type\":\"SearchAction\",\"target\":{\"@type\":\"EntryPoint\",\"urlTemplate\":\"https:\/\/cmflorestopolis.pr.gov.br\/?s={search_term_string}\"},\"query-input\":\"required name=search_term_string\"}],\"inLanguage\":\"pt-BR\"},{\"@type\":\"ImageObject\",\"@id\":\"https:\/\/cmflorestopolis.pr.gov.br\/?page_id=3940#primaryimage\",\"inLanguage\":\"pt-BR\",\"url\":\"https:\/\/cmflorestopolis.pr.gov.br\/wp-content\/uploads\/2023\/04\/pascoa-significado-jesus-cristo-cruz-crucificacao-cristianismo-cristao-1617226182516_v2_900x506.jpg\",\"contentUrl\":\"https:\/\/cmflorestopolis.pr.gov.br\/wp-content\/uploads\/2023\/04\/pascoa-significado-jesus-cristo-cruz-crucificacao-cristianismo-cristao-1617226182516_v2_900x506.jpg\",\"width\":900,\"height\":506},{\"@type\":\"WebPage\",\"@id\":\"https:\/\/cmflorestopolis.pr.gov.br\/?page_id=3940#webpage\",\"url\":\"https:\/\/cmflorestopolis.pr.gov.br\/?page_id=3940\",\"name\":\"P\\u00e1scoa - C\\u00e2mara Municipal de Florest\\u00f3polis\",\"isPartOf\":{\"@id\":\"https:\/\/cmflorestopolis.pr.gov.br\/#website\"},\"primaryImageOfPage\":{\"@id\":\"https:\/\/cmflorestopolis.pr.gov.br\/?page_id=3940#primaryimage\"},\"datePublished\":\"2023-04-10T01:08:09+00:00\",\"dateModified\":\"2023-04-10T01:08:09+00:00\",\"breadcrumb\":{\"@id\":\"https:\/\/cmflorestopolis.pr.gov.br\/?page_id=3940#breadcrumb\"},\"inLanguage\":\"pt-BR\",\"potentialAction\":[{\"@type\":\"ReadAction\",\"target\":[\"https:\/\/cmflorestopolis.pr.gov.br\/?page_id=3940\"]}]},{\"@type\":\"BreadcrumbList\",\"@id\":\"https:\/\/cmflorestopolis.pr.gov.br\/?page_id=3940#breadcrumb\",\"itemListElement\":[{\"@type\":\"ListItem\",\"position\":1,\"name\":\"In\\u00edcio\",\"item\":\"https:\/\/cmflorestopolis.pr.gov.br\/\"},{\"@type\":\"ListItem\",\"position\":2,\"name\":\"P\\u00e1scoa\"}]}]}<\/script>\n<!-- \/ Yoast SEO plugin. -->","yoast_head_json":{"title":"P\u00e1scoa - C\u00e2mara Municipal de Florest\u00f3polis","robots":{"index":"index","follow":"follow","max-snippet":"max-snippet:-1","max-image-preview":"max-image-preview:large","max-video-preview":"max-video-preview:-1"},"canonical":"https:\/\/cmflorestopolis.pr.gov.br\/?page_id=3940","og_locale":"pt_BR","og_type":"article","og_title":"P\u00e1scoa - C\u00e2mara Municipal de Florest\u00f3polis","og_description":"Prezados cidad\u00e3os e cidad\u00e3s de Florest\u00f3polis, \u00c9 com muita alegria que a C\u00e2mara Municipal de Florest\u00f3polis deseja a todos uma feliz P\u00e1scoa! Que este momento [...]","og_url":"https:\/\/cmflorestopolis.pr.gov.br\/?page_id=3940","og_site_name":"C\u00e2mara Municipal de Florest\u00f3polis","og_image":[{"url":"https:\/\/cmflorestopolis.pr.gov.br\/wp-content\/uploads\/2023\/04\/pascoa-significado-jesus-cristo-cruz-crucificacao-cristianismo-cristao-1617226182516_v2_900x506-300x169.jpg"}],"twitter_card":"summary_large_image","twitter_misc":{"Est. tempo de leitura":"1 minuto"},"schema":{"@context":"https:\/\/schema.org","@graph":[{"@type":"WebSite","@id":"https:\/\/cmflorestopolis.pr.gov.br\/#website","url":"https:\/\/cmflorestopolis.pr.gov.br\/","name":"C\u00e2mara Municipal de Florest\u00f3polis","description":"","potentialAction":[{"@type":"SearchAction","target":{"@type":"EntryPoint","urlTemplate":"https:\/\/cmflorestopolis.pr.gov.br\/?s={search_term_string}"},"query-input":"required name=search_term_string"}],"inLanguage":"pt-BR"},{"@type":"ImageObject","@id":"https:\/\/cmflorestopolis.pr.gov.br\/?page_id=3940#primaryimage","inLanguage":"pt-BR","url":"https:\/\/cmflorestopolis.pr.gov.br\/wp-content\/uploads\/2023\/04\/pascoa-significado-jesus-cristo-cruz-crucificacao-cristianismo-cristao-1617226182516_v2_900x506.jpg","contentUrl":"https:\/\/cmflorestopolis.pr.gov.br\/wp-content\/uploads\/2023\/04\/pascoa-significado-jesus-cristo-cruz-crucificacao-cristianismo-cristao-1617226182516_v2_900x506.jpg","width":900,"height":506},{"@type":"WebPage","@id":"https:\/\/cmflorestopolis.pr.gov.br\/?page_id=3940#webpage","url":"https:\/\/cmflorestopolis.pr.gov.br\/?page_id=3940","name":"P\u00e1scoa - C\u00e2mara Municipal de Florest\u00f3polis","isPartOf":{"@id":"https:\/\/cmflorestopolis.pr.gov.br\/#website"},"primaryImageOfPage":{"@id":"https:\/\/cmflorestopolis.pr.gov.br\/?page_id=3940#primaryimage"},"datePublished":"2023-04-10T01:08:09+00:00","dateModified":"2023-04-10T01:08:09+00:00","breadcrumb":{"@id":"https:\/\/cmflorestopolis.pr.gov.br\/?page_id=3940#breadcrumb"},"inLanguage":"pt-BR","potentialAction":[{"@type":"ReadAction","target":["https:\/\/cmflorestopolis.pr.gov.br\/?page_id=3940"]}]},{"@type":"BreadcrumbList","@id":"https:\/\/cmflorestopolis.pr.gov.br\/?page_id=3940#breadcrumb","itemListElement":[{"@type":"ListItem","position":1,"name":"In\u00edcio","item":"https:\/\/cmflorestopolis.pr.gov.br\/"},{"@type":"ListItem","position":2,"name":"P\u00e1scoa"}]}]}},"_links":{"self":[{"href":"https:\/\/cmflorestopolis.pr.gov.br\/index.php?rest_route=\/wp\/v2\/pages\/3940"}],"collection":[{"href":"https:\/\/cmflorestopolis.pr.gov.br\/index.php?rest_route=\/wp\/v2\/pages"}],"about":[{"href":"https:\/\/cmflorestopolis.pr.gov.br\/index.php?rest_route=\/wp\/v2\/types\/page"}],"author":[{"embeddable":true,"href":"https:\/\/cmflorestopolis.pr.gov.br\/index.php?rest_route=\/wp\/v2\/users\/1"}],"replies":[{"embeddable":true,"href":"https:\/\/cmflorestopolis.pr.gov.br\/index.php?rest_route=%2Fwp%2Fv2%2Fcomments&post=3940"}],"version-history":[{"count":1,"href":"https:\/\/cmflorestopolis.pr.gov.br\/index.php?rest_route=\/wp\/v2\/pages\/3940\/revisions"}],"predecessor-version":[{"id":3942,"href":"https:\/\/cmflorestopolis.pr.gov.br\/index.php?rest_route=\/wp\/v2\/pages\/3940\/revisions\/3942"}],"wp:attachment":[{"href":"https:\/\/cmflorestopolis.pr.gov.br\/index.php?rest_route=%2Fwp%2Fv2%2Fmedia&parent=3940"}],"curies":[{"name":"wp","href":"https:\/\/api.w.org\/{rel}","templated":true}]}}