{"id":3873,"date":"2023-03-01T16:33:05","date_gmt":"2023-03-01T16:33:05","guid":{"rendered":"https:\/\/cmflorestopolis.pr.gov.br\/?page_id=3873"},"modified":"2023-12-13T21:52:38","modified_gmt":"2023-12-13T21:52:38","slug":"sessoes-ordinarias-2023","status":"publish","type":"page","link":"https:\/\/cmflorestopolis.pr.gov.br\/?page_id=3873","title":{"rendered":"Sess\u00f5es Ordin\u00e1rias 2023"},"content":{"rendered":"<p><b><span data-contrast=\"auto\">Sess\u00f5es Ordin\u00e1rias 2023<\/span><\/b><span data-contrast=\"auto\">\u00a0<\/span><span data-ccp-props=\"{&quot;201341983&quot;:0,&quot;335559739&quot;:160,&quot;335559740&quot;:259}\">\u00a0<\/span><\/p>\n<p><b><span data-contrast=\"auto\">As Sess\u00f5es Ordin\u00e1rias acontecem toda ter\u00e7a-feira \u00e0s 19:00<\/span><\/b><\/p>\n<h2>35\u00aa Sess\u00e3o Ordin\u00e1ria 2023<\/h2>\n<p><span data-contrast=\"none\">35\u00aa SESS\u00c3O ORDIN\u00c1RIA \u2013 12\/12\/2023<\/span><\/p>\n<p><iframe loading=\"lazy\" title=\"35\u00aa SESS\u00c3O ORDIN\u00c1RIA 12\/12\/2023\" width=\"900\" height=\"506\" src=\"https:\/\/www.youtube.com\/embed\/ItjKg_EGjkc?feature=oembed\" frameborder=\"0\" allow=\"accelerometer; autoplay; clipboard-write; encrypted-media; gyroscope; picture-in-picture; web-share\" allowfullscreen><\/iframe><\/p>\n<h2>34\u00aa Sess\u00e3o Ordin\u00e1ria 2023<\/h2>\n<p><span data-contrast=\"none\">34\u00aa SESS\u00c3O ORDIN\u00c1RIA \u2013 09\/12\/2023<\/span><\/p>\n<p><iframe loading=\"lazy\" title=\"34\u00aa SESS\u00c3O ORDIN\u00c1RIA   04\/12\/2023\" width=\"900\" height=\"506\" src=\"https:\/\/www.youtube.com\/embed\/K6OtBhG59TE?feature=oembed\" frameborder=\"0\" allow=\"accelerometer; autoplay; clipboard-write; encrypted-media; gyroscope; picture-in-picture; web-share\" allowfullscreen><\/iframe><\/p>\n<h2>33\u00aa Sess\u00e3o Ordin\u00e1ria 2023<\/h2>\n<p><span data-contrast=\"none\">33\u00aa SESS\u00c3O ORDIN\u00c1RIA \u2013 07\/11\/2023<\/span><\/p>\n<p><iframe loading=\"lazy\" title=\"33\u00aa SESS\u00c3O ORDIN\u00c1RIA   07\/11\/2023\" width=\"900\" height=\"506\" src=\"https:\/\/www.youtube.com\/embed\/_tluNejpyBQ?feature=oembed\" frameborder=\"0\" allow=\"accelerometer; autoplay; clipboard-write; encrypted-media; gyroscope; picture-in-picture; web-share\" allowfullscreen><\/iframe><\/p>\n<h2>32\u00aa Sess\u00e3o Ordin\u00e1ria 2023<\/h2>\n<p><span data-contrast=\"none\">32\u00aa SESS\u00c3O ORDIN\u00c1RIA \u2013 31\/10\/2023<\/span><\/p>\n<p><iframe loading=\"lazy\" title=\"32\u00aa SESS\u00c3O ORDIN\u00c1RIA   31\/10\/2023\" width=\"900\" height=\"506\" src=\"https:\/\/www.youtube.com\/embed\/B-A6QUwcIFw?feature=oembed\" frameborder=\"0\" allow=\"accelerometer; autoplay; clipboard-write; encrypted-media; gyroscope; picture-in-picture; web-share\" allowfullscreen><\/iframe><\/p>\n<h2>31\u00aa Sess\u00e3o Ordin\u00e1ria 2023<\/h2>\n<p><span data-contrast=\"none\">31\u00aa SESS\u00c3O ORDIN\u00c1RIA \u2013 24\/10\/2023<\/span><\/p>\n<p><iframe loading=\"lazy\" title=\"31\u00aa SESS\u00c3O ORDIN\u00c1RIA   24\/10\/2023\" width=\"900\" height=\"506\" src=\"https:\/\/www.youtube.com\/embed\/RizSxBocXFE?feature=oembed\" frameborder=\"0\" allow=\"accelerometer; autoplay; clipboard-write; encrypted-media; gyroscope; picture-in-picture; web-share\" allowfullscreen><\/iframe><\/p>\n<h2>30\u00aa Sess\u00e3o Ordin\u00e1ria 2023<\/h2>\n<p><span data-contrast=\"none\">30\u00aa SESS\u00c3O ORDIN\u00c1RIA \u2013 17\/10\/2023<\/span><\/p>\n<p><iframe loading=\"lazy\" title=\"30\u00aa SESS\u00c3O ORDIN\u00c1RIA   17\/10\/2023\" width=\"900\" height=\"506\" src=\"https:\/\/www.youtube.com\/embed\/YWBQU4Bj4l4?feature=oembed\" frameborder=\"0\" allow=\"accelerometer; autoplay; clipboard-write; encrypted-media; gyroscope; picture-in-picture; web-share\" allowfullscreen><\/iframe><\/p>\n<h2>29\u00aa Sess\u00e3o Ordin\u00e1ria 2023<\/h2>\n<p><span data-contrast=\"none\">29\u00aa SESS\u00c3O ORDIN\u00c1RIA \u2013 10\/10\/2023<\/span><\/p>\n<p><iframe loading=\"lazy\" title=\"29\u00aa SESS\u00c3O ORDIN\u00c1RIA   10\/10\/2023\" width=\"900\" height=\"506\" src=\"https:\/\/www.youtube.com\/embed\/aUk-DCLKbfA?feature=oembed\" frameborder=\"0\" allow=\"accelerometer; autoplay; clipboard-write; encrypted-media; gyroscope; picture-in-picture; web-share\" allowfullscreen><\/iframe><\/p>\n<h2>28\u00aa Sess\u00e3o Ordin\u00e1ria 2023<\/h2>\n<p><span data-contrast=\"none\">28\u00aa SESS\u00c3O ORDIN\u00c1RIA \u2013 03\/10\/2023<\/span><\/p>\n<p><iframe loading=\"lazy\" title=\"28\u00aa SESS\u00c3O ORDIN\u00c1RIA   03\/10\/2023\" width=\"900\" height=\"506\" src=\"https:\/\/www.youtube.com\/embed\/02ZrRbLEVCw?feature=oembed\" frameborder=\"0\" allow=\"accelerometer; autoplay; clipboard-write; encrypted-media; gyroscope; picture-in-picture; web-share\" allowfullscreen><\/iframe><\/p>\n<h2>27\u00aa Sess\u00e3o Ordin\u00e1ria 2023<\/h2>\n<p><span data-contrast=\"none\">27\u00aa SESS\u00c3O ORDIN\u00c1RIA \u2013 26\/09\/2023<\/span><\/p>\n<p><iframe loading=\"lazy\" title=\"27\u00aa SESS\u00c3O ORDIN\u00c1RIA   26\/09\/2023\" width=\"900\" height=\"506\" src=\"https:\/\/www.youtube.com\/embed\/iBx-p1tbepI?feature=oembed\" frameborder=\"0\" allow=\"accelerometer; autoplay; clipboard-write; encrypted-media; gyroscope; picture-in-picture; web-share\" allowfullscreen><\/iframe><\/p>\n<h2>26\u00aa Sess\u00e3o Ordin\u00e1ria 2023<\/h2>\n<p><span data-contrast=\"none\">26\u00aa SESS\u00c3O ORDIN\u00c1RIA \u2013 19\/09\/2023<\/span><\/p>\n<p><iframe loading=\"lazy\" title=\"26\u00aa SESS\u00c3O ORDIN\u00c1RIA   19\/09\/2023\" width=\"900\" height=\"506\" src=\"https:\/\/www.youtube.com\/embed\/TLXCG4rRQCI?feature=oembed\" frameborder=\"0\" allow=\"accelerometer; autoplay; clipboard-write; encrypted-media; gyroscope; picture-in-picture; web-share\" allowfullscreen><\/iframe><\/p>\n<h2>25\u00aa Sess\u00e3o Ordin\u00e1ria 2023<\/h2>\n<p><span data-contrast=\"none\">25\u00aa SESS\u00c3O ORDIN\u00c1RIA \u2013 12\/09\/2023<\/span><\/p>\n<p><iframe loading=\"lazy\" title=\"25\u00aa SESS\u00c3O ORDIN\u00c1RIA   12\/09\/2023\" width=\"900\" height=\"506\" src=\"https:\/\/www.youtube.com\/embed\/PmZFZKDVu4I?feature=oembed\" frameborder=\"0\" allow=\"accelerometer; autoplay; clipboard-write; encrypted-media; gyroscope; picture-in-picture; web-share\" allowfullscreen><\/iframe><\/p>\n<h2>24\u00aa Sess\u00e3o Ordin\u00e1ria 2023<\/h2>\n<p><span data-contrast=\"none\">24\u00aa SESS\u00c3O ORDIN\u00c1RIA \u2013 05\/09\/2023<\/span><\/p>\n<p><iframe loading=\"lazy\" title=\"24\u00aa SESS\u00c3O ORDIN\u00c1RIA   05\/09\/2023\" width=\"900\" height=\"506\" src=\"https:\/\/www.youtube.com\/embed\/xyDcqd2xQVU?feature=oembed\" frameborder=\"0\" allow=\"accelerometer; autoplay; clipboard-write; encrypted-media; gyroscope; picture-in-picture; web-share\" allowfullscreen><\/iframe><\/p>\n<h2>23\u00aa Sess\u00e3o Ordin\u00e1ria 2023<\/h2>\n<p><span data-contrast=\"none\">23\u00aa SESS\u00c3O ORDIN\u00c1RIA \u2013 29\/08\/2023<\/span><\/p>\n<p><iframe loading=\"lazy\" title=\"23\u00aa SESS\u00c3O ORDIN\u00c1RIA   29\/08\/2023\" width=\"900\" height=\"506\" src=\"https:\/\/www.youtube.com\/embed\/LJ6fLoO2C4w?start=1&#038;feature=oembed\" frameborder=\"0\" allow=\"accelerometer; autoplay; clipboard-write; encrypted-media; gyroscope; picture-in-picture; web-share\" allowfullscreen><\/iframe><\/p>\n<h2>22\u00aa Sess\u00e3o Ordin\u00e1ria 2023<\/h2>\n<p><span data-contrast=\"none\">22\u00aa SESS\u00c3O ORDIN\u00c1RIA \u2013 22\/08\/2023<\/span><\/p>\n<p><iframe loading=\"lazy\" title=\"22\u00aa SESS\u00c3O ORDIN\u00c1RIA   22\/08\/2023\" width=\"900\" height=\"506\" src=\"https:\/\/www.youtube.com\/embed\/-ycAL4LOnKk?feature=oembed\" frameborder=\"0\" allow=\"accelerometer; autoplay; clipboard-write; encrypted-media; gyroscope; picture-in-picture; web-share\" allowfullscreen><\/iframe><\/p>\n<h2>21\u00aa Sess\u00e3o Ordin\u00e1ria 2023<\/h2>\n<p><span data-contrast=\"none\">21\u00aa SESS\u00c3O ORDIN\u00c1RIA \u2013 15\/08\/2023<\/span><\/p>\n<p><iframe loading=\"lazy\" title=\"21\u00aa SESS\u00c3O ORDIN\u00c1RIA 15\/08\/2023\" width=\"900\" height=\"506\" src=\"https:\/\/www.youtube.com\/embed\/1wGaLBphY7I?feature=oembed\" frameborder=\"0\" allow=\"accelerometer; autoplay; clipboard-write; encrypted-media; gyroscope; picture-in-picture; web-share\" allowfullscreen><\/iframe><\/p>\n<h2>20\u00aa Sess\u00e3o Ordin\u00e1ria 2023<\/h2>\n<p><span data-contrast=\"none\">20\u00aa SESS\u00c3O ORDIN\u00c1RIA \u2013 08\/08\/2023<\/span><\/p>\n<p><iframe loading=\"lazy\" title=\"20\u00aa SESS\u00c3O ORDIN\u00c1RIA 08\/08\/2023\" width=\"900\" height=\"506\" src=\"https:\/\/www.youtube.com\/embed\/bVCcnbEphk8?feature=oembed\" frameborder=\"0\" allow=\"accelerometer; autoplay; clipboard-write; encrypted-media; gyroscope; picture-in-picture; web-share\" allowfullscreen><\/iframe><\/p>\n<h2>19\u00aa Sess\u00e3o Ordin\u00e1ria 2023<\/h2>\n<p><span data-contrast=\"none\">19\u00aa SESS\u00c3O ORDIN\u00c1RIA \u2013 01\/08\/2023<\/span><\/p>\n<p><iframe loading=\"lazy\" title=\"19\u00aa SESS\u00c3O ORDIN\u00c1RIA 01\/08\/2023\" width=\"900\" height=\"506\" src=\"https:\/\/www.youtube.com\/embed\/O0Ep-dZooLQ?feature=oembed\" frameborder=\"0\" allow=\"accelerometer; autoplay; clipboard-write; encrypted-media; gyroscope; picture-in-picture; web-share\" allowfullscreen><\/iframe><\/p>\n<h2>18\u00aa Sess\u00e3o Ordin\u00e1ria 2023<\/h2>\n<p><span data-contrast=\"none\">18\u00aa SESS\u00c3O ORDIN\u00c1RIA \u2013 27\/06\/2023<\/span><\/p>\n<p><iframe loading=\"lazy\" title=\"18\u00aa SESS\u00c3O ORDIN\u00c1RIA 27\/06\/2023\" width=\"900\" height=\"506\" src=\"https:\/\/www.youtube.com\/embed\/VWTXgf1d_lA?feature=oembed\" frameborder=\"0\" allow=\"accelerometer; autoplay; clipboard-write; encrypted-media; gyroscope; picture-in-picture; web-share\" allowfullscreen><\/iframe><\/p>\n<h2>17\u00aa Sess\u00e3o Ordin\u00e1ria 2023<\/h2>\n<p><span data-contrast=\"none\">17\u00aa SESS\u00c3O ORDIN\u00c1RIA \u2013 20\/06\/2023<\/span><\/p>\n<p><iframe loading=\"lazy\" title=\"17\u00aa SESS\u00c3O ORDIN\u00c1RIA 20\/06\/2023\" width=\"900\" height=\"506\" src=\"https:\/\/www.youtube.com\/embed\/AIt6KDvbVfA?feature=oembed\" frameborder=\"0\" allow=\"accelerometer; autoplay; clipboard-write; encrypted-media; gyroscope; picture-in-picture; web-share\" allowfullscreen><\/iframe><\/p>\n<h2>16\u00aa Sess\u00e3o Ordin\u00e1ria 2023<\/h2>\n<p><span data-contrast=\"none\">16\u00aa SESS\u00c3O ORDIN\u00c1RIA \u2013 13\/06\/2023<\/span><\/p>\n<p><iframe loading=\"lazy\" title=\"16\u00aa SESS\u00c3O ORDIN\u00c1RIA 13\/06\/2023\" width=\"900\" height=\"506\" src=\"https:\/\/www.youtube.com\/embed\/v6ZQefIFjd4?feature=oembed\" frameborder=\"0\" allow=\"accelerometer; autoplay; clipboard-write; encrypted-media; gyroscope; picture-in-picture; web-share\" allowfullscreen><\/iframe><\/p>\n<h2>15\u00aa Sess\u00e3o Ordin\u00e1ria 2023<\/h2>\n<p><span data-contrast=\"none\">15\u00aa SESS\u00c3O ORDIN\u00c1RIA \u2013 06\/06\/2023<\/span><\/p>\n<p><iframe loading=\"lazy\" title=\"15\u00aa SESS\u00c3O ORDIN\u00c1RIA 06\/06\/2023\" width=\"900\" height=\"506\" src=\"https:\/\/www.youtube.com\/embed\/KXjxD4r_jOA?feature=oembed\" frameborder=\"0\" allow=\"accelerometer; autoplay; clipboard-write; encrypted-media; gyroscope; picture-in-picture; web-share\" allowfullscreen><\/iframe><\/p>\n<h2>14\u00aa Sess\u00e3o Ordin\u00e1ria 2023<\/h2>\n<p><span data-contrast=\"none\">14\u00aa SESS\u00c3O ORDIN\u00c1RIA \u2013 30\/05\/2023<\/span><\/p>\n<p><iframe loading=\"lazy\" title=\"14\u00aa SESS\u00c3O ORDIN\u00c1RIA 30\/05\/2023\" width=\"900\" height=\"506\" src=\"https:\/\/www.youtube.com\/embed\/nDfq-UascZE?feature=oembed\" frameborder=\"0\" allow=\"accelerometer; autoplay; clipboard-write; encrypted-media; gyroscope; picture-in-picture; web-share\" allowfullscreen><\/iframe><\/p>\n<h2>13\u00aa Sess\u00e3o Ordin\u00e1ria 2023<\/h2>\n<p><span data-contrast=\"none\">13\u00aa SESS\u00c3O ORDIN\u00c1RIA \u2013 23\/05\/2023<\/span><\/p>\n<p><iframe loading=\"lazy\" title=\"13\u00aa SESS\u00c3O ORDIN\u00c1RIA 23\/05\/2023\" width=\"900\" height=\"506\" src=\"https:\/\/www.youtube.com\/embed\/3gAooOZ824A?feature=oembed\" frameborder=\"0\" allow=\"accelerometer; autoplay; clipboard-write; encrypted-media; gyroscope; picture-in-picture; web-share\" allowfullscreen><\/iframe><\/p>\n<h2>12\u00aa Sess\u00e3o Ordin\u00e1ria 2023<\/h2>\n<p><span data-contrast=\"none\">12\u00aa SESS\u00c3O ORDIN\u00c1RIA \u2013 16\/05\/2023<\/span><\/p>\n<p><iframe loading=\"lazy\" title=\"12\u00aa SESS\u00c3O ORDIN\u00c1RIA 16\/05\/2023\" width=\"900\" height=\"506\" src=\"https:\/\/www.youtube.com\/embed\/_dGyd_nBlYU?feature=oembed\" frameborder=\"0\" allow=\"accelerometer; autoplay; clipboard-write; encrypted-media; gyroscope; picture-in-picture; web-share\" allowfullscreen><\/iframe><\/p>\n<h2>11\u00aa Sess\u00e3o Ordin\u00e1ria 2023<\/h2>\n<p><span data-contrast=\"none\">11\u00aa SESS\u00c3O ORDIN\u00c1RIA \u2013 09\/05\/2023<\/span><\/p>\n<p><iframe loading=\"lazy\" title=\"11\u00aa SESS\u00c3O ORDIN\u00c1RIA 09\/05\/2023\" width=\"900\" height=\"506\" src=\"https:\/\/www.youtube.com\/embed\/5D2vUXxDrqw?feature=oembed\" frameborder=\"0\" allow=\"accelerometer; autoplay; clipboard-write; encrypted-media; gyroscope; picture-in-picture; web-share\" allowfullscreen><\/iframe><\/p>\n<h2>10\u00aa Sess\u00e3o Ordin\u00e1ria 2023<\/h2>\n<p><span data-contrast=\"none\">10\u00aa SESS\u00c3O ORDIN\u00c1RIA \u2013 02\/05\/2023<\/span><\/p>\n<p><iframe loading=\"lazy\" title=\"10\u00aa SESS\u00c3O ORDIN\u00c1RIA 02\/05\/2023\" width=\"900\" height=\"506\" src=\"https:\/\/www.youtube.com\/embed\/GI0F-3Qxvds?feature=oembed\" frameborder=\"0\" allow=\"accelerometer; autoplay; clipboard-write; encrypted-media; gyroscope; picture-in-picture; web-share\" allowfullscreen><\/iframe><\/p>\n<h2>09\u00aa Sess\u00e3o Ordin\u00e1ria 2023<\/h2>\n<p><span data-contrast=\"none\">09\u00aa SESS\u00c3O ORDIN\u00c1RIA \u2013 25\/04\/2023<\/span><\/p>\n<p><a href=\"https:\/\/cmflorestopolis.pr.gov.br\/wp-content\/uploads\/2023\/05\/ATA-09a-SESSAO-ORDINARIA_2023-SINTETICA.pdf\">ATA 09\u00aa SESS\u00c3O ORDIN\u00c1RIA_2023 &#8211; SINTETICA<\/a><\/p>\n<h2>08\u00aa Sess\u00e3o Ordin\u00e1ria 2023<\/h2>\n<p><span data-contrast=\"none\">08\u00aa SESS\u00c3O ORDIN\u00c1RIA \u2013 18\/04\/2023<\/span><\/p>\n<p><iframe loading=\"lazy\" title=\"08\u00aa SESS\u00c3O ORDIN\u00c1RIA 18\/04\/2023\" width=\"900\" height=\"506\" src=\"https:\/\/www.youtube.com\/embed\/rgIZYKMpkJc?feature=oembed\" frameborder=\"0\" allow=\"accelerometer; autoplay; clipboard-write; encrypted-media; gyroscope; picture-in-picture; web-share\" allowfullscreen><\/iframe><\/p>\n<h2>07\u00aa Sess\u00e3o Ordin\u00e1ria 2023<\/h2>\n<p><span data-contrast=\"none\">07\u00aa SESS\u00c3O ORDIN\u00c1RIA \u2013 11\/04\/2023<\/span><\/p>\n<p><iframe loading=\"lazy\" title=\"07\u00aa SESS\u00c3O ORDIN\u00c1RIA 11\/04\/2023\" width=\"900\" height=\"506\" src=\"https:\/\/www.youtube.com\/embed\/GPPevCgMVFg?feature=oembed\" frameborder=\"0\" allow=\"accelerometer; autoplay; clipboard-write; encrypted-media; gyroscope; picture-in-picture; web-share\" allowfullscreen><\/iframe><\/p>\n<h2>06\u00aa Sess\u00e3o Ordin\u00e1ria 2023<\/h2>\n<p><span data-contrast=\"none\">06\u00aa SESS\u00c3O ORDIN\u00c1RIA \u2013 04\/04\/2023<\/span><\/p>\n<p><iframe loading=\"lazy\" title=\"06\u00aa SESS\u00c3O ORDIN\u00c1RIA 04\/04\/2023\" width=\"900\" height=\"506\" src=\"https:\/\/www.youtube.com\/embed\/Cy8ay9WfIeA?feature=oembed\" frameborder=\"0\" allow=\"accelerometer; autoplay; clipboard-write; encrypted-media; gyroscope; picture-in-picture; web-share\" allowfullscreen><\/iframe><\/p>\n<h2>05\u00aa Sess\u00e3o Ordin\u00e1ria 2023<\/h2>\n<p><span data-contrast=\"none\">05\u00aa SESS\u00c3O ORDIN\u00c1RIA \u2013 28\/03\/2023<\/span><\/p>\n<p><iframe loading=\"lazy\" title=\"05\u00aa SESS\u00c3O ORDIN\u00c1RIA 28\/03\/2023\" width=\"900\" height=\"506\" src=\"https:\/\/www.youtube.com\/embed\/saIjF0MS-IY?feature=oembed\" frameborder=\"0\" allow=\"accelerometer; autoplay; clipboard-write; encrypted-media; gyroscope; picture-in-picture; web-share\" allowfullscreen><\/iframe><\/p>\n<h2>04\u00aa Sess\u00e3o Ordin\u00e1ria 2023<\/h2>\n<p><span data-contrast=\"none\">04\u00aa SESS\u00c3O ORDIN\u00c1RIA \u2013 21\/03\/2023<\/span><\/p>\n<p><iframe loading=\"lazy\" title=\"04\u00aa SESS\u00c3O ORDIN\u00c1RIA 21\/03\/2023\" width=\"900\" height=\"506\" src=\"https:\/\/www.youtube.com\/embed\/yvP4h_B8U3M?feature=oembed\" frameborder=\"0\" allow=\"accelerometer; autoplay; clipboard-write; encrypted-media; gyroscope; picture-in-picture; web-share\" allowfullscreen><\/iframe><\/p>\n<h2>03\u00aa Sess\u00e3o Ordin\u00e1ria 2023<\/h2>\n<p><span data-contrast=\"none\">03\u00aa SESS\u00c3O ORDIN\u00c1RIA \u2013 14\/03\/2023<\/span><\/p>\n<p><iframe loading=\"lazy\" title=\"03\u00aa SESS\u00c3O ORDIN\u00c1RIA 14\/03\/2023\" width=\"900\" height=\"506\" src=\"https:\/\/www.youtube.com\/embed\/fPmZfhqGnFE?feature=oembed\" frameborder=\"0\" allow=\"accelerometer; autoplay; clipboard-write; encrypted-media; gyroscope; picture-in-picture; web-share\" allowfullscreen><\/iframe><\/p>\n<h2>02\u00aa Sess\u00e3o Ordin\u00e1ria 2023<\/h2>\n<p><span data-contrast=\"none\">02\u00aa SESS\u00c3O ORDIN\u00c1RIA \u2013 07\/03\/2023<\/span><\/p>\n<p><iframe loading=\"lazy\" title=\"02\u00aa SESS\u00c3O ORDIN\u00c1RIA 07\/03\/2023\" width=\"900\" height=\"506\" src=\"https:\/\/www.youtube.com\/embed\/B_dmGLNVCrE?feature=oembed\" frameborder=\"0\" allow=\"accelerometer; autoplay; clipboard-write; encrypted-media; gyroscope; picture-in-picture; web-share\" allowfullscreen><\/iframe><\/p>\n<h2>01\u00aa Sess\u00e3o Ordin\u00e1ria 2023<\/h2>\n<p><span data-contrast=\"none\">01\u00aa SESS\u00c3O ORDIN\u00c1RIA \u2013 28\/02\/2023<\/span><\/p>\n<p><iframe loading=\"lazy\" title=\"01\u00aa SESS\u00c3O ORDIN\u00c1RIA 28\/02\/2023\" width=\"900\" height=\"506\" src=\"https:\/\/www.youtube.com\/embed\/PtZGFz4Aj2c?feature=oembed\" frameborder=\"0\" allow=\"accelerometer; autoplay; clipboard-write; encrypted-media; gyroscope; picture-in-picture; web-share\" allowfullscreen><\/iframe><\/p>\n","protected":false},"excerpt":{"rendered":"<p>Sess\u00f5es Ordin\u00e1rias 2023\u00a0\u00a0 As Sess\u00f5es Ordin\u00e1rias acontecem toda ter\u00e7a-feira \u00e0s 19:00 35\u00aa Sess\u00e3o Ordin\u00e1ria 2023 35\u00aa SESS\u00c3O ORDIN\u00c1RIA \u2013 12\/12\/2023 34\u00aa Sess\u00e3o Ordin\u00e1ria 2023 34\u00aa [&#8230;]<\/p>\n","protected":false},"author":1,"featured_media":0,"parent":0,"menu_order":0,"comment_status":"closed","ping_status":"closed","template":"","meta":[],"yoast_head":"<!-- This site is optimized with the Yoast SEO plugin v17.6 - https:\/\/yoast.com\/wordpress\/plugins\/seo\/ -->\n<title>Sess\u00f5es Ordin\u00e1rias 2023 - C\u00e2mara Municipal de Florest\u00f3polis<\/title>\n<meta name=\"robots\" content=\"index, follow, max-snippet:-1, max-image-preview:large, max-video-preview:-1\" \/>\n<link rel=\"canonical\" href=\"https:\/\/cmflorestopolis.pr.gov.br\/?page_id=3873\" \/>\n<meta property=\"og:locale\" content=\"pt_BR\" \/>\n<meta property=\"og:type\" content=\"article\" \/>\n<meta property=\"og:title\" content=\"Sess\u00f5es Ordin\u00e1rias 2023 - C\u00e2mara Municipal de Florest\u00f3polis\" \/>\n<meta property=\"og:description\" content=\"Sess\u00f5es Ordin\u00e1rias 2023\u00a0\u00a0 As Sess\u00f5es Ordin\u00e1rias acontecem toda ter\u00e7a-feira \u00e0s 19:00 35\u00aa Sess\u00e3o Ordin\u00e1ria 2023 35\u00aa SESS\u00c3O ORDIN\u00c1RIA \u2013 12\/12\/2023 34\u00aa Sess\u00e3o Ordin\u00e1ria 2023 34\u00aa [...]\" \/>\n<meta property=\"og:url\" content=\"https:\/\/cmflorestopolis.pr.gov.br\/?page_id=3873\" \/>\n<meta property=\"og:site_name\" content=\"C\u00e2mara Municipal de Florest\u00f3polis\" \/>\n<meta property=\"article:modified_time\" content=\"2023-12-13T21:52:38+00:00\" \/>\n<meta name=\"twitter:card\" content=\"summary_large_image\" \/>\n<meta name=\"twitter:label1\" content=\"Est. tempo de leitura\" \/>\n\t<meta name=\"twitter:data1\" content=\"2 minutos\" \/>\n<script type=\"application\/ld+json\" class=\"yoast-schema-graph\">{\"@context\":\"https:\/\/schema.org\",\"@graph\":[{\"@type\":\"WebSite\",\"@id\":\"https:\/\/cmflorestopolis.pr.gov.br\/#website\",\"url\":\"https:\/\/cmflorestopolis.pr.gov.br\/\",\"name\":\"C\\u00e2mara Municipal de Florest\\u00f3polis\",\"description\":\"\",\"potentialAction\":[{\"@type\":\"SearchAction\",\"target\":{\"@type\":\"EntryPoint\",\"urlTemplate\":\"https:\/\/cmflorestopolis.pr.gov.br\/?s={search_term_string}\"},\"query-input\":\"required name=search_term_string\"}],\"inLanguage\":\"pt-BR\"},{\"@type\":\"WebPage\",\"@id\":\"https:\/\/cmflorestopolis.pr.gov.br\/?page_id=3873#webpage\",\"url\":\"https:\/\/cmflorestopolis.pr.gov.br\/?page_id=3873\",\"name\":\"Sess\\u00f5es Ordin\\u00e1rias 2023 - C\\u00e2mara Municipal de Florest\\u00f3polis\",\"isPartOf\":{\"@id\":\"https:\/\/cmflorestopolis.pr.gov.br\/#website\"},\"datePublished\":\"2023-03-01T16:33:05+00:00\",\"dateModified\":\"2023-12-13T21:52:38+00:00\",\"breadcrumb\":{\"@id\":\"https:\/\/cmflorestopolis.pr.gov.br\/?page_id=3873#breadcrumb\"},\"inLanguage\":\"pt-BR\",\"potentialAction\":[{\"@type\":\"ReadAction\",\"target\":[\"https:\/\/cmflorestopolis.pr.gov.br\/?page_id=3873\"]}]},{\"@type\":\"BreadcrumbList\",\"@id\":\"https:\/\/cmflorestopolis.pr.gov.br\/?page_id=3873#breadcrumb\",\"itemListElement\":[{\"@type\":\"ListItem\",\"position\":1,\"name\":\"In\\u00edcio\",\"item\":\"https:\/\/cmflorestopolis.pr.gov.br\/\"},{\"@type\":\"ListItem\",\"position\":2,\"name\":\"Sess\\u00f5es Ordin\\u00e1rias 2023\"}]}]}<\/script>\n<!-- \/ Yoast SEO plugin. -->","yoast_head_json":{"title":"Sess\u00f5es Ordin\u00e1rias 2023 - C\u00e2mara Municipal de Florest\u00f3polis","robots":{"index":"index","follow":"follow","max-snippet":"max-snippet:-1","max-image-preview":"max-image-preview:large","max-video-preview":"max-video-preview:-1"},"canonical":"https:\/\/cmflorestopolis.pr.gov.br\/?page_id=3873","og_locale":"pt_BR","og_type":"article","og_title":"Sess\u00f5es Ordin\u00e1rias 2023 - C\u00e2mara Municipal de Florest\u00f3polis","og_description":"Sess\u00f5es Ordin\u00e1rias 2023\u00a0\u00a0 As Sess\u00f5es Ordin\u00e1rias acontecem toda ter\u00e7a-feira \u00e0s 19:00 35\u00aa Sess\u00e3o Ordin\u00e1ria 2023 35\u00aa SESS\u00c3O ORDIN\u00c1RIA \u2013 12\/12\/2023 34\u00aa Sess\u00e3o Ordin\u00e1ria 2023 34\u00aa [...]","og_url":"https:\/\/cmflorestopolis.pr.gov.br\/?page_id=3873","og_site_name":"C\u00e2mara Municipal de Florest\u00f3polis","article_modified_time":"2023-12-13T21:52:38+00:00","twitter_card":"summary_large_image","twitter_misc":{"Est. tempo de leitura":"2 minutos"},"schema":{"@context":"https:\/\/schema.org","@graph":[{"@type":"WebSite","@id":"https:\/\/cmflorestopolis.pr.gov.br\/#website","url":"https:\/\/cmflorestopolis.pr.gov.br\/","name":"C\u00e2mara Municipal de Florest\u00f3polis","description":"","potentialAction":[{"@type":"SearchAction","target":{"@type":"EntryPoint","urlTemplate":"https:\/\/cmflorestopolis.pr.gov.br\/?s={search_term_string}"},"query-input":"required name=search_term_string"}],"inLanguage":"pt-BR"},{"@type":"WebPage","@id":"https:\/\/cmflorestopolis.pr.gov.br\/?page_id=3873#webpage","url":"https:\/\/cmflorestopolis.pr.gov.br\/?page_id=3873","name":"Sess\u00f5es Ordin\u00e1rias 2023 - C\u00e2mara Municipal de Florest\u00f3polis","isPartOf":{"@id":"https:\/\/cmflorestopolis.pr.gov.br\/#website"},"datePublished":"2023-03-01T16:33:05+00:00","dateModified":"2023-12-13T21:52:38+00:00","breadcrumb":{"@id":"https:\/\/cmflorestopolis.pr.gov.br\/?page_id=3873#breadcrumb"},"inLanguage":"pt-BR","potentialAction":[{"@type":"ReadAction","target":["https:\/\/cmflorestopolis.pr.gov.br\/?page_id=3873"]}]},{"@type":"BreadcrumbList","@id":"https:\/\/cmflorestopolis.pr.gov.br\/?page_id=3873#breadcrumb","itemListElement":[{"@type":"ListItem","position":1,"name":"In\u00edcio","item":"https:\/\/cmflorestopolis.pr.gov.br\/"},{"@type":"ListItem","position":2,"name":"Sess\u00f5es Ordin\u00e1rias 2023"}]}]}},"_links":{"self":[{"href":"https:\/\/cmflorestopolis.pr.gov.br\/index.php?rest_route=\/wp\/v2\/pages\/3873"}],"collection":[{"href":"https:\/\/cmflorestopolis.pr.gov.br\/index.php?rest_route=\/wp\/v2\/pages"}],"about":[{"href":"https:\/\/cmflorestopolis.pr.gov.br\/index.php?rest_route=\/wp\/v2\/types\/page"}],"author":[{"embeddable":true,"href":"https:\/\/cmflorestopolis.pr.gov.br\/index.php?rest_route=\/wp\/v2\/users\/1"}],"replies":[{"embeddable":true,"href":"https:\/\/cmflorestopolis.pr.gov.br\/index.php?rest_route=%2Fwp%2Fv2%2Fcomments&post=3873"}],"version-history":[{"count":44,"href":"https:\/\/cmflorestopolis.pr.gov.br\/index.php?rest_route=\/wp\/v2\/pages\/3873\/revisions"}],"predecessor-version":[{"id":4269,"href":"https:\/\/cmflorestopolis.pr.gov.br\/index.php?rest_route=\/wp\/v2\/pages\/3873\/revisions\/4269"}],"wp:attachment":[{"href":"https:\/\/cmflorestopolis.pr.gov.br\/index.php?rest_route=%2Fwp%2Fv2%2Fmedia&parent=3873"}],"curies":[{"name":"wp","href":"https:\/\/api.w.org\/{rel}","templated":true}]}}