{"id":3798,"date":"2023-02-16T23:43:01","date_gmt":"2023-02-16T23:43:01","guid":{"rendered":"https:\/\/cmflorestopolis.pr.gov.br\/?page_id=3798"},"modified":"2023-02-17T00:03:57","modified_gmt":"2023-02-17T00:03:57","slug":"projeto-de-lei-executivo-2023","status":"publish","type":"page","link":"https:\/\/cmflorestopolis.pr.gov.br\/?page_id=3798","title":{"rendered":"Projeto de lei Executivo 2023"},"content":{"rendered":"\n<table id=\"tablepress-32\" class=\"tablepress tablepress-id-32\">\n<thead>\n<tr class=\"row-1 odd\">\n\t<th class=\"column-1\">Projetos de Lei   <\/th><th class=\"column-2\">S\u00famula<\/th><th class=\"column-3\">Situa\u00e7\u00e3o<\/th><th class=\"column-4\">Lei<\/th>\n<\/tr>\n<\/thead>\n<tbody class=\"row-hover\">\n<tr class=\"row-2 even\">\n\t<td class=\"column-1\"><a href=\"https:\/\/cmflorestopolis.pr.gov.br\/wp-content\/uploads\/2023\/02\/PL-COMP.-No-01_2023-REF.-ADEQUA-REDACAO-ART.-75-ESTATUTO-SERV._INSALUBRIDADE-INTEGRA.pdf\">PL COMP. N\u00ba 01_2023<\/a><\/td><td class=\"column-2\">Adequa a reda\u00e7\u00e3o do art.75, caput,do estatuto dos servidores do munic\u00edpio de Florest\u00f3polis e d\u00e1 outras provid\u00eancias.<\/td><td class=\"column-3\"><\/td><td class=\"column-4\"><a href=\"https:\/\/cmflorestopolis.pr.gov.br\/wp-content\/uploads\/2023\/06\/LEI-COMP.-No-41_2023-REF.-ADICIONAL-INSALUBRIDADE-SERVIDORES.pdf\">LEI COMP. N\u00ba 41<\/a><\/td>\n<\/tr>\n<tr class=\"row-3 odd\">\n\t<td class=\"column-1\"><a href=\"https:\/\/cmflorestopolis.pr.gov.br\/wp-content\/uploads\/2024\/04\/PL-COMP.-No-02_2023-REF.-SUPRESSAO-AREA-DE-RESERVA-INTEGRA-2.pdf\">PL COMP. N\u00ba 02_2023<\/a><\/td><td class=\"column-2\">Supress\u00e3o de necessidade de \u00e1rea reservada a legal em im\u00f3vel urbano.<\/td><td class=\"column-3\"><\/td><td class=\"column-4\"><a href=\"https:\/\/cmflorestopolis.pr.gov.br\/wp-content\/uploads\/2024\/04\/LEI-COMP.-No-42_2023-REF.-SUPRESSAO-AREA-VERDE-EM-IMOVEL-URBANO-1.pdf\">LEI COMP. N\u00ba 42_2023<\/a><\/td>\n<\/tr>\n<tr class=\"row-4 even\">\n\t<td class=\"column-1\"><a href=\"https:\/\/cmflorestopolis.pr.gov.br\/wp-content\/uploads\/2024\/04\/PL-COMP.-No-03_2023-REF.-TRATA-FUNCOES-GRATIFICADAS-E-ALTERA-LEI-MUN.-No-1.251_2012-INTEGRA.pdf\">PL COMP. N\u00ba 03_2023<\/a><\/td><td class=\"column-2\">Trata da sua fun\u00e7\u00f5es gratificadas e altera a lei municipal N 1.251\/2012<\/td><td class=\"column-3\"><\/td><td class=\"column-4\"><a href=\"https:\/\/cmflorestopolis.pr.gov.br\/wp-content\/uploads\/2024\/04\/LEI-COMP.-No-43_2023-REF.-TRATA-FUNCOES-GRATIFICADAS_ALTERA-LEI-MUN.-No-1.251_2012.pdf\">LEI COMP. N\u00ba 43_2023<\/a><\/td>\n<\/tr>\n<tr class=\"row-5 odd\">\n\t<td class=\"column-1\"><a href=\"https:\/\/cmflorestopolis.pr.gov.br\/wp-content\/uploads\/2023\/02\/PL-No-01_2023-REF.-AUTORIZA-EXECUTIVO-RECEBER-DOACAO-AREA-TERRAS-INTEGRA.pdf\">PL N\u00ba 01_2023<\/a><\/td><td class=\"column-2\">Autoriza o executivo a receber em doa\u00e7\u00e3o \u00e1rea de terras que espec\u00edfica e d\u00e1 outras provid\u00eancias.<\/td><td class=\"column-3\"><\/td><td class=\"column-4\"><a href=\"https:\/\/cmflorestopolis.pr.gov.br\/wp-content\/uploads\/2023\/06\/LEI-No-1655_2023-REF.-AUTORIZA-EXECUTIVO-RECEBER-DOACAO-AREA-TERRAS-RAVAGNANI.pdf\">LEI N\u00ba 1655<\/a><\/td>\n<\/tr>\n<tr class=\"row-6 even\">\n\t<td class=\"column-1\"><a href=\"https:\/\/cmflorestopolis.pr.gov.br\/wp-content\/uploads\/2023\/02\/PL-No-02_2023-REF.-REVISAO-GERAL-ANUAL-SERV.-MUNICIPAIS-INTEGRA.pdf\">PL N\u00ba 02_2023<\/a><\/td><td class=\"column-2\">Disp\u00f5e dobre a revis\u00e3o geral anual dos vencimentos dos servidores p\u00fablicos do munic\u00edpio de Florest\u00f3polis - PR., Em conson\u00e2ncia com o disposto no art.37, inciso X, da CF\/88, e art. 75, inciso X, da lei org\u00e2nica do munic\u00edpio de Florest\u00f3polis.<\/td><td class=\"column-3\"><\/td><td class=\"column-4\"><a href=\"https:\/\/cmflorestopolis.pr.gov.br\/wp-content\/uploads\/2023\/06\/LEI-No-1656_2023-REF.-REVISAO-GERAL-ANUAL-PMF.pdf\">LEI N\u00ba 1656<\/a><\/td>\n<\/tr>\n<tr class=\"row-7 odd\">\n\t<td class=\"column-1\"><a href=\"https:\/\/cmflorestopolis.pr.gov.br\/wp-content\/uploads\/2023\/02\/PL-No-03_2023-REF.-DISPOE-SOBRE-O-PISO-PROFESSORES-INTEGRA.pdf\">PL N\u00ba 03_2023 <\/a><\/td><td class=\"column-2\">Disp\u00f5e sobre o piso dos professores da educa\u00e7\u00e3o b\u00e1sica do munic\u00edpio de Florest\u00f3polis e d\u00e1 outras provid\u00eancias.<\/td><td class=\"column-3\"><\/td><td class=\"column-4\"><a href=\"https:\/\/cmflorestopolis.pr.gov.br\/wp-content\/uploads\/2023\/06\/LEI-No-1658_2023-REF.-PISO-SALARIAL-PROFESSORES-ED.-BASICA.pdf\">LEI N\u00ba 1658<\/a><\/td>\n<\/tr>\n<tr class=\"row-8 even\">\n\t<td class=\"column-1\"><a href=\"https:\/\/cmflorestopolis.pr.gov.br\/wp-content\/uploads\/2023\/02\/PL-No-04_2023-REF.-DISPOE-SOBRE-O-PISO-ACS-E-ACE-INTEGRA.pdf\">PL N\u00ba 04_2023<\/a><\/td><td class=\"column-2\">Disp\u00f5e sobre o piso dos agentes comunit\u00e1rios de sa\u00fade e dos agentes de cobate \u00e1s endemias do munic\u00edpio de Florest\u00f3polis e d\u00e1 outras provid\u00eancias.<\/td><td class=\"column-3\"><\/td><td class=\"column-4\"><a href=\"https:\/\/cmflorestopolis.pr.gov.br\/wp-content\/uploads\/2023\/06\/LEI-No-1659_2023-REF.-PISO-SALARIAL-ACS_ACE.pdf\">LEI N\u00ba 1659<\/a><\/td>\n<\/tr>\n<tr class=\"row-9 odd\">\n\t<td class=\"column-1\"><a href=\"https:\/\/cmflorestopolis.pr.gov.br\/wp-content\/uploads\/2023\/02\/PL-No-05_2023-REF.-REVISAO-GERAL-SUB.-PREFEITO-VICE-P.-E-SECRETARIOS-INTEGRA.pdf\">PL N\u00ba 05_2023<\/a><\/td><td class=\"column-2\">Disp\u00f5e dobre a revis\u00e3o geral anual dos subs\u00eddios do prefeito, vice-prefeito e secret\u00e1rios do munic\u00edpio de Florest\u00f3polis - PR., Em conson\u00e2ncia com o disposto no art. 37, inciso X, da CF\/88, e art. 75, inciso X, da lei org\u00e2nica do munic\u00edpio de Florest\u00f3polis.<\/td><td class=\"column-3\"><\/td><td class=\"column-4\"><a href=\"https:\/\/cmflorestopolis.pr.gov.br\/wp-content\/uploads\/2023\/06\/LEI-No-1660_2023-REF.-REVISAO-GERAL-ANUAL-PREFEITO_VICE_SECRETARIOS.pdf\">LEI N\u00ba 1660<\/a><\/td>\n<\/tr>\n<tr class=\"row-10 even\">\n\t<td class=\"column-1\"><a href=\"https:\/\/cmflorestopolis.pr.gov.br\/wp-content\/uploads\/2023\/06\/PL-No-06_2023-REF.-PROGRAMA_NASCER-FLORESTOPOLIS-INTEGRA.pdf\">PL N\u00ba 06_2023 <\/a><\/td><td class=\"column-2\">TRATA DO PROGRAMA \u201cNASCER FLOREST\u00d3POLIS\u201d.<\/td><td class=\"column-3\"><\/td><td class=\"column-4\"><a href=\"https:\/\/cmflorestopolis.pr.gov.br\/wp-content\/uploads\/2023\/06\/LEI-No-1662_2023-REF.-PROGRAMA-NASCER-FLORESTOPOLIS.pdf\">LEI N\u00ba 1662_2023<\/a><\/td>\n<\/tr>\n<tr class=\"row-11 odd\">\n\t<td class=\"column-1\"><a href=\"https:\/\/cmflorestopolis.pr.gov.br\/wp-content\/uploads\/2023\/06\/PL-No-07_2023-REF.-ALTERA-ART.-\u00a7-LEI-No-802-94-CONS.-TUTELAR-INTEGRA.pdf\">PL N\u00ba 07_2023<\/a><\/td><td class=\"column-2\">Altera o artigo 18 e o artigo 22, 3, da lei municipal n 802\/1994. (Ref.Elei\u00e7\u00e3o conselho tutelar).<\/td><td class=\"column-3\"><\/td><td class=\"column-4\"><a href=\"https:\/\/cmflorestopolis.pr.gov.br\/wp-content\/uploads\/2023\/06\/LEI-No-1666_2023-REF.-ALTERA-LEI-MUN.-No-802_94-CONS.-TUTELAR-1.pdf\">LEI N\u00ba 1666<\/a><\/td>\n<\/tr>\n<tr class=\"row-12 even\">\n\t<td class=\"column-1\"><a href=\"https:\/\/cmflorestopolis.pr.gov.br\/wp-content\/uploads\/2023\/06\/PL-No-08_2023-REF.-AUTORIZA-REPASSE-SUBVENCAO-APAE-INTEGRA.pdf\">PL N\u00ba 08_2023<\/a><\/td><td class=\"column-2\">Autoriza celebra\u00e7\u00e3o de termo de fomento\/conv\u00eanio com a associa\u00e7\u00e3o de pais e amigos dos excepcionais de Florest\u00f3polis e d\u00e1 outras provid\u00eancias.<\/td><td class=\"column-3\"><\/td><td class=\"column-4\"><a href=\"https:\/\/cmflorestopolis.pr.gov.br\/wp-content\/uploads\/2023\/06\/LEI-No-1663_2023-REF.-REPASSE-SUBVENCAO-APAE.pdf\">LEI N\u00ba 1663<\/a><\/td>\n<\/tr>\n<tr class=\"row-13 odd\">\n\t<td class=\"column-1\"><a href=\"https:\/\/cmflorestopolis.pr.gov.br\/wp-content\/uploads\/2023\/06\/PL-No-09_2023-REF.-AUTORIZA-ALIENACAO-BENS-MOVEIS-LEILAO-INTEGRA.pdf\">PL N\u00ba 09_2023<\/a><\/td><td class=\"column-2\">Autoriza aliena\u00e7\u00f5es de bens m\u00f3veis e d\u00e1 outras provid\u00eancias.<\/td><td class=\"column-3\"><\/td><td class=\"column-4\"><a href=\"https:\/\/cmflorestopolis.pr.gov.br\/wp-content\/uploads\/2023\/06\/LEI-No-1665_2023-REF.-AUTORIZA-ALIENACAO-BENS-MOVEIS-VEICULOS_LEILAO.pdf\">LEI N\u00ba 1665<\/a><\/td>\n<\/tr>\n<tr class=\"row-14 even\">\n\t<td class=\"column-1\"><a href=\"https:\/\/cmflorestopolis.pr.gov.br\/wp-content\/uploads\/2024\/04\/PL-No-14_2023-REF.-DISPOE-SOBRE-PDV-SERV.-MUN.-INTEGRA.pdf\">PL N\u00ba 14_2023<\/a><\/td><td class=\"column-2\">Disp\u00f5e sobre a implanta\u00e7\u00e3o do \"Programa de desligamento volunt\u00e1rio\" - PDV dos servidores p\u00fablicos do munic\u00edpio de Florest\u00f3polis e d\u00e1 outras provid\u00eancias.<\/td><td class=\"column-3\"><\/td><td class=\"column-4\"><a href=\"https:\/\/cmflorestopolis.pr.gov.br\/wp-content\/uploads\/2024\/04\/LEI-No-1704_2023-REF.-PROG.-DES.-VOLUNTARIO-PDV.pdf\">LEI N\u00ba 1704_2023 <\/a><\/td>\n<\/tr>\n<tr class=\"row-15 odd\">\n\t<td class=\"column-1\"><a href=\"https:\/\/cmflorestopolis.pr.gov.br\/wp-content\/uploads\/2024\/04\/PL-No-13_2024-REF.-CONCEDE-DIREITO-REAL-USO-BEM-IMOVEL-INTEGRA.pdf\">PL N\u00ba 13_2024<\/a><\/td><td class=\"column-2\">Autoriza o poder executivo a conceder direito real de uso de bem im\u00f3vel e d\u00e1 outras provid\u00eancias.<\/td><td class=\"column-3\"><\/td><td class=\"column-4\"><a href=\"https:\/\/cmflorestopolis.pr.gov.br\/wp-content\/uploads\/2024\/04\/LEI-No-1703_2023-REF.-DIREITO-REAL-USO-BEM-IMOVEL.pdf\">LEI N\u00ba 1703_2023<\/a><\/td>\n<\/tr>\n<tr class=\"row-16 even\">\n\t<td class=\"column-1\"><a href=\"https:\/\/cmflorestopolis.pr.gov.br\/wp-content\/uploads\/2024\/04\/PL-No-15_2023-REF.-AUTORIZA-AB.-CREDITO-AD.-ESPECIAL_41.50000-CULTURA_LPG-INTEGRA.pdf\">PL N\u00ba 15_2023<\/a><\/td><td class=\"column-2\">Autorizaa o executivo municipal a efetuar a abertura de cr\u00e9dito adicional especial no or\u00e7amento do munic\u00edpio de Florest\u00f3polis, para o exerc\u00edcio de 2023.<\/td><td class=\"column-3\"><\/td><td class=\"column-4\"><a href=\"https:\/\/cmflorestopolis.pr.gov.br\/wp-content\/uploads\/2024\/04\/LEI-No-1701_2023-REF.-ABERTURA-CREDITO-ADICIONAL_41.50000.pdf\">LEI N\u00ba 1701_2023<\/a><\/td>\n<\/tr>\n<tr class=\"row-17 odd\">\n\t<td class=\"column-1\"><a href=\"https:\/\/cmflorestopolis.pr.gov.br\/wp-content\/uploads\/2024\/04\/PL-No-16_2023-REF.-AUTORIZA-AB.-CREDITO-AD.-ESPECIAL_330.00000-CAMPO-INTEGRA.pdf\">PL N\u00ba 16_2023 <\/a><\/td><td class=\"column-2\">Autoriza o executivo municipal a efetuar a abertura de cr\u00e9dito adicional especial no or\u00e7amento do munic\u00edpio de Florest\u00f3polis, para o exerc\u00edcio de 2023.<\/td><td class=\"column-3\"><\/td><td class=\"column-4\"><a href=\"https:\/\/cmflorestopolis.pr.gov.br\/wp-content\/uploads\/2024\/04\/LEI-No-1705_2023-REF.-ABERTURA-CREDITO-ADICIONAL_330.00000.pdf\">LEI N\u00ba 1705_2023<\/a><\/td>\n<\/tr>\n<tr class=\"row-18 even\">\n\t<td class=\"column-1\"><a href=\"https:\/\/cmflorestopolis.pr.gov.br\/wp-content\/uploads\/2024\/04\/PL-No-17_2023-REF.-AUTORIZA-AC.-JUDICIAL-UCP_-TERRENO-PARQUE-INDUSTRIAL-INTEGRA.pdf\">PL N\u00ba 17_2023<\/a><\/td><td class=\"column-2\">Autoriza o municio de Florest\u00f3polis - poder executivo - a transigir judicialmente com a usina central do Paran\u00e1 S\/A, recebendo bem im\u00f3vel para implanta\u00e7\u00e3o de parque industrial, e d\u00e1 outras provid\u00eancias.<\/td><td class=\"column-3\"><\/td><td class=\"column-4\"><a href=\"https:\/\/cmflorestopolis.pr.gov.br\/wp-content\/uploads\/2024\/04\/LEI-No-1707_2023-REF.-TRANSACAO-JUDICIAL-PMF-UCP-TERRENO-PARQUE-INDUSTRIAL.pdf\">LEI N\u00ba 1707_2023<\/a><\/td>\n<\/tr>\n<tr class=\"row-19 odd\">\n\t<td class=\"column-1\"><a href=\"https:\/\/cmflorestopolis.pr.gov.br\/wp-content\/uploads\/2024\/04\/PL-No-18_2023-REF.-LOA_EX._2024-INTEGRA.pdf\">PL N\u00ba 18_2023<\/a><\/td><td class=\"column-2\">Estima a receita e fixa a despesa do munic\u00edpio de Florest\u00f3polis, estado do Paran\u00e1 o exerc\u00edcio de 2024<\/td><td class=\"column-3\"><\/td><td class=\"column-4\"><a href=\"https:\/\/cmflorestopolis.pr.gov.br\/wp-content\/uploads\/2024\/04\/LEI-No-1710_2023-REF.-LOA-EX._2024-ANEXOS.pdf\">LEI N\u00ba 1710_2023<\/a><\/td>\n<\/tr>\n<tr class=\"row-20 even\">\n\t<td class=\"column-1\"><a href=\"https:\/\/cmflorestopolis.pr.gov.br\/wp-content\/uploads\/2024\/04\/PL-No-19_2023-3.pdf\">PL N\u00ba 19_2023<\/a><\/td><td class=\"column-2\">Autoriza a instala\u00e7\u00e3o do loteamento \" Residencial Santa B\u00e1rbara\", e d\u00e1 outras providencias. <\/td><td class=\"column-3\"><\/td><td class=\"column-4\"><a href=\"https:\/\/cmflorestopolis.pr.gov.br\/wp-content\/uploads\/2024\/04\/LEI-No-1708_2023-REF.-APROVA-LOTEAMENTO-RESIDENCIAL-SANTA-BARBARA.pdf\">LEI N\u00ba 1708_2023<\/a><\/td>\n<\/tr>\n<tr class=\"row-21 odd\">\n\t<td class=\"column-1\"><a href=\"https:\/\/cmflorestopolis.pr.gov.br\/wp-content\/uploads\/2024\/04\/PL-No-22_2023-REF.-INSITUI-REFIS-FLORESTOPOLIS-INTEGRA.pdf\">PL N\u00ba 22_2023<\/a><\/td><td class=\"column-2\">Institui o programa de recupera\u00e7\u00e3o fidcl no munic\u00edpio de Florest\u00f3polis (Refid-Florest\u00f3polis).<\/td><td class=\"column-3\"><\/td><td class=\"column-4\"><a href=\"https:\/\/cmflorestopolis.pr.gov.br\/wp-content\/uploads\/2024\/04\/LEI-No-1709_2023-REF.-REFIS-FLORESTOPOLIS_2023.pdf\">LEI N\u00ba 1709_2023<\/a><\/td>\n<\/tr>\n<tr class=\"row-22 even\">\n\t<td class=\"column-1\"><a href=\"https:\/\/cmflorestopolis.pr.gov.br\/wp-content\/uploads\/2024\/04\/PL-No-23_2023-REF.-EXPANSAO-URBANA-INTEGRA.pdf\">PL N\u00ba 23_2023<\/a><\/td><td class=\"column-2\">Disp\u00f5e sobre a transforma\u00e7\u00e3o e inclus\u00e3o de \u00e1rea que espec\u00edfica, localizada na zona rural do munic\u00edpio de Florest\u00f3polis, em zona de expans\u00e3o urbana.<\/td><td class=\"column-3\"><\/td><td class=\"column-4\"><a href=\"https:\/\/cmflorestopolis.pr.gov.br\/wp-content\/uploads\/2024\/04\/LEI-No-1711_2023-REF.-EXPANSAO-URBANA.pdf\">LEI N\u00ba 1711_2023 <\/a><\/td>\n<\/tr>\n<tr class=\"row-23 odd\">\n\t<td class=\"column-1\"><a href=\"https:\/\/cmflorestopolis.pr.gov.br\/wp-content\/uploads\/2024\/04\/PL-No-24_2023-REF.-CONCESSAO-DE-CESTAS-NATALINAS-INTEGRA.pdf\">PL N\u00ba 24_2023<\/a><\/td><td class=\"column-2\">Trata da concess\u00e3o de cestas natalinas. <\/td><td class=\"column-3\"><\/td><td class=\"column-4\"><a href=\"https:\/\/cmflorestopolis.pr.gov.br\/wp-content\/uploads\/2024\/04\/LEI-No-1712_2023-REF.-CONCESSAO-CESTAS-NATALINAS.pdf\">LEI N\u00ba 1712_2023<\/a><\/td>\n<\/tr>\n<\/tbody>\n<\/table>\n<!-- #tablepress-32 from cache -->\n","protected":false},"excerpt":{"rendered":"","protected":false},"author":1,"featured_media":0,"parent":0,"menu_order":0,"comment_status":"closed","ping_status":"closed","template":"","meta":[],"yoast_head":"<!-- This site is optimized with the Yoast SEO plugin v17.6 - https:\/\/yoast.com\/wordpress\/plugins\/seo\/ -->\n<title>Projeto de lei Executivo 2023 - C\u00e2mara Municipal de Florest\u00f3polis<\/title>\n<meta name=\"robots\" content=\"index, follow, max-snippet:-1, max-image-preview:large, max-video-preview:-1\" \/>\n<link rel=\"canonical\" href=\"https:\/\/cmflorestopolis.pr.gov.br\/?page_id=3798\" \/>\n<meta property=\"og:locale\" content=\"pt_BR\" \/>\n<meta property=\"og:type\" content=\"article\" \/>\n<meta property=\"og:title\" content=\"Projeto de lei Executivo 2023 - C\u00e2mara Municipal de Florest\u00f3polis\" \/>\n<meta property=\"og:url\" content=\"https:\/\/cmflorestopolis.pr.gov.br\/?page_id=3798\" \/>\n<meta property=\"og:site_name\" content=\"C\u00e2mara Municipal de Florest\u00f3polis\" \/>\n<meta property=\"article:modified_time\" content=\"2023-02-17T00:03:57+00:00\" \/>\n<meta name=\"twitter:card\" content=\"summary_large_image\" \/>\n<script type=\"application\/ld+json\" class=\"yoast-schema-graph\">{\"@context\":\"https:\/\/schema.org\",\"@graph\":[{\"@type\":\"WebSite\",\"@id\":\"https:\/\/cmflorestopolis.pr.gov.br\/#website\",\"url\":\"https:\/\/cmflorestopolis.pr.gov.br\/\",\"name\":\"C\\u00e2mara Municipal de Florest\\u00f3polis\",\"description\":\"\",\"potentialAction\":[{\"@type\":\"SearchAction\",\"target\":{\"@type\":\"EntryPoint\",\"urlTemplate\":\"https:\/\/cmflorestopolis.pr.gov.br\/?s={search_term_string}\"},\"query-input\":\"required name=search_term_string\"}],\"inLanguage\":\"pt-BR\"},{\"@type\":\"WebPage\",\"@id\":\"https:\/\/cmflorestopolis.pr.gov.br\/?page_id=3798#webpage\",\"url\":\"https:\/\/cmflorestopolis.pr.gov.br\/?page_id=3798\",\"name\":\"Projeto de lei Executivo 2023 - C\\u00e2mara Municipal de Florest\\u00f3polis\",\"isPartOf\":{\"@id\":\"https:\/\/cmflorestopolis.pr.gov.br\/#website\"},\"datePublished\":\"2023-02-16T23:43:01+00:00\",\"dateModified\":\"2023-02-17T00:03:57+00:00\",\"breadcrumb\":{\"@id\":\"https:\/\/cmflorestopolis.pr.gov.br\/?page_id=3798#breadcrumb\"},\"inLanguage\":\"pt-BR\",\"potentialAction\":[{\"@type\":\"ReadAction\",\"target\":[\"https:\/\/cmflorestopolis.pr.gov.br\/?page_id=3798\"]}]},{\"@type\":\"BreadcrumbList\",\"@id\":\"https:\/\/cmflorestopolis.pr.gov.br\/?page_id=3798#breadcrumb\",\"itemListElement\":[{\"@type\":\"ListItem\",\"position\":1,\"name\":\"In\\u00edcio\",\"item\":\"https:\/\/cmflorestopolis.pr.gov.br\/\"},{\"@type\":\"ListItem\",\"position\":2,\"name\":\"Projeto de lei Executivo 2023\"}]}]}<\/script>\n<!-- \/ Yoast SEO plugin. -->","yoast_head_json":{"title":"Projeto de lei Executivo 2023 - C\u00e2mara Municipal de Florest\u00f3polis","robots":{"index":"index","follow":"follow","max-snippet":"max-snippet:-1","max-image-preview":"max-image-preview:large","max-video-preview":"max-video-preview:-1"},"canonical":"https:\/\/cmflorestopolis.pr.gov.br\/?page_id=3798","og_locale":"pt_BR","og_type":"article","og_title":"Projeto de lei Executivo 2023 - C\u00e2mara Municipal de Florest\u00f3polis","og_url":"https:\/\/cmflorestopolis.pr.gov.br\/?page_id=3798","og_site_name":"C\u00e2mara Municipal de Florest\u00f3polis","article_modified_time":"2023-02-17T00:03:57+00:00","twitter_card":"summary_large_image","schema":{"@context":"https:\/\/schema.org","@graph":[{"@type":"WebSite","@id":"https:\/\/cmflorestopolis.pr.gov.br\/#website","url":"https:\/\/cmflorestopolis.pr.gov.br\/","name":"C\u00e2mara Municipal de Florest\u00f3polis","description":"","potentialAction":[{"@type":"SearchAction","target":{"@type":"EntryPoint","urlTemplate":"https:\/\/cmflorestopolis.pr.gov.br\/?s={search_term_string}"},"query-input":"required name=search_term_string"}],"inLanguage":"pt-BR"},{"@type":"WebPage","@id":"https:\/\/cmflorestopolis.pr.gov.br\/?page_id=3798#webpage","url":"https:\/\/cmflorestopolis.pr.gov.br\/?page_id=3798","name":"Projeto de lei Executivo 2023 - C\u00e2mara Municipal de Florest\u00f3polis","isPartOf":{"@id":"https:\/\/cmflorestopolis.pr.gov.br\/#website"},"datePublished":"2023-02-16T23:43:01+00:00","dateModified":"2023-02-17T00:03:57+00:00","breadcrumb":{"@id":"https:\/\/cmflorestopolis.pr.gov.br\/?page_id=3798#breadcrumb"},"inLanguage":"pt-BR","potentialAction":[{"@type":"ReadAction","target":["https:\/\/cmflorestopolis.pr.gov.br\/?page_id=3798"]}]},{"@type":"BreadcrumbList","@id":"https:\/\/cmflorestopolis.pr.gov.br\/?page_id=3798#breadcrumb","itemListElement":[{"@type":"ListItem","position":1,"name":"In\u00edcio","item":"https:\/\/cmflorestopolis.pr.gov.br\/"},{"@type":"ListItem","position":2,"name":"Projeto de lei Executivo 2023"}]}]}},"_links":{"self":[{"href":"https:\/\/cmflorestopolis.pr.gov.br\/index.php?rest_route=\/wp\/v2\/pages\/3798"}],"collection":[{"href":"https:\/\/cmflorestopolis.pr.gov.br\/index.php?rest_route=\/wp\/v2\/pages"}],"about":[{"href":"https:\/\/cmflorestopolis.pr.gov.br\/index.php?rest_route=\/wp\/v2\/types\/page"}],"author":[{"embeddable":true,"href":"https:\/\/cmflorestopolis.pr.gov.br\/index.php?rest_route=\/wp\/v2\/users\/1"}],"replies":[{"embeddable":true,"href":"https:\/\/cmflorestopolis.pr.gov.br\/index.php?rest_route=%2Fwp%2Fv2%2Fcomments&post=3798"}],"version-history":[{"count":2,"href":"https:\/\/cmflorestopolis.pr.gov.br\/index.php?rest_route=\/wp\/v2\/pages\/3798\/revisions"}],"predecessor-version":[{"id":3819,"href":"https:\/\/cmflorestopolis.pr.gov.br\/index.php?rest_route=\/wp\/v2\/pages\/3798\/revisions\/3819"}],"wp:attachment":[{"href":"https:\/\/cmflorestopolis.pr.gov.br\/index.php?rest_route=%2Fwp%2Fv2%2Fmedia&parent=3798"}],"curies":[{"name":"wp","href":"https:\/\/api.w.org\/{rel}","templated":true}]}}