{"id":3796,"date":"2023-02-16T23:42:34","date_gmt":"2023-02-16T23:42:34","guid":{"rendered":"https:\/\/cmflorestopolis.pr.gov.br\/?page_id=3796"},"modified":"2023-02-17T00:05:16","modified_gmt":"2023-02-17T00:05:16","slug":"projeto-de-lei-legislativo-2023","status":"publish","type":"page","link":"https:\/\/cmflorestopolis.pr.gov.br\/?page_id=3796","title":{"rendered":"Projeto de lei Legislativo 2023"},"content":{"rendered":"\n<table id=\"tablepress-33\" class=\"tablepress tablepress-id-33\">\n<thead>\n<tr class=\"row-1 odd\">\n\t<th class=\"column-1\">Projetos de Lei   <\/th><th class=\"column-2\">S\u00famula<\/th><th class=\"column-3\">Situa\u00e7\u00e3o<\/th><th class=\"column-4\">Lei<\/th>\n<\/tr>\n<\/thead>\n<tbody class=\"row-hover\">\n<tr class=\"row-2 even\">\n\t<td class=\"column-1\"><a href=\"https:\/\/cmflorestopolis.pr.gov.br\/wp-content\/uploads\/2023\/02\/PL-No-01_2023-REF.-REPOSICAO-ANUAL-SERVIDORES-DO-LEGISLATIVO-MESA-DIR.-INTEGRA.pdf\">PL N\u00ba 01_2023<\/a><\/td><td class=\"column-2\">Concede, a t\u00edtulo de revis\u00e3o geral anual, a reposi\u00e7\u00e3o das perdas salarias aos servidores da C\u00e2mara Municipal de Florest\u00f3polis no per\u00edodo correspondente ao IPCA-e acumulado entre os meses de janeiro a dezembro de 2022.<\/td><td class=\"column-3\">Aprovado<\/td><td class=\"column-4\"><a href=\"https:\/\/cmflorestopolis.pr.gov.br\/wp-content\/uploads\/2023\/06\/LEI-No-1657_2023-REF.-REVISAO-GERAL-ANUAL-CMF.pdf\">LEI N\u00ba 1657_2023<\/a><\/td>\n<\/tr>\n<tr class=\"row-3 odd\">\n\t<td class=\"column-1\"><a href=\"https:\/\/cmflorestopolis.pr.gov.br\/wp-content\/uploads\/2023\/02\/PL-No-02_2023-REF.-CORRECAO-SUBISIDIO-VEREADORES-MESA-DIR.-INTEGRA.pdf\">PL N\u00ba 02_2023 <\/a><\/td><td class=\"column-2\">Corrige monetariamente os subs\u00eddios dos membros do poder legislativo do munic\u00edpio de Florest\u00f3polis, fixados em parcela \u00fanica pela lei municipal N 1.410\/2016.<\/td><td class=\"column-3\">Aprovado<\/td><td class=\"column-4\"><a href=\"https:\/\/cmflorestopolis.pr.gov.br\/wp-content\/uploads\/2023\/06\/LEI-No-1661_2023-REF.-REVISAO-GERAL-ANUAL-VEREADORES.pdf\">LEI N\u00ba 1661_2023 <\/a><\/td>\n<\/tr>\n<tr class=\"row-4 even\">\n\t<td class=\"column-1\"><a href=\"https:\/\/cmflorestopolis.pr.gov.br\/wp-content\/uploads\/2023\/06\/PL-No-03_2023-REF.-INSERCAO-SIMBOLO-ATEND.-PRIORITARIO-AUTISTA-VER-DENYS-INTEGRA.pdf\">PL N\u00ba 03_2023<\/a><\/td><td class=\"column-2\">Disp\u00f5e sobre o dever de inser\u00e7\u00e3o do s\u00edmbolo mundial da conscientiza\u00e7\u00e3o sobre o transtorno do espectro autista - tea nas placas de atendimento priorit\u00e1rio no \u00e2mbito do munic\u00edpio de Florest\u00f3polis-PR.<\/td><td class=\"column-3\">Aprovado<\/td><td class=\"column-4\"><a href=\"https:\/\/cmflorestopolis.pr.gov.br\/wp-content\/uploads\/2023\/06\/LEI-No-1664_2023-REF.-INSERCAO-SIMBOLO-MUND.-TRAN.-ESPECTRO-AUTISTA-TEA.pdf\">LEI N\u00ba 1664_2023<\/a><\/td>\n<\/tr>\n<tr class=\"row-5 odd\">\n\t<td class=\"column-1\"><a href=\"https:\/\/cmflorestopolis.pr.gov.br\/wp-content\/uploads\/2024\/03\/PL-No-04_2023-REF.-INSTITUI-DIA_SEMANA-DO-BRINCAR-VER.-DENYS-INTEGRA.pdf\">PL N\u00ba 04_2023 <\/a><\/td><td class=\"column-2\">Institui no munic\u00edpio de Florest\u00f3polis o \"Dia do Brincar\", e a \"Semana municipal do Brincar\", dedicada a a\u00e7\u00f5es que valorizem o brincar na vida das crian\u00e7as e d\u00e1 outras provid\u00eancias.<\/td><td class=\"column-3\">Aprovado<\/td><td class=\"column-4\"><a href=\"https:\/\/cmflorestopolis.pr.gov.br\/wp-content\/uploads\/2024\/03\/LEI-No-1667_2023-REF.-DIA-DO-BRINCAR-SEMANA-DE-BRINCAR.pdf\">LEI N\u00ba 1667_2023<\/a><\/td>\n<\/tr>\n<tr class=\"row-6 even\">\n\t<td class=\"column-1\"><a href=\"https:\/\/cmflorestopolis.pr.gov.br\/wp-content\/uploads\/2024\/03\/PL-No-05_2023-REF.-USO-COLAR-GIRASSOL-VER.-DENYS-INTEGRA-1.pdf\">PL N\u00ba 05_2023<\/a><\/td><td class=\"column-2\">Disp\u00f5e sobre o uso do colar de girassol como instrumento auxiliar de orienta\u00e7\u00e3o para a identifica\u00e7\u00e3o de pessoas como defici\u00eaa n\u00e3o vis\u00edvel ou oculta no \u00e2mbito do munic\u00edpio de Florest\u00f3polis, estado do paran\u00e1, e d\u00e1 outras provid\u00eancias.<\/td><td class=\"column-3\">Aprovado<\/td><td class=\"column-4\"><a href=\"https:\/\/cmflorestopolis.pr.gov.br\/wp-content\/uploads\/2024\/03\/LEI-No-1702_2023-REF.-COLAR-GIRASSOL-IDENTIFICACAO-PESSOAS-COM-DEFICIENCIA.pdf\">LEI N\u00ba 1702_2023<\/a><\/td>\n<\/tr>\n<tr class=\"row-7 odd\">\n\t<td class=\"column-1\"><a href=\"https:\/\/cmflorestopolis.pr.gov.br\/wp-content\/uploads\/2024\/04\/PL-No-07_2023-REF.-DENOMINA-PLENARIO-VER.-MANOEL-B.-CORDEIRO-INTEGRA.pdf\">PL N\u00ba 07_2023 <\/a><\/td><td class=\"column-2\">Disp\u00f4e sobre a denomina\u00e7\u00e3o do plen\u00e1rio da c\u00e2mara municipal de vereadores de Florest\u00f3polis, que passa  a denominar-se \"Plen\u00e1rio vereador Manoel Botelho Cordeiro\".<\/td><td class=\"column-3\">Aprovado<\/td><td class=\"column-4\"><a href=\"https:\/\/cmflorestopolis.pr.gov.br\/wp-content\/uploads\/2024\/04\/LEI-No-1706_2023-REF.-DENOMINA-PLENARIO-VEREADOR-MANOEL-BOTELHO-1.pdf\">LEI N\u00ba 1706_2023<\/a><\/td>\n<\/tr>\n<\/tbody>\n<\/table>\n<!-- #tablepress-33 from cache -->\n","protected":false},"excerpt":{"rendered":"","protected":false},"author":1,"featured_media":0,"parent":0,"menu_order":0,"comment_status":"closed","ping_status":"closed","template":"","meta":[],"yoast_head":"<!-- This site is optimized with the Yoast SEO plugin v17.6 - https:\/\/yoast.com\/wordpress\/plugins\/seo\/ -->\n<title>Projeto de lei Legislativo 2023 - C\u00e2mara Municipal de Florest\u00f3polis<\/title>\n<meta name=\"robots\" content=\"index, follow, max-snippet:-1, max-image-preview:large, max-video-preview:-1\" \/>\n<link rel=\"canonical\" href=\"https:\/\/cmflorestopolis.pr.gov.br\/?page_id=3796\" \/>\n<meta property=\"og:locale\" content=\"pt_BR\" \/>\n<meta property=\"og:type\" content=\"article\" \/>\n<meta property=\"og:title\" content=\"Projeto de lei Legislativo 2023 - C\u00e2mara Municipal de Florest\u00f3polis\" \/>\n<meta property=\"og:url\" content=\"https:\/\/cmflorestopolis.pr.gov.br\/?page_id=3796\" \/>\n<meta property=\"og:site_name\" content=\"C\u00e2mara Municipal de Florest\u00f3polis\" \/>\n<meta property=\"article:modified_time\" content=\"2023-02-17T00:05:16+00:00\" \/>\n<meta name=\"twitter:card\" content=\"summary_large_image\" \/>\n<script type=\"application\/ld+json\" class=\"yoast-schema-graph\">{\"@context\":\"https:\/\/schema.org\",\"@graph\":[{\"@type\":\"WebSite\",\"@id\":\"https:\/\/cmflorestopolis.pr.gov.br\/#website\",\"url\":\"https:\/\/cmflorestopolis.pr.gov.br\/\",\"name\":\"C\\u00e2mara Municipal de Florest\\u00f3polis\",\"description\":\"\",\"potentialAction\":[{\"@type\":\"SearchAction\",\"target\":{\"@type\":\"EntryPoint\",\"urlTemplate\":\"https:\/\/cmflorestopolis.pr.gov.br\/?s={search_term_string}\"},\"query-input\":\"required name=search_term_string\"}],\"inLanguage\":\"pt-BR\"},{\"@type\":\"WebPage\",\"@id\":\"https:\/\/cmflorestopolis.pr.gov.br\/?page_id=3796#webpage\",\"url\":\"https:\/\/cmflorestopolis.pr.gov.br\/?page_id=3796\",\"name\":\"Projeto de lei Legislativo 2023 - C\\u00e2mara Municipal de Florest\\u00f3polis\",\"isPartOf\":{\"@id\":\"https:\/\/cmflorestopolis.pr.gov.br\/#website\"},\"datePublished\":\"2023-02-16T23:42:34+00:00\",\"dateModified\":\"2023-02-17T00:05:16+00:00\",\"breadcrumb\":{\"@id\":\"https:\/\/cmflorestopolis.pr.gov.br\/?page_id=3796#breadcrumb\"},\"inLanguage\":\"pt-BR\",\"potentialAction\":[{\"@type\":\"ReadAction\",\"target\":[\"https:\/\/cmflorestopolis.pr.gov.br\/?page_id=3796\"]}]},{\"@type\":\"BreadcrumbList\",\"@id\":\"https:\/\/cmflorestopolis.pr.gov.br\/?page_id=3796#breadcrumb\",\"itemListElement\":[{\"@type\":\"ListItem\",\"position\":1,\"name\":\"In\\u00edcio\",\"item\":\"https:\/\/cmflorestopolis.pr.gov.br\/\"},{\"@type\":\"ListItem\",\"position\":2,\"name\":\"Projeto de lei Legislativo 2023\"}]}]}<\/script>\n<!-- \/ Yoast SEO plugin. -->","yoast_head_json":{"title":"Projeto de lei Legislativo 2023 - C\u00e2mara Municipal de Florest\u00f3polis","robots":{"index":"index","follow":"follow","max-snippet":"max-snippet:-1","max-image-preview":"max-image-preview:large","max-video-preview":"max-video-preview:-1"},"canonical":"https:\/\/cmflorestopolis.pr.gov.br\/?page_id=3796","og_locale":"pt_BR","og_type":"article","og_title":"Projeto de lei Legislativo 2023 - C\u00e2mara Municipal de Florest\u00f3polis","og_url":"https:\/\/cmflorestopolis.pr.gov.br\/?page_id=3796","og_site_name":"C\u00e2mara Municipal de Florest\u00f3polis","article_modified_time":"2023-02-17T00:05:16+00:00","twitter_card":"summary_large_image","schema":{"@context":"https:\/\/schema.org","@graph":[{"@type":"WebSite","@id":"https:\/\/cmflorestopolis.pr.gov.br\/#website","url":"https:\/\/cmflorestopolis.pr.gov.br\/","name":"C\u00e2mara Municipal de Florest\u00f3polis","description":"","potentialAction":[{"@type":"SearchAction","target":{"@type":"EntryPoint","urlTemplate":"https:\/\/cmflorestopolis.pr.gov.br\/?s={search_term_string}"},"query-input":"required name=search_term_string"}],"inLanguage":"pt-BR"},{"@type":"WebPage","@id":"https:\/\/cmflorestopolis.pr.gov.br\/?page_id=3796#webpage","url":"https:\/\/cmflorestopolis.pr.gov.br\/?page_id=3796","name":"Projeto de lei Legislativo 2023 - C\u00e2mara Municipal de Florest\u00f3polis","isPartOf":{"@id":"https:\/\/cmflorestopolis.pr.gov.br\/#website"},"datePublished":"2023-02-16T23:42:34+00:00","dateModified":"2023-02-17T00:05:16+00:00","breadcrumb":{"@id":"https:\/\/cmflorestopolis.pr.gov.br\/?page_id=3796#breadcrumb"},"inLanguage":"pt-BR","potentialAction":[{"@type":"ReadAction","target":["https:\/\/cmflorestopolis.pr.gov.br\/?page_id=3796"]}]},{"@type":"BreadcrumbList","@id":"https:\/\/cmflorestopolis.pr.gov.br\/?page_id=3796#breadcrumb","itemListElement":[{"@type":"ListItem","position":1,"name":"In\u00edcio","item":"https:\/\/cmflorestopolis.pr.gov.br\/"},{"@type":"ListItem","position":2,"name":"Projeto de lei Legislativo 2023"}]}]}},"_links":{"self":[{"href":"https:\/\/cmflorestopolis.pr.gov.br\/index.php?rest_route=\/wp\/v2\/pages\/3796"}],"collection":[{"href":"https:\/\/cmflorestopolis.pr.gov.br\/index.php?rest_route=\/wp\/v2\/pages"}],"about":[{"href":"https:\/\/cmflorestopolis.pr.gov.br\/index.php?rest_route=\/wp\/v2\/types\/page"}],"author":[{"embeddable":true,"href":"https:\/\/cmflorestopolis.pr.gov.br\/index.php?rest_route=\/wp\/v2\/users\/1"}],"replies":[{"embeddable":true,"href":"https:\/\/cmflorestopolis.pr.gov.br\/index.php?rest_route=%2Fwp%2Fv2%2Fcomments&post=3796"}],"version-history":[{"count":2,"href":"https:\/\/cmflorestopolis.pr.gov.br\/index.php?rest_route=\/wp\/v2\/pages\/3796\/revisions"}],"predecessor-version":[{"id":3820,"href":"https:\/\/cmflorestopolis.pr.gov.br\/index.php?rest_route=\/wp\/v2\/pages\/3796\/revisions\/3820"}],"wp:attachment":[{"href":"https:\/\/cmflorestopolis.pr.gov.br\/index.php?rest_route=%2Fwp%2Fv2%2Fmedia&parent=3796"}],"curies":[{"name":"wp","href":"https:\/\/api.w.org\/{rel}","templated":true}]}}