{"id":2999,"date":"2022-03-29T12:54:16","date_gmt":"2022-03-29T12:54:16","guid":{"rendered":"https:\/\/cmflorestopolis.pr.gov.br\/?page_id=2999"},"modified":"2022-03-29T13:15:04","modified_gmt":"2022-03-29T13:15:04","slug":"projeto-de-lei-executivo-2022","status":"publish","type":"page","link":"https:\/\/cmflorestopolis.pr.gov.br\/?page_id=2999","title":{"rendered":"Projeto de lei Executivo 2022"},"content":{"rendered":"\n<table id=\"tablepress-27\" class=\"tablepress tablepress-id-27\">\n<thead>\n<tr class=\"row-1 odd\">\n\t<th class=\"column-1\">Projetos de Lei   <\/th><th class=\"column-2\">S\u00famula<\/th><th class=\"column-3\">Situa\u00e7\u00e3o<\/th><th class=\"column-4\">Lei<\/th>\n<\/tr>\n<\/thead>\n<tbody class=\"row-hover\">\n<tr class=\"row-2 even\">\n\t<td class=\"column-1\"><a href=\"https:\/\/cmflorestopolis.pr.gov.br\/wp-content\/uploads\/2022\/03\/PL-COMP.-No-01_2022-INTEGRA-1.pdf\">PL COMP. N\u00ba 01_2022 \u00cdNTEGRA<\/a><\/td><td class=\"column-2\">Disp\u00f5e sobre a desvincula\u00e7\u00e3o dos planos de cargos e sal\u00e1rios de pisos estabelecidos por leis nacionais e d\u00e1 outras provid\u00eancias.<br \/>\n<\/td><td class=\"column-3\">Aprovado <\/td><td class=\"column-4\"><a href=\"https:\/\/cmflorestopolis.pr.gov.br\/wp-content\/uploads\/2022\/03\/LEI-COMP.-No-37_2022-REF.-DESVINCULA_PCS-PISOS-NACIONAIS.pdf\">Lei Comp. N\u00ba37\/2022<\/a><\/td>\n<\/tr>\n<tr class=\"row-3 odd\">\n\t<td class=\"column-1\"><a href=\"https:\/\/cmflorestopolis.pr.gov.br\/wp-content\/uploads\/2022\/05\/PL-No-02_2022-INTEGRA.pdf\">PL N\u00ba 02_2022 - \u00cdNTEGRA<\/a><\/td><td class=\"column-2\">Disp\u00f5e sobre a transforma\u00e7\u00e3o e inclus\u00e3o de \u00e1rea de espec\u00edfica, localizada na zona rural do munic\u00edpio de Florest\u00f3polis, em zona de expans\u00e3o urbana.<\/td><td class=\"column-3\">Aprovado<\/td><td class=\"column-4\"><a href=\"https:\/\/cmflorestopolis.pr.gov.br\/wp-content\/uploads\/2022\/05\/LEI-No-1622_2022-REF.-AREA-DE-EXPANSAO-URBANA-CHACARA-SANTA-BRANCA.pdf\">LEI N\u00ba 1622\/2022 <\/a><\/td>\n<\/tr>\n<tr class=\"row-4 even\">\n\t<td class=\"column-1\"><a href=\"https:\/\/cmflorestopolis.pr.gov.br\/wp-content\/uploads\/2022\/05\/PL-COMPLEMENTAR-No-02_2022-INTEGRA.pdf\">PL COMPLEMENTAR N\u00ba 02_2022 - \u00cdNTEGRA<\/a><\/td><td class=\"column-2\">Cria o cargo de provimento em comiss\u00e3o de diretor da vigil\u00e2ncia sociassistencial.<\/td><td class=\"column-3\">Aprovado<\/td><td class=\"column-4\"><a href=\"https:\/\/cmflorestopolis.pr.gov.br\/wp-content\/uploads\/2022\/05\/LEI-COMP.-No-38_2022-REF.-CRIA-CARGO-DIR.-VIGILANCIA-SOCIOASSISTENCIAL.pdf\">LEI COMP. N\u00ba 38\/2022<\/a><\/td>\n<\/tr>\n<tr class=\"row-5 odd\">\n\t<td class=\"column-1\"><a href=\"https:\/\/cmflorestopolis.pr.gov.br\/wp-content\/uploads\/2022\/09\/PL-COMP.-No-03_2022-REF.-FERIAS-FRACIONADAS-INTEGRA.pdf\">PL COMP. N\u00ba 03 2022 \u00cdNTEGRA<\/a><\/td><td class=\"column-2\">Altera a lei complementar N\u00b0 1.312\/2013 que disp\u00f5e sobre a cria\u00e7\u00e3o do regulamento dos servidores p\u00fablicos do munic\u00edpio de Florest\u00f3polis e d\u00e1 outras provid\u00eancias.<\/td><td class=\"column-3\">Aprovado<\/td><td class=\"column-4\"><a href=\"https:\/\/cmflorestopolis.pr.gov.br\/wp-content\/uploads\/2022\/09\/LEI-COMP.-No-39_2022-REF.-FERIAS-FRACIONADAS.pdf\">LEI COMP. N\u00ba 39 2022 <\/a><\/td>\n<\/tr>\n<tr class=\"row-6 even\">\n\t<td class=\"column-1\"><a href=\"https:\/\/cmflorestopolis.pr.gov.br\/wp-content\/uploads\/2022\/03\/PL-No-03_2022-EXEC.-INTEGRA.pdf\">PL N\u00ba 03_2022 - EXEC. \u00cdNTEGRA<\/a><\/td><td class=\"column-2\">Disp\u00f5e sobre a revis\u00e3o geral anual dos vencimentos dos servidores p\u00fablicos do munic\u00edpio de Florest\u00f3polis-PR, em conson\u00e2ncia com o disposto no art.37. inciso X, da CF\/88, e art. 75, inciso X, da lei org\u00e2nica do munic\u00edpio de Florest\u00f3polis.<br \/>\n<\/td><td class=\"column-3\">Aprovado <\/td><td class=\"column-4\"><a href=\"https:\/\/cmflorestopolis.pr.gov.br\/wp-content\/uploads\/2022\/03\/LEI-No-1613_2022-REF.-REVISAO-GERAL-SERV.-MUNICIPAIS.pdf\">LEI N\u00ba1613\/2022<\/a><\/td>\n<\/tr>\n<tr class=\"row-7 odd\">\n\t<td class=\"column-1\"><a href=\"https:\/\/cmflorestopolis.pr.gov.br\/wp-content\/uploads\/2022\/03\/PL-No-04_2022-EXEC.-INTEGRA.pdf\">PL N\u00ba 04_2022 - EXEC. \u00cdNTEGRA<\/a><\/td><td class=\"column-2\">Disp\u00f5e sobre o piso salarial dos professores da educa\u00e7\u00e3o b\u00e1sica do munic\u00edpio de Florest\u00f3polis e d\u00e1 outras provid\u00eancias.<\/td><td class=\"column-3\">Aprovado <\/td><td class=\"column-4\"><a href=\"https:\/\/cmflorestopolis.pr.gov.br\/wp-content\/uploads\/2022\/03\/LEI-No-1614_2022-REF.-DISPOE-DO-PISO-SALARIAL-PROFESSORES.pdf\">LEI N\u00ba1614\/2022<\/a><\/td>\n<\/tr>\n<tr class=\"row-8 even\">\n\t<td class=\"column-1\"><a href=\"https:\/\/cmflorestopolis.pr.gov.br\/wp-content\/uploads\/2022\/03\/PL-No-05_2022-EXEC.-INTEGRA.pdf\">PL N\u00ba 05_2022 - EXEC. \u00cdNTEGRA<\/a><\/td><td class=\"column-2\">Disp\u00f5e sobre o piso salarial dos agentes comunit\u00e1rios de sa\u00fade e dos agentes de combate a endemias do munic\u00edpio de Florest\u00f3polis e d\u00e1 outras provid\u00eancias.<\/td><td class=\"column-3\">Aprovado <\/td><td class=\"column-4\"><a href=\"https:\/\/cmflorestopolis.pr.gov.br\/wp-content\/uploads\/2022\/03\/LEI-No-1615_2022-REF.-DISPOE-DO-PISO-SALARIAL-ACS_ACE.pdf\">LEI N\u00ba1615\/2022<\/a><\/td>\n<\/tr>\n<tr class=\"row-9 odd\">\n\t<td class=\"column-1\"><a href=\"https:\/\/cmflorestopolis.pr.gov.br\/wp-content\/uploads\/2022\/03\/PL-No-06_2022-EXEC.-INTEGRA.pdf\">PL N\u00ba 06_2022 - EXEC. \u00cdNTEGRA<\/a><\/td><td class=\"column-2\">Denomina \"Viela Maria de Souza Oliveira\" O espa\u00e7o p\u00fablico que espec\u00edfica.<\/td><td class=\"column-3\">Aprovado <\/td><td class=\"column-4\"><a href=\"https:\/\/cmflorestopolis.pr.gov.br\/wp-content\/uploads\/2022\/03\/LEI-No-1619_2022-REF.-DENOMINA-VIELA-MARIA-S.-O._D.-MARIQUINHA.pdf\">LEI N\u00ba1619\/2022<\/a><\/td>\n<\/tr>\n<tr class=\"row-10 even\">\n\t<td class=\"column-1\"><a href=\"https:\/\/cmflorestopolis.pr.gov.br\/wp-content\/uploads\/2022\/03\/PL-No-07_2022-EXEC.-INTEGRA.pdf\">PL N\u00ba 07_2022 - EXEC. \u00cdNTEGRA<\/a><\/td><td class=\"column-2\">Autoriza celebra\u00e7\u00e3o de termo de fomento\/conv\u00eanio com a associa\u00e7\u00e3o de pais e amigos dos excepcionais de Florest\u00f3polis e d\u00e1 outras provid\u00eancias.<br \/>\n<\/td><td class=\"column-3\">Aprovado <\/td><td class=\"column-4\"><a href=\"https:\/\/cmflorestopolis.pr.gov.br\/wp-content\/uploads\/2022\/03\/LEI-No-1620_2022-REF.-REPASSE-SUBVENCAO-APAE.pdf\">LEI N\u00ba1620\/2022<\/a><\/td>\n<\/tr>\n<tr class=\"row-11 odd\">\n\t<td class=\"column-1\"><a href=\"https:\/\/cmflorestopolis.pr.gov.br\/wp-content\/uploads\/2022\/03\/PL-No-08_2022-EXEC.-INTEGRA.pdf\">PL N\u00ba 08_2022 - EXEC. \u00cdNTEGRA<\/a><\/td><td class=\"column-2\">Disp\u00f5e sobre a revis\u00e3o geral anual dos subs\u00eddios do prefeito, vice-prefeito e secret\u00e1rios do munic\u00edpio de Florest\u00f3polis - PR, em conson\u00e2ncia com o disposto no art.37. inciso X, da lei org\u00e2nica do munic\u00edpio de Florest\u00f3polis e art. 4\u00b0, caput, da lei municipal N\u00b0 1.411\/2016<\/td><td class=\"column-3\">Aprovado <\/td><td class=\"column-4\"><a href=\"https:\/\/cmflorestopolis.pr.gov.br\/wp-content\/uploads\/2022\/03\/LEI-No-1616_2022-REF.-REVISAO-GERAL-SUB.-PREF._VICE_SECRETARIOS.pdf\">LEI N\u00ba1616\/2022<\/a><\/td>\n<\/tr>\n<tr class=\"row-12 even\">\n\t<td class=\"column-1\"><a href=\"https:\/\/cmflorestopolis.pr.gov.br\/wp-content\/uploads\/2022\/05\/PL-No-09_2022-INTEGRA.pdf\">PL N\u00ba 09_2022 - \u00cdNTEGRA<\/a><\/td><td class=\"column-2\">Denomina \"Parque urbano Idalina Benetolli Rvagnani\".<\/td><td class=\"column-3\">Aprovado<\/td><td class=\"column-4\"><a href=\"https:\/\/cmflorestopolis.pr.gov.br\/wp-content\/uploads\/2022\/05\/LEI-No-1623_2022-REF.-DENOMINA-PARQ.-URBANO-IDALINA-B.-RAVAGNANI.pdf\">LEI N\u00ba 1623\/2022<\/a><\/td>\n<\/tr>\n<tr class=\"row-13 odd\">\n\t<td class=\"column-1\"><a href=\"https:\/\/cmflorestopolis.pr.gov.br\/wp-content\/uploads\/2022\/05\/PL-No-10_2022-INTEGRA.pdf\">PL N\u00ba 10_2022 - \u00cdNTEGRA<\/a><\/td><td class=\"column-2\">Denomina \"Centro Poliesportivo Elias de Oliveira Freitas - Jumbeira\", O espa\u00e7o p\u00fablico que espec\u00edfica.<\/td><td class=\"column-3\">Aprovado<\/td><td class=\"column-4\"><a href=\"https:\/\/cmflorestopolis.pr.gov.br\/wp-content\/uploads\/2022\/05\/LEI-No-1624_2022-REF.-DENOMINA-CENT.-POLIESPORTIVO_ELIAS-O.-FREITAS-JUMBEIRA.pdf\">LEI N\u00ba 1624\/2022 <\/a><\/td>\n<\/tr>\n<tr class=\"row-14 even\">\n\t<td class=\"column-1\"><a href=\"https:\/\/cmflorestopolis.pr.gov.br\/wp-content\/uploads\/2022\/07\/PL-No-11_2022-REF.-LDO_EX._2023-INTEGRA_compressed.pdf\">PL N\u00ba 11 2022 \u00cdNTEGRA<\/a><\/td><td class=\"column-2\">Disp\u00f5e sobre as diretrizes para elabora\u00e7\u00e3o da lei or\u00e7ament\u00e1ria (LDO) do munic\u00edpio de Florest\u00f3polis, para o exerc\u00edcio financeiro de 2023 e d\u00e1 outras provid\u00eancias.<\/td><td class=\"column-3\">Aprovado<\/td><td class=\"column-4\"><a href=\"https:\/\/cmflorestopolis.pr.gov.br\/wp-content\/uploads\/2022\/07\/LEI-No-1630_2022-REF.-LDO_EX._FINAN._2023-ANEXOS.pdf\">LEI N\u00ba 1630_2022<\/a><\/td>\n<\/tr>\n<tr class=\"row-15 odd\">\n\t<td class=\"column-1\"><a href=\"https:\/\/cmflorestopolis.pr.gov.br\/wp-content\/uploads\/2022\/07\/PL-No-12_2022-REF.-RESCISAO-C.-ADMIN.-No-156_2013-CONCEDE-PERDAO_ANISTIA_ALIENACAO-INTEGRA.pdf\">PL N\u00ba 12_2022 \u00cdNTEGRA<\/a><\/td><td class=\"column-2\">Autoriza a rescis\u00e3o amig\u00e1vel do contrato administrativo n\u00ba 156\/2013, concede perd\u00e3o e anistia, autorizada a aliena\u00e7\u00e3o de bem im\u00f3vel de propriedade do munic\u00edpio de Florest\u00f3polis que espec\u00edfica, e d\u00e1 outras provid\u00eancias.<\/td><td class=\"column-3\">Aprovado<\/td><td class=\"column-4\"><a href=\"https:\/\/cmflorestopolis.pr.gov.br\/wp-content\/uploads\/2022\/07\/LEI-No-1628_2022-REF.-RESCISAO-C.-ADMIN.-No-156_2013-CONCEDE-PERDAO_ANISTIA_ALIENACAO.pdf\">LEI N\u00ba 1628_2022<\/a><\/td>\n<\/tr>\n<tr class=\"row-16 even\">\n\t<td class=\"column-1\"><a href=\"https:\/\/cmflorestopolis.pr.gov.br\/wp-content\/uploads\/2022\/07\/PL-No-13_2022-REF.-CONSORCIO-SISMEL-INTEGRA.pdf\">PL N\u00ba 13_2022 \u00cdNTEGRA<\/a><\/td><td class=\"column-2\">Ratificar o protocolo de inten\u00e7\u00f5es N\u00ba001\/2022 celebrado entre os munic\u00edpios signat\u00e1rios que visam a amplia\u00e7\u00e3o do objeto do cons\u00f3rcio intermunicipal de seguran\u00e7a p\u00fablica intermunicipal de seguran\u00e7a p\u00fablica e cidadania de Londrina e regi\u00e3o - cismel, e d\u00e1 outras provid\u00eancias.<\/td><td class=\"column-3\">Aprovado<\/td><td class=\"column-4\"><a href=\"https:\/\/cmflorestopolis.pr.gov.br\/wp-content\/uploads\/2022\/07\/LEI-No-1629_2022-REF.-RATIFICA-CONSORCIO-CISMEL.pdf\">LEI N\u00ba 1629_2022<\/a><\/td>\n<\/tr>\n<tr class=\"row-17 odd\">\n\t<td class=\"column-1\"><a href=\"https:\/\/cmflorestopolis.pr.gov.br\/wp-content\/uploads\/2022\/07\/PL-No-14_2022-REF.-REFIS_FLORESTOPOLIS-2022-INTEGRA.pdf\">PL N\u00ba 14_2022 \u00cdNTEGRA<\/a><\/td><td class=\"column-2\">Institui o prograama de recupera\u00e7\u00e3o fiscal no munic\u00edpio de Florest\u00f3polis (Refis-Florest\u00f3polis 2022).<\/td><td class=\"column-3\">Aprovado<\/td><td class=\"column-4\"><a href=\"https:\/\/cmflorestopolis.pr.gov.br\/wp-content\/uploads\/2022\/07\/LEI-No-1625_2022-REF.-INSTITUI-REFIS_FLORESTOPOLIS-2022.pdf\">LEI N\u00ba 1625_2022<\/a><\/td>\n<\/tr>\n<tr class=\"row-18 even\">\n\t<td class=\"column-1\"><a href=\"https:\/\/cmflorestopolis.pr.gov.br\/wp-content\/uploads\/2022\/08\/PL-No-15_2022-REF.-EXTINGUI-CARGOS_ALTERA-CARGA-HORARIA-INTEGRA.pdf\">PL N\u00ba 15_2022 \u00cdNTEGRA<\/a><\/td><td class=\"column-2\">Extinguir vagas em cargos p\u00fablicos, altera carga hor\u00e1ria de cargos p\u00fablicos.<\/td><td class=\"column-3\">Aprovado<\/td><td class=\"column-4\"><a href=\"https:\/\/cmflorestopolis.pr.gov.br\/wp-content\/uploads\/2022\/08\/LEI-No-1632_2022-REF.-EXTIGUI-VAGAS-E-ALTERA-CARGA-HOR.-CARGOS-PUB..pdf\">LEI N\u00ba 1632 2022<\/a><\/td>\n<\/tr>\n<tr class=\"row-19 odd\">\n\t<td class=\"column-1\"><a href=\"https:\/\/cmflorestopolis.pr.gov.br\/wp-content\/uploads\/2022\/08\/PL-No-16_2022-REF.-APROVA-LOTEAMENTO-ROBERTO-J.-JUNQUEIRA-INTEGRA-compactado.pdf\">PL N\u00ba 16_2022 \u00cdNTEGRA<\/a><\/td><td class=\"column-2\">Autoriza a instala\u00e7\u00e3o do loteamento \"Residencial Roberto Jos\u00e9 Junqueira\" e d\u00e1 outras provid\u00eancias.<\/td><td class=\"column-3\">Aprovado<\/td><td class=\"column-4\"><a href=\"https:\/\/cmflorestopolis.pr.gov.br\/wp-content\/uploads\/2022\/08\/LEI-No-1633_2022-REF.-AUORIZA-INST.-LOTEAMENTO-ROBERTO-J.-JUNQUEIRA-1.pdf\">LEI N\u00ba 1633 2022<\/a><\/td>\n<\/tr>\n<tr class=\"row-20 even\">\n\t<td class=\"column-1\"><a href=\"https:\/\/cmflorestopolis.pr.gov.br\/wp-content\/uploads\/2022\/09\/PL-No-17_2022-REF.-ABRE-CREDITO-ADICIONAL-18.000-INTEGRA.pdf\">PL N\u00ba 17_2022 - \u00cdNTEGRA<\/a><\/td><td class=\"column-2\">Autoriza a abertura de cr\u00e9dito adicional especial e d\u00e1 outras provid\u00eancias.<\/td><td class=\"column-3\">Aprovado<\/td><td class=\"column-4\"><a href=\"https:\/\/cmflorestopolis.pr.gov.br\/wp-content\/uploads\/2022\/09\/LEI-No-1636_2022-REF.-ABERTURA-CREDITO-ADICIONAL-ESP.-18.00000.pdf\">LEI N\u00ba 1636 2022 <\/a><\/td>\n<\/tr>\n<tr class=\"row-21 odd\">\n\t<td class=\"column-1\"><a href=\"https:\/\/cmflorestopolis.pr.gov.br\/wp-content\/uploads\/2022\/08\/PL-No-18_2022-REF.-PISO-SALARIAL-ACS_ACE-INTEGRA.pdf\">PL N\u00ba 18_2022 \u00cdNTEGRA<\/a><\/td><td class=\"column-2\">Disp\u00f5e sobre o piso dos agentes comunit\u00e1rios de sa\u00fade e dos agentes de combate \u00e1s endemias do munic\u00edpio de Florest\u00f3polis e, autoriza o pagamento retroativo a data de promulaga\u00e7\u00e3o da emenda constitucional de N\u00b0 120\/2022.<\/td><td class=\"column-3\">Aprovado<\/td><td class=\"column-4\"><a href=\"https:\/\/cmflorestopolis.pr.gov.br\/wp-content\/uploads\/2022\/08\/LEI-No-1631_2022-REF.-DISPOE-DO-PISO-ACSS-E-ACES.pdf\">LEI N\u00ba 1631 2022<\/a><\/td>\n<\/tr>\n<tr class=\"row-22 even\">\n\t<td class=\"column-1\"><a href=\"https:\/\/cmflorestopolis.pr.gov.br\/wp-content\/uploads\/2022\/08\/PL-No-19_2022-REF.-PISO-PROFISSIONAIS-ENFERMAGEM-INTEGRA.pdf\">PL N\u00ba 19_2022 \u00cdNTEGRA<\/a><\/td><td class=\"column-2\">Disp\u00f5e sobre o piso do enfermeiro e do auxiliar enfermagem do munic\u00edpio de Florest\u00f3polis e d\u00e1 outras provid\u00eancias.<\/td><td class=\"column-3\">Aprovado<\/td><td class=\"column-4\"><a href=\"https:\/\/cmflorestopolis.pr.gov.br\/wp-content\/uploads\/2022\/08\/LEI-No-1634_2022-REF.-DISPOE-DO-PISO-PROFISSIONAIS-ENFERMAGEM.pdf\">LEI N\u00ba 1634 2022<\/a><\/td>\n<\/tr>\n<tr class=\"row-23 odd\">\n\t<td class=\"column-1\"><a href=\"https:\/\/cmflorestopolis.pr.gov.br\/wp-content\/uploads\/2022\/09\/PL-No-21_2022-REF.-AUTORIZA-TERMO-FOM.CONVENIO-APAE-INTEGRA.pdf\">PL N\u00ba 21_2022 - \u00cdNTEGRA<\/a><\/td><td class=\"column-2\">Autoriza celebra\u00e7\u00e3o de termo de fomento\/conv\u00eanio com a associa\u00e7\u00e3o de pais e amigos dos excepcionais - Apae de Florest\u00f3polis e d\u00e1 outras provid\u00eancias.<\/td><td class=\"column-3\">Aprovado<\/td><td class=\"column-4\"><a href=\"https:\/\/cmflorestopolis.pr.gov.br\/wp-content\/uploads\/2022\/09\/LEI-No-1637_2022-REF.-AUTORIZA-FOMENTO_CONV.-APAE-43.70500.pdf\">LEI N\u00ba 1637 2022 <\/a><\/td>\n<\/tr>\n<tr class=\"row-24 even\">\n\t<td class=\"column-1\"><a href=\"https:\/\/cmflorestopolis.pr.gov.br\/wp-content\/uploads\/2023\/01\/PL-No-22_2022-REF.-DENOMINA-RUAS-RES.-ROBERTO-J.-JUNQ.-INTEGRA.pdf\">PL N\u00ba 22_2022<\/a><\/td><td class=\"column-2\">Faz denomina\u00e7\u00f5es dos logradouros das ruas 01,02 e 07 do loteamento \"Residencial Roberto Jos\u00e9 Junqueira\".<\/td><td class=\"column-3\">Aprovado<\/td><td class=\"column-4\"><a href=\"https:\/\/cmflorestopolis.pr.gov.br\/wp-content\/uploads\/2023\/01\/LEI-No-1641_2022-REF.-DENOMINA-RUAS-RES.-ROBERTO-J.-JUNQUEIRA.pdf\">LEI N\u00ba 1641<\/a><\/td>\n<\/tr>\n<tr class=\"row-25 odd\">\n\t<td class=\"column-1\"><a href=\"https:\/\/cmflorestopolis.pr.gov.br\/wp-content\/uploads\/2023\/01\/PL-No-23_2022-REF.-ALTERA-LEI-1110_2009-SALARIO-CONT.-INTERNO-INTEGRA.pdf\">PL N\u00ba 23_2022<\/a><\/td><td class=\"column-2\">Altera o art.5 da lei municipal N 1.110\/2009.(Disp\u00f5e sobre sistema de controle interno).<\/td><td class=\"column-3\">Aprovado<\/td><td class=\"column-4\"><a href=\"https:\/\/cmflorestopolis.pr.gov.br\/wp-content\/uploads\/2023\/01\/LEI-No-1642_2022-REF.-ALTERA-ART.-5o-LEI-1110_09-SALARIO-CONTROLE-INT..pdf\">LEI N\u00ba 1642_2022 <\/a><\/td>\n<\/tr>\n<tr class=\"row-26 even\">\n\t<td class=\"column-1\"><a href=\"https:\/\/cmflorestopolis.pr.gov.br\/wp-content\/uploads\/2023\/01\/PL-No-24_2022-REF.-ABERTURA-CREDITO-AD.-ESPECIAL-APAE-R-43.70500-INTEGRA.pdf\">PL N\u00ba 24_2022<\/a><\/td><td class=\"column-2\">Autoriza abertura de cr\u00e9dito adicional e d\u00e1 outras providencias.(R$ 43.705,00- APAE).<\/td><td class=\"column-3\">Aprovado<\/td><td class=\"column-4\"><a href=\"https:\/\/cmflorestopolis.pr.gov.br\/wp-content\/uploads\/2023\/01\/LEI-No-1640_2022-REF.-ABRE-CREDITO-AD.-SUP._CONV.-APAE-43.70500.pdf\">LEI N\u00ba 1640_2022<\/a><\/td>\n<\/tr>\n<tr class=\"row-27 odd\">\n\t<td class=\"column-1\"><a href=\"https:\/\/cmflorestopolis.pr.gov.br\/wp-content\/uploads\/2023\/01\/PL-No-25_2022-REF.-DISPOE-PROG.-DISPENSACAO-FORM.-INFANTIS-PDFIE-INTEGRA.pdf\">PL N\u00ba 25_2022<\/a><\/td><td class=\"column-2\">Disp\u00f5e sobre a cria\u00e7\u00e3o do programa de dispensa\u00e7\u00e3o de f\u00f3rmulas infantis especiais (PDFIE) e d\u00e1 outras provid\u00eancias.<br \/>\n<br \/>\nEmenda N 01 ao projeto de lei N 25\/2022-Executivo<br \/>\nAltera o artigo 3 do projeto de lei N 25, de 06 de setembro de 2022 de autoria do poder executivo.<\/td><td class=\"column-3\">Aprovado<\/td><td class=\"column-4\"><a href=\"https:\/\/cmflorestopolis.pr.gov.br\/wp-content\/uploads\/2023\/01\/LEI-No-1646_2022-REF.-CRIA-PROG.-DISP.-FORMULAS-INFANTIS-ESP.-PDFIE.pdf\">LEI N\u00ba 1646_2022<\/a><\/td>\n<\/tr>\n<tr class=\"row-28 even\">\n\t<td class=\"column-1\"><a href=\"https:\/\/cmflorestopolis.pr.gov.br\/wp-content\/uploads\/2023\/01\/PL-No-26_2022-REF.-REGULAMENTA-CRIACAO-E-GESTAO-HOSPITAL-SANTA-BRANCA-INTEGRA.pdf\">PL N\u00ba 26_2022 <\/a><\/td><td class=\"column-2\">Reegulamenta a cria\u00e7\u00e3o e gest\u00e3o do hospital municipal Santa Branca e d\u00e1 outras providencias.<\/td><td class=\"column-3\">Aprovado<\/td><td class=\"column-4\"><a href=\"https:\/\/cmflorestopolis.pr.gov.br\/wp-content\/uploads\/2023\/01\/LEI-No-1645_2022-REF.-REGULAMENTA-CRIACAO-E-GESTAO-HOSP.-SANTA-BRANCA.pdf\">LEI N\u00ba 1645_2022<\/a><\/td>\n<\/tr>\n<\/tbody>\n<\/table>\n<!-- #tablepress-27 from cache -->\n","protected":false},"excerpt":{"rendered":"","protected":false},"author":1,"featured_media":0,"parent":0,"menu_order":0,"comment_status":"closed","ping_status":"closed","template":"","meta":[],"yoast_head":"<!-- This site is optimized with the Yoast SEO plugin v17.6 - https:\/\/yoast.com\/wordpress\/plugins\/seo\/ -->\n<title>Projeto de lei Executivo 2022 - C\u00e2mara Municipal de Florest\u00f3polis<\/title>\n<meta name=\"robots\" content=\"index, follow, max-snippet:-1, max-image-preview:large, max-video-preview:-1\" \/>\n<link rel=\"canonical\" href=\"https:\/\/cmflorestopolis.pr.gov.br\/?page_id=2999\" \/>\n<meta property=\"og:locale\" content=\"pt_BR\" \/>\n<meta property=\"og:type\" content=\"article\" \/>\n<meta property=\"og:title\" content=\"Projeto de lei Executivo 2022 - C\u00e2mara Municipal de Florest\u00f3polis\" \/>\n<meta property=\"og:url\" content=\"https:\/\/cmflorestopolis.pr.gov.br\/?page_id=2999\" \/>\n<meta property=\"og:site_name\" content=\"C\u00e2mara Municipal de Florest\u00f3polis\" \/>\n<meta property=\"article:modified_time\" content=\"2022-03-29T13:15:04+00:00\" \/>\n<meta name=\"twitter:card\" content=\"summary_large_image\" \/>\n<script type=\"application\/ld+json\" class=\"yoast-schema-graph\">{\"@context\":\"https:\/\/schema.org\",\"@graph\":[{\"@type\":\"WebSite\",\"@id\":\"https:\/\/cmflorestopolis.pr.gov.br\/#website\",\"url\":\"https:\/\/cmflorestopolis.pr.gov.br\/\",\"name\":\"C\\u00e2mara Municipal de Florest\\u00f3polis\",\"description\":\"\",\"potentialAction\":[{\"@type\":\"SearchAction\",\"target\":{\"@type\":\"EntryPoint\",\"urlTemplate\":\"https:\/\/cmflorestopolis.pr.gov.br\/?s={search_term_string}\"},\"query-input\":\"required name=search_term_string\"}],\"inLanguage\":\"pt-BR\"},{\"@type\":\"WebPage\",\"@id\":\"https:\/\/cmflorestopolis.pr.gov.br\/?page_id=2999#webpage\",\"url\":\"https:\/\/cmflorestopolis.pr.gov.br\/?page_id=2999\",\"name\":\"Projeto de lei Executivo 2022 - C\\u00e2mara Municipal de Florest\\u00f3polis\",\"isPartOf\":{\"@id\":\"https:\/\/cmflorestopolis.pr.gov.br\/#website\"},\"datePublished\":\"2022-03-29T12:54:16+00:00\",\"dateModified\":\"2022-03-29T13:15:04+00:00\",\"breadcrumb\":{\"@id\":\"https:\/\/cmflorestopolis.pr.gov.br\/?page_id=2999#breadcrumb\"},\"inLanguage\":\"pt-BR\",\"potentialAction\":[{\"@type\":\"ReadAction\",\"target\":[\"https:\/\/cmflorestopolis.pr.gov.br\/?page_id=2999\"]}]},{\"@type\":\"BreadcrumbList\",\"@id\":\"https:\/\/cmflorestopolis.pr.gov.br\/?page_id=2999#breadcrumb\",\"itemListElement\":[{\"@type\":\"ListItem\",\"position\":1,\"name\":\"In\\u00edcio\",\"item\":\"https:\/\/cmflorestopolis.pr.gov.br\/\"},{\"@type\":\"ListItem\",\"position\":2,\"name\":\"Projeto de lei Executivo 2022\"}]}]}<\/script>\n<!-- \/ Yoast SEO plugin. -->","yoast_head_json":{"title":"Projeto de lei Executivo 2022 - C\u00e2mara Municipal de Florest\u00f3polis","robots":{"index":"index","follow":"follow","max-snippet":"max-snippet:-1","max-image-preview":"max-image-preview:large","max-video-preview":"max-video-preview:-1"},"canonical":"https:\/\/cmflorestopolis.pr.gov.br\/?page_id=2999","og_locale":"pt_BR","og_type":"article","og_title":"Projeto de lei Executivo 2022 - C\u00e2mara Municipal de Florest\u00f3polis","og_url":"https:\/\/cmflorestopolis.pr.gov.br\/?page_id=2999","og_site_name":"C\u00e2mara Municipal de Florest\u00f3polis","article_modified_time":"2022-03-29T13:15:04+00:00","twitter_card":"summary_large_image","schema":{"@context":"https:\/\/schema.org","@graph":[{"@type":"WebSite","@id":"https:\/\/cmflorestopolis.pr.gov.br\/#website","url":"https:\/\/cmflorestopolis.pr.gov.br\/","name":"C\u00e2mara Municipal de Florest\u00f3polis","description":"","potentialAction":[{"@type":"SearchAction","target":{"@type":"EntryPoint","urlTemplate":"https:\/\/cmflorestopolis.pr.gov.br\/?s={search_term_string}"},"query-input":"required name=search_term_string"}],"inLanguage":"pt-BR"},{"@type":"WebPage","@id":"https:\/\/cmflorestopolis.pr.gov.br\/?page_id=2999#webpage","url":"https:\/\/cmflorestopolis.pr.gov.br\/?page_id=2999","name":"Projeto de lei Executivo 2022 - C\u00e2mara Municipal de Florest\u00f3polis","isPartOf":{"@id":"https:\/\/cmflorestopolis.pr.gov.br\/#website"},"datePublished":"2022-03-29T12:54:16+00:00","dateModified":"2022-03-29T13:15:04+00:00","breadcrumb":{"@id":"https:\/\/cmflorestopolis.pr.gov.br\/?page_id=2999#breadcrumb"},"inLanguage":"pt-BR","potentialAction":[{"@type":"ReadAction","target":["https:\/\/cmflorestopolis.pr.gov.br\/?page_id=2999"]}]},{"@type":"BreadcrumbList","@id":"https:\/\/cmflorestopolis.pr.gov.br\/?page_id=2999#breadcrumb","itemListElement":[{"@type":"ListItem","position":1,"name":"In\u00edcio","item":"https:\/\/cmflorestopolis.pr.gov.br\/"},{"@type":"ListItem","position":2,"name":"Projeto de lei Executivo 2022"}]}]}},"_links":{"self":[{"href":"https:\/\/cmflorestopolis.pr.gov.br\/index.php?rest_route=\/wp\/v2\/pages\/2999"}],"collection":[{"href":"https:\/\/cmflorestopolis.pr.gov.br\/index.php?rest_route=\/wp\/v2\/pages"}],"about":[{"href":"https:\/\/cmflorestopolis.pr.gov.br\/index.php?rest_route=\/wp\/v2\/types\/page"}],"author":[{"embeddable":true,"href":"https:\/\/cmflorestopolis.pr.gov.br\/index.php?rest_route=\/wp\/v2\/users\/1"}],"replies":[{"embeddable":true,"href":"https:\/\/cmflorestopolis.pr.gov.br\/index.php?rest_route=%2Fwp%2Fv2%2Fcomments&post=2999"}],"version-history":[{"count":2,"href":"https:\/\/cmflorestopolis.pr.gov.br\/index.php?rest_route=\/wp\/v2\/pages\/2999\/revisions"}],"predecessor-version":[{"id":3016,"href":"https:\/\/cmflorestopolis.pr.gov.br\/index.php?rest_route=\/wp\/v2\/pages\/2999\/revisions\/3016"}],"wp:attachment":[{"href":"https:\/\/cmflorestopolis.pr.gov.br\/index.php?rest_route=%2Fwp%2Fv2%2Fmedia&parent=2999"}],"curies":[{"name":"wp","href":"https:\/\/api.w.org\/{rel}","templated":true}]}}