{"id":2998,"date":"2022-03-29T12:53:36","date_gmt":"2022-03-29T12:53:36","guid":{"rendered":"https:\/\/cmflorestopolis.pr.gov.br\/?page_id=2998"},"modified":"2022-03-29T13:09:33","modified_gmt":"2022-03-29T13:09:33","slug":"projeto-de-lei-legislativo","status":"publish","type":"page","link":"https:\/\/cmflorestopolis.pr.gov.br\/?page_id=2998","title":{"rendered":"Projeto de lei Legislativo 2022"},"content":{"rendered":"\n<table id=\"tablepress-26\" class=\"tablepress tablepress-id-26\">\n<thead>\n<tr class=\"row-1 odd\">\n\t<th class=\"column-1\">Projetos de Lei     <\/th><th class=\"column-2\">S\u00famula<\/th><th class=\"column-3\">Situa\u00e7\u00e3o<\/th><th class=\"column-4\">Veto\/Ato  <\/th><th class=\"column-5\">Lei <\/th>\n<\/tr>\n<\/thead>\n<tbody class=\"row-hover\">\n<tr class=\"row-2 even\">\n\t<td class=\"column-1\"><a href=\"https:\/\/cmflorestopolis.pr.gov.br\/wp-content\/uploads\/2023\/01\/PL-No-15_2022-REF.-ALTERA-LEI-MUN.-No-1.435_2017-DIARIAS-INTEGRA.pdf\">PL N\u00ba 15_2022<\/a><\/td><td class=\"column-2\">Altera a lei municipal N 1.435, de 5 de julho de 2017.(Di\u00e1rias).<\/td><td class=\"column-3\">Aprovado<\/td><td class=\"column-4\"><\/td><td class=\"column-5\"><a href=\"https:\/\/cmflorestopolis.pr.gov.br\/wp-content\/uploads\/2023\/01\/LEI-No-1651_2022-REF.-ALTERA-LEI-No-1.435_2017-DIARIAS-LEGISLATIVO.pdf\">LEI N\u00ba 1651_2022 <\/a><\/td>\n<\/tr>\n<tr class=\"row-3 odd\">\n\t<td class=\"column-1\"><a href=\"https:\/\/cmflorestopolis.pr.gov.br\/wp-content\/uploads\/2023\/01\/PL-No-14_2022-REF.-CRIA-PROG.-APROVEITAMENTO-MEDICAMENTOS-AMENC-INTEGRA.pdf\">PL N\u00ba 14_2022<\/a><\/td><td class=\"column-2\">Disp\u00f5e sobre a cria\u00e7\u00e3o do programa de aproveitamento de medicamentos n\u00e3o consumidos Amenc e d\u00e1 outras provid\u00eancias.<\/td><td class=\"column-3\">Aprovado<\/td><td class=\"column-4\"><\/td><td class=\"column-5\"><a href=\"https:\/\/cmflorestopolis.pr.gov.br\/wp-content\/uploads\/2023\/01\/LEI-No-1654_2022-REF.-CRIA-PROG.-APROVEITAMENTO-MEDICAMENTOS-AMENC.pdf\">LEI N\u00ba 1654_2022<\/a><\/td>\n<\/tr>\n<tr class=\"row-4 even\">\n\t<td class=\"column-1\"><a href=\"https:\/\/cmflorestopolis.pr.gov.br\/wp-content\/uploads\/2023\/01\/PL-No-13_2022-REF.-INSTITUI-ASS.-SAUDE-LEGISLATIVO-INTEGRA.pdf\">PL N\u00ba 13_2022<\/a><\/td><td class=\"column-2\">Institui a assist\u00eancia \u00e1 sa\u00fade dos agentes p\u00fablicos do poder legislativo municipal e d\u00e1 outras providencias.<\/td><td class=\"column-3\">Aprovado<\/td><td class=\"column-4\"><\/td><td class=\"column-5\"><a href=\"https:\/\/cmflorestopolis.pr.gov.br\/wp-content\/uploads\/2023\/01\/LEI-No-1644_2022-REF.-ASSISTENCIA-SAUDE-LEGISLATIVO.pdf\">LEI N\u00ba 1644_2022 <\/a><\/td>\n<\/tr>\n<tr class=\"row-5 odd\">\n\t<td class=\"column-1\"><a href=\"https:\/\/cmflorestopolis.pr.gov.br\/wp-content\/uploads\/2022\/03\/PL-No-01_2022-LEGIS.-INTEGRA.pdf\">PL N\u00ba 01_2022 LEGIS. \u00cdNTEGRA<\/a><\/td><td class=\"column-2\">Concede, a t\u00edtulo de revis\u00e3o geral anual, a reposi\u00e7\u00e3o das perdas salariais aos servidores da c\u00e2mara municipal de Florest\u00f3polis no per\u00edodp correspondente ao ipca-e acumulado entre os meses de janeiro a dezembro de 2020.<\/td><td class=\"column-3\">Aprovado <\/td><td class=\"column-4\"><\/td><td class=\"column-5\"><a href=\"https:\/\/cmflorestopolis.pr.gov.br\/wp-content\/uploads\/2022\/03\/LEI-No-1610_2022-REF.-REVISAO-SALARIAL-SERV.-LEGIS..pdf\">LEI<br \/>\nN\u00ba1610\/2022<\/a><\/td>\n<\/tr>\n<tr class=\"row-6 even\">\n\t<td class=\"column-1\"><a href=\"https:\/\/cmflorestopolis.pr.gov.br\/wp-content\/uploads\/2022\/09\/PL-No-12_2022-REF.-RESERVA-VAGAS-NEGROS-CONC.-PUBLICO-INTEGRA.pdf\">PL N\u00ba 12 2022<\/a><\/td><td class=\"column-2\">Disp\u00f5e sobre a reserva de vagas a pessoas negras em concursos p\u00fablicos para o provimento de cargos efetivos e em processos seletivos para a ocupa\u00e7\u00e3o de empregos p\u00fablicos est\u00e1gios no \u00e2mbito da administra\u00e7\u00e3o p\u00fablica do Munic\u00edpio de Florest\u00f3polis, estado do Paran\u00e1<\/td><td class=\"column-3\">Aprovado<\/td><td class=\"column-4\"><\/td><td class=\"column-5\"><a href=\"https:\/\/cmflorestopolis.pr.gov.br\/wp-content\/uploads\/2022\/09\/LEI-No-1638_2022-REF.-RESERVA-VAGAS-PESSOAS-NEGRAS-CONC.-PUBLICOS.pdf\">LEI N\u00ba 1638 2022<\/a><\/td>\n<\/tr>\n<tr class=\"row-7 odd\">\n\t<td class=\"column-1\"><a href=\"https:\/\/cmflorestopolis.pr.gov.br\/wp-content\/uploads\/2022\/09\/PL-No-11_2022-REF.-INSTITUI-DIA-MARCHA-PARA-JESUS-INTEGRA.pdf\">PL N\u00ba 11 2022<\/a><\/td><td class=\"column-2\">Institui o \"Dia da marcha para Jesus\" no \u00e2mbito do munic\u00edpio de Florest\u00f3polis, estado do Paran\u00e1.<\/td><td class=\"column-3\">Aprovado<\/td><td class=\"column-4\"><\/td><td class=\"column-5\"><a href=\"https:\/\/cmflorestopolis.pr.gov.br\/wp-content\/uploads\/2022\/09\/LEI-No-1639_2022-REF.-INSTITUI-DIA-MARCHA-PARA-JESUS.pdf\">LEI N\u00ba 1639 2022<\/a><\/td>\n<\/tr>\n<tr class=\"row-8 even\">\n\t<td class=\"column-1\"><a href=\"https:\/\/cmflorestopolis.pr.gov.br\/wp-content\/uploads\/2022\/09\/PL-No-10_2022-REF.-INSTITUI-SEMANA-DO-IDOSO-INTEGRA.pdf\">PL N\u00ba 10_2022<\/a><\/td><td class=\"column-2\">Institui a \"Semana Municipal do Idoso\", dedicada a a\u00e7\u00f5es de preven\u00e7\u00e3o e promo\u00e7\u00e3o a qualidade de vida da pessoa idosa e d\u00e1 outras provid\u00eancias.<\/td><td class=\"column-3\">Aprovado<\/td><td class=\"column-4\"><\/td><td class=\"column-5\"><a href=\"https:\/\/cmflorestopolis.pr.gov.br\/wp-content\/uploads\/2022\/09\/LEI-No-1635_2022-REF.-INSTITUI-SEMANA-MUN.-IDOSO.pdf\">LEI N\u00ba 1635 2022<\/a><\/td>\n<\/tr>\n<tr class=\"row-9 odd\">\n\t<td class=\"column-1\"><a href=\"https:\/\/cmflorestopolis.pr.gov.br\/wp-content\/uploads\/2022\/07\/PL-No-09_2022-REF.-INSTITUI-DIA-DO-CAC-INTEGRA.pdf\">PL N\u00ba 09_2022 \u00cdNTEGRA<\/a><\/td><td class=\"column-2\">Institui o \"Dia do Cac - Ca\u00e7ador, Atirador e Colecionador\" no \u00e2mbito do munic\u00edpio de Florest\u00f3polis, estado do Paran\u00e1, e d\u00e1 outras provid\u00eancias\".<\/td><td class=\"column-3\">Aprovado<\/td><td class=\"column-4\"><\/td><td class=\"column-5\"><a href=\"https:\/\/cmflorestopolis.pr.gov.br\/wp-content\/uploads\/2022\/07\/LEI-No-1627_2022-REF.-INSTITUI-DIA-DO-CAC-CACADOR-ATIRADOR-COLECIONADOR.pdf\">LEI N\u00ba 1627_2022 <\/a><\/td>\n<\/tr>\n<tr class=\"row-10 even\">\n\t<td class=\"column-1\"><a href=\"https:\/\/cmflorestopolis.pr.gov.br\/wp-content\/uploads\/2023\/01\/PL-No-06_2022-REF.-AUXILIO-FUNERAL-INTEGRAL-INTEGRA.pdf\">PL N\u00ba 06_2022<\/a><\/td><td class=\"column-2\">Autoriza o poder executivo municipal a prestar aux\u00edlio funeral integral \u00e1s fam\u00edlias hipossuficientes residentes no munic\u00edpio de Florest\u00f3polis e d\u00e1 outras providencias.<\/td><td class=\"column-3\">Aprovado<\/td><td class=\"column-4\"><\/td><td class=\"column-5\"><a href=\"https:\/\/cmflorestopolis.pr.gov.br\/wp-content\/uploads\/2023\/01\/LEI-No-1653_2022-REF.-AUXILIO-FUNERAL-INTEGRAL.pdf\">LEI N\u00ba 1653_2022<\/a><\/td>\n<\/tr>\n<tr class=\"row-11 odd\">\n\t<td class=\"column-1\"><a href=\"https:\/\/cmflorestopolis.pr.gov.br\/wp-content\/uploads\/2022\/07\/PL-No-05_2022-REF.-INSTITUI-MES-MAIO-FURTA-COR-INTEGRA.pdf\">PL N\u00ba 05_2022  \u00cdNTEGRA<\/a><\/td><td class=\"column-2\">Institui no \u00e2mbito do munic\u00edpio de Florest\u00f3polis, estado do paran\u00e1, o m\u00eas maio furta-cor, dedicado \u00e1s a\u00e7\u00f5es de conscientiza\u00e7\u00e3o, incentivo ao cuidado e promo\u00e7\u00e3o da sa\u00fade mental materna.<\/td><td class=\"column-3\">Aprovado<\/td><td class=\"column-4\"><\/td><td class=\"column-5\"><a href=\"https:\/\/cmflorestopolis.pr.gov.br\/wp-content\/uploads\/2022\/07\/LEI-No-1626_2022-REF.-INSTITUI-MES-MAIO-FURT-COR.pdf\">LEI N\u00ba 1626_2022<\/a><\/td>\n<\/tr>\n<tr class=\"row-12 even\">\n\t<td class=\"column-1\"><a href=\"https:\/\/cmflorestopolis.pr.gov.br\/wp-content\/uploads\/2022\/05\/PL-No-04_2022-LEGIS.-INTEGRA.pdf\">PL N\u00ba 04_2022 LEGIS. \u00cdNTEGRA<\/a><\/td><td class=\"column-2\">Disp\u00f5e sobre a inclus\u00e3o de categorias e isen\u00e7\u00f5es da taxa de inscri\u00e7\u00e3o nas corridas de rua, maratonas, meias maratonas e competi\u00e7\u00f5es cong\u00eaneres realizadas no munic\u00edpio de Florest\u00f3polis.<\/td><td class=\"column-3\">Aprovado<\/td><td class=\"column-4\"><\/td><td class=\"column-5\"><a href=\"https:\/\/cmflorestopolis.pr.gov.br\/wp-content\/uploads\/2022\/05\/LEI-No-1621_2022-REF.-INCLUSAO-CATEGORIAS-COMP.-CORRIDAS-LEGIS..pdf\">LEI N\u00ba 1621\/2022 <\/a><\/td>\n<\/tr>\n<tr class=\"row-13 odd\">\n\t<td class=\"column-1\"><a href=\"https:\/\/cmflorestopolis.pr.gov.br\/wp-content\/uploads\/2022\/03\/PL-No-03_2022-LEGIS.-INTEGRA.pdf\">PL N\u00ba 03_2022 LEGIS. \u00cdNTEGRA<\/a><\/td><td class=\"column-2\">Corrigindo monetariamente os subs\u00eddios membros do poder legislativo do munic\u00edpio de Florest\u00f3polis, fixados em parcela \u00fanica pela lei municipal n\u00ba 1.410\/2016.<br \/>\n<\/td><td class=\"column-3\">Aprovado <\/td><td class=\"column-4\"><\/td><td class=\"column-5\"><a href=\"https:\/\/cmflorestopolis.pr.gov.br\/wp-content\/uploads\/2022\/03\/LEI-No-1612_2022-REF.-CORRIGE-MON.-SUBSIDIO-VEREADORES.pdf\">LEI N\u00ba1612\/2022<\/a><\/td>\n<\/tr>\n<tr class=\"row-14 even\">\n\t<td class=\"column-1\"><a href=\"https:\/\/cmflorestopolis.pr.gov.br\/wp-content\/uploads\/2022\/03\/PL-No-02_2022-LEGIS.-INTEGRA.pdf\">PL N\u00ba 02_2022 LEGIS. \u00cdNTEGRA<\/a><\/td><td class=\"column-2\">Concede, a t\u00edtulo de revis\u00e3o geral anual, a reposi\u00e7\u00e3o das perdas salariais aos servidores da c\u00e2mara municipal de Florest\u00f3polis no per\u00edodp correspondente ao ipca-e acumulado entre os meses de janeiro a dezembro de 2021.<\/td><td class=\"column-3\">Aprovado <\/td><td class=\"column-4\"><\/td><td class=\"column-5\"><a href=\"https:\/\/cmflorestopolis.pr.gov.br\/wp-content\/uploads\/2022\/03\/LEI-No-1611_2022-REF.-REVISAO-SALARIAL-SERV.-LEGIS..pdf\">LEI N\u00ba1611\/2022<\/a><\/td>\n<\/tr>\n<tr class=\"row-15 odd\">\n\t<td class=\"column-1\"><a href=\"https:\/\/cmflorestopolis.pr.gov.br\/wp-content\/uploads\/2022\/03\/PL-COMP.-No-01_2022-INTEGRA.pdf\">PL COMP. N\u00ba 01_2022 \u00cdNTEGRA<\/a><\/td><td class=\"column-2\">Disp\u00f5e sobre o quadro de servidores da c\u00e2mara municipal de florest\u00f3polis, estado do paran\u00e1, consolidada a legisla\u00e7\u00e3o vigente e d\u00e1 outras provid\u00eancias.<\/td><td class=\"column-3\">Aprovado <\/td><td class=\"column-4\"><\/td><td class=\"column-5\"><a href=\"https:\/\/cmflorestopolis.pr.gov.br\/wp-content\/uploads\/2022\/03\/LEI-COMP.-No-36_2022-REF.-QUADRO-SERVIDORES_CMF.pdf\">Lei Comp. N\u00ba36\/2022<\/a><\/td>\n<\/tr>\n<\/tbody>\n<\/table>\n<!-- #tablepress-26 from cache -->\n","protected":false},"excerpt":{"rendered":"","protected":false},"author":1,"featured_media":0,"parent":0,"menu_order":0,"comment_status":"closed","ping_status":"closed","template":"","meta":[],"yoast_head":"<!-- This site is optimized with the Yoast SEO plugin v17.6 - https:\/\/yoast.com\/wordpress\/plugins\/seo\/ -->\n<title>Projeto de lei Legislativo 2022 - C\u00e2mara Municipal de Florest\u00f3polis<\/title>\n<meta name=\"robots\" content=\"index, follow, max-snippet:-1, max-image-preview:large, max-video-preview:-1\" \/>\n<link rel=\"canonical\" href=\"https:\/\/cmflorestopolis.pr.gov.br\/?page_id=2998\" \/>\n<meta property=\"og:locale\" content=\"pt_BR\" \/>\n<meta property=\"og:type\" content=\"article\" \/>\n<meta property=\"og:title\" content=\"Projeto de lei Legislativo 2022 - C\u00e2mara Municipal de Florest\u00f3polis\" \/>\n<meta property=\"og:url\" content=\"https:\/\/cmflorestopolis.pr.gov.br\/?page_id=2998\" \/>\n<meta property=\"og:site_name\" content=\"C\u00e2mara Municipal de Florest\u00f3polis\" \/>\n<meta property=\"article:modified_time\" content=\"2022-03-29T13:09:33+00:00\" \/>\n<meta name=\"twitter:card\" content=\"summary_large_image\" \/>\n<script type=\"application\/ld+json\" class=\"yoast-schema-graph\">{\"@context\":\"https:\/\/schema.org\",\"@graph\":[{\"@type\":\"WebSite\",\"@id\":\"https:\/\/cmflorestopolis.pr.gov.br\/#website\",\"url\":\"https:\/\/cmflorestopolis.pr.gov.br\/\",\"name\":\"C\\u00e2mara Municipal de Florest\\u00f3polis\",\"description\":\"\",\"potentialAction\":[{\"@type\":\"SearchAction\",\"target\":{\"@type\":\"EntryPoint\",\"urlTemplate\":\"https:\/\/cmflorestopolis.pr.gov.br\/?s={search_term_string}\"},\"query-input\":\"required name=search_term_string\"}],\"inLanguage\":\"pt-BR\"},{\"@type\":\"WebPage\",\"@id\":\"https:\/\/cmflorestopolis.pr.gov.br\/?page_id=2998#webpage\",\"url\":\"https:\/\/cmflorestopolis.pr.gov.br\/?page_id=2998\",\"name\":\"Projeto de lei Legislativo 2022 - C\\u00e2mara Municipal de Florest\\u00f3polis\",\"isPartOf\":{\"@id\":\"https:\/\/cmflorestopolis.pr.gov.br\/#website\"},\"datePublished\":\"2022-03-29T12:53:36+00:00\",\"dateModified\":\"2022-03-29T13:09:33+00:00\",\"breadcrumb\":{\"@id\":\"https:\/\/cmflorestopolis.pr.gov.br\/?page_id=2998#breadcrumb\"},\"inLanguage\":\"pt-BR\",\"potentialAction\":[{\"@type\":\"ReadAction\",\"target\":[\"https:\/\/cmflorestopolis.pr.gov.br\/?page_id=2998\"]}]},{\"@type\":\"BreadcrumbList\",\"@id\":\"https:\/\/cmflorestopolis.pr.gov.br\/?page_id=2998#breadcrumb\",\"itemListElement\":[{\"@type\":\"ListItem\",\"position\":1,\"name\":\"In\\u00edcio\",\"item\":\"https:\/\/cmflorestopolis.pr.gov.br\/\"},{\"@type\":\"ListItem\",\"position\":2,\"name\":\"Projeto de lei Legislativo 2022\"}]}]}<\/script>\n<!-- \/ Yoast SEO plugin. -->","yoast_head_json":{"title":"Projeto de lei Legislativo 2022 - C\u00e2mara Municipal de Florest\u00f3polis","robots":{"index":"index","follow":"follow","max-snippet":"max-snippet:-1","max-image-preview":"max-image-preview:large","max-video-preview":"max-video-preview:-1"},"canonical":"https:\/\/cmflorestopolis.pr.gov.br\/?page_id=2998","og_locale":"pt_BR","og_type":"article","og_title":"Projeto de lei Legislativo 2022 - C\u00e2mara Municipal de Florest\u00f3polis","og_url":"https:\/\/cmflorestopolis.pr.gov.br\/?page_id=2998","og_site_name":"C\u00e2mara Municipal de Florest\u00f3polis","article_modified_time":"2022-03-29T13:09:33+00:00","twitter_card":"summary_large_image","schema":{"@context":"https:\/\/schema.org","@graph":[{"@type":"WebSite","@id":"https:\/\/cmflorestopolis.pr.gov.br\/#website","url":"https:\/\/cmflorestopolis.pr.gov.br\/","name":"C\u00e2mara Municipal de Florest\u00f3polis","description":"","potentialAction":[{"@type":"SearchAction","target":{"@type":"EntryPoint","urlTemplate":"https:\/\/cmflorestopolis.pr.gov.br\/?s={search_term_string}"},"query-input":"required name=search_term_string"}],"inLanguage":"pt-BR"},{"@type":"WebPage","@id":"https:\/\/cmflorestopolis.pr.gov.br\/?page_id=2998#webpage","url":"https:\/\/cmflorestopolis.pr.gov.br\/?page_id=2998","name":"Projeto de lei Legislativo 2022 - C\u00e2mara Municipal de Florest\u00f3polis","isPartOf":{"@id":"https:\/\/cmflorestopolis.pr.gov.br\/#website"},"datePublished":"2022-03-29T12:53:36+00:00","dateModified":"2022-03-29T13:09:33+00:00","breadcrumb":{"@id":"https:\/\/cmflorestopolis.pr.gov.br\/?page_id=2998#breadcrumb"},"inLanguage":"pt-BR","potentialAction":[{"@type":"ReadAction","target":["https:\/\/cmflorestopolis.pr.gov.br\/?page_id=2998"]}]},{"@type":"BreadcrumbList","@id":"https:\/\/cmflorestopolis.pr.gov.br\/?page_id=2998#breadcrumb","itemListElement":[{"@type":"ListItem","position":1,"name":"In\u00edcio","item":"https:\/\/cmflorestopolis.pr.gov.br\/"},{"@type":"ListItem","position":2,"name":"Projeto de lei Legislativo 2022"}]}]}},"_links":{"self":[{"href":"https:\/\/cmflorestopolis.pr.gov.br\/index.php?rest_route=\/wp\/v2\/pages\/2998"}],"collection":[{"href":"https:\/\/cmflorestopolis.pr.gov.br\/index.php?rest_route=\/wp\/v2\/pages"}],"about":[{"href":"https:\/\/cmflorestopolis.pr.gov.br\/index.php?rest_route=\/wp\/v2\/types\/page"}],"author":[{"embeddable":true,"href":"https:\/\/cmflorestopolis.pr.gov.br\/index.php?rest_route=\/wp\/v2\/users\/1"}],"replies":[{"embeddable":true,"href":"https:\/\/cmflorestopolis.pr.gov.br\/index.php?rest_route=%2Fwp%2Fv2%2Fcomments&post=2998"}],"version-history":[{"count":4,"href":"https:\/\/cmflorestopolis.pr.gov.br\/index.php?rest_route=\/wp\/v2\/pages\/2998\/revisions"}],"predecessor-version":[{"id":3013,"href":"https:\/\/cmflorestopolis.pr.gov.br\/index.php?rest_route=\/wp\/v2\/pages\/2998\/revisions\/3013"}],"wp:attachment":[{"href":"https:\/\/cmflorestopolis.pr.gov.br\/index.php?rest_route=%2Fwp%2Fv2%2Fmedia&parent=2998"}],"curies":[{"name":"wp","href":"https:\/\/api.w.org\/{rel}","templated":true}]}}