{"id":288,"date":"2021-07-10T11:29:48","date_gmt":"2021-07-10T14:29:48","guid":{"rendered":"https:\/\/camara897460250.wordpress.com\/?page_id=288"},"modified":"2021-07-10T11:29:48","modified_gmt":"2021-07-10T14:29:48","slug":"requerimentos-2014","status":"publish","type":"page","link":"https:\/\/cmflorestopolis.pr.gov.br\/?page_id=288","title":{"rendered":"Requerimentos  2014"},"content":{"rendered":"<table>\n<tbody>\n<tr>\n<td><img loading=\"lazy\" class=\"alignleft size-full wp-image-2381\" src=\"https:\/\/cmflorestopolis.pr.gov.br\/wp-content\/uploads\/2015\/08\/Boni.jpg\" alt=\"Boni\" width=\"65\" height=\"87\" \/><\/td>\n<td colspan=\"3\"><strong>Deneval Boni \u2013 PTB<\/strong><\/td>\n<\/tr>\n<tr>\n<td>N\u00ba<\/td>\n<td>Data<\/td>\n<td>S\u00famula<\/td>\n<td>Visualizar<\/td>\n<\/tr>\n<tr>\n<td>02<\/td>\n<td>28\/04\/2014<\/td>\n<td>Requer envio de of\u00edcio ao Excelent\u00edssimo senhor On\u00edcio de Souza Prefeito Municipal, solicitando um relat\u00f3rio detalhado contendo informa\u00e7\u00f5es referentes ao Quadro de Pessoal Efetivo e Comissionados da Prefeitura, constando Nomes, Cargos e\/ou Fun\u00e7\u00f5es, Setor de Trabalho e Remunera\u00e7\u00e3o, referente ao per\u00edodo de janeiro a abril de 2014.<\/td>\n<td><a href=\"https:\/\/cmflorestopolis.pr.gov.br\/wp-content\/uploads\/2015\/08\/REQ.-N%C2%BA-02-2014.pdf\" target=\"_blank\" rel=\"noopener noreferrer\"><img loading=\"lazy\" class=\" wp-image-1620 aligncenter\" src=\"https:\/\/cmflorestopolis.pr.gov.br\/wp-content\/uploads\/2015\/07\/pdf.jpg\" alt=\"pdf\" width=\"22\" height=\"22\" \/><\/a><\/td>\n<\/tr>\n<\/tbody>\n<\/table>\n<table>\n<tbody>\n<tr>\n<td><img loading=\"lazy\" class=\"alignleft size-full wp-image-2378\" src=\"https:\/\/cmflorestopolis.pr.gov.br\/wp-content\/uploads\/2015\/08\/Geminho.jpg\" alt=\"Geminho\" width=\"65\" height=\"87\" \/><\/td>\n<td colspan=\"3\"><strong>Walter Xavier da Cruz (Geminho) \u2013 PT<\/strong><\/td>\n<\/tr>\n<tr>\n<td>N\u00ba<\/td>\n<td>Data<\/td>\n<td>S\u00famula<\/td>\n<td>Visualizar<\/td>\n<\/tr>\n<tr>\n<td>\u00a001<\/td>\n<td>\u00a024\/02\/2014<\/td>\n<td>Requer envio de Of\u00edcio ao Excelent\u00edssimo Senhor On\u00edcio de Souza, Prefeito Municipal, requisitando informa\u00e7\u00f5es quanto ao valor mensal que est\u00e1 sendo disponibilizado para pagamento de precat\u00f3rios, bem como, se dispon\u00edvel, rela\u00e7\u00e3o constando os nomes de credores e valores de precat\u00f3rios pendentes de pagamento.<\/td>\n<td><a href=\"https:\/\/cmflorestopolis.pr.gov.br\/wp-content\/uploads\/2015\/08\/REQ.-N%C2%BA-01-2014.pdf\" target=\"_blank\" rel=\"noopener noreferrer\"><img loading=\"lazy\" class=\" wp-image-1620 aligncenter\" src=\"https:\/\/cmflorestopolis.pr.gov.br\/wp-content\/uploads\/2015\/07\/pdf.jpg\" alt=\"pdf\" width=\"22\" height=\"22\" \/><\/a><\/td>\n<\/tr>\n<\/tbody>\n<\/table>\n","protected":false},"excerpt":{"rendered":"<p>Deneval Boni \u2013 PTB N\u00ba Data S\u00famula Visualizar 02 28\/04\/2014 Requer envio de of\u00edcio ao Excelent\u00edssimo senhor On\u00edcio de Souza Prefeito Municipal, solicitando um relat\u00f3rio [&#8230;]<\/p>\n","protected":false},"author":2,"featured_media":0,"parent":0,"menu_order":0,"comment_status":"closed","ping_status":"closed","template":"","meta":[],"yoast_head":"<!-- This site is optimized with the Yoast SEO plugin v17.6 - https:\/\/yoast.com\/wordpress\/plugins\/seo\/ -->\n<title>Requerimentos 2014 - C\u00e2mara Municipal de Florest\u00f3polis<\/title>\n<meta name=\"robots\" content=\"index, follow, max-snippet:-1, max-image-preview:large, max-video-preview:-1\" \/>\n<link rel=\"canonical\" href=\"https:\/\/cmflorestopolis.pr.gov.br\/?page_id=288\" \/>\n<meta property=\"og:locale\" content=\"pt_BR\" \/>\n<meta property=\"og:type\" content=\"article\" \/>\n<meta property=\"og:title\" content=\"Requerimentos 2014 - C\u00e2mara Municipal de Florest\u00f3polis\" \/>\n<meta property=\"og:description\" content=\"Deneval Boni \u2013 PTB N\u00ba Data S\u00famula Visualizar 02 28\/04\/2014 Requer envio de of\u00edcio ao Excelent\u00edssimo senhor On\u00edcio de Souza Prefeito Municipal, solicitando um relat\u00f3rio [...]\" \/>\n<meta property=\"og:url\" content=\"https:\/\/cmflorestopolis.pr.gov.br\/?page_id=288\" \/>\n<meta property=\"og:site_name\" content=\"C\u00e2mara Municipal de Florest\u00f3polis\" \/>\n<meta property=\"og:image\" content=\"https:\/\/cmflorestopolis.pr.gov.br\/wp-content\/uploads\/2015\/08\/Boni.jpg\" \/>\n<meta name=\"twitter:card\" content=\"summary_large_image\" \/>\n<meta name=\"twitter:label1\" content=\"Est. tempo de leitura\" \/>\n\t<meta name=\"twitter:data1\" content=\"1 minuto\" \/>\n<script type=\"application\/ld+json\" class=\"yoast-schema-graph\">{\"@context\":\"https:\/\/schema.org\",\"@graph\":[{\"@type\":\"WebSite\",\"@id\":\"https:\/\/cmflorestopolis.pr.gov.br\/#website\",\"url\":\"https:\/\/cmflorestopolis.pr.gov.br\/\",\"name\":\"C\\u00e2mara Municipal de Florest\\u00f3polis\",\"description\":\"\",\"potentialAction\":[{\"@type\":\"SearchAction\",\"target\":{\"@type\":\"EntryPoint\",\"urlTemplate\":\"https:\/\/cmflorestopolis.pr.gov.br\/?s={search_term_string}\"},\"query-input\":\"required name=search_term_string\"}],\"inLanguage\":\"pt-BR\"},{\"@type\":\"ImageObject\",\"@id\":\"https:\/\/cmflorestopolis.pr.gov.br\/?page_id=288#primaryimage\",\"inLanguage\":\"pt-BR\",\"url\":\"https:\/\/cmflorestopolis.pr.gov.br\/wp-content\/uploads\/2015\/08\/Boni.jpg\",\"contentUrl\":\"https:\/\/cmflorestopolis.pr.gov.br\/wp-content\/uploads\/2015\/08\/Boni.jpg\"},{\"@type\":\"WebPage\",\"@id\":\"https:\/\/cmflorestopolis.pr.gov.br\/?page_id=288#webpage\",\"url\":\"https:\/\/cmflorestopolis.pr.gov.br\/?page_id=288\",\"name\":\"Requerimentos 2014 - C\\u00e2mara Municipal de Florest\\u00f3polis\",\"isPartOf\":{\"@id\":\"https:\/\/cmflorestopolis.pr.gov.br\/#website\"},\"primaryImageOfPage\":{\"@id\":\"https:\/\/cmflorestopolis.pr.gov.br\/?page_id=288#primaryimage\"},\"datePublished\":\"2021-07-10T14:29:48+00:00\",\"dateModified\":\"2021-07-10T14:29:48+00:00\",\"breadcrumb\":{\"@id\":\"https:\/\/cmflorestopolis.pr.gov.br\/?page_id=288#breadcrumb\"},\"inLanguage\":\"pt-BR\",\"potentialAction\":[{\"@type\":\"ReadAction\",\"target\":[\"https:\/\/cmflorestopolis.pr.gov.br\/?page_id=288\"]}]},{\"@type\":\"BreadcrumbList\",\"@id\":\"https:\/\/cmflorestopolis.pr.gov.br\/?page_id=288#breadcrumb\",\"itemListElement\":[{\"@type\":\"ListItem\",\"position\":1,\"name\":\"In\\u00edcio\",\"item\":\"https:\/\/cmflorestopolis.pr.gov.br\/\"},{\"@type\":\"ListItem\",\"position\":2,\"name\":\"Requerimentos 2014\"}]}]}<\/script>\n<!-- \/ Yoast SEO plugin. -->","yoast_head_json":{"title":"Requerimentos 2014 - C\u00e2mara Municipal de Florest\u00f3polis","robots":{"index":"index","follow":"follow","max-snippet":"max-snippet:-1","max-image-preview":"max-image-preview:large","max-video-preview":"max-video-preview:-1"},"canonical":"https:\/\/cmflorestopolis.pr.gov.br\/?page_id=288","og_locale":"pt_BR","og_type":"article","og_title":"Requerimentos 2014 - C\u00e2mara Municipal de Florest\u00f3polis","og_description":"Deneval Boni \u2013 PTB N\u00ba Data S\u00famula Visualizar 02 28\/04\/2014 Requer envio de of\u00edcio ao Excelent\u00edssimo senhor On\u00edcio de Souza Prefeito Municipal, solicitando um relat\u00f3rio [...]","og_url":"https:\/\/cmflorestopolis.pr.gov.br\/?page_id=288","og_site_name":"C\u00e2mara Municipal de Florest\u00f3polis","og_image":[{"url":"https:\/\/cmflorestopolis.pr.gov.br\/wp-content\/uploads\/2015\/08\/Boni.jpg"}],"twitter_card":"summary_large_image","twitter_misc":{"Est. tempo de leitura":"1 minuto"},"schema":{"@context":"https:\/\/schema.org","@graph":[{"@type":"WebSite","@id":"https:\/\/cmflorestopolis.pr.gov.br\/#website","url":"https:\/\/cmflorestopolis.pr.gov.br\/","name":"C\u00e2mara Municipal de Florest\u00f3polis","description":"","potentialAction":[{"@type":"SearchAction","target":{"@type":"EntryPoint","urlTemplate":"https:\/\/cmflorestopolis.pr.gov.br\/?s={search_term_string}"},"query-input":"required name=search_term_string"}],"inLanguage":"pt-BR"},{"@type":"ImageObject","@id":"https:\/\/cmflorestopolis.pr.gov.br\/?page_id=288#primaryimage","inLanguage":"pt-BR","url":"https:\/\/cmflorestopolis.pr.gov.br\/wp-content\/uploads\/2015\/08\/Boni.jpg","contentUrl":"https:\/\/cmflorestopolis.pr.gov.br\/wp-content\/uploads\/2015\/08\/Boni.jpg"},{"@type":"WebPage","@id":"https:\/\/cmflorestopolis.pr.gov.br\/?page_id=288#webpage","url":"https:\/\/cmflorestopolis.pr.gov.br\/?page_id=288","name":"Requerimentos 2014 - C\u00e2mara Municipal de Florest\u00f3polis","isPartOf":{"@id":"https:\/\/cmflorestopolis.pr.gov.br\/#website"},"primaryImageOfPage":{"@id":"https:\/\/cmflorestopolis.pr.gov.br\/?page_id=288#primaryimage"},"datePublished":"2021-07-10T14:29:48+00:00","dateModified":"2021-07-10T14:29:48+00:00","breadcrumb":{"@id":"https:\/\/cmflorestopolis.pr.gov.br\/?page_id=288#breadcrumb"},"inLanguage":"pt-BR","potentialAction":[{"@type":"ReadAction","target":["https:\/\/cmflorestopolis.pr.gov.br\/?page_id=288"]}]},{"@type":"BreadcrumbList","@id":"https:\/\/cmflorestopolis.pr.gov.br\/?page_id=288#breadcrumb","itemListElement":[{"@type":"ListItem","position":1,"name":"In\u00edcio","item":"https:\/\/cmflorestopolis.pr.gov.br\/"},{"@type":"ListItem","position":2,"name":"Requerimentos 2014"}]}]}},"_links":{"self":[{"href":"https:\/\/cmflorestopolis.pr.gov.br\/index.php?rest_route=\/wp\/v2\/pages\/288"}],"collection":[{"href":"https:\/\/cmflorestopolis.pr.gov.br\/index.php?rest_route=\/wp\/v2\/pages"}],"about":[{"href":"https:\/\/cmflorestopolis.pr.gov.br\/index.php?rest_route=\/wp\/v2\/types\/page"}],"author":[{"embeddable":true,"href":"https:\/\/cmflorestopolis.pr.gov.br\/index.php?rest_route=\/wp\/v2\/users\/2"}],"replies":[{"embeddable":true,"href":"https:\/\/cmflorestopolis.pr.gov.br\/index.php?rest_route=%2Fwp%2Fv2%2Fcomments&post=288"}],"version-history":[{"count":0,"href":"https:\/\/cmflorestopolis.pr.gov.br\/index.php?rest_route=\/wp\/v2\/pages\/288\/revisions"}],"wp:attachment":[{"href":"https:\/\/cmflorestopolis.pr.gov.br\/index.php?rest_route=%2Fwp%2Fv2%2Fmedia&parent=288"}],"curies":[{"name":"wp","href":"https:\/\/api.w.org\/{rel}","templated":true}]}}