{"id":287,"date":"2021-07-10T11:29:48","date_gmt":"2021-07-10T14:29:48","guid":{"rendered":"https:\/\/camara897460250.wordpress.com\/?page_id=287"},"modified":"2021-07-10T11:29:48","modified_gmt":"2021-07-10T14:29:48","slug":"requerimentos-2015","status":"publish","type":"page","link":"https:\/\/cmflorestopolis.pr.gov.br\/?page_id=287","title":{"rendered":"Requerimentos 2015"},"content":{"rendered":"<table>\n<tbody>\n<tr>\n<td><img loading=\"lazy\" class=\"alignleft size-full wp-image-2378\" src=\"https:\/\/cmflorestopolis.pr.gov.br\/wp-content\/uploads\/2015\/08\/Geminho.jpg\" alt=\"Geminho\" width=\"65\" height=\"87\" \/><\/td>\n<td colspan=\"3\"><strong>Walter Xavier da Cruz (Geminho) \u2013 PT<\/strong><\/td>\n<\/tr>\n<tr>\n<td>N\u00ba<\/td>\n<td>Data<\/td>\n<td>S\u00famula<\/td>\n<td>Visualizar<\/td>\n<\/tr>\n<tr>\n<td>\u00a001<\/td>\n<td>\u00a023\/03\/2015<\/td>\n<td>Requer envio de Of\u00edcio ao Ilustr\u00edssimo senhor Sergio Gon\u00e7alves Leite, gerente do escrit\u00f3rio regional do DER de Ibipor\u00e3, requisitando com urg\u00eancia a constru\u00e7\u00e3o de redutores de velocidade (quebra-molas), na PR-170 \u2013 Rua Ezequias Braz da Silva, per\u00edmetro urbano do munic\u00edpio de Florest\u00f3polis, especificamente no cruzamento com a Rua Venezuela, tendo em vista a ocorr\u00eancia de acidentes o que tem preocupado a popula\u00e7\u00e3o local, devido o abuso de velocidade e imprud\u00eancia de alguns motoristas que, est\u00e3o desviando dos redutores passando pelo acostamento e at\u00e9 mesmo pela contram\u00e3o, pois na \u00faltima reforma da malha vi\u00e1ria os redutores foram constru\u00eddos em meia pista. Portanto \u00e9 indispens\u00e1vel \u00e0 constru\u00e7\u00e3o de novos redutores de velocidade, bem como se poss\u00edvel refaze-los em pista inteira como eram antigamente, e desta forma evitar o acontecimento de acidentes graves e assim preservar a vida de seres humanos que correm s\u00e9rios riscos ao atravessarem a rodovia no per\u00edmetro citado.<\/td>\n<td><a href=\"https:\/\/cmflorestopolis.pr.gov.br\/wp-content\/uploads\/2015\/08\/REQ.-N%C2%BA-01-2015.pdf\" target=\"_blank\" rel=\"noopener noreferrer\"><img loading=\"lazy\" class=\" wp-image-1620 aligncenter\" src=\"https:\/\/cmflorestopolis.pr.gov.br\/wp-content\/uploads\/2015\/07\/pdf.jpg\" alt=\"pdf\" width=\"22\" height=\"22\" \/><\/a><\/td>\n<\/tr>\n<\/tbody>\n<\/table>\n","protected":false},"excerpt":{"rendered":"<p>Walter Xavier da Cruz (Geminho) \u2013 PT N\u00ba Data S\u00famula Visualizar \u00a001 \u00a023\/03\/2015 Requer envio de Of\u00edcio ao Ilustr\u00edssimo senhor Sergio Gon\u00e7alves Leite, gerente do [&#8230;]<\/p>\n","protected":false},"author":2,"featured_media":0,"parent":0,"menu_order":0,"comment_status":"closed","ping_status":"closed","template":"","meta":[],"yoast_head":"<!-- This site is optimized with the Yoast SEO plugin v17.6 - https:\/\/yoast.com\/wordpress\/plugins\/seo\/ -->\n<title>Requerimentos 2015 - C\u00e2mara Municipal de Florest\u00f3polis<\/title>\n<meta name=\"robots\" content=\"index, follow, max-snippet:-1, max-image-preview:large, max-video-preview:-1\" \/>\n<link rel=\"canonical\" href=\"https:\/\/cmflorestopolis.pr.gov.br\/?page_id=287\" \/>\n<meta property=\"og:locale\" content=\"pt_BR\" \/>\n<meta property=\"og:type\" content=\"article\" \/>\n<meta property=\"og:title\" content=\"Requerimentos 2015 - C\u00e2mara Municipal de Florest\u00f3polis\" \/>\n<meta property=\"og:description\" content=\"Walter Xavier da Cruz (Geminho) \u2013 PT N\u00ba Data S\u00famula Visualizar \u00a001 \u00a023\/03\/2015 Requer envio de Of\u00edcio ao Ilustr\u00edssimo senhor Sergio Gon\u00e7alves Leite, gerente do [...]\" \/>\n<meta property=\"og:url\" content=\"https:\/\/cmflorestopolis.pr.gov.br\/?page_id=287\" \/>\n<meta property=\"og:site_name\" content=\"C\u00e2mara Municipal de Florest\u00f3polis\" \/>\n<meta property=\"og:image\" content=\"https:\/\/cmflorestopolis.pr.gov.br\/wp-content\/uploads\/2015\/08\/Geminho.jpg\" \/>\n<meta name=\"twitter:card\" content=\"summary_large_image\" \/>\n<meta name=\"twitter:label1\" content=\"Est. tempo de leitura\" \/>\n\t<meta name=\"twitter:data1\" content=\"1 minuto\" \/>\n<script type=\"application\/ld+json\" class=\"yoast-schema-graph\">{\"@context\":\"https:\/\/schema.org\",\"@graph\":[{\"@type\":\"WebSite\",\"@id\":\"https:\/\/cmflorestopolis.pr.gov.br\/#website\",\"url\":\"https:\/\/cmflorestopolis.pr.gov.br\/\",\"name\":\"C\\u00e2mara Municipal de Florest\\u00f3polis\",\"description\":\"\",\"potentialAction\":[{\"@type\":\"SearchAction\",\"target\":{\"@type\":\"EntryPoint\",\"urlTemplate\":\"https:\/\/cmflorestopolis.pr.gov.br\/?s={search_term_string}\"},\"query-input\":\"required name=search_term_string\"}],\"inLanguage\":\"pt-BR\"},{\"@type\":\"ImageObject\",\"@id\":\"https:\/\/cmflorestopolis.pr.gov.br\/?page_id=287#primaryimage\",\"inLanguage\":\"pt-BR\",\"url\":\"https:\/\/cmflorestopolis.pr.gov.br\/wp-content\/uploads\/2015\/08\/Geminho.jpg\",\"contentUrl\":\"https:\/\/cmflorestopolis.pr.gov.br\/wp-content\/uploads\/2015\/08\/Geminho.jpg\"},{\"@type\":\"WebPage\",\"@id\":\"https:\/\/cmflorestopolis.pr.gov.br\/?page_id=287#webpage\",\"url\":\"https:\/\/cmflorestopolis.pr.gov.br\/?page_id=287\",\"name\":\"Requerimentos 2015 - C\\u00e2mara Municipal de Florest\\u00f3polis\",\"isPartOf\":{\"@id\":\"https:\/\/cmflorestopolis.pr.gov.br\/#website\"},\"primaryImageOfPage\":{\"@id\":\"https:\/\/cmflorestopolis.pr.gov.br\/?page_id=287#primaryimage\"},\"datePublished\":\"2021-07-10T14:29:48+00:00\",\"dateModified\":\"2021-07-10T14:29:48+00:00\",\"breadcrumb\":{\"@id\":\"https:\/\/cmflorestopolis.pr.gov.br\/?page_id=287#breadcrumb\"},\"inLanguage\":\"pt-BR\",\"potentialAction\":[{\"@type\":\"ReadAction\",\"target\":[\"https:\/\/cmflorestopolis.pr.gov.br\/?page_id=287\"]}]},{\"@type\":\"BreadcrumbList\",\"@id\":\"https:\/\/cmflorestopolis.pr.gov.br\/?page_id=287#breadcrumb\",\"itemListElement\":[{\"@type\":\"ListItem\",\"position\":1,\"name\":\"In\\u00edcio\",\"item\":\"https:\/\/cmflorestopolis.pr.gov.br\/\"},{\"@type\":\"ListItem\",\"position\":2,\"name\":\"Requerimentos 2015\"}]}]}<\/script>\n<!-- \/ Yoast SEO plugin. -->","yoast_head_json":{"title":"Requerimentos 2015 - C\u00e2mara Municipal de Florest\u00f3polis","robots":{"index":"index","follow":"follow","max-snippet":"max-snippet:-1","max-image-preview":"max-image-preview:large","max-video-preview":"max-video-preview:-1"},"canonical":"https:\/\/cmflorestopolis.pr.gov.br\/?page_id=287","og_locale":"pt_BR","og_type":"article","og_title":"Requerimentos 2015 - C\u00e2mara Municipal de Florest\u00f3polis","og_description":"Walter Xavier da Cruz (Geminho) \u2013 PT N\u00ba Data S\u00famula Visualizar \u00a001 \u00a023\/03\/2015 Requer envio de Of\u00edcio ao Ilustr\u00edssimo senhor Sergio Gon\u00e7alves Leite, gerente do [...]","og_url":"https:\/\/cmflorestopolis.pr.gov.br\/?page_id=287","og_site_name":"C\u00e2mara Municipal de Florest\u00f3polis","og_image":[{"url":"https:\/\/cmflorestopolis.pr.gov.br\/wp-content\/uploads\/2015\/08\/Geminho.jpg"}],"twitter_card":"summary_large_image","twitter_misc":{"Est. tempo de leitura":"1 minuto"},"schema":{"@context":"https:\/\/schema.org","@graph":[{"@type":"WebSite","@id":"https:\/\/cmflorestopolis.pr.gov.br\/#website","url":"https:\/\/cmflorestopolis.pr.gov.br\/","name":"C\u00e2mara Municipal de Florest\u00f3polis","description":"","potentialAction":[{"@type":"SearchAction","target":{"@type":"EntryPoint","urlTemplate":"https:\/\/cmflorestopolis.pr.gov.br\/?s={search_term_string}"},"query-input":"required name=search_term_string"}],"inLanguage":"pt-BR"},{"@type":"ImageObject","@id":"https:\/\/cmflorestopolis.pr.gov.br\/?page_id=287#primaryimage","inLanguage":"pt-BR","url":"https:\/\/cmflorestopolis.pr.gov.br\/wp-content\/uploads\/2015\/08\/Geminho.jpg","contentUrl":"https:\/\/cmflorestopolis.pr.gov.br\/wp-content\/uploads\/2015\/08\/Geminho.jpg"},{"@type":"WebPage","@id":"https:\/\/cmflorestopolis.pr.gov.br\/?page_id=287#webpage","url":"https:\/\/cmflorestopolis.pr.gov.br\/?page_id=287","name":"Requerimentos 2015 - C\u00e2mara Municipal de Florest\u00f3polis","isPartOf":{"@id":"https:\/\/cmflorestopolis.pr.gov.br\/#website"},"primaryImageOfPage":{"@id":"https:\/\/cmflorestopolis.pr.gov.br\/?page_id=287#primaryimage"},"datePublished":"2021-07-10T14:29:48+00:00","dateModified":"2021-07-10T14:29:48+00:00","breadcrumb":{"@id":"https:\/\/cmflorestopolis.pr.gov.br\/?page_id=287#breadcrumb"},"inLanguage":"pt-BR","potentialAction":[{"@type":"ReadAction","target":["https:\/\/cmflorestopolis.pr.gov.br\/?page_id=287"]}]},{"@type":"BreadcrumbList","@id":"https:\/\/cmflorestopolis.pr.gov.br\/?page_id=287#breadcrumb","itemListElement":[{"@type":"ListItem","position":1,"name":"In\u00edcio","item":"https:\/\/cmflorestopolis.pr.gov.br\/"},{"@type":"ListItem","position":2,"name":"Requerimentos 2015"}]}]}},"_links":{"self":[{"href":"https:\/\/cmflorestopolis.pr.gov.br\/index.php?rest_route=\/wp\/v2\/pages\/287"}],"collection":[{"href":"https:\/\/cmflorestopolis.pr.gov.br\/index.php?rest_route=\/wp\/v2\/pages"}],"about":[{"href":"https:\/\/cmflorestopolis.pr.gov.br\/index.php?rest_route=\/wp\/v2\/types\/page"}],"author":[{"embeddable":true,"href":"https:\/\/cmflorestopolis.pr.gov.br\/index.php?rest_route=\/wp\/v2\/users\/2"}],"replies":[{"embeddable":true,"href":"https:\/\/cmflorestopolis.pr.gov.br\/index.php?rest_route=%2Fwp%2Fv2%2Fcomments&post=287"}],"version-history":[{"count":0,"href":"https:\/\/cmflorestopolis.pr.gov.br\/index.php?rest_route=\/wp\/v2\/pages\/287\/revisions"}],"wp:attachment":[{"href":"https:\/\/cmflorestopolis.pr.gov.br\/index.php?rest_route=%2Fwp%2Fv2%2Fmedia&parent=287"}],"curies":[{"name":"wp","href":"https:\/\/api.w.org\/{rel}","templated":true}]}}