{"id":286,"date":"2021-07-10T11:29:48","date_gmt":"2021-07-10T14:29:48","guid":{"rendered":"https:\/\/camara897460250.wordpress.com\/?page_id=286"},"modified":"2021-07-10T11:29:48","modified_gmt":"2021-07-10T14:29:48","slug":"requerimentos-2016","status":"publish","type":"page","link":"https:\/\/cmflorestopolis.pr.gov.br\/?page_id=286","title":{"rendered":"Requerimentos 2016"},"content":{"rendered":"<table>\n<tbody>\n<tr>\n<td><strong><img loading=\"lazy\" class=\"alignleft size-full wp-image-2652\" src=\"https:\/\/cmflorestopolis.pr.gov.br\/wp-content\/uploads\/2015\/08\/Douglas2.jpg\" alt=\"Douglas\" width=\"65\" height=\"60\" \/><\/strong><\/td>\n<td colspan=\"3\"><strong>Douglas Jos\u00e9 de Sales \u2013 PR<br \/>\n<\/strong><\/td>\n<\/tr>\n<tr>\n<td><strong>N\u00ba<\/strong><\/td>\n<td><strong>Data<\/strong><\/td>\n<td><strong>S\u00famula<\/strong><\/td>\n<td><strong>Visualizar<\/strong><\/td>\n<\/tr>\n<tr>\n<td><strong>\u00a004<\/strong><\/td>\n<td><strong>\u00a021\/03\/2016<\/strong><\/td>\n<td><strong>Requer a mesa Diretora desta Casa de Leis que ap\u00f3s delibera\u00e7\u00e3o Plen\u00e1ria,em conson\u00e2ncia com o contido no artigo 188 do Regimento Interno da C\u00e2mara Municipal de Florest\u00f3polis, e inciso VII, do artigo 30 da Lei Org\u00e2nica do Munic\u00edpio de Florest\u00f3polis, que seja feito a CONVOCA\u00c7\u00c3O dos senhores Denys Teixeira Saul \u2013 Diretor do Hospital Municipal e Jos\u00e9 Moreira Pinho \u2013 Auxiliar de Servi\u00e7os Gerais, para em plen\u00e1rio prestar esclarecimentos sobre fatos ocorridos no Est\u00e1dio Jo\u00e3o Dias dos Reis, no dia 13\/03\/2016, assuntos referentes a falta de ambul\u00e2ncia no est\u00e1dio e demora para deslocamento de ambul\u00e2ncia para prestar socorro a jogador ferido durante partida de futebol.<\/strong><\/td>\n<td><strong><img loading=\"lazy\" class=\" wp-image-1620 aligncenter\" src=\"https:\/\/cmflorestopolis.pr.gov.br\/wp-content\/uploads\/2015\/07\/pdf.jpg\" alt=\"pdf\" width=\"22\" height=\"22\" \/><\/strong><\/td>\n<\/tr>\n<\/tbody>\n<\/table>\n<table>\n<tbody>\n<tr>\n<td><strong><img loading=\"lazy\" class=\"alignleft size-full wp-image-2655\" src=\"https:\/\/cmflorestopolis.pr.gov.br\/wp-content\/uploads\/2015\/08\/Boni1.jpg\" alt=\"Boni\" width=\"65\" height=\"60\" \/><\/strong><\/td>\n<td colspan=\"3\"><strong>Deneval Boni\u00a0\u2013 PTB<br \/>\n<\/strong><\/td>\n<\/tr>\n<tr>\n<td><strong>N\u00ba<\/strong><\/td>\n<td><strong>Data<\/strong><\/td>\n<td><strong>S\u00famula<\/strong><\/td>\n<td><strong>Visualizar<\/strong><\/td>\n<\/tr>\n<tr>\n<td><strong>\u00a003<\/strong><\/td>\n<td><strong>\u00a021\/03\/2016<\/strong><\/td>\n<td><strong>Requer ap\u00f3s delibera\u00e7\u00e3o Plen\u00e1ria, o envio de Of\u00edcio ao Excelent\u00edssimo Prefeito Municipal On\u00edcio de Souza, solicitando c\u00f3pia dos projetos elaborados para a pavimenta\u00e7\u00e3o da Rua Olarich Maicon e da Rua Nelsinho Ravagnani, onde est\u00e3o sendo constru\u00eddas 25 (vinte e cinco) moradias.<\/strong><\/td>\n<td><strong><img loading=\"lazy\" class=\" wp-image-1620 aligncenter\" src=\"https:\/\/cmflorestopolis.pr.gov.br\/wp-content\/uploads\/2015\/07\/pdf.jpg\" alt=\"pdf\" width=\"22\" height=\"22\" \/><\/strong><\/td>\n<\/tr>\n<\/tbody>\n<\/table>\n<table>\n<tbody>\n<tr>\n<td><strong><img loading=\"lazy\" class=\"alignleft size-full wp-image-2655\" src=\"https:\/\/cmflorestopolis.pr.gov.br\/wp-content\/uploads\/2015\/08\/Boni1.jpg\" alt=\"Boni\" width=\"65\" height=\"60\" \/><\/strong><\/td>\n<td colspan=\"3\"><strong>Deneval Boni\u00a0\u2013 PTB<br \/>\n<\/strong><\/td>\n<\/tr>\n<tr>\n<td><strong>N\u00ba<\/strong><\/td>\n<td><strong>Data<\/strong><\/td>\n<td><strong>S\u00famula<\/strong><\/td>\n<td><strong>Visualizar<\/strong><\/td>\n<\/tr>\n<tr>\n<td><strong>\u00a002<\/strong><\/td>\n<td><strong>\u00a021\/03\/2016<\/strong><\/td>\n<td><strong>Requer ap\u00f3s delibera\u00e7\u00e3o Plen\u00e1ria, o envio de Of\u00edcio ao Excelent\u00edssimo Prefeito Municipal On\u00edcio de Souza, solicitando informa\u00e7\u00f5es com rela\u00e7\u00e3o a pavimenta\u00e7\u00e3o da Rua Paulo Baise, se o cal\u00e7amento da mesma foi incluso no projeto e no or\u00e7amento da obra.<\/strong><\/td>\n<td><strong><img loading=\"lazy\" class=\" wp-image-1620 aligncenter\" src=\"https:\/\/cmflorestopolis.pr.gov.br\/wp-content\/uploads\/2015\/07\/pdf.jpg\" alt=\"pdf\" width=\"22\" height=\"22\" \/><\/strong><\/td>\n<\/tr>\n<\/tbody>\n<\/table>\n<table>\n<tbody>\n<tr>\n<td><strong><img loading=\"lazy\" class=\"alignleft size-full wp-image-2668\" src=\"https:\/\/cmflorestopolis.pr.gov.br\/wp-content\/uploads\/2015\/08\/Capassi1.jpg\" alt=\"Capassi\" width=\"65\" height=\"60\" \/><\/strong><\/td>\n<td colspan=\"3\"><strong>Ayrton Capassi \u2013 PSDB<br \/>\n<\/strong><\/td>\n<\/tr>\n<tr>\n<td><strong>N\u00ba<\/strong><\/td>\n<td><strong>Data<\/strong><\/td>\n<td><strong>S\u00famula<\/strong><\/td>\n<td><strong>Visualizar<\/strong><\/td>\n<\/tr>\n<tr>\n<td><strong>\u00a001<\/strong><\/td>\n<td><strong>\u00a029\/02\/2016<\/strong><\/td>\n<td><strong>Requer ap\u00f3s Delibera\u00e7\u00e3o Plen\u00e1ria, o envio de oficio a Empresa de Telecomunica\u00e7\u00f5es TIM e a ANATEL, solicitando que sejam tomadas as devidas provid\u00eancias com rela\u00e7\u00e3o a falta de sinal para telefones celulares em nossa cidade e regi\u00e3o, pois a dias os clientes da operadora acima mencionada n\u00e3o conseguem realizar chamadas, e isso tem causado s\u00e9rios transtornos a nossa comunidade, aos comerciantes, enfim a todos os usu\u00e1rios que necessitam da comunica\u00e7\u00e3o via celular em seu dia dia.<\/strong><\/td>\n<td><img loading=\"lazy\" class=\" wp-image-1620 aligncenter\" src=\"https:\/\/cmflorestopolis.pr.gov.br\/wp-content\/uploads\/2015\/07\/pdf.jpg\" alt=\"pdf\" width=\"22\" height=\"22\" \/><\/td>\n<\/tr>\n<\/tbody>\n<\/table>\n","protected":false},"excerpt":{"rendered":"<p>Douglas Jos\u00e9 de Sales \u2013 PR N\u00ba Data S\u00famula Visualizar \u00a004 \u00a021\/03\/2016 Requer a mesa Diretora desta Casa de Leis que ap\u00f3s delibera\u00e7\u00e3o Plen\u00e1ria,em conson\u00e2ncia [&#8230;]<\/p>\n","protected":false},"author":2,"featured_media":0,"parent":0,"menu_order":0,"comment_status":"closed","ping_status":"closed","template":"","meta":[],"yoast_head":"<!-- This site is optimized with the Yoast SEO plugin v17.6 - https:\/\/yoast.com\/wordpress\/plugins\/seo\/ -->\n<title>Requerimentos 2016 - C\u00e2mara Municipal de Florest\u00f3polis<\/title>\n<meta name=\"robots\" content=\"index, follow, max-snippet:-1, max-image-preview:large, max-video-preview:-1\" \/>\n<link rel=\"canonical\" href=\"https:\/\/cmflorestopolis.pr.gov.br\/?page_id=286\" \/>\n<meta property=\"og:locale\" content=\"pt_BR\" \/>\n<meta property=\"og:type\" content=\"article\" \/>\n<meta property=\"og:title\" content=\"Requerimentos 2016 - C\u00e2mara Municipal de Florest\u00f3polis\" \/>\n<meta property=\"og:description\" content=\"Douglas Jos\u00e9 de Sales \u2013 PR N\u00ba Data S\u00famula Visualizar \u00a004 \u00a021\/03\/2016 Requer a mesa Diretora desta Casa de Leis que ap\u00f3s delibera\u00e7\u00e3o Plen\u00e1ria,em conson\u00e2ncia [...]\" \/>\n<meta property=\"og:url\" content=\"https:\/\/cmflorestopolis.pr.gov.br\/?page_id=286\" \/>\n<meta property=\"og:site_name\" content=\"C\u00e2mara Municipal de Florest\u00f3polis\" \/>\n<meta property=\"og:image\" content=\"https:\/\/cmflorestopolis.pr.gov.br\/wp-content\/uploads\/2015\/08\/Douglas2.jpg\" \/>\n<meta name=\"twitter:card\" content=\"summary_large_image\" \/>\n<meta name=\"twitter:label1\" content=\"Est. tempo de leitura\" \/>\n\t<meta name=\"twitter:data1\" content=\"2 minutos\" \/>\n<script type=\"application\/ld+json\" class=\"yoast-schema-graph\">{\"@context\":\"https:\/\/schema.org\",\"@graph\":[{\"@type\":\"WebSite\",\"@id\":\"https:\/\/cmflorestopolis.pr.gov.br\/#website\",\"url\":\"https:\/\/cmflorestopolis.pr.gov.br\/\",\"name\":\"C\\u00e2mara Municipal de Florest\\u00f3polis\",\"description\":\"\",\"potentialAction\":[{\"@type\":\"SearchAction\",\"target\":{\"@type\":\"EntryPoint\",\"urlTemplate\":\"https:\/\/cmflorestopolis.pr.gov.br\/?s={search_term_string}\"},\"query-input\":\"required name=search_term_string\"}],\"inLanguage\":\"pt-BR\"},{\"@type\":\"ImageObject\",\"@id\":\"https:\/\/cmflorestopolis.pr.gov.br\/?page_id=286#primaryimage\",\"inLanguage\":\"pt-BR\",\"url\":\"https:\/\/cmflorestopolis.pr.gov.br\/wp-content\/uploads\/2015\/08\/Douglas2.jpg\",\"contentUrl\":\"https:\/\/cmflorestopolis.pr.gov.br\/wp-content\/uploads\/2015\/08\/Douglas2.jpg\"},{\"@type\":\"WebPage\",\"@id\":\"https:\/\/cmflorestopolis.pr.gov.br\/?page_id=286#webpage\",\"url\":\"https:\/\/cmflorestopolis.pr.gov.br\/?page_id=286\",\"name\":\"Requerimentos 2016 - C\\u00e2mara Municipal de Florest\\u00f3polis\",\"isPartOf\":{\"@id\":\"https:\/\/cmflorestopolis.pr.gov.br\/#website\"},\"primaryImageOfPage\":{\"@id\":\"https:\/\/cmflorestopolis.pr.gov.br\/?page_id=286#primaryimage\"},\"datePublished\":\"2021-07-10T14:29:48+00:00\",\"dateModified\":\"2021-07-10T14:29:48+00:00\",\"breadcrumb\":{\"@id\":\"https:\/\/cmflorestopolis.pr.gov.br\/?page_id=286#breadcrumb\"},\"inLanguage\":\"pt-BR\",\"potentialAction\":[{\"@type\":\"ReadAction\",\"target\":[\"https:\/\/cmflorestopolis.pr.gov.br\/?page_id=286\"]}]},{\"@type\":\"BreadcrumbList\",\"@id\":\"https:\/\/cmflorestopolis.pr.gov.br\/?page_id=286#breadcrumb\",\"itemListElement\":[{\"@type\":\"ListItem\",\"position\":1,\"name\":\"In\\u00edcio\",\"item\":\"https:\/\/cmflorestopolis.pr.gov.br\/\"},{\"@type\":\"ListItem\",\"position\":2,\"name\":\"Requerimentos 2016\"}]}]}<\/script>\n<!-- \/ Yoast SEO plugin. -->","yoast_head_json":{"title":"Requerimentos 2016 - C\u00e2mara Municipal de Florest\u00f3polis","robots":{"index":"index","follow":"follow","max-snippet":"max-snippet:-1","max-image-preview":"max-image-preview:large","max-video-preview":"max-video-preview:-1"},"canonical":"https:\/\/cmflorestopolis.pr.gov.br\/?page_id=286","og_locale":"pt_BR","og_type":"article","og_title":"Requerimentos 2016 - C\u00e2mara Municipal de Florest\u00f3polis","og_description":"Douglas Jos\u00e9 de Sales \u2013 PR N\u00ba Data S\u00famula Visualizar \u00a004 \u00a021\/03\/2016 Requer a mesa Diretora desta Casa de Leis que ap\u00f3s delibera\u00e7\u00e3o Plen\u00e1ria,em conson\u00e2ncia [...]","og_url":"https:\/\/cmflorestopolis.pr.gov.br\/?page_id=286","og_site_name":"C\u00e2mara Municipal de Florest\u00f3polis","og_image":[{"url":"https:\/\/cmflorestopolis.pr.gov.br\/wp-content\/uploads\/2015\/08\/Douglas2.jpg"}],"twitter_card":"summary_large_image","twitter_misc":{"Est. tempo de leitura":"2 minutos"},"schema":{"@context":"https:\/\/schema.org","@graph":[{"@type":"WebSite","@id":"https:\/\/cmflorestopolis.pr.gov.br\/#website","url":"https:\/\/cmflorestopolis.pr.gov.br\/","name":"C\u00e2mara Municipal de Florest\u00f3polis","description":"","potentialAction":[{"@type":"SearchAction","target":{"@type":"EntryPoint","urlTemplate":"https:\/\/cmflorestopolis.pr.gov.br\/?s={search_term_string}"},"query-input":"required name=search_term_string"}],"inLanguage":"pt-BR"},{"@type":"ImageObject","@id":"https:\/\/cmflorestopolis.pr.gov.br\/?page_id=286#primaryimage","inLanguage":"pt-BR","url":"https:\/\/cmflorestopolis.pr.gov.br\/wp-content\/uploads\/2015\/08\/Douglas2.jpg","contentUrl":"https:\/\/cmflorestopolis.pr.gov.br\/wp-content\/uploads\/2015\/08\/Douglas2.jpg"},{"@type":"WebPage","@id":"https:\/\/cmflorestopolis.pr.gov.br\/?page_id=286#webpage","url":"https:\/\/cmflorestopolis.pr.gov.br\/?page_id=286","name":"Requerimentos 2016 - C\u00e2mara Municipal de Florest\u00f3polis","isPartOf":{"@id":"https:\/\/cmflorestopolis.pr.gov.br\/#website"},"primaryImageOfPage":{"@id":"https:\/\/cmflorestopolis.pr.gov.br\/?page_id=286#primaryimage"},"datePublished":"2021-07-10T14:29:48+00:00","dateModified":"2021-07-10T14:29:48+00:00","breadcrumb":{"@id":"https:\/\/cmflorestopolis.pr.gov.br\/?page_id=286#breadcrumb"},"inLanguage":"pt-BR","potentialAction":[{"@type":"ReadAction","target":["https:\/\/cmflorestopolis.pr.gov.br\/?page_id=286"]}]},{"@type":"BreadcrumbList","@id":"https:\/\/cmflorestopolis.pr.gov.br\/?page_id=286#breadcrumb","itemListElement":[{"@type":"ListItem","position":1,"name":"In\u00edcio","item":"https:\/\/cmflorestopolis.pr.gov.br\/"},{"@type":"ListItem","position":2,"name":"Requerimentos 2016"}]}]}},"_links":{"self":[{"href":"https:\/\/cmflorestopolis.pr.gov.br\/index.php?rest_route=\/wp\/v2\/pages\/286"}],"collection":[{"href":"https:\/\/cmflorestopolis.pr.gov.br\/index.php?rest_route=\/wp\/v2\/pages"}],"about":[{"href":"https:\/\/cmflorestopolis.pr.gov.br\/index.php?rest_route=\/wp\/v2\/types\/page"}],"author":[{"embeddable":true,"href":"https:\/\/cmflorestopolis.pr.gov.br\/index.php?rest_route=\/wp\/v2\/users\/2"}],"replies":[{"embeddable":true,"href":"https:\/\/cmflorestopolis.pr.gov.br\/index.php?rest_route=%2Fwp%2Fv2%2Fcomments&post=286"}],"version-history":[{"count":0,"href":"https:\/\/cmflorestopolis.pr.gov.br\/index.php?rest_route=\/wp\/v2\/pages\/286\/revisions"}],"wp:attachment":[{"href":"https:\/\/cmflorestopolis.pr.gov.br\/index.php?rest_route=%2Fwp%2Fv2%2Fmedia&parent=286"}],"curies":[{"name":"wp","href":"https:\/\/api.w.org\/{rel}","templated":true}]}}