{"id":284,"date":"2021-07-10T11:29:48","date_gmt":"2021-07-10T14:29:48","guid":{"rendered":"https:\/\/camara897460250.wordpress.com\/?page_id=284"},"modified":"2021-07-10T11:29:48","modified_gmt":"2021-07-10T14:29:48","slug":"requerimentos-2018","status":"publish","type":"page","link":"https:\/\/cmflorestopolis.pr.gov.br\/?page_id=284","title":{"rendered":"Requerimentos 2018"},"content":{"rendered":"<table id=\"tablepress-50\" class=\"tablepress tablepress-id-50 dataTable no-footer\" role=\"grid\" aria-describedby=\"tablepress-50_info\">\n<thead>\n<tr class=\"row-1 odd\" role=\"row\">\n<th class=\"column-1 sorting\" colspan=\"1\" rowspan=\"1\" aria-label=\"N\u00ba: Ordenar colunas de forma ascendente\">N\u00ba<\/th>\n<th class=\"column-2 sorting\" colspan=\"1\" rowspan=\"1\" aria-label=\"Data: Ordenar colunas de forma ascendente\">Data<\/th>\n<th class=\"column-3 sorting\" colspan=\"1\" rowspan=\"1\" aria-label=\"Autor: Ordenar colunas de forma ascendente\">Autor<\/th>\n<th class=\"column-4 sorting\" colspan=\"1\" rowspan=\"1\" aria-label=\"S\u00famula: Ordenar colunas de forma ascendente\">S\u00famula<\/th>\n<th class=\"column-5 sorting\" colspan=\"1\" rowspan=\"1\" aria-label=\"Visualizar: Ordenar colunas de forma ascendente\">Visualizar<\/th>\n<\/tr>\n<\/thead>\n<tbody class=\"row-hover\">\n<tr class=\"row-2 even\" role=\"row\">\n<td class=\"column-1\">10<\/td>\n<td class=\"column-2\">20\/11\/2018<\/td>\n<td class=\"column-3\">Anibal Batista da Silva<\/td>\n<td class=\"column-4\">Requer com base no Regimento Interno desta casa de Leis, conjugado com o art. 50 da Constitui\u00e7\u00e3o Federal, que, ap\u00f3s delibera\u00e7\u00e3o plen\u00e1ria, seja encaminhado Of\u00edcio ao Excelent\u00edssimo Senhor Prefeito Municipal NELSON CORREIA J\u00daNIOR, solicitando informa\u00e7\u00f5es por interm\u00e9dio de relat\u00f3rio detalhado referente ao per\u00edodo de janeiro a outubro de 2018, constando o valor total gasto pelo Executivo com aquisi\u00e7\u00e3o de materiais de constru\u00e7\u00e3o, bem como, c\u00f3pias de todas as requisi\u00e7\u00f5es de compra, todas as notas ficais de entrega dos materiais de constru\u00e7\u00e3o e seus respectivos empenhos.<\/td>\n<td class=\"column-5\"><a href=\"https:\/\/cmflorestopolis.pr.gov.br\/novosite\/wp-content\/uploads\/2020\/03\/Requerimento102018.pdf\" target=\"_blank\" rel=\"noopener noreferrer\"><img loading=\"lazy\" src=\"https:\/\/cmflorestopolis.pr.gov.br\/wp-content\/uploads\/2015\/07\/pdf.jpg\" width=\"32\" height=\"32\" \/><\/a><\/td>\n<\/tr>\n<tr class=\"row-3 odd\" role=\"row\">\n<td class=\"column-1\">09<\/td>\n<td class=\"column-2\">18\/09\/2018<\/td>\n<td class=\"column-3\">Amegilda Neves de Almeida<\/td>\n<td class=\"column-4\">Requer com base no Regimento Interno desta casa de leis, conjugado com o art. 50 da Constitui\u00e7\u00e3o Federal, que, ap\u00f3s delibera\u00e7\u00e3o plen\u00e1ria, seja encaminhado Of\u00edcio ao Excelent\u00edssimo Senhor Prefeito Municipal NELSON CORREIA J\u00daNIOR, solicitando informa\u00e7\u00f5es que segue: rela\u00e7\u00e3o de funcion\u00e1rios concursados ou nomeados para a fun\u00e7\u00e3o de fiscal; contendo nomes, atribui\u00e7\u00f5es do cargo; fun\u00e7\u00e3o exercida e seu efetivo local de trabalho atualmente.<\/td>\n<td class=\"column-5\"><a href=\"https:\/\/cmflorestopolis.pr.gov.br\/novosite\/wp-content\/uploads\/2020\/03\/Requerimento092018.pdf\" target=\"_blank\" rel=\"noopener noreferrer\"><img loading=\"lazy\" src=\"https:\/\/cmflorestopolis.pr.gov.br\/wp-content\/uploads\/2015\/07\/pdf.jpg\" width=\"32\" height=\"32\" \/><\/a><\/td>\n<\/tr>\n<tr class=\"row-4 even\" role=\"row\">\n<td class=\"column-1\">08<\/td>\n<td class=\"column-2\">26\/06\/2018<\/td>\n<td class=\"column-3\">Anibal Batista da Silva<\/td>\n<td class=\"column-4\">Requer ao Excelent\u00edssimo Senhor Prefeito Municipal NELSON CORREIA J\u00daNIOR, solicitando informa\u00e7\u00f5es referentes aos processos licitat\u00f3rios cujo objeto \u00e9 a aquisi\u00e7\u00e3o de g\u00eaneros aliment\u00edcios e materiais de limpeza, realizados pelo Poder Executivo no ano de 2017 e 2018, bem como, c\u00f3pias dos respectivos processos licitat\u00f3rios (integral), todas as requisi\u00e7\u00f5es de compra, todas as notas ficais de entrega das mercadorias e seus respectivos empenhos.<\/td>\n<td class=\"column-5\"><a href=\"https:\/\/cmflorestopolis.pr.gov.br\/novosite\/wp-content\/uploads\/2020\/03\/Requerimento082018.pdf\" target=\"_blank\" rel=\"noopener noreferrer\"><img loading=\"lazy\" src=\"https:\/\/cmflorestopolis.pr.gov.br\/wp-content\/uploads\/2015\/07\/pdf.jpg\" width=\"32\" height=\"32\" \/><\/a><\/td>\n<\/tr>\n<tr class=\"row-5 odd\" role=\"row\">\n<td class=\"column-1\">07<\/td>\n<td class=\"column-2\">22\/05\/2018<\/td>\n<td class=\"column-3\">Amegilda Neves de Almeida<\/td>\n<td class=\"column-4\">Requer com base no Regimento Interno desta casa de leis, que, ap\u00f3s delibera\u00e7\u00e3o plen\u00e1ria, solicitar desta presid\u00eancia o envio de of\u00edcio ao Excelent\u00edssimo Senhor Prefeito Municipal, NELSON CORREIA JUNIOR, solicitando informa\u00e7\u00f5es com<br \/>\nrela\u00e7\u00e3o a proposi\u00e7\u00e3o de autoria da Vereadora Amegilda Neves de Almeida, projeto de Lei n\u00ba 11\/2017 deste legislativo, que disp\u00f5e sobre a Implanta\u00e7\u00e3o do Projeto \u201cAdote Uma Pra\u00e7a\u201d, no munic\u00edpio Florest\u00f3polis, aprovado por unanimidade e sancionado pelo Executivo Lei n\u00ba 1.458\/2017, de 15 de dezembro de 2017, quais as medidas cab\u00edveis adotadas pelo Poder Executivo Municipal, para que seja colocado em pr\u00e1tica a referida Lei, se h\u00e1 previs\u00e3o para a realiza\u00e7\u00e3o de chamamento p\u00fablico para que as empresas interessadas, possam realizar parceria com o poder p\u00fablico para aderir ao projeto.<\/td>\n<td class=\"column-5\"><a href=\"https:\/\/cmflorestopolis.pr.gov.br\/novosite\/wp-content\/uploads\/2020\/03\/Requerimento072018.pdf\" target=\"_blank\" rel=\"noopener noreferrer\"><img loading=\"lazy\" src=\"https:\/\/cmflorestopolis.pr.gov.br\/wp-content\/uploads\/2015\/07\/pdf.jpg\" width=\"32\" height=\"32\" \/><\/a><\/td>\n<\/tr>\n<tr class=\"row-6 even\" role=\"row\">\n<td class=\"column-1\">06<\/td>\n<td class=\"column-2\">14\/05\/2018<\/td>\n<td class=\"column-3\">S\u00e9rgio Miranda Rizzo<\/td>\n<td class=\"column-4\">Requer com base no Regimento Interno desta casa de leis, que, ap\u00f3s delibera\u00e7\u00e3o plen\u00e1ria, sejam solicitadas ao Excelent\u00edssimo Senhor Prefeito Municipal, Nelson Correia Junior, c\u00f3pia integral da Presta\u00e7\u00e3o de Contas do PROVOPAR \u2013 PROGRAMA DO VOLUNTARIADO PARANAENSE DE FLOREST\u00d3POLIS, referente ao exerc\u00edcio de 2017, tendo em vista, a obriga\u00e7\u00e3o institu\u00edda pelo Art. 3\u00ba da Lei Municipal n\u00ba 1.466\/2018<\/td>\n<td class=\"column-5\"><a href=\"https:\/\/cmflorestopolis.pr.gov.br\/novosite\/wp-content\/uploads\/2020\/03\/Requerimento062018.pdf\" target=\"_blank\" rel=\"noopener noreferrer\"><img loading=\"lazy\" src=\"https:\/\/cmflorestopolis.pr.gov.br\/wp-content\/uploads\/2015\/07\/pdf.jpg\" width=\"32\" height=\"32\" \/><\/a><\/td>\n<\/tr>\n<tr class=\"row-7 odd\" role=\"row\">\n<td class=\"column-1\">05<\/td>\n<td class=\"column-2\">10\/04\/2018<\/td>\n<td class=\"column-3\">Santo Calegari<\/td>\n<td class=\"column-4\">Requer com base no Regimento Interno desta casa de leis, que, ap\u00f3s delibera\u00e7\u00e3o plen\u00e1ria, solicitar desta presid\u00eancia o envio de of\u00edcio ao Excelent\u00edssimo Prefeito Municipal Nelson Correia J\u00fanior, solicitando informa\u00e7\u00f5es sobre a indica\u00e7\u00e3o n\u00ba 04\/2018 de autoria do vereador abaixo subscrito, na qual solicita a manuten\u00e7\u00e3o do ar condicionado do \u00f4nibus placa BAU 3972, portanto quais as provid\u00eancias adotadas para resolver o problema.<\/td>\n<td class=\"column-5\"><a href=\"https:\/\/cmflorestopolis.pr.gov.br\/novosite\/wp-content\/uploads\/2020\/03\/Requerimento052018.pdf\" target=\"_blank\" rel=\"noopener noreferrer\"><img loading=\"lazy\" src=\"https:\/\/cmflorestopolis.pr.gov.br\/wp-content\/uploads\/2015\/07\/pdf.jpg\" width=\"32\" height=\"32\" \/><\/a><\/td>\n<\/tr>\n<tr class=\"row-8 even\" role=\"row\">\n<td class=\"column-1\">04<\/td>\n<td class=\"column-2\">10\/04\/2018<\/td>\n<td class=\"column-3\">Amegilda Neves de Almeida<\/td>\n<td class=\"column-4\">Requer com base no Regimento Interno desta casa de leis, que, ap\u00f3s delibera\u00e7\u00e3o plen\u00e1ria, solicitar desta presid\u00eancia o envio de of\u00edcio ao Ilustr\u00edssimo Diretor-Presidente da Companhia Paranaense de Energia &#8211; COPEL, tendo em vista as reclama\u00e7\u00f5es da popula\u00e7\u00e3o quanto as dificuldades para fazer o pagamento das contas de luz, sendo que em Florest\u00f3polis somente a agencia do correio local aceita o pagamento, com isso ocasionando s\u00e9rios transtornos a popula\u00e7\u00e3o que enfrenta longas filas. Portanto solicita &#8211; se esclarecimentos a respeito e quais as possibilidades de disponibilizar outros estabelecimentos comercias, para que os cidad\u00e3os possam efetuar os pagamentos das faturas.<\/td>\n<td class=\"column-5\"><a href=\"https:\/\/cmflorestopolis.pr.gov.br\/novosite\/wp-content\/uploads\/2020\/03\/Requerimento042018.pdf\" target=\"_blank\" rel=\"noopener noreferrer\"><img loading=\"lazy\" src=\"https:\/\/cmflorestopolis.pr.gov.br\/wp-content\/uploads\/2015\/07\/pdf.jpg\" width=\"32\" height=\"32\" \/><\/a><\/td>\n<\/tr>\n<tr class=\"row-9 odd\" role=\"row\">\n<td class=\"column-1\">03<\/td>\n<td class=\"column-2\">06\/03\/2018<\/td>\n<td class=\"column-3\">S\u00e9rgio Miranda Rizzo<\/td>\n<td class=\"column-4\">Requer com base no Regimento Interno desta casa de leis, conjugado com o art. 50 da Constitui\u00e7\u00e3o Federal, que, ap\u00f3s delibera\u00e7\u00e3o plen\u00e1ria, seja encaminhado Of\u00edcio ao Excelent\u00edssimo Senhor Prefeito Municipal NELSON CORREIA J\u00daNIOR, solicitando informa\u00e7\u00f5es referentes ao Centro de Assist\u00eancia Social (CRAS), relat\u00f3rio detalhado constando nomes e endere\u00e7os dos benefici\u00e1rios que receberam cestas b\u00e1sicas nos \u00faltimos 10 meses.<\/td>\n<td class=\"column-5\"><a href=\"https:\/\/cmflorestopolis.pr.gov.br\/novosite\/wp-content\/uploads\/2020\/03\/Requerimento032018.pdf\" target=\"_blank\" rel=\"noopener noreferrer\"><img loading=\"lazy\" src=\"https:\/\/cmflorestopolis.pr.gov.br\/wp-content\/uploads\/2015\/07\/pdf.jpg\" width=\"32\" height=\"32\" \/><\/a><\/td>\n<\/tr>\n<tr class=\"row-10 even\" role=\"row\">\n<td class=\"column-1\">02<\/td>\n<td class=\"column-2\">20\/02\/2018<\/td>\n<td class=\"column-3\">S\u00e9rgio Miranda Rizzo<\/td>\n<td class=\"column-4\">Requer com base no Regimento Interno desta casa de leis, conjugado com o art. 50 da Constitui\u00e7\u00e3o Federal, que, ap\u00f3s delibera\u00e7\u00e3o plen\u00e1ria, seja encaminhado Of\u00edcio ao Excelent\u00edssimo Senhor Prefeito Municipal NELSON CORREIA J\u00daNIOR, solicitando informa\u00e7\u00f5es referentes ao Centro de Aten\u00e7\u00e3o Psicossocial (CAPS), incluindo, nome da empresa terceirizada; valor pago; c\u00f3pia do processo licitat\u00f3rio; empenhos e notas; rela\u00e7\u00e3o de funcion\u00e1rios e seu efetivo local de trabalho, servidores e terceirizados; contendo sal\u00e1rio e carga hor\u00e1ria individual; e ainda, se o munic\u00edpio disponibiliza ve\u00edculo ao programa; de quem \u00e9 a responsabilidade pelos gastos com ve\u00edculos, como troca de \u00f3leo, combust\u00edvel, pneu, etc.; e por fim, qual o m\u00e9todo adotado para o efetivo controle de jornada de trabalho dos funcion\u00e1rios e servidores.<\/td>\n<td class=\"column-5\"><a href=\"https:\/\/cmflorestopolis.pr.gov.br\/novosite\/wp-content\/uploads\/2020\/03\/Requerimento022018.pdf\" target=\"_blank\" rel=\"noopener noreferrer\"><img loading=\"lazy\" src=\"https:\/\/cmflorestopolis.pr.gov.br\/wp-content\/uploads\/2015\/07\/pdf.jpg\" width=\"32\" height=\"32\" \/><\/a><\/td>\n<\/tr>\n<tr class=\"row-11 odd\" role=\"row\">\n<td class=\"column-1\">01<\/td>\n<td class=\"column-2\">06\/03\/2018<\/td>\n<td class=\"column-3\">S\u00e9rgio Miranda Rizzo<\/td>\n<td class=\"column-4\">Requer, com base no Regimento Interno desta casa de leis, conjugado com o art. 50 da Constitui\u00e7\u00e3o Federal, que, ap\u00f3s delibera\u00e7\u00e3o plen\u00e1ria, seja encaminhado Of\u00edcio ao Excelent\u00edssimo Senhor Prefeito Municipal NELSONCORREIA J\u00daNIOR, solicitando informa\u00e7\u00f5es referentes ao N\u00facleo de Apoio a Sa\u00fade da Fam\u00edlia (NASF), incluindo, nome da empresa terceirizada; valor pago; c\u00f3pia do processo licitat\u00f3rio; empenhos e notas; rela\u00e7\u00e3o de funcion\u00e1rios e seu efetivo local de trabalho, servidores e terceirizados; contendo sal\u00e1rio e carga hor\u00e1ria individual; e ainda, se o munic\u00edpio disponibiliza ve\u00edculo ao programa; de quem \u00e9 a responsabilidade pelos gastos com ve\u00edculos, como troca de \u00f3leo, combust\u00edvel, pneu, etc.; e por fim, qual o m\u00e9todo adotado para o efetivo controle de jornada de trabalho dos funcion\u00e1rios e servidores.<\/td>\n<td class=\"column-5\"><a href=\"https:\/\/cmflorestopolis.pr.gov.br\/novosite\/wp-content\/uploads\/2020\/03\/Requerimento012018.pdf\" target=\"_blank\" rel=\"noopener noreferrer\"><img loading=\"lazy\" src=\"https:\/\/cmflorestopolis.pr.gov.br\/wp-content\/uploads\/2015\/07\/pdf.jpg\" width=\"32\" height=\"32\" \/><\/a><\/td>\n<\/tr>\n<\/tbody>\n<\/table>\n","protected":false},"excerpt":{"rendered":"<p>N\u00ba Data Autor S\u00famula Visualizar 10 20\/11\/2018 Anibal Batista da Silva Requer com base no Regimento Interno desta casa de Leis, conjugado com o art. [&#8230;]<\/p>\n","protected":false},"author":2,"featured_media":0,"parent":0,"menu_order":0,"comment_status":"closed","ping_status":"closed","template":"","meta":[],"yoast_head":"<!-- This site is optimized with the Yoast SEO plugin v17.6 - https:\/\/yoast.com\/wordpress\/plugins\/seo\/ -->\n<title>Requerimentos 2018 - C\u00e2mara Municipal de Florest\u00f3polis<\/title>\n<meta name=\"robots\" content=\"index, follow, max-snippet:-1, max-image-preview:large, max-video-preview:-1\" \/>\n<link rel=\"canonical\" href=\"https:\/\/cmflorestopolis.pr.gov.br\/?page_id=284\" \/>\n<meta property=\"og:locale\" content=\"pt_BR\" \/>\n<meta property=\"og:type\" content=\"article\" \/>\n<meta property=\"og:title\" content=\"Requerimentos 2018 - C\u00e2mara Municipal de Florest\u00f3polis\" \/>\n<meta property=\"og:description\" content=\"N\u00ba Data Autor S\u00famula Visualizar 10 20\/11\/2018 Anibal Batista da Silva Requer com base no Regimento Interno desta casa de Leis, conjugado com o art. [...]\" \/>\n<meta property=\"og:url\" content=\"https:\/\/cmflorestopolis.pr.gov.br\/?page_id=284\" \/>\n<meta property=\"og:site_name\" content=\"C\u00e2mara Municipal de Florest\u00f3polis\" \/>\n<meta property=\"og:image\" content=\"https:\/\/cmflorestopolis.pr.gov.br\/wp-content\/uploads\/2015\/07\/pdf.jpg\" \/>\n<meta name=\"twitter:card\" content=\"summary_large_image\" \/>\n<meta name=\"twitter:label1\" content=\"Est. tempo de leitura\" \/>\n\t<meta name=\"twitter:data1\" content=\"5 minutos\" \/>\n<script type=\"application\/ld+json\" class=\"yoast-schema-graph\">{\"@context\":\"https:\/\/schema.org\",\"@graph\":[{\"@type\":\"WebSite\",\"@id\":\"https:\/\/cmflorestopolis.pr.gov.br\/#website\",\"url\":\"https:\/\/cmflorestopolis.pr.gov.br\/\",\"name\":\"C\\u00e2mara Municipal de Florest\\u00f3polis\",\"description\":\"\",\"potentialAction\":[{\"@type\":\"SearchAction\",\"target\":{\"@type\":\"EntryPoint\",\"urlTemplate\":\"https:\/\/cmflorestopolis.pr.gov.br\/?s={search_term_string}\"},\"query-input\":\"required name=search_term_string\"}],\"inLanguage\":\"pt-BR\"},{\"@type\":\"ImageObject\",\"@id\":\"https:\/\/cmflorestopolis.pr.gov.br\/?page_id=284#primaryimage\",\"inLanguage\":\"pt-BR\",\"url\":\"https:\/\/cmflorestopolis.pr.gov.br\/wp-content\/uploads\/2015\/07\/pdf.jpg\",\"contentUrl\":\"https:\/\/cmflorestopolis.pr.gov.br\/wp-content\/uploads\/2015\/07\/pdf.jpg\"},{\"@type\":\"WebPage\",\"@id\":\"https:\/\/cmflorestopolis.pr.gov.br\/?page_id=284#webpage\",\"url\":\"https:\/\/cmflorestopolis.pr.gov.br\/?page_id=284\",\"name\":\"Requerimentos 2018 - C\\u00e2mara Municipal de Florest\\u00f3polis\",\"isPartOf\":{\"@id\":\"https:\/\/cmflorestopolis.pr.gov.br\/#website\"},\"primaryImageOfPage\":{\"@id\":\"https:\/\/cmflorestopolis.pr.gov.br\/?page_id=284#primaryimage\"},\"datePublished\":\"2021-07-10T14:29:48+00:00\",\"dateModified\":\"2021-07-10T14:29:48+00:00\",\"breadcrumb\":{\"@id\":\"https:\/\/cmflorestopolis.pr.gov.br\/?page_id=284#breadcrumb\"},\"inLanguage\":\"pt-BR\",\"potentialAction\":[{\"@type\":\"ReadAction\",\"target\":[\"https:\/\/cmflorestopolis.pr.gov.br\/?page_id=284\"]}]},{\"@type\":\"BreadcrumbList\",\"@id\":\"https:\/\/cmflorestopolis.pr.gov.br\/?page_id=284#breadcrumb\",\"itemListElement\":[{\"@type\":\"ListItem\",\"position\":1,\"name\":\"In\\u00edcio\",\"item\":\"https:\/\/cmflorestopolis.pr.gov.br\/\"},{\"@type\":\"ListItem\",\"position\":2,\"name\":\"Requerimentos 2018\"}]}]}<\/script>\n<!-- \/ Yoast SEO plugin. -->","yoast_head_json":{"title":"Requerimentos 2018 - C\u00e2mara Municipal de Florest\u00f3polis","robots":{"index":"index","follow":"follow","max-snippet":"max-snippet:-1","max-image-preview":"max-image-preview:large","max-video-preview":"max-video-preview:-1"},"canonical":"https:\/\/cmflorestopolis.pr.gov.br\/?page_id=284","og_locale":"pt_BR","og_type":"article","og_title":"Requerimentos 2018 - C\u00e2mara Municipal de Florest\u00f3polis","og_description":"N\u00ba Data Autor S\u00famula Visualizar 10 20\/11\/2018 Anibal Batista da Silva Requer com base no Regimento Interno desta casa de Leis, conjugado com o art. [...]","og_url":"https:\/\/cmflorestopolis.pr.gov.br\/?page_id=284","og_site_name":"C\u00e2mara Municipal de Florest\u00f3polis","og_image":[{"url":"https:\/\/cmflorestopolis.pr.gov.br\/wp-content\/uploads\/2015\/07\/pdf.jpg"}],"twitter_card":"summary_large_image","twitter_misc":{"Est. tempo de leitura":"5 minutos"},"schema":{"@context":"https:\/\/schema.org","@graph":[{"@type":"WebSite","@id":"https:\/\/cmflorestopolis.pr.gov.br\/#website","url":"https:\/\/cmflorestopolis.pr.gov.br\/","name":"C\u00e2mara Municipal de Florest\u00f3polis","description":"","potentialAction":[{"@type":"SearchAction","target":{"@type":"EntryPoint","urlTemplate":"https:\/\/cmflorestopolis.pr.gov.br\/?s={search_term_string}"},"query-input":"required name=search_term_string"}],"inLanguage":"pt-BR"},{"@type":"ImageObject","@id":"https:\/\/cmflorestopolis.pr.gov.br\/?page_id=284#primaryimage","inLanguage":"pt-BR","url":"https:\/\/cmflorestopolis.pr.gov.br\/wp-content\/uploads\/2015\/07\/pdf.jpg","contentUrl":"https:\/\/cmflorestopolis.pr.gov.br\/wp-content\/uploads\/2015\/07\/pdf.jpg"},{"@type":"WebPage","@id":"https:\/\/cmflorestopolis.pr.gov.br\/?page_id=284#webpage","url":"https:\/\/cmflorestopolis.pr.gov.br\/?page_id=284","name":"Requerimentos 2018 - C\u00e2mara Municipal de Florest\u00f3polis","isPartOf":{"@id":"https:\/\/cmflorestopolis.pr.gov.br\/#website"},"primaryImageOfPage":{"@id":"https:\/\/cmflorestopolis.pr.gov.br\/?page_id=284#primaryimage"},"datePublished":"2021-07-10T14:29:48+00:00","dateModified":"2021-07-10T14:29:48+00:00","breadcrumb":{"@id":"https:\/\/cmflorestopolis.pr.gov.br\/?page_id=284#breadcrumb"},"inLanguage":"pt-BR","potentialAction":[{"@type":"ReadAction","target":["https:\/\/cmflorestopolis.pr.gov.br\/?page_id=284"]}]},{"@type":"BreadcrumbList","@id":"https:\/\/cmflorestopolis.pr.gov.br\/?page_id=284#breadcrumb","itemListElement":[{"@type":"ListItem","position":1,"name":"In\u00edcio","item":"https:\/\/cmflorestopolis.pr.gov.br\/"},{"@type":"ListItem","position":2,"name":"Requerimentos 2018"}]}]}},"_links":{"self":[{"href":"https:\/\/cmflorestopolis.pr.gov.br\/index.php?rest_route=\/wp\/v2\/pages\/284"}],"collection":[{"href":"https:\/\/cmflorestopolis.pr.gov.br\/index.php?rest_route=\/wp\/v2\/pages"}],"about":[{"href":"https:\/\/cmflorestopolis.pr.gov.br\/index.php?rest_route=\/wp\/v2\/types\/page"}],"author":[{"embeddable":true,"href":"https:\/\/cmflorestopolis.pr.gov.br\/index.php?rest_route=\/wp\/v2\/users\/2"}],"replies":[{"embeddable":true,"href":"https:\/\/cmflorestopolis.pr.gov.br\/index.php?rest_route=%2Fwp%2Fv2%2Fcomments&post=284"}],"version-history":[{"count":0,"href":"https:\/\/cmflorestopolis.pr.gov.br\/index.php?rest_route=\/wp\/v2\/pages\/284\/revisions"}],"wp:attachment":[{"href":"https:\/\/cmflorestopolis.pr.gov.br\/index.php?rest_route=%2Fwp%2Fv2%2Fmedia&parent=284"}],"curies":[{"name":"wp","href":"https:\/\/api.w.org\/{rel}","templated":true}]}}