{"id":282,"date":"2021-07-10T11:29:48","date_gmt":"2021-07-10T14:29:48","guid":{"rendered":"https:\/\/camara897460250.wordpress.com\/?page_id=282"},"modified":"2022-01-18T18:09:16","modified_gmt":"2022-01-18T18:09:16","slug":"requerimentos-2021","status":"publish","type":"page","link":"https:\/\/cmflorestopolis.pr.gov.br\/?page_id=282","title":{"rendered":"Requerimentos 2021"},"content":{"rendered":"\n<table id=\"tablepress-2\" class=\"tablepress tablepress-id-2\">\n<thead>\n<tr class=\"row-1 odd\">\n\t<th class=\"column-1\">N\u00ba<\/th><th class=\"column-2\">Data<\/th><th class=\"column-3\">Autor<\/th><th class=\"column-4\">S\u00famula<\/th><th class=\"column-5\">Situa\u00e7\u00e3o<\/th><th class=\"column-6\">Visualizar<\/th>\n<\/tr>\n<\/thead>\n<tbody class=\"row-hover\">\n<tr class=\"row-2 even\">\n\t<td class=\"column-1\">01<\/td><td class=\"column-2\">23\/02\/2021<\/td><td class=\"column-3\">Ayrton Capassi<\/td><td class=\"column-4\">Requer, com base no Regimento Interno desta Casa de Leis, que, ap\u00f3s delibera\u00e7\u00e3o plen\u00e1ria, solicitar a Mesa Diretora o envio de of\u00edcio ao Superintendente Regional do DER Eng\u00b0 Marco Aur\u00e9lio Gataz Sguario, solicitando provid\u00eancias para que seja concretizado a integra\u00e7\u00e3o do transporte urbano intermunicipal da Regi\u00e3o Metropolitana de Londrina para Florest\u00f3polis. <\/td><td class=\"column-5\">Aprovado<\/td><td class=\"column-6\"><a href=\"https:\/\/cmflorestopolis.pr.gov.br\/wp-content\/uploads\/2021\/11\/REQ.-No-01_2021-_REF.-TRASP.-URBANO_DER-CAPASSI_-1.pdf\">Visualizar<\/a><\/td>\n<\/tr>\n<tr class=\"row-3 odd\">\n\t<td class=\"column-1\">02<\/td><td class=\"column-2\">02\/03\/2021<\/td><td class=\"column-3\">Cesar da Cruz Rodrigues<\/td><td class=\"column-4\">Requerer, com base no Regimento Interno desta Casa de Leis, que, ap\u00f3s delibera\u00e7\u00e3o plen\u00e1ria, o encaminhamento de Of\u00edcio ao Excelent\u00edssimo Senhor Prefeito Municipal ON\u00cdCIO DE SOUZA, solicitando as informa\u00e7\u00f5es conforme especifica. <\/td><td class=\"column-5\">Aprovado<\/td><td class=\"column-6\"><a href=\"https:\/\/cmflorestopolis.pr.gov.br\/wp-content\/uploads\/2021\/11\/REQ.-No-02_2021-_REF.-INF.-DIV._EDUCACAO_-1.pdf\">Visualizar<\/a><\/td>\n<\/tr>\n<tr class=\"row-4 even\">\n\t<td class=\"column-1\">03<\/td><td class=\"column-2\">08\/03\/2021<\/td><td class=\"column-3\">Denys Teixeira Saul<\/td><td class=\"column-4\">Requerer, com base no Regimento Interno desta casa de leis que ap\u00f3s delibera\u00e7\u00e3o plen\u00e1ria, sejam requisitadas \u00e0 Companhia de Saneamento do Paran\u00e1 \u2013 SANEPAR, explica\u00e7\u00f5es a respeito da falta de seguran\u00e7a no centro de capita\u00e7\u00e3o de \u00e1gua do Munic\u00edpio. <\/td><td class=\"column-5\">Aprovado<\/td><td class=\"column-6\"><a href=\"https:\/\/cmflorestopolis.pr.gov.br\/wp-content\/uploads\/2021\/11\/REQ.-No-03_2021-_REF.-CENT.-CAP.-AGUA-SANEPAR_-1.pdf\">Visualizar<\/a><\/td>\n<\/tr>\n<tr class=\"row-5 odd\">\n\t<td class=\"column-1\">04<\/td><td class=\"column-2\">08\/03\/2021<\/td><td class=\"column-3\">Denys Teixeira Saul<\/td><td class=\"column-4\">Requerer, com base no Regimento Interno desta casa de leis que ap\u00f3s delibera\u00e7\u00e3o plen\u00e1ria, o encaminhamento de Of\u00edcio ao Ilustr\u00edssimo Senhor Secret\u00e1rio Municipal de Sa\u00fade FABIANO FACHINA, solicitando as informa\u00e7\u00f5es conforme especifica. <\/td><td class=\"column-5\">Aprovado<\/td><td class=\"column-6\"><a href=\"https:\/\/cmflorestopolis.pr.gov.br\/wp-content\/uploads\/2021\/11\/REQ.-No-04_2021-_REF.-INFO.-DIABETICOS_SEC.-SAUDE-_-1.pdf\">Visualizar<\/a><\/td>\n<\/tr>\n<tr class=\"row-6 even\">\n\t<td class=\"column-1\">05<\/td><td class=\"column-2\">09\/03\/2021<\/td><td class=\"column-3\">Adriana Passoni Goulart<\/td><td class=\"column-4\">Requerer, com base no Regimento Interno desta casa de leis que, ap\u00f3s delibera\u00e7\u00e3o plen\u00e1ria, sejam requisitadas ao Excelent\u00edssimo Senhor FABIANO FACHINA, Secret\u00e1rio Municipal de Sa\u00fade, informa\u00e7\u00f5es a respeito da VACINA\u00c7\u00c3O CONTRA COVID-19 em nossa municipalidade. <\/td><td class=\"column-5\">Aprovado<\/td><td class=\"column-6\"><a href=\"https:\/\/cmflorestopolis.pr.gov.br\/wp-content\/uploads\/2021\/11\/REQ.-No-05_2021-_REF.-INFO.-VACINACAO_-1.pdf\">Visualizar<\/a><\/td>\n<\/tr>\n<tr class=\"row-7 odd\">\n\t<td class=\"column-1\">06<\/td><td class=\"column-2\">09\/03\/2021<\/td><td class=\"column-3\">Edson Martins de Carvalho<\/td><td class=\"column-4\">Requerer, com base no Regimento Interno desta casa de leis que ap\u00f3s delibera\u00e7\u00e3o plen\u00e1ria, seja solicitado \u00e0 Companhia de Saneamento do Paran\u00e1 \u2013 SANEPAR, provid\u00eancias no sentido de promover a contrata\u00e7\u00e3o de uma empresa de seguran\u00e7a e monitoramento situada e prestadora de servi\u00e7o em nossa municipalidade. <\/td><td class=\"column-5\">Aprovado<\/td><td class=\"column-6\"><a href=\"https:\/\/cmflorestopolis.pr.gov.br\/wp-content\/uploads\/2021\/11\/REQ.-No-06_2021-_REF.-SOL.-SEG.-SANEPAR_-1.pdf\">Visualizar<\/a><\/td>\n<\/tr>\n<tr class=\"row-8 even\">\n\t<td class=\"column-1\">07<\/td><td class=\"column-2\">08\/03\/2021<\/td><td class=\"column-3\">Ayrton Capassi<\/td><td class=\"column-4\">Requer, com base no Regimento Interno desta Casa de Leis, que, ap\u00f3s delibera\u00e7\u00e3o plen\u00e1ria, solicitar da Mesa Diretora que seja remetido expediente ao GOVERNADOR DO ESTADO, SECRET\u00c1RIO DE SEGURAN\u00c7A P\u00daBLICA, PRESIDENTE DA ASSEMBLEIA LEGISLATIVA E AO COMANDO GERAL DA POL\u00cdCIA MILITAR DO ESTADO, solicitando provid\u00eancias e especial aten\u00e7\u00e3o sobre o estado atual da seguran\u00e7a p\u00fablica. <\/td><td class=\"column-5\">Aprovado<\/td><td class=\"column-6\"><a href=\"https:\/\/cmflorestopolis.pr.gov.br\/wp-content\/uploads\/2021\/11\/REQ.-No-07_2021-_REF.-SALARIO-POLICIA-MILITAR_-1.pdf\">Visualizar<\/a><\/td>\n<\/tr>\n<tr class=\"row-9 odd\">\n\t<td class=\"column-1\">08<\/td><td class=\"column-2\">16\/03\/2021<\/td><td class=\"column-3\">Ayrton Capassi<\/td><td class=\"column-4\">Requer, com base no Regimento Interno desta Casa de Leis, que, ap\u00f3s delibera\u00e7\u00e3o plen\u00e1ria, sejam requisitadas ao Secret\u00e1rio Municipal de Sa\u00fade Senhor FABIANO FACHINA, informa\u00e7\u00f5es a respeito da CONTRATA\u00c7\u00c3O DOS SERVI\u00c7OS DE RADIOLOGIA em nossa municipalidade. <\/td><td class=\"column-5\">Aprovado<\/td><td class=\"column-6\"><a href=\"https:\/\/cmflorestopolis.pr.gov.br\/wp-content\/uploads\/2021\/11\/REQ.-No-08_2021-_REF.-SERV.-RADIOLOGIA_-1.pdf\">Visualizar<\/a><\/td>\n<\/tr>\n<tr class=\"row-10 even\">\n\t<td class=\"column-1\">09<\/td><td class=\"column-2\">13\/04\/2021<\/td><td class=\"column-3\">Denys Teixeira Saul<\/td><td class=\"column-4\">REQUERER, com base no Regimento Interno desta Casa de Leis, que, ap\u00f3s delibera\u00e7\u00e3o plen\u00e1ria, requisitar a Mesa Diretora o envio de of\u00edcio ao Superintendente Regional do DER Eng\u00b0 Marco Aur\u00e9lio Gataz Sguario, solicitando provid\u00eancias devidas para que seja feito reparos no acostamento da PR-170. <\/td><td class=\"column-5\">Aprovado<\/td><td class=\"column-6\"><a href=\"https:\/\/cmflorestopolis.pr.gov.br\/wp-content\/uploads\/2022\/01\/REQ.-No-09_2021-_REF.-REPARO-VIA-PROX.-PORTAL-DER_.pdf\">Visualizar<\/a><\/td>\n<\/tr>\n<tr class=\"row-11 odd\">\n\t<td class=\"column-1\">10<\/td><td class=\"column-2\">20\/04\/2021<\/td><td class=\"column-3\">Edson Martins de Carvalho<\/td><td class=\"column-4\">REQUER, com base no Regimento Interno desta Casa de Leis, que, ap\u00f3s delibera\u00e7\u00e3o plen\u00e1ria, requisitar a Mesa Diretora o envio de of\u00edcio ao Superintendente Regional do DER Eng\u00b0 Marco Aur\u00e9lio Gataz Sguario, solicitando provid\u00eancias devidas para que seja feito os redutores de velocidade e a constru\u00e7\u00e3o de travessias elevadas nos seguintes trechos da Rodovia Jo\u00e3o Lunardelli - PR-170. <\/td><td class=\"column-5\">Aprovado<\/td><td class=\"column-6\"><a href=\"https:\/\/cmflorestopolis.pr.gov.br\/wp-content\/uploads\/2022\/01\/REQ.-No-10_2021-_REF.-SERVICOS_SINALIZACOES-PR-170-EZEQUIS-BRAZ-DER_.pdf\">Visualizar<\/a><\/td>\n<\/tr>\n<tr class=\"row-12 even\">\n\t<td class=\"column-1\">11<\/td><td class=\"column-2\">27\/04\/2021<\/td><td class=\"column-3\">Adriana Passoni Goulart<\/td><td class=\"column-4\">REQUERER, com base no Regimento Interno desta casa de leis, conjugado com o art. 50 da Constitui\u00e7\u00e3o Federal, que, ap\u00f3s delibera\u00e7\u00e3o plen\u00e1ria, seja realizada a convoca\u00e7\u00e3o do Excelent\u00edssimo Senhor FABIANO FACHINA, Secret\u00e1rio Municipal de Sa\u00fade, para prestar esclarecimentos, de forma pessoal em plen\u00e1rio, na sess\u00e3o subsequente a aprova\u00e7\u00e3o deste requerimento, acerca da VACINA\u00c7\u00c3O CONTRA COVID-19 em nossa municipalidade. <\/td><td class=\"column-5\">Reprovado<\/td><td class=\"column-6\"><a href=\"https:\/\/cmflorestopolis.pr.gov.br\/wp-content\/uploads\/2022\/01\/REQ.-No-11_2021-_REF.-CONVOCACAO-SECRETARIO-SAUDE_.pdf\">Visualizar<\/a><\/td>\n<\/tr>\n<tr class=\"row-13 odd\">\n\t<td class=\"column-1\">12<\/td><td class=\"column-2\">04\/05\/2021<\/td><td class=\"column-3\">Valdete Jos\u00e9 de Souza<\/td><td class=\"column-4\">REQUER, com base no Regimento Interno desta Casa de Leis, que ap\u00f3s delibera\u00e7\u00e3o plen\u00e1ria, seja requisitado \u00e0 Mesa Diretora o envio de of\u00edcio ao Ilustr\u00edssimo Senhor Tenente-Coronel Roberto Francisco Cardoso, Comandante do 15\u00ba Batalh\u00e3o de Pol\u00edcia Militar, solicitando provid\u00eancias no sentido de que a Unidade da Pol\u00edcia Militar de Florest\u00f3polis-PR disponha de efetivo policial em tempo integral. <\/td><td class=\"column-5\">Aprovado<\/td><td class=\"column-6\"><a href=\"https:\/\/cmflorestopolis.pr.gov.br\/wp-content\/uploads\/2022\/01\/REQ.-No-12_2021-_REF.-EFETIVO-PM.-FLORESTOPOLIS-15o-BPM_.pdf\">Visualizar<\/a><\/td>\n<\/tr>\n<tr class=\"row-14 even\">\n\t<td class=\"column-1\">13<\/td><td class=\"column-2\">24\/08\/2021<\/td><td class=\"column-3\">Edson Martins de Carvalho<\/td><td class=\"column-4\">REQUER, com base no Regimento Interno desta Casa de Leis que, ap\u00f3s delibera\u00e7\u00e3o plen\u00e1ria, requisitar a Mesa Diretora o envio de of\u00edcio ao Superintendente Regional do DER Eng\u00b0 Marco Aur\u00e9lio Gataz Sguario, para que sejam tomadas as devidas provid\u00eancias cab\u00edveis quanto ao risco de queda de \u00e1rvores localizadas na faixa de dom\u00ednio da PR-170. <\/td><td class=\"column-5\">Aprovado<\/td><td class=\"column-6\"><a href=\"https:\/\/cmflorestopolis.pr.gov.br\/wp-content\/uploads\/2022\/01\/REQ.-No-13_2021-_REF.-MANEJO-ARVORES-PR-170-DER_.pdf\">Visualizar<\/a><\/td>\n<\/tr>\n<tr class=\"row-15 odd\">\n\t<td class=\"column-1\">14<\/td><td class=\"column-2\">24\/08\/2021<\/td><td class=\"column-3\">Adriana Passoni Goulart<\/td><td class=\"column-4\">REQUER, com base no Regimento Interno desta Casa de Leis, que ap\u00f3s delibera\u00e7\u00e3o plen\u00e1ria, seja requisitado ao Excelent\u00edssimo Senhor Secret\u00e1rio Municipal de Transporte e Tr\u00e2nsito, Dilson Aparecido Dizarro, informa\u00e7\u00f5es acerca da frota municipal. <\/td><td class=\"column-5\">Aprovado<\/td><td class=\"column-6\"><a href=\"https:\/\/cmflorestopolis.pr.gov.br\/wp-content\/uploads\/2022\/01\/REQ.-No-14_2021-_REF.-INFORMACOES_FROTA-MUNICIPAL_.pdf\">Visualizar<\/a><\/td>\n<\/tr>\n<tr class=\"row-16 even\">\n\t<td class=\"column-1\">15<\/td><td class=\"column-2\">14\/09\/2021<\/td><td class=\"column-3\">Denys Teixeira Saul<\/td><td class=\"column-4\">REQUER, com base no Regimento Interno desta Casa de Leis, que ap\u00f3s delibera\u00e7\u00e3o plen\u00e1ria seja requisitado ao Excelent\u00edssimo Senhor Secret\u00e1rio Municipal de Sa\u00fade, c\u00f3pia dos relat\u00f3rios das vistorias promovidas pela 17a Regional de Sa\u00fade no Hospital Municipal Santa Branca no decorrer do ano de 2021. <\/td><td class=\"column-5\">Retirada de Pauta<\/td><td class=\"column-6\"><a href=\"https:\/\/cmflorestopolis.pr.gov.br\/wp-content\/uploads\/2022\/01\/REQ.-No-15_2021-REF.-INF.-VISTORIAS-17a-G.S._HOP.-SANTA-BRANCA.pdf\">Visualizar<\/a><\/td>\n<\/tr>\n<tr class=\"row-17 odd\">\n\t<td class=\"column-1\">16<\/td><td class=\"column-2\">26\/10\/2021<\/td><td class=\"column-3\">Adriana Passoni Goulart<\/td><td class=\"column-4\">REQUER, com base no Regimento Interno desta Casa de Leis, que ap\u00f3s delibera\u00e7\u00e3o plen\u00e1ria, seja requisitado ao Excelent\u00edssimo Senhor Secret\u00e1rio Municipal de Transporte e Tr\u00e2nsito, Dilson Aparecido Dizarro, informa\u00e7\u00f5es acerca da frota municipal, em complemento ao Requerimento no 14, de 24 de <br \/>\nagosto de 2021<\/td><td class=\"column-5\">Aprovado<\/td><td class=\"column-6\"><a href=\"https:\/\/cmflorestopolis.pr.gov.br\/wp-content\/uploads\/2022\/01\/REQ.-No-16_2021-_REF.-INFORMACOES_FROTA-MUNICIPAL_.pdf\">Visualizar<\/a><\/td>\n<\/tr>\n<\/tbody>\n<\/table>\n<!-- #tablepress-2 from cache -->\n<p>&nbsp;<\/p>\n<p>&nbsp;<\/p>\n","protected":false},"excerpt":{"rendered":"<p>&nbsp; &nbsp;<\/p>\n","protected":false},"author":2,"featured_media":0,"parent":0,"menu_order":0,"comment_status":"closed","ping_status":"closed","template":"","meta":[],"yoast_head":"<!-- This site is optimized with the Yoast SEO plugin v17.6 - https:\/\/yoast.com\/wordpress\/plugins\/seo\/ -->\n<title>Requerimentos 2021 - C\u00e2mara Municipal de Florest\u00f3polis<\/title>\n<meta name=\"robots\" content=\"index, follow, max-snippet:-1, max-image-preview:large, max-video-preview:-1\" \/>\n<link rel=\"canonical\" href=\"https:\/\/cmflorestopolis.pr.gov.br\/?page_id=282\" \/>\n<meta property=\"og:locale\" content=\"pt_BR\" \/>\n<meta property=\"og:type\" content=\"article\" \/>\n<meta property=\"og:title\" content=\"Requerimentos 2021 - C\u00e2mara Municipal de Florest\u00f3polis\" \/>\n<meta property=\"og:description\" content=\"&nbsp; &nbsp;\" \/>\n<meta property=\"og:url\" content=\"https:\/\/cmflorestopolis.pr.gov.br\/?page_id=282\" \/>\n<meta property=\"og:site_name\" content=\"C\u00e2mara Municipal de Florest\u00f3polis\" \/>\n<meta property=\"article:modified_time\" content=\"2022-01-18T18:09:16+00:00\" \/>\n<meta name=\"twitter:card\" content=\"summary_large_image\" \/>\n<script type=\"application\/ld+json\" class=\"yoast-schema-graph\">{\"@context\":\"https:\/\/schema.org\",\"@graph\":[{\"@type\":\"WebSite\",\"@id\":\"https:\/\/cmflorestopolis.pr.gov.br\/#website\",\"url\":\"https:\/\/cmflorestopolis.pr.gov.br\/\",\"name\":\"C\\u00e2mara Municipal de Florest\\u00f3polis\",\"description\":\"\",\"potentialAction\":[{\"@type\":\"SearchAction\",\"target\":{\"@type\":\"EntryPoint\",\"urlTemplate\":\"https:\/\/cmflorestopolis.pr.gov.br\/?s={search_term_string}\"},\"query-input\":\"required name=search_term_string\"}],\"inLanguage\":\"pt-BR\"},{\"@type\":\"WebPage\",\"@id\":\"https:\/\/cmflorestopolis.pr.gov.br\/?page_id=282#webpage\",\"url\":\"https:\/\/cmflorestopolis.pr.gov.br\/?page_id=282\",\"name\":\"Requerimentos 2021 - C\\u00e2mara Municipal de Florest\\u00f3polis\",\"isPartOf\":{\"@id\":\"https:\/\/cmflorestopolis.pr.gov.br\/#website\"},\"datePublished\":\"2021-07-10T14:29:48+00:00\",\"dateModified\":\"2022-01-18T18:09:16+00:00\",\"breadcrumb\":{\"@id\":\"https:\/\/cmflorestopolis.pr.gov.br\/?page_id=282#breadcrumb\"},\"inLanguage\":\"pt-BR\",\"potentialAction\":[{\"@type\":\"ReadAction\",\"target\":[\"https:\/\/cmflorestopolis.pr.gov.br\/?page_id=282\"]}]},{\"@type\":\"BreadcrumbList\",\"@id\":\"https:\/\/cmflorestopolis.pr.gov.br\/?page_id=282#breadcrumb\",\"itemListElement\":[{\"@type\":\"ListItem\",\"position\":1,\"name\":\"In\\u00edcio\",\"item\":\"https:\/\/cmflorestopolis.pr.gov.br\/\"},{\"@type\":\"ListItem\",\"position\":2,\"name\":\"Requerimentos 2021\"}]}]}<\/script>\n<!-- \/ Yoast SEO plugin. -->","yoast_head_json":{"title":"Requerimentos 2021 - C\u00e2mara Municipal de Florest\u00f3polis","robots":{"index":"index","follow":"follow","max-snippet":"max-snippet:-1","max-image-preview":"max-image-preview:large","max-video-preview":"max-video-preview:-1"},"canonical":"https:\/\/cmflorestopolis.pr.gov.br\/?page_id=282","og_locale":"pt_BR","og_type":"article","og_title":"Requerimentos 2021 - C\u00e2mara Municipal de Florest\u00f3polis","og_description":"&nbsp; &nbsp;","og_url":"https:\/\/cmflorestopolis.pr.gov.br\/?page_id=282","og_site_name":"C\u00e2mara Municipal de Florest\u00f3polis","article_modified_time":"2022-01-18T18:09:16+00:00","twitter_card":"summary_large_image","schema":{"@context":"https:\/\/schema.org","@graph":[{"@type":"WebSite","@id":"https:\/\/cmflorestopolis.pr.gov.br\/#website","url":"https:\/\/cmflorestopolis.pr.gov.br\/","name":"C\u00e2mara Municipal de Florest\u00f3polis","description":"","potentialAction":[{"@type":"SearchAction","target":{"@type":"EntryPoint","urlTemplate":"https:\/\/cmflorestopolis.pr.gov.br\/?s={search_term_string}"},"query-input":"required name=search_term_string"}],"inLanguage":"pt-BR"},{"@type":"WebPage","@id":"https:\/\/cmflorestopolis.pr.gov.br\/?page_id=282#webpage","url":"https:\/\/cmflorestopolis.pr.gov.br\/?page_id=282","name":"Requerimentos 2021 - C\u00e2mara Municipal de Florest\u00f3polis","isPartOf":{"@id":"https:\/\/cmflorestopolis.pr.gov.br\/#website"},"datePublished":"2021-07-10T14:29:48+00:00","dateModified":"2022-01-18T18:09:16+00:00","breadcrumb":{"@id":"https:\/\/cmflorestopolis.pr.gov.br\/?page_id=282#breadcrumb"},"inLanguage":"pt-BR","potentialAction":[{"@type":"ReadAction","target":["https:\/\/cmflorestopolis.pr.gov.br\/?page_id=282"]}]},{"@type":"BreadcrumbList","@id":"https:\/\/cmflorestopolis.pr.gov.br\/?page_id=282#breadcrumb","itemListElement":[{"@type":"ListItem","position":1,"name":"In\u00edcio","item":"https:\/\/cmflorestopolis.pr.gov.br\/"},{"@type":"ListItem","position":2,"name":"Requerimentos 2021"}]}]}},"_links":{"self":[{"href":"https:\/\/cmflorestopolis.pr.gov.br\/index.php?rest_route=\/wp\/v2\/pages\/282"}],"collection":[{"href":"https:\/\/cmflorestopolis.pr.gov.br\/index.php?rest_route=\/wp\/v2\/pages"}],"about":[{"href":"https:\/\/cmflorestopolis.pr.gov.br\/index.php?rest_route=\/wp\/v2\/types\/page"}],"author":[{"embeddable":true,"href":"https:\/\/cmflorestopolis.pr.gov.br\/index.php?rest_route=\/wp\/v2\/users\/2"}],"replies":[{"embeddable":true,"href":"https:\/\/cmflorestopolis.pr.gov.br\/index.php?rest_route=%2Fwp%2Fv2%2Fcomments&post=282"}],"version-history":[{"count":6,"href":"https:\/\/cmflorestopolis.pr.gov.br\/index.php?rest_route=\/wp\/v2\/pages\/282\/revisions"}],"predecessor-version":[{"id":2597,"href":"https:\/\/cmflorestopolis.pr.gov.br\/index.php?rest_route=\/wp\/v2\/pages\/282\/revisions\/2597"}],"wp:attachment":[{"href":"https:\/\/cmflorestopolis.pr.gov.br\/index.php?rest_route=%2Fwp%2Fv2%2Fmedia&parent=282"}],"curies":[{"name":"wp","href":"https:\/\/api.w.org\/{rel}","templated":true}]}}