{"id":234,"date":"2021-07-10T11:20:18","date_gmt":"2021-07-10T14:20:18","guid":{"rendered":"https:\/\/camara897460250.wordpress.com\/?page_id=234"},"modified":"2021-07-10T11:20:18","modified_gmt":"2021-07-10T14:20:18","slug":"indicacoes-2015","status":"publish","type":"page","link":"https:\/\/cmflorestopolis.pr.gov.br\/?page_id=234","title":{"rendered":"Indica\u00e7\u00f5es 2015"},"content":{"rendered":"<div class=\"main_container\">\n<div class=\"main-col\">\n<div class=\"base-box page-wrap\">\n<div class=\"entry-content\">\n<table>\n<tbody>\n<tr>\n<td><img loading=\"lazy\" class=\"alignleft wp-image-2384 size-full disappear mom_appear\" src=\"https:\/\/cmflorestopolis.pr.gov.br\/wp-content\/uploads\/2015\/08\/Dal.jpg\" alt=\"Dal\" width=\"65\" height=\"87\" \/><\/td>\n<td colspan=\"3\"><strong>Ademilto Liduino \u2013 PR<\/strong><\/td>\n<\/tr>\n<tr>\n<td>N\u00ba<\/td>\n<td>Data<\/td>\n<td>S\u00famula<\/td>\n<td>Visualizar<\/td>\n<\/tr>\n<tr>\n<td>01<\/td>\n<td>19\/02\/2015<\/td>\n<td>Indica, ao Excelent\u00edssimo senhor presidente AYRTON CAPASSI, que proceda estudos e ver as possibilidades de adquirir um ve\u00edculo para este Legislativo, atendendo todos os requisitos legais, regimentais e constitucionais. Tal medida objetiva-se proporcionar melhor mobilidade e conforto aos parlamentares desta Casa de Leis, quando em miss\u00e3o a servi\u00e7o da municipalidade.<\/td>\n<td><a href=\"https:\/\/cmflorestopolis.pr.gov.br\/wp-content\/uploads\/2015\/08\/IND.-N%C2%BA-01_2015.pdf\" target=\"_blank\" rel=\"noopener noreferrer\"><img loading=\"lazy\" class=\"wp-image-1620 aligncenter disappear mom_appear\" src=\"https:\/\/cmflorestopolis.pr.gov.br\/wp-content\/uploads\/2015\/07\/pdf.jpg\" alt=\"pdf\" width=\"22\" height=\"22\" \/><\/a><\/td>\n<\/tr>\n<\/tbody>\n<\/table>\n<table>\n<tbody>\n<tr>\n<td><img loading=\"lazy\" class=\"alignleft wp-image-2368 size-full disappear mom_appear\" src=\"https:\/\/cmflorestopolis.pr.gov.br\/wp-content\/uploads\/2015\/08\/Capassi.jpg\" alt=\"Capassi\" width=\"65\" height=\"87\" \/><\/td>\n<td colspan=\"3\"><strong>Ayrton Capassi \u2013 PMDB<\/strong><\/td>\n<\/tr>\n<tr>\n<td>N\u00ba<\/td>\n<td>Data<\/td>\n<td>S\u00famula<\/td>\n<td>Visualizar<\/td>\n<\/tr>\n<tr>\n<td>02<\/td>\n<td>19\/02\/2015<\/td>\n<td>Adquirir uma academia ao ar livre para ser instalada no Assentamento Florestan Fernandes<\/td>\n<td><a href=\"https:\/\/cmflorestopolis.pr.gov.br\/wp-content\/uploads\/2015\/08\/IND.-N%C2%BA-02_2015.pdf\" target=\"_blank\" rel=\"noopener noreferrer\"><img loading=\"lazy\" class=\"aligncenter wp-image-1620 disappear mom_appear\" src=\"https:\/\/cmflorestopolis.pr.gov.br\/wp-content\/uploads\/2015\/07\/pdf.jpg\" alt=\"pdf\" width=\"20\" height=\"20\" \/><\/a><\/td>\n<\/tr>\n<\/tbody>\n<\/table>\n<table>\n<tbody>\n<tr>\n<td><img loading=\"lazy\" class=\"alignleft size-full wp-image-2381 disappear mom_appear\" src=\"https:\/\/cmflorestopolis.pr.gov.br\/wp-content\/uploads\/2015\/08\/Boni.jpg\" alt=\"Boni\" width=\"65\" height=\"87\" \/><\/td>\n<td colspan=\"3\"><strong>Deneval Boni \u2013 PTB<\/strong><\/td>\n<\/tr>\n<tr>\n<td>N\u00ba<\/td>\n<td>Data<\/td>\n<td>S\u00famula<\/td>\n<td>Visualizar<\/td>\n<\/tr>\n<tr>\n<td>09<\/td>\n<td>23\/03\/2015<\/td>\n<td>Indica ao Excelent\u00edssimo prefeito municipal On\u00edcio de Souza, que estude junto a Secretaria de Educa\u00e7\u00e3o, a contrata\u00e7\u00e3o de um monitor para acompanhar crian\u00e7as durante o transporte para o assentamento e zonas rurais, tal medida objetiva-se proporcionar tranquilidade aos pais de alunos que, devido os compromissos com o trabalho ficam impossibilitados de acompanhar seus filhos.<\/td>\n<td><a href=\"https:\/\/cmflorestopolis.pr.gov.br\/wp-content\/uploads\/2015\/08\/IND.-N%C2%BA-09_2015.pdf\" target=\"_blank\" rel=\"noopener noreferrer\"><img loading=\"lazy\" class=\"wp-image-1620 aligncenter disappear mom_appear\" src=\"https:\/\/cmflorestopolis.pr.gov.br\/wp-content\/uploads\/2015\/07\/pdf.jpg\" alt=\"pdf\" width=\"22\" height=\"22\" \/><\/a><\/td>\n<\/tr>\n<tr>\n<td>\u00a005<\/td>\n<td>\u00a016\/03\/2015<\/td>\n<td>INDICA, ao Excelent\u00edssimo prefeito municipal On\u00edcio de Souza, que seja cobrado com urg\u00eancia ao \u00f3rg\u00e3o competente, a libera\u00e7\u00e3o dos recursos para a constru\u00e7\u00e3o da ponte do rio capim pr\u00f3ximo ao antigo matadouro, pois com o per\u00edodo de chuvas a eros\u00e3o tem danificado as estradas, bem como o desvio usado pelos sitiantes daquela regi\u00e3o, o que tem causado s\u00e9rios transtornos.<\/td>\n<td><a href=\"https:\/\/cmflorestopolis.pr.gov.br\/wp-content\/uploads\/2015\/08\/IND.-N%C2%BA-05_2015.pdf\" target=\"_blank\" rel=\"noopener noreferrer\"><img loading=\"lazy\" class=\"wp-image-1620 aligncenter disappear mom_appear\" src=\"https:\/\/cmflorestopolis.pr.gov.br\/wp-content\/uploads\/2015\/07\/pdf.jpg\" alt=\"pdf\" width=\"22\" height=\"22\" \/><\/a><\/td>\n<\/tr>\n<\/tbody>\n<\/table>\n<table>\n<tbody>\n<tr>\n<td><img loading=\"lazy\" class=\"alignleft size-full wp-image-2383 disappear mom_appear\" src=\"https:\/\/cmflorestopolis.pr.gov.br\/wp-content\/uploads\/2015\/08\/Douglas.jpg\" alt=\"Douglas\" width=\"65\" height=\"87\" \/><\/td>\n<td colspan=\"3\"><strong>Douglas Jos\u00e9 de Sales \u2013 PMDB<\/strong><\/td>\n<\/tr>\n<tr>\n<td>N\u00ba<\/td>\n<td>Data<\/td>\n<td>S\u00famula<\/td>\n<td>Visualizar<\/td>\n<\/tr>\n<tr>\n<td>08<\/td>\n<td>23\/03\/2015<\/td>\n<td>Indica ao Excelent\u00edssimo prefeito municipal On\u00edcio de Souza, a coloca\u00e7\u00e3o de um toldo novo na UBS Copel, pois o que tinha foi totalmente danificado pelo sol e a chuva, com isso tem causado certo desconforto aos usu\u00e1rios que anseiam por tal, sabendo do empenho do prefeito para resolver os problemas do nosso munic\u00edpio,sugere-se uma aten\u00e7\u00e3o especial a essa reivindica\u00e7\u00e3o t\u00e3o importante.<\/td>\n<td><a href=\"https:\/\/cmflorestopolis.pr.gov.br\/wp-content\/uploads\/2015\/08\/IND.-N%C2%BA-08_2015.pdf\" target=\"_blank\" rel=\"noopener noreferrer\"><img loading=\"lazy\" class=\"wp-image-1620 aligncenter disappear mom_appear\" src=\"https:\/\/cmflorestopolis.pr.gov.br\/wp-content\/uploads\/2015\/07\/pdf.jpg\" alt=\"pdf\" width=\"22\" height=\"22\" \/><\/a><\/td>\n<\/tr>\n<tr>\n<td>\u00a007<\/td>\n<td>\u00a023\/03\/2015<\/td>\n<td>Indica ao Excelent\u00edssimo prefeito municipal On\u00edcio de Souza, que seja incluso no cronograma de obras da Prefeitura, a revitaliza\u00e7\u00e3o da Pra\u00e7a Baden Pawel ao lado do Col\u00e9gio Estadual Professora Eudice Ravagnani de Oliveira, tendo em vista que o local agrega trabalhadores da usina Alto Alegre que ali apanham o \u00f4nibus para o trabalho, essa medida tem por objetivo proporcionar melhorias no visual e consequentemente o ambiente ficar\u00e1 muito mais agrad\u00e1vel.<\/td>\n<td><a href=\"https:\/\/cmflorestopolis.pr.gov.br\/wp-content\/uploads\/2015\/08\/IND.-N%C2%BA-07_2015.pdf\" target=\"_blank\" rel=\"noopener noreferrer\"><img loading=\"lazy\" class=\"wp-image-1620 aligncenter disappear mom_appear\" src=\"https:\/\/cmflorestopolis.pr.gov.br\/wp-content\/uploads\/2015\/07\/pdf.jpg\" alt=\"pdf\" width=\"22\" height=\"22\" \/><\/a><\/td>\n<\/tr>\n<\/tbody>\n<\/table>\n<table>\n<tbody>\n<tr>\n<td><img loading=\"lazy\" class=\"alignleft size-full wp-image-2379 disappear mom_appear\" src=\"https:\/\/cmflorestopolis.pr.gov.br\/wp-content\/uploads\/2015\/08\/Z%C3%A9Moraes.jpg\" alt=\"Z\u00e9Moraes\" width=\"65\" height=\"87\" \/><\/td>\n<td colspan=\"3\"><strong>Jos\u00e9 Antonio Moraes \u2013 PDT<\/strong><\/td>\n<\/tr>\n<tr>\n<td>N\u00ba<\/td>\n<td>Data<\/td>\n<td>S\u00famula<\/td>\n<td>Visualizar<\/td>\n<\/tr>\n<tr>\n<td>\u00a003<\/td>\n<td>\u00a023\/02\/2015<\/td>\n<td>Indica ao Excelent\u00edssimo prefeito municipal On\u00edcio de Souza, determinar a secretaria competente promover estudos visando a implanta\u00e7\u00e3o de C\u00e2meras de seguran\u00e7a na \u00e1rea central da cidade.<\/td>\n<td><a href=\"https:\/\/cmflorestopolis.pr.gov.br\/wp-content\/uploads\/2015\/08\/IND.-N%C2%BA-03_2015.pdf\" target=\"_blank\" rel=\"noopener noreferrer\"><img loading=\"lazy\" class=\"wp-image-1620 aligncenter disappear mom_appear\" src=\"https:\/\/cmflorestopolis.pr.gov.br\/wp-content\/uploads\/2015\/07\/pdf.jpg\" alt=\"pdf\" width=\"22\" height=\"22\" \/><\/a><\/td>\n<\/tr>\n<\/tbody>\n<\/table>\n<table>\n<tbody>\n<tr>\n<td><img loading=\"lazy\" class=\"alignleft wp-image-2382 disappear mom_appear\" src=\"https:\/\/cmflorestopolis.pr.gov.br\/wp-content\/uploads\/2015\/08\/Marcelo.jpg\" alt=\"Marcelo\" width=\"65\" height=\"87\" \/><\/td>\n<td colspan=\"3\"><strong>Marcelo Rodrigues \u2013 PSL<\/strong><\/td>\n<\/tr>\n<tr>\n<td>N\u00ba<\/td>\n<td>Data<\/td>\n<td>S\u00famula<\/td>\n<td>Visualizar<\/td>\n<\/tr>\n<tr>\n<td>\u00a004<\/td>\n<td>\u00a002\/03\/2015<\/td>\n<td>Indica, ao Excelent\u00edssimo prefeito municipal On\u00edcio de Souza, que estude as possibilidades de instituir a guarda municipal em Florest\u00f3polis. Em conformidade com a Constitui\u00e7\u00e3o Federal de 1.988, no que disp\u00f5e sobre Seguran\u00e7a P\u00fablica, Art. 144, par\u00e1grafo 8\u00b0, sobre o qual constitui legal a cria\u00e7\u00e3o de guardas municipais \u00e1 prote\u00e7\u00e3o de seus bens, servi\u00e7os e instala\u00e7\u00f5es, conforme dispuser a lei, por todos os munic\u00edpios. \u00c9 justa, portanto, a solicita\u00e7\u00e3o de cria\u00e7\u00e3o da Guarda Municipal, pois tal medida objetiva-se a melhoria da seguran\u00e7a p\u00fablica em nosso munic\u00edpio, bem como em promover a preserva\u00e7\u00e3o do patrim\u00f4nio p\u00fablico e contribuir para a diminui\u00e7\u00e3o da viol\u00eancia na cidade, com os agentes da guarda atuando em colabora\u00e7\u00e3o com os \u00f3rg\u00e3os de pol\u00edcia do Estado.<\/td>\n<td><a href=\"https:\/\/cmflorestopolis.pr.gov.br\/wp-content\/uploads\/2015\/08\/IND.-N%C2%BA-04_2015.pdf\" target=\"_blank\" rel=\"noopener noreferrer\"><img loading=\"lazy\" class=\"wp-image-1620 aligncenter disappear mom_appear\" src=\"https:\/\/cmflorestopolis.pr.gov.br\/wp-content\/uploads\/2015\/07\/pdf.jpg\" alt=\"pdf\" width=\"22\" height=\"22\" \/><\/a><\/td>\n<\/tr>\n<\/tbody>\n<\/table>\n<table>\n<tbody>\n<tr>\n<td><img loading=\"lazy\" class=\"alignleft size-full wp-image-2377 disappear mom_appear\" src=\"https:\/\/cmflorestopolis.pr.gov.br\/wp-content\/uploads\/2015\/08\/Biba1.jpg\" alt=\"Biba\" width=\"65\" height=\"87\" \/><\/td>\n<td colspan=\"3\"><strong>Silvio Jorge de Oliveira (Biba) \u2013 PSD<\/strong><\/td>\n<\/tr>\n<tr>\n<td>N\u00ba<\/td>\n<td>Data<\/td>\n<td>S\u00famula<\/td>\n<td>Visualizar<\/td>\n<\/tr>\n<tr>\n<td>\u00a010<\/td>\n<td>\u00a023\/03\/2015<\/td>\n<td>Indica ao Excelent\u00edssimo prefeito municipal On\u00edcio de Souza, que estude junto a secretaria competente e obedecidas as normas regimentais e constitucionais, ver as possibilidades de viabilizar a contrata\u00e7\u00e3o de PLANO DE SA\u00daDE E SEGURO DE VIDA, por invalidez permanente, total ou parcial, aos servidores do munic\u00edpio de Florest\u00f3polis, como forma de proporcionar melhoria na qualidade de vida dos servidores, inclusive de oferecer garantias para os mesmos e familiares.<\/td>\n<td><a href=\"https:\/\/cmflorestopolis.pr.gov.br\/wp-content\/uploads\/2015\/08\/IND.-N%C2%BA-10_2015.pdf\" target=\"_blank\" rel=\"noopener noreferrer\"><img loading=\"lazy\" class=\"wp-image-1620 aligncenter disappear mom_appear\" src=\"https:\/\/cmflorestopolis.pr.gov.br\/wp-content\/uploads\/2015\/07\/pdf.jpg\" alt=\"pdf\" width=\"22\" height=\"22\" \/><\/a><\/td>\n<\/tr>\n<\/tbody>\n<\/table>\n<table>\n<tbody>\n<tr>\n<td><img loading=\"lazy\" class=\"alignleft size-full wp-image-2378 disappear mom_appear\" src=\"https:\/\/cmflorestopolis.pr.gov.br\/wp-content\/uploads\/2015\/08\/Geminho.jpg\" alt=\"Geminho\" width=\"65\" height=\"87\" \/><\/td>\n<td colspan=\"3\"><strong>Walter Xavier da Cruz (Geminho) \u2013 PT<\/strong><\/td>\n<\/tr>\n<tr>\n<td>N\u00ba<\/td>\n<td>Data<\/td>\n<td>S\u00famula<\/td>\n<td>Visualizar<\/td>\n<\/tr>\n<tr>\n<td>\u00a011<\/td>\n<td>\u00a030\/03\/2015<\/td>\n<td>Indica ao Excelent\u00edssimo prefeito municipal On\u00edcio de Souza, a coloca\u00e7\u00e3o de identifica\u00e7\u00e3o no ve\u00edculo Chevrolet Cruze placa AXJ-4969, de uso exclusivo do gabinete do Prefeito, assim obedecer ao disposto no Art. 89 par\u00e1grafo \u00fanico da Lei Org\u00e2nica do Munic\u00edpio de Florest\u00f3polis que, determina o que segue: Em toda a frota motorizada da Prefeitura deve constar, em local bem vis\u00edvel, os seguintes dados: \u201cPREFEITURA MUNICIPAL DE FLOREST\u00d3POLIS\u201d.<\/td>\n<td><a href=\"https:\/\/cmflorestopolis.pr.gov.br\/wp-content\/uploads\/2015\/08\/IND.-N%C2%BA-11_2015.pdf\" target=\"_blank\" rel=\"noopener noreferrer\"><img loading=\"lazy\" class=\"wp-image-1620 aligncenter disappear mom_appear\" src=\"https:\/\/cmflorestopolis.pr.gov.br\/wp-content\/uploads\/2015\/07\/pdf.jpg\" alt=\"pdf\" width=\"22\" height=\"22\" \/><\/a><\/td>\n<\/tr>\n<\/tbody>\n<\/table>\n<div id=\"wpusb-container-square-plus\" class=\"wpusb wpusb-square-plus  \">\n<div class=\"wpusb-item wpusb-total-share\">\n<div class=\"wpusb-shares-count\">0<\/div>\n<div class=\"wpusb-shares-text\"><\/div>\n<\/div>\n<div class=\"wpusb-item wpusb-facebook  wpusb-inside wpusb-full\"><\/div>\n<div class=\"wpusb-item wpusb-twitter \"><\/div>\n<div class=\"wpusb-item wpusb-whatsapp \"><\/div>\n<div class=\"wpusb-item wpusb-linkedin \"><\/div>\n<div class=\"wpusb-item wpusb-email \"><\/div>\n<div class=\"wpusb-item wpusb-telegram \"><\/div>\n<div class=\"wpusb-item wpusb-skype \"><\/div>\n<div class=\"wpusb-item wpusb-messenger \"><\/div>\n<\/div>\n<\/div>\n<\/div>\n<\/div>\n<div class=\"clear\"><\/div>\n<\/div>\n<div class=\"sidebar main-sidebar\" role=\"complementary\">\n<div class=\"widget widget_search\">\n<div class=\"widget-head\"><\/div>\n<\/div>\n<\/div>\n","protected":false},"excerpt":{"rendered":"<p>Ademilto Liduino \u2013 PR N\u00ba Data S\u00famula Visualizar 01 19\/02\/2015 Indica, ao Excelent\u00edssimo senhor presidente AYRTON CAPASSI, que proceda estudos e ver as possibilidades de [&#8230;]<\/p>\n","protected":false},"author":2,"featured_media":0,"parent":0,"menu_order":0,"comment_status":"closed","ping_status":"closed","template":"","meta":[],"yoast_head":"<!-- This site is optimized with the Yoast SEO plugin v17.6 - https:\/\/yoast.com\/wordpress\/plugins\/seo\/ -->\n<title>Indica\u00e7\u00f5es 2015 - C\u00e2mara Municipal de Florest\u00f3polis<\/title>\n<meta name=\"robots\" content=\"index, follow, max-snippet:-1, max-image-preview:large, max-video-preview:-1\" \/>\n<link rel=\"canonical\" href=\"https:\/\/cmflorestopolis.pr.gov.br\/?page_id=234\" \/>\n<meta property=\"og:locale\" content=\"pt_BR\" \/>\n<meta property=\"og:type\" content=\"article\" \/>\n<meta property=\"og:title\" content=\"Indica\u00e7\u00f5es 2015 - C\u00e2mara Municipal de Florest\u00f3polis\" \/>\n<meta property=\"og:description\" content=\"Ademilto Liduino \u2013 PR N\u00ba Data S\u00famula Visualizar 01 19\/02\/2015 Indica, ao Excelent\u00edssimo senhor presidente AYRTON CAPASSI, que proceda estudos e ver as possibilidades de [...]\" \/>\n<meta property=\"og:url\" content=\"https:\/\/cmflorestopolis.pr.gov.br\/?page_id=234\" \/>\n<meta property=\"og:site_name\" content=\"C\u00e2mara Municipal de Florest\u00f3polis\" \/>\n<meta property=\"og:image\" content=\"https:\/\/cmflorestopolis.pr.gov.br\/wp-content\/uploads\/2015\/08\/Dal.jpg\" \/>\n<meta name=\"twitter:card\" content=\"summary_large_image\" \/>\n<meta name=\"twitter:label1\" content=\"Est. tempo de leitura\" \/>\n\t<meta name=\"twitter:data1\" content=\"4 minutos\" \/>\n<script type=\"application\/ld+json\" class=\"yoast-schema-graph\">{\"@context\":\"https:\/\/schema.org\",\"@graph\":[{\"@type\":\"WebSite\",\"@id\":\"https:\/\/cmflorestopolis.pr.gov.br\/#website\",\"url\":\"https:\/\/cmflorestopolis.pr.gov.br\/\",\"name\":\"C\\u00e2mara Municipal de Florest\\u00f3polis\",\"description\":\"\",\"potentialAction\":[{\"@type\":\"SearchAction\",\"target\":{\"@type\":\"EntryPoint\",\"urlTemplate\":\"https:\/\/cmflorestopolis.pr.gov.br\/?s={search_term_string}\"},\"query-input\":\"required name=search_term_string\"}],\"inLanguage\":\"pt-BR\"},{\"@type\":\"ImageObject\",\"@id\":\"https:\/\/cmflorestopolis.pr.gov.br\/?page_id=234#primaryimage\",\"inLanguage\":\"pt-BR\",\"url\":\"https:\/\/cmflorestopolis.pr.gov.br\/wp-content\/uploads\/2015\/08\/Dal.jpg\",\"contentUrl\":\"https:\/\/cmflorestopolis.pr.gov.br\/wp-content\/uploads\/2015\/08\/Dal.jpg\"},{\"@type\":\"WebPage\",\"@id\":\"https:\/\/cmflorestopolis.pr.gov.br\/?page_id=234#webpage\",\"url\":\"https:\/\/cmflorestopolis.pr.gov.br\/?page_id=234\",\"name\":\"Indica\\u00e7\\u00f5es 2015 - C\\u00e2mara Municipal de Florest\\u00f3polis\",\"isPartOf\":{\"@id\":\"https:\/\/cmflorestopolis.pr.gov.br\/#website\"},\"primaryImageOfPage\":{\"@id\":\"https:\/\/cmflorestopolis.pr.gov.br\/?page_id=234#primaryimage\"},\"datePublished\":\"2021-07-10T14:20:18+00:00\",\"dateModified\":\"2021-07-10T14:20:18+00:00\",\"breadcrumb\":{\"@id\":\"https:\/\/cmflorestopolis.pr.gov.br\/?page_id=234#breadcrumb\"},\"inLanguage\":\"pt-BR\",\"potentialAction\":[{\"@type\":\"ReadAction\",\"target\":[\"https:\/\/cmflorestopolis.pr.gov.br\/?page_id=234\"]}]},{\"@type\":\"BreadcrumbList\",\"@id\":\"https:\/\/cmflorestopolis.pr.gov.br\/?page_id=234#breadcrumb\",\"itemListElement\":[{\"@type\":\"ListItem\",\"position\":1,\"name\":\"In\\u00edcio\",\"item\":\"https:\/\/cmflorestopolis.pr.gov.br\/\"},{\"@type\":\"ListItem\",\"position\":2,\"name\":\"Indica\\u00e7\\u00f5es 2015\"}]}]}<\/script>\n<!-- \/ Yoast SEO plugin. -->","yoast_head_json":{"title":"Indica\u00e7\u00f5es 2015 - C\u00e2mara Municipal de Florest\u00f3polis","robots":{"index":"index","follow":"follow","max-snippet":"max-snippet:-1","max-image-preview":"max-image-preview:large","max-video-preview":"max-video-preview:-1"},"canonical":"https:\/\/cmflorestopolis.pr.gov.br\/?page_id=234","og_locale":"pt_BR","og_type":"article","og_title":"Indica\u00e7\u00f5es 2015 - C\u00e2mara Municipal de Florest\u00f3polis","og_description":"Ademilto Liduino \u2013 PR N\u00ba Data S\u00famula Visualizar 01 19\/02\/2015 Indica, ao Excelent\u00edssimo senhor presidente AYRTON CAPASSI, que proceda estudos e ver as possibilidades de [...]","og_url":"https:\/\/cmflorestopolis.pr.gov.br\/?page_id=234","og_site_name":"C\u00e2mara Municipal de Florest\u00f3polis","og_image":[{"url":"https:\/\/cmflorestopolis.pr.gov.br\/wp-content\/uploads\/2015\/08\/Dal.jpg"}],"twitter_card":"summary_large_image","twitter_misc":{"Est. tempo de leitura":"4 minutos"},"schema":{"@context":"https:\/\/schema.org","@graph":[{"@type":"WebSite","@id":"https:\/\/cmflorestopolis.pr.gov.br\/#website","url":"https:\/\/cmflorestopolis.pr.gov.br\/","name":"C\u00e2mara Municipal de Florest\u00f3polis","description":"","potentialAction":[{"@type":"SearchAction","target":{"@type":"EntryPoint","urlTemplate":"https:\/\/cmflorestopolis.pr.gov.br\/?s={search_term_string}"},"query-input":"required name=search_term_string"}],"inLanguage":"pt-BR"},{"@type":"ImageObject","@id":"https:\/\/cmflorestopolis.pr.gov.br\/?page_id=234#primaryimage","inLanguage":"pt-BR","url":"https:\/\/cmflorestopolis.pr.gov.br\/wp-content\/uploads\/2015\/08\/Dal.jpg","contentUrl":"https:\/\/cmflorestopolis.pr.gov.br\/wp-content\/uploads\/2015\/08\/Dal.jpg"},{"@type":"WebPage","@id":"https:\/\/cmflorestopolis.pr.gov.br\/?page_id=234#webpage","url":"https:\/\/cmflorestopolis.pr.gov.br\/?page_id=234","name":"Indica\u00e7\u00f5es 2015 - C\u00e2mara Municipal de Florest\u00f3polis","isPartOf":{"@id":"https:\/\/cmflorestopolis.pr.gov.br\/#website"},"primaryImageOfPage":{"@id":"https:\/\/cmflorestopolis.pr.gov.br\/?page_id=234#primaryimage"},"datePublished":"2021-07-10T14:20:18+00:00","dateModified":"2021-07-10T14:20:18+00:00","breadcrumb":{"@id":"https:\/\/cmflorestopolis.pr.gov.br\/?page_id=234#breadcrumb"},"inLanguage":"pt-BR","potentialAction":[{"@type":"ReadAction","target":["https:\/\/cmflorestopolis.pr.gov.br\/?page_id=234"]}]},{"@type":"BreadcrumbList","@id":"https:\/\/cmflorestopolis.pr.gov.br\/?page_id=234#breadcrumb","itemListElement":[{"@type":"ListItem","position":1,"name":"In\u00edcio","item":"https:\/\/cmflorestopolis.pr.gov.br\/"},{"@type":"ListItem","position":2,"name":"Indica\u00e7\u00f5es 2015"}]}]}},"_links":{"self":[{"href":"https:\/\/cmflorestopolis.pr.gov.br\/index.php?rest_route=\/wp\/v2\/pages\/234"}],"collection":[{"href":"https:\/\/cmflorestopolis.pr.gov.br\/index.php?rest_route=\/wp\/v2\/pages"}],"about":[{"href":"https:\/\/cmflorestopolis.pr.gov.br\/index.php?rest_route=\/wp\/v2\/types\/page"}],"author":[{"embeddable":true,"href":"https:\/\/cmflorestopolis.pr.gov.br\/index.php?rest_route=\/wp\/v2\/users\/2"}],"replies":[{"embeddable":true,"href":"https:\/\/cmflorestopolis.pr.gov.br\/index.php?rest_route=%2Fwp%2Fv2%2Fcomments&post=234"}],"version-history":[{"count":0,"href":"https:\/\/cmflorestopolis.pr.gov.br\/index.php?rest_route=\/wp\/v2\/pages\/234\/revisions"}],"wp:attachment":[{"href":"https:\/\/cmflorestopolis.pr.gov.br\/index.php?rest_route=%2Fwp%2Fv2%2Fmedia&parent=234"}],"curies":[{"name":"wp","href":"https:\/\/api.w.org\/{rel}","templated":true}]}}