{"id":221,"date":"2021-07-10T11:20:18","date_gmt":"2021-07-10T14:20:18","guid":{"rendered":"https:\/\/camara897460250.wordpress.com\/?page_id=221"},"modified":"2025-03-03T00:51:18","modified_gmt":"2025-03-03T00:51:18","slug":"indicacoes","status":"publish","type":"page","link":"https:\/\/cmflorestopolis.pr.gov.br\/?page_id=221","title":{"rendered":"Indica\u00e7\u00f5es"},"content":{"rendered":"<table style=\"font-weight: 400;\" data-tablestyle=\"MsoTableGrid\" data-tablelook=\"1696\" aria-rowcount=\"8\">\n<tbody>\n<tr aria-rowindex=\"1\">\n<td data-celllook=\"0\"><a href=\"https:\/\/cmflorestopolis.pr.gov.br\/?page_id=221\"><b><span data-contrast=\"none\">Indica\u00e7\u00f5es<\/span><\/b><\/a><span data-contrast=\"auto\">\u00a0\u00a0<\/span><span data-ccp-props=\"{&quot;134233117&quot;:false,&quot;134233118&quot;:false,&quot;335551550&quot;:0,&quot;335551620&quot;:0,&quot;335559738&quot;:0,&quot;335559739&quot;:0}\">\u00a0<\/span><\/td>\n<td data-celllook=\"0\"><span data-contrast=\"auto\">\u00a0\u00a0\u00a0<\/span><span data-ccp-props=\"{&quot;134233117&quot;:false,&quot;134233118&quot;:false,&quot;335551550&quot;:0,&quot;335551620&quot;:0,&quot;335559738&quot;:0,&quot;335559739&quot;:0}\">\u00a0<\/span><\/td>\n<\/tr>\n<tr aria-rowindex=\"2\">\n<td data-celllook=\"0\"><a href=\"https:\/\/cmflorestopolis.pr.gov.br\/?page_id=4360\"><span data-contrast=\"auto\">Indica\u00e7\u00f5es 2024<\/span><span data-ccp-props=\"{&quot;335551550&quot;:0,&quot;335551620&quot;:0}\">\u00a0<\/span><\/a><\/p>\n<p>&nbsp;<\/td>\n<td data-celllook=\"0\"><a href=\"https:\/\/cmflorestopolis.pr.gov.br\/?page_id=4955\"><span data-contrast=\"auto\">Indica\u00e7\u00f5es 2025<\/span><span data-ccp-props=\"{&quot;335551550&quot;:0,&quot;335551620&quot;:0}\">\u00a0<\/span><\/a><\/p>\n<p>&nbsp;<\/td>\n<\/tr>\n<tr aria-rowindex=\"3\">\n<td data-celllook=\"0\"><a href=\"https:\/\/cmflorestopolis.pr.gov.br\/?page_id=3903&amp;customize_changeset_uuid=6d05779c-daec-4fae-a46b-d2a92a85ce89&amp;customize_autosaved=on\"><span data-contrast=\"none\">Indica\u00e7\u00f5es 2023<\/span><\/a><span data-ccp-props=\"{&quot;134233117&quot;:false,&quot;134233118&quot;:false,&quot;335551550&quot;:0,&quot;335551620&quot;:0,&quot;335559738&quot;:0,&quot;335559739&quot;:0}\">\u00a0<\/span><\/p>\n<p><span data-ccp-props=\"{&quot;335551550&quot;:0,&quot;335551620&quot;:0}\">\u00a0<\/span><\/td>\n<td data-celllook=\"0\"><a href=\"https:\/\/cmflorestopolis.pr.gov.br\/?page_id=2919\"><span data-contrast=\"none\">Indica\u00e7\u00f5es 2022<\/span><\/a><span data-ccp-props=\"{&quot;134233117&quot;:false,&quot;134233118&quot;:false,&quot;335551550&quot;:0,&quot;335551620&quot;:0,&quot;335559738&quot;:0,&quot;335559739&quot;:0}\">\u00a0<\/span><\/p>\n<p><span data-ccp-props=\"{&quot;335551550&quot;:0,&quot;335551620&quot;:0}\">\u00a0<\/span><\/td>\n<\/tr>\n<tr aria-rowindex=\"4\">\n<td data-celllook=\"0\"><a href=\"https:\/\/cmflorestopolis.pr.gov.br\/?page_id=227\"><span data-contrast=\"none\">Indica\u00e7\u00f5es 2021<\/span><\/a><span data-ccp-props=\"{&quot;134233117&quot;:false,&quot;134233118&quot;:false,&quot;335551550&quot;:0,&quot;335551620&quot;:0,&quot;335559738&quot;:0,&quot;335559739&quot;:0}\">\u00a0<\/span><\/p>\n<p><span data-ccp-props=\"{&quot;134233117&quot;:false,&quot;134233118&quot;:false,&quot;335551550&quot;:0,&quot;335551620&quot;:0,&quot;335559738&quot;:0,&quot;335559739&quot;:0}\">\u00a0<\/span><\/td>\n<td data-celllook=\"0\">\n<p aria-level=\"1\"><a href=\"https:\/\/cmflorestopolis.pr.gov.br\/?page_id=228\"><span data-contrast=\"none\">Indica\u00e7\u00f5es 2020<\/span><\/a><span data-ccp-props=\"{&quot;134233117&quot;:false,&quot;134233118&quot;:false,&quot;134245418&quot;:true,&quot;134245529&quot;:true,&quot;335551550&quot;:0,&quot;335551620&quot;:0,&quot;335557856&quot;:16777215,&quot;335559738&quot;:0,&quot;335559739&quot;:0}\">\u00a0<\/span><\/p>\n<p><span data-ccp-props=\"{&quot;134233117&quot;:false,&quot;134233118&quot;:false,&quot;335551550&quot;:0,&quot;335551620&quot;:0,&quot;335559738&quot;:0,&quot;335559739&quot;:0}\">\u00a0<\/span><\/td>\n<\/tr>\n<tr aria-rowindex=\"5\">\n<td data-celllook=\"0\"><a href=\"https:\/\/cmflorestopolis.pr.gov.br\/?page_id=2919\"><span data-contrast=\"none\">Indica\u00e7\u00f5es 2022<\/span><\/a><span data-contrast=\"auto\">\u00a0<\/span><span data-ccp-props=\"{&quot;134233117&quot;:false,&quot;134233118&quot;:false,&quot;335551550&quot;:0,&quot;335551620&quot;:0,&quot;335559738&quot;:0,&quot;335559739&quot;:0}\">\u00a0<\/span><\/td>\n<td data-celllook=\"0\"><a href=\"https:\/\/cmflorestopolis.pr.gov.br\/?page_id=229\"><span data-contrast=\"none\">Indica\u00e7\u00f5es 2019<\/span><\/a><span data-ccp-props=\"{&quot;134233117&quot;:false,&quot;134233118&quot;:false,&quot;335551550&quot;:0,&quot;335551620&quot;:0,&quot;335559738&quot;:0,&quot;335559739&quot;:0}\">\u00a0<\/span><\/p>\n<p><span data-ccp-props=\"{&quot;134233117&quot;:false,&quot;134233118&quot;:false,&quot;335551550&quot;:0,&quot;335551620&quot;:0,&quot;335559738&quot;:0,&quot;335559739&quot;:0}\">\u00a0<\/span><\/td>\n<\/tr>\n<tr aria-rowindex=\"6\">\n<td data-celllook=\"0\"><a href=\"https:\/\/cmflorestopolis.pr.gov.br\/?page_id=230\"><span data-contrast=\"none\">Indica\u00e7\u00f5es 2018<\/span><\/a><span data-ccp-props=\"{&quot;134233117&quot;:false,&quot;134233118&quot;:false,&quot;335551550&quot;:0,&quot;335551620&quot;:0,&quot;335559738&quot;:0,&quot;335559739&quot;:0}\">\u00a0<\/span><\/p>\n<p><span data-ccp-props=\"{&quot;134233117&quot;:false,&quot;134233118&quot;:false,&quot;335551550&quot;:0,&quot;335551620&quot;:0,&quot;335559738&quot;:0,&quot;335559739&quot;:0}\">\u00a0<\/span><\/td>\n<td data-celllook=\"0\"><a href=\"https:\/\/cmflorestopolis.pr.gov.br\/?page_id=231\"><span data-contrast=\"none\">Indica\u00e7\u00f5es 2017<\/span><\/a><span data-ccp-props=\"{&quot;134233117&quot;:false,&quot;134233118&quot;:false,&quot;335551550&quot;:0,&quot;335551620&quot;:0,&quot;335559738&quot;:0,&quot;335559739&quot;:0}\">\u00a0<\/span><\/p>\n<p><span data-ccp-props=\"{&quot;134233117&quot;:false,&quot;134233118&quot;:false,&quot;335551550&quot;:0,&quot;335551620&quot;:0,&quot;335559738&quot;:0,&quot;335559739&quot;:0}\">\u00a0<\/span><\/td>\n<\/tr>\n<tr aria-rowindex=\"7\">\n<td data-celllook=\"0\"><a href=\"https:\/\/cmflorestopolis.pr.gov.br\/?page_id=232\"><span data-contrast=\"none\">Indica\u00e7\u00f5es 2016<\/span><\/a><span data-ccp-props=\"{&quot;134233117&quot;:false,&quot;134233118&quot;:false,&quot;335551550&quot;:0,&quot;335551620&quot;:0,&quot;335559738&quot;:0,&quot;335559739&quot;:0}\">\u00a0<\/span><\/p>\n<p><span data-ccp-props=\"{&quot;134233117&quot;:false,&quot;134233118&quot;:false,&quot;335551550&quot;:0,&quot;335551620&quot;:0,&quot;335559738&quot;:0,&quot;335559739&quot;:0}\">\u00a0<\/span><\/td>\n<td data-celllook=\"0\"><a href=\"https:\/\/cmflorestopolis.pr.gov.br\/?page_id=234\"><span data-contrast=\"none\">Indica\u00e7\u00f5es 2015<\/span><\/a><span data-ccp-props=\"{&quot;134233117&quot;:false,&quot;134233118&quot;:false,&quot;335551550&quot;:0,&quot;335551620&quot;:0,&quot;335559738&quot;:0,&quot;335559739&quot;:0}\">\u00a0<\/span><\/p>\n<p><span data-ccp-props=\"{&quot;134233117&quot;:false,&quot;134233118&quot;:false,&quot;335551550&quot;:0,&quot;335551620&quot;:0,&quot;335559738&quot;:0,&quot;335559739&quot;:0}\">\u00a0<\/span><\/td>\n<\/tr>\n<tr aria-rowindex=\"8\">\n<td data-celllook=\"0\"><a href=\"https:\/\/cmflorestopolis.pr.gov.br\/?page_id=496\"><span data-contrast=\"none\">Indica\u00e7\u00f5es 2014<\/span><\/a><span data-ccp-props=\"{&quot;134233117&quot;:false,&quot;134233118&quot;:false,&quot;335551550&quot;:0,&quot;335551620&quot;:0,&quot;335559738&quot;:0,&quot;335559739&quot;:0}\">\u00a0<\/span><\/p>\n<p><span data-ccp-props=\"{&quot;134233117&quot;:false,&quot;134233118&quot;:false,&quot;335551550&quot;:0,&quot;335551620&quot;:0,&quot;335559738&quot;:0,&quot;335559739&quot;:0}\">\u00a0<\/span><\/td>\n<td data-celllook=\"0\"><a href=\"https:\/\/cmflorestopolis.pr.gov.br\/?page_id=233\"><span data-contrast=\"none\">Indica\u00e7\u00f5es 2013<\/span><\/a><span data-ccp-props=\"{&quot;134233117&quot;:false,&quot;134233118&quot;:false,&quot;335551550&quot;:0,&quot;335551620&quot;:0,&quot;335559738&quot;:0,&quot;335559739&quot;:0}\">\u00a0<\/span><\/td>\n<\/tr>\n<\/tbody>\n<\/table>\n<p>&nbsp;<\/p>\n","protected":false},"excerpt":{"rendered":"<p>Indica\u00e7\u00f5es\u00a0\u00a0\u00a0 \u00a0\u00a0\u00a0\u00a0 Indica\u00e7\u00f5es 2024\u00a0 &nbsp; Indica\u00e7\u00f5es 2025\u00a0 &nbsp; Indica\u00e7\u00f5es 2023\u00a0 \u00a0 Indica\u00e7\u00f5es 2022\u00a0 \u00a0 Indica\u00e7\u00f5es 2021\u00a0 \u00a0 Indica\u00e7\u00f5es 2020\u00a0 \u00a0 Indica\u00e7\u00f5es 2022\u00a0\u00a0 Indica\u00e7\u00f5es 2019\u00a0 \u00a0 [&#8230;]<\/p>\n","protected":false},"author":2,"featured_media":0,"parent":0,"menu_order":0,"comment_status":"closed","ping_status":"closed","template":"","meta":[],"yoast_head":"<!-- This site is optimized with the Yoast SEO plugin v17.6 - https:\/\/yoast.com\/wordpress\/plugins\/seo\/ -->\n<title>Indica\u00e7\u00f5es - C\u00e2mara Municipal de Florest\u00f3polis<\/title>\n<meta name=\"robots\" content=\"index, follow, max-snippet:-1, max-image-preview:large, max-video-preview:-1\" \/>\n<link rel=\"canonical\" href=\"https:\/\/cmflorestopolis.pr.gov.br\/?page_id=221\" \/>\n<meta property=\"og:locale\" content=\"pt_BR\" \/>\n<meta property=\"og:type\" content=\"article\" \/>\n<meta property=\"og:title\" content=\"Indica\u00e7\u00f5es - C\u00e2mara Municipal de Florest\u00f3polis\" \/>\n<meta property=\"og:description\" content=\"Indica\u00e7\u00f5es\u00a0\u00a0\u00a0 \u00a0\u00a0\u00a0\u00a0 Indica\u00e7\u00f5es 2024\u00a0 &nbsp; Indica\u00e7\u00f5es 2025\u00a0 &nbsp; Indica\u00e7\u00f5es 2023\u00a0 \u00a0 Indica\u00e7\u00f5es 2022\u00a0 \u00a0 Indica\u00e7\u00f5es 2021\u00a0 \u00a0 Indica\u00e7\u00f5es 2020\u00a0 \u00a0 Indica\u00e7\u00f5es 2022\u00a0\u00a0 Indica\u00e7\u00f5es 2019\u00a0 \u00a0 [...]\" \/>\n<meta property=\"og:url\" content=\"https:\/\/cmflorestopolis.pr.gov.br\/?page_id=221\" \/>\n<meta property=\"og:site_name\" content=\"C\u00e2mara Municipal de Florest\u00f3polis\" \/>\n<meta property=\"article:modified_time\" content=\"2025-03-03T00:51:18+00:00\" \/>\n<meta name=\"twitter:card\" content=\"summary_large_image\" \/>\n<script type=\"application\/ld+json\" class=\"yoast-schema-graph\">{\"@context\":\"https:\/\/schema.org\",\"@graph\":[{\"@type\":\"WebSite\",\"@id\":\"https:\/\/cmflorestopolis.pr.gov.br\/#website\",\"url\":\"https:\/\/cmflorestopolis.pr.gov.br\/\",\"name\":\"C\\u00e2mara Municipal de Florest\\u00f3polis\",\"description\":\"\",\"potentialAction\":[{\"@type\":\"SearchAction\",\"target\":{\"@type\":\"EntryPoint\",\"urlTemplate\":\"https:\/\/cmflorestopolis.pr.gov.br\/?s={search_term_string}\"},\"query-input\":\"required name=search_term_string\"}],\"inLanguage\":\"pt-BR\"},{\"@type\":\"WebPage\",\"@id\":\"https:\/\/cmflorestopolis.pr.gov.br\/?page_id=221#webpage\",\"url\":\"https:\/\/cmflorestopolis.pr.gov.br\/?page_id=221\",\"name\":\"Indica\\u00e7\\u00f5es - C\\u00e2mara Municipal de Florest\\u00f3polis\",\"isPartOf\":{\"@id\":\"https:\/\/cmflorestopolis.pr.gov.br\/#website\"},\"datePublished\":\"2021-07-10T14:20:18+00:00\",\"dateModified\":\"2025-03-03T00:51:18+00:00\",\"breadcrumb\":{\"@id\":\"https:\/\/cmflorestopolis.pr.gov.br\/?page_id=221#breadcrumb\"},\"inLanguage\":\"pt-BR\",\"potentialAction\":[{\"@type\":\"ReadAction\",\"target\":[\"https:\/\/cmflorestopolis.pr.gov.br\/?page_id=221\"]}]},{\"@type\":\"BreadcrumbList\",\"@id\":\"https:\/\/cmflorestopolis.pr.gov.br\/?page_id=221#breadcrumb\",\"itemListElement\":[{\"@type\":\"ListItem\",\"position\":1,\"name\":\"In\\u00edcio\",\"item\":\"https:\/\/cmflorestopolis.pr.gov.br\/\"},{\"@type\":\"ListItem\",\"position\":2,\"name\":\"Indica\\u00e7\\u00f5es\"}]}]}<\/script>\n<!-- \/ Yoast SEO plugin. -->","yoast_head_json":{"title":"Indica\u00e7\u00f5es - C\u00e2mara Municipal de Florest\u00f3polis","robots":{"index":"index","follow":"follow","max-snippet":"max-snippet:-1","max-image-preview":"max-image-preview:large","max-video-preview":"max-video-preview:-1"},"canonical":"https:\/\/cmflorestopolis.pr.gov.br\/?page_id=221","og_locale":"pt_BR","og_type":"article","og_title":"Indica\u00e7\u00f5es - C\u00e2mara Municipal de Florest\u00f3polis","og_description":"Indica\u00e7\u00f5es\u00a0\u00a0\u00a0 \u00a0\u00a0\u00a0\u00a0 Indica\u00e7\u00f5es 2024\u00a0 &nbsp; Indica\u00e7\u00f5es 2025\u00a0 &nbsp; Indica\u00e7\u00f5es 2023\u00a0 \u00a0 Indica\u00e7\u00f5es 2022\u00a0 \u00a0 Indica\u00e7\u00f5es 2021\u00a0 \u00a0 Indica\u00e7\u00f5es 2020\u00a0 \u00a0 Indica\u00e7\u00f5es 2022\u00a0\u00a0 Indica\u00e7\u00f5es 2019\u00a0 \u00a0 [...]","og_url":"https:\/\/cmflorestopolis.pr.gov.br\/?page_id=221","og_site_name":"C\u00e2mara Municipal de Florest\u00f3polis","article_modified_time":"2025-03-03T00:51:18+00:00","twitter_card":"summary_large_image","schema":{"@context":"https:\/\/schema.org","@graph":[{"@type":"WebSite","@id":"https:\/\/cmflorestopolis.pr.gov.br\/#website","url":"https:\/\/cmflorestopolis.pr.gov.br\/","name":"C\u00e2mara Municipal de Florest\u00f3polis","description":"","potentialAction":[{"@type":"SearchAction","target":{"@type":"EntryPoint","urlTemplate":"https:\/\/cmflorestopolis.pr.gov.br\/?s={search_term_string}"},"query-input":"required name=search_term_string"}],"inLanguage":"pt-BR"},{"@type":"WebPage","@id":"https:\/\/cmflorestopolis.pr.gov.br\/?page_id=221#webpage","url":"https:\/\/cmflorestopolis.pr.gov.br\/?page_id=221","name":"Indica\u00e7\u00f5es - C\u00e2mara Municipal de Florest\u00f3polis","isPartOf":{"@id":"https:\/\/cmflorestopolis.pr.gov.br\/#website"},"datePublished":"2021-07-10T14:20:18+00:00","dateModified":"2025-03-03T00:51:18+00:00","breadcrumb":{"@id":"https:\/\/cmflorestopolis.pr.gov.br\/?page_id=221#breadcrumb"},"inLanguage":"pt-BR","potentialAction":[{"@type":"ReadAction","target":["https:\/\/cmflorestopolis.pr.gov.br\/?page_id=221"]}]},{"@type":"BreadcrumbList","@id":"https:\/\/cmflorestopolis.pr.gov.br\/?page_id=221#breadcrumb","itemListElement":[{"@type":"ListItem","position":1,"name":"In\u00edcio","item":"https:\/\/cmflorestopolis.pr.gov.br\/"},{"@type":"ListItem","position":2,"name":"Indica\u00e7\u00f5es"}]}]}},"_links":{"self":[{"href":"https:\/\/cmflorestopolis.pr.gov.br\/index.php?rest_route=\/wp\/v2\/pages\/221"}],"collection":[{"href":"https:\/\/cmflorestopolis.pr.gov.br\/index.php?rest_route=\/wp\/v2\/pages"}],"about":[{"href":"https:\/\/cmflorestopolis.pr.gov.br\/index.php?rest_route=\/wp\/v2\/types\/page"}],"author":[{"embeddable":true,"href":"https:\/\/cmflorestopolis.pr.gov.br\/index.php?rest_route=\/wp\/v2\/users\/2"}],"replies":[{"embeddable":true,"href":"https:\/\/cmflorestopolis.pr.gov.br\/index.php?rest_route=%2Fwp%2Fv2%2Fcomments&post=221"}],"version-history":[{"count":13,"href":"https:\/\/cmflorestopolis.pr.gov.br\/index.php?rest_route=\/wp\/v2\/pages\/221\/revisions"}],"predecessor-version":[{"id":4962,"href":"https:\/\/cmflorestopolis.pr.gov.br\/index.php?rest_route=\/wp\/v2\/pages\/221\/revisions\/4962"}],"wp:attachment":[{"href":"https:\/\/cmflorestopolis.pr.gov.br\/index.php?rest_route=%2Fwp%2Fv2%2Fmedia&parent=221"}],"curies":[{"name":"wp","href":"https:\/\/api.w.org\/{rel}","templated":true}]}}