{"id":220,"date":"2021-07-10T11:20:18","date_gmt":"2021-07-10T14:20:18","guid":{"rendered":"https:\/\/camara897460250.wordpress.com\/?page_id=220"},"modified":"2021-07-10T11:20:18","modified_gmt":"2021-07-10T14:20:18","slug":"decreto-legislativo","status":"publish","type":"page","link":"https:\/\/cmflorestopolis.pr.gov.br\/?page_id=220","title":{"rendered":"Decreto Legislativo"},"content":{"rendered":"<table border=\"1\">\n<tbody>\n<tr>\n<td colspan=\"4\"><strong>2018<\/strong><\/td>\n<\/tr>\n<tr>\n<td><strong>N\u00ba<\/strong><\/td>\n<td><strong>Data<\/strong><\/td>\n<td><strong>S\u00famula<\/strong><\/td>\n<td><strong>Visualizar<\/strong><\/td>\n<\/tr>\n<tr>\n<td><strong>01<\/strong><\/td>\n<td><strong>14\/03\/2018<\/strong><\/td>\n<td><strong>Aprova as contas do Executivo Municipal de Florest\u00f3polis, relativas ao exerc\u00edcio financeiro de 2015.<\/strong><\/td>\n<td><strong><a href=\"https:\/\/cmflorestopolis.pr.gov.br\/novosite\/wp-content\/uploads\/2019\/02\/Decreto-Legislativo-01-2018.pdf\" target=\"_blank\" rel=\"noopener noreferrer\"><img loading=\"lazy\" class=\"wp-image-1620 aligncenter disappear mom_appear\" src=\"https:\/\/cmflorestopolis.pr.gov.br\/wp-content\/uploads\/2015\/07\/pdf.jpg\" alt=\"pdf\" width=\"22\" height=\"22\" \/><\/a><\/strong><\/td>\n<\/tr>\n<tr>\n<td colspan=\"4\"><\/td>\n<\/tr>\n<tr>\n<td colspan=\"4\"><strong>2015<\/strong><\/td>\n<\/tr>\n<tr>\n<td><strong>N\u00ba<br \/>\n<\/strong><\/td>\n<td><strong>Data<br \/>\n<\/strong><\/td>\n<td><strong>S\u00famula<br \/>\n<\/strong><\/td>\n<td><strong>Visualizar<br \/>\n<\/strong><\/td>\n<\/tr>\n<tr>\n<td><strong>02<\/strong><\/td>\n<td><strong>08\/12\/2015<\/strong><\/td>\n<td><strong>Aprova as contas do Executivo Municipal de Florest\u00f3polis, relativas ao exerc\u00edcio financeiro de 2013.<\/strong><\/td>\n<td><strong><a href=\"https:\/\/cmflorestopolis.pr.gov.br\/wp-content\/uploads\/2016\/06\/DECRETO-LEGISLATIVO-N%C2%BA-02_2015.pdf\" target=\"_blank\" rel=\"noopener noreferrer\"><img loading=\"lazy\" class=\"aligncenter wp-image-1620 disappear mom_appear\" src=\"https:\/\/cmflorestopolis.pr.gov.br\/wp-content\/uploads\/2015\/07\/pdf.jpg\" alt=\"pdf\" width=\"22\" height=\"22\" \/><\/a><\/strong><\/td>\n<\/tr>\n<tr>\n<td><strong>01<\/strong><\/td>\n<td><strong>07\/04\/2015<\/strong><\/td>\n<td><strong>Aprova as contas do Executivo Municipal de Florest\u00f3polis, relativas ao exerc\u00edcio financeiro de 2010.<\/strong><\/td>\n<td><strong><a href=\"https:\/\/cmflorestopolis.pr.gov.br\/wp-content\/uploads\/2015\/08\/DEC.-LEG.-N%C2%BA-01_2015-APROVA-CONTAS-EX._2010.pdf\" target=\"_blank\" rel=\"noopener noreferrer\"><img loading=\"lazy\" class=\"wp-image-1620 aligncenter disappear mom_appear\" src=\"https:\/\/cmflorestopolis.pr.gov.br\/wp-content\/uploads\/2015\/07\/pdf.jpg\" alt=\"pdf\" width=\"22\" height=\"22\" \/><\/a><\/strong><\/td>\n<\/tr>\n<tr>\n<td colspan=\"4\"><\/td>\n<\/tr>\n<tr>\n<td colspan=\"4\"><strong>2014<\/strong><\/td>\n<\/tr>\n<tr>\n<td><strong>N\u00ba<br \/>\n<\/strong><\/td>\n<td><strong>Data<br \/>\n<\/strong><\/td>\n<td><strong>S\u00famula<br \/>\n<\/strong><\/td>\n<td><strong>Visualizar<br \/>\n<\/strong><\/td>\n<\/tr>\n<tr>\n<td><strong>01<\/strong><\/td>\n<td><strong>02\/04\/2014<\/strong><\/td>\n<td><strong>Rejeita as contas do executivo municipal de Florest\u00f3polis, relativas ao exerc\u00edcio financeiro de 2008.<\/strong><\/td>\n<td><strong><a href=\"https:\/\/cmflorestopolis.pr.gov.br\/wp-content\/uploads\/2015\/08\/DEC.-LEG.-N%C2%BA-01_2014-REJEITA-CONTAS-EX_2008.pdf\" target=\"_blank\" rel=\"noopener noreferrer\"><img loading=\"lazy\" class=\"wp-image-1620 aligncenter disappear mom_appear\" src=\"https:\/\/cmflorestopolis.pr.gov.br\/wp-content\/uploads\/2015\/07\/pdf.jpg\" alt=\"pdf\" width=\"22\" height=\"22\" \/><\/a><\/strong><\/td>\n<\/tr>\n<tr>\n<td><strong>\u00a0<\/strong><\/td>\n<td><strong>\u00a0<\/strong><\/td>\n<td><strong>\u00a0<\/strong><\/td>\n<td><strong>\u00a0<\/strong><\/td>\n<\/tr>\n<tr>\n<td colspan=\"4\"><strong>2013<br \/>\n<\/strong><\/td>\n<\/tr>\n<tr>\n<td><strong>01<\/strong><\/td>\n<td><strong>17\/06\/2013<\/strong><\/td>\n<td><strong>Confere T\u00edtulo de Cidad\u00e3o Honor\u00e1rio do Munic\u00edpio de Florest\u00f3polis.<\/strong><\/td>\n<td><strong><a href=\"https:\/\/cmflorestopolis.pr.gov.br\/wp-content\/uploads\/2015\/08\/DEC.-LEG.-N%C2%BA-01_2013-CONCEDE-TIT.-CID.-HONOR%C3%81RIO.pdf\" target=\"_blank\" rel=\"noopener noreferrer\"><img loading=\"lazy\" class=\"wp-image-1620 aligncenter disappear mom_appear\" src=\"https:\/\/cmflorestopolis.pr.gov.br\/wp-content\/uploads\/2015\/07\/pdf.jpg\" alt=\"pdf\" width=\"22\" height=\"22\" \/><\/a><\/strong><\/td>\n<\/tr>\n<\/tbody>\n<\/table>\n","protected":false},"excerpt":{"rendered":"<p>2018 N\u00ba Data S\u00famula Visualizar 01 14\/03\/2018 Aprova as contas do Executivo Municipal de Florest\u00f3polis, relativas ao exerc\u00edcio financeiro de 2015. 2015 N\u00ba Data S\u00famula [&#8230;]<\/p>\n","protected":false},"author":2,"featured_media":0,"parent":0,"menu_order":0,"comment_status":"closed","ping_status":"closed","template":"","meta":[],"yoast_head":"<!-- This site is optimized with the Yoast SEO plugin v17.6 - https:\/\/yoast.com\/wordpress\/plugins\/seo\/ -->\n<title>Decreto Legislativo - C\u00e2mara Municipal de Florest\u00f3polis<\/title>\n<meta name=\"robots\" content=\"index, follow, max-snippet:-1, max-image-preview:large, max-video-preview:-1\" \/>\n<link rel=\"canonical\" href=\"https:\/\/cmflorestopolis.pr.gov.br\/?page_id=220\" \/>\n<meta property=\"og:locale\" content=\"pt_BR\" \/>\n<meta property=\"og:type\" content=\"article\" \/>\n<meta property=\"og:title\" content=\"Decreto Legislativo - C\u00e2mara Municipal de Florest\u00f3polis\" \/>\n<meta property=\"og:description\" content=\"2018 N\u00ba Data S\u00famula Visualizar 01 14\/03\/2018 Aprova as contas do Executivo Municipal de Florest\u00f3polis, relativas ao exerc\u00edcio financeiro de 2015. 2015 N\u00ba Data S\u00famula [...]\" \/>\n<meta property=\"og:url\" content=\"https:\/\/cmflorestopolis.pr.gov.br\/?page_id=220\" \/>\n<meta property=\"og:site_name\" content=\"C\u00e2mara Municipal de Florest\u00f3polis\" \/>\n<meta property=\"og:image\" content=\"https:\/\/cmflorestopolis.pr.gov.br\/wp-content\/uploads\/2015\/07\/pdf.jpg\" \/>\n<meta name=\"twitter:card\" content=\"summary_large_image\" \/>\n<script type=\"application\/ld+json\" class=\"yoast-schema-graph\">{\"@context\":\"https:\/\/schema.org\",\"@graph\":[{\"@type\":\"WebSite\",\"@id\":\"https:\/\/cmflorestopolis.pr.gov.br\/#website\",\"url\":\"https:\/\/cmflorestopolis.pr.gov.br\/\",\"name\":\"C\\u00e2mara Municipal de Florest\\u00f3polis\",\"description\":\"\",\"potentialAction\":[{\"@type\":\"SearchAction\",\"target\":{\"@type\":\"EntryPoint\",\"urlTemplate\":\"https:\/\/cmflorestopolis.pr.gov.br\/?s={search_term_string}\"},\"query-input\":\"required name=search_term_string\"}],\"inLanguage\":\"pt-BR\"},{\"@type\":\"ImageObject\",\"@id\":\"https:\/\/cmflorestopolis.pr.gov.br\/?page_id=220#primaryimage\",\"inLanguage\":\"pt-BR\",\"url\":\"https:\/\/cmflorestopolis.pr.gov.br\/wp-content\/uploads\/2015\/07\/pdf.jpg\",\"contentUrl\":\"https:\/\/cmflorestopolis.pr.gov.br\/wp-content\/uploads\/2015\/07\/pdf.jpg\"},{\"@type\":\"WebPage\",\"@id\":\"https:\/\/cmflorestopolis.pr.gov.br\/?page_id=220#webpage\",\"url\":\"https:\/\/cmflorestopolis.pr.gov.br\/?page_id=220\",\"name\":\"Decreto Legislativo - C\\u00e2mara Municipal de Florest\\u00f3polis\",\"isPartOf\":{\"@id\":\"https:\/\/cmflorestopolis.pr.gov.br\/#website\"},\"primaryImageOfPage\":{\"@id\":\"https:\/\/cmflorestopolis.pr.gov.br\/?page_id=220#primaryimage\"},\"datePublished\":\"2021-07-10T14:20:18+00:00\",\"dateModified\":\"2021-07-10T14:20:18+00:00\",\"breadcrumb\":{\"@id\":\"https:\/\/cmflorestopolis.pr.gov.br\/?page_id=220#breadcrumb\"},\"inLanguage\":\"pt-BR\",\"potentialAction\":[{\"@type\":\"ReadAction\",\"target\":[\"https:\/\/cmflorestopolis.pr.gov.br\/?page_id=220\"]}]},{\"@type\":\"BreadcrumbList\",\"@id\":\"https:\/\/cmflorestopolis.pr.gov.br\/?page_id=220#breadcrumb\",\"itemListElement\":[{\"@type\":\"ListItem\",\"position\":1,\"name\":\"In\\u00edcio\",\"item\":\"https:\/\/cmflorestopolis.pr.gov.br\/\"},{\"@type\":\"ListItem\",\"position\":2,\"name\":\"Decreto Legislativo\"}]}]}<\/script>\n<!-- \/ Yoast SEO plugin. -->","yoast_head_json":{"title":"Decreto Legislativo - C\u00e2mara Municipal de Florest\u00f3polis","robots":{"index":"index","follow":"follow","max-snippet":"max-snippet:-1","max-image-preview":"max-image-preview:large","max-video-preview":"max-video-preview:-1"},"canonical":"https:\/\/cmflorestopolis.pr.gov.br\/?page_id=220","og_locale":"pt_BR","og_type":"article","og_title":"Decreto Legislativo - C\u00e2mara Municipal de Florest\u00f3polis","og_description":"2018 N\u00ba Data S\u00famula Visualizar 01 14\/03\/2018 Aprova as contas do Executivo Municipal de Florest\u00f3polis, relativas ao exerc\u00edcio financeiro de 2015. 2015 N\u00ba Data S\u00famula [...]","og_url":"https:\/\/cmflorestopolis.pr.gov.br\/?page_id=220","og_site_name":"C\u00e2mara Municipal de Florest\u00f3polis","og_image":[{"url":"https:\/\/cmflorestopolis.pr.gov.br\/wp-content\/uploads\/2015\/07\/pdf.jpg"}],"twitter_card":"summary_large_image","schema":{"@context":"https:\/\/schema.org","@graph":[{"@type":"WebSite","@id":"https:\/\/cmflorestopolis.pr.gov.br\/#website","url":"https:\/\/cmflorestopolis.pr.gov.br\/","name":"C\u00e2mara Municipal de Florest\u00f3polis","description":"","potentialAction":[{"@type":"SearchAction","target":{"@type":"EntryPoint","urlTemplate":"https:\/\/cmflorestopolis.pr.gov.br\/?s={search_term_string}"},"query-input":"required name=search_term_string"}],"inLanguage":"pt-BR"},{"@type":"ImageObject","@id":"https:\/\/cmflorestopolis.pr.gov.br\/?page_id=220#primaryimage","inLanguage":"pt-BR","url":"https:\/\/cmflorestopolis.pr.gov.br\/wp-content\/uploads\/2015\/07\/pdf.jpg","contentUrl":"https:\/\/cmflorestopolis.pr.gov.br\/wp-content\/uploads\/2015\/07\/pdf.jpg"},{"@type":"WebPage","@id":"https:\/\/cmflorestopolis.pr.gov.br\/?page_id=220#webpage","url":"https:\/\/cmflorestopolis.pr.gov.br\/?page_id=220","name":"Decreto Legislativo - C\u00e2mara Municipal de Florest\u00f3polis","isPartOf":{"@id":"https:\/\/cmflorestopolis.pr.gov.br\/#website"},"primaryImageOfPage":{"@id":"https:\/\/cmflorestopolis.pr.gov.br\/?page_id=220#primaryimage"},"datePublished":"2021-07-10T14:20:18+00:00","dateModified":"2021-07-10T14:20:18+00:00","breadcrumb":{"@id":"https:\/\/cmflorestopolis.pr.gov.br\/?page_id=220#breadcrumb"},"inLanguage":"pt-BR","potentialAction":[{"@type":"ReadAction","target":["https:\/\/cmflorestopolis.pr.gov.br\/?page_id=220"]}]},{"@type":"BreadcrumbList","@id":"https:\/\/cmflorestopolis.pr.gov.br\/?page_id=220#breadcrumb","itemListElement":[{"@type":"ListItem","position":1,"name":"In\u00edcio","item":"https:\/\/cmflorestopolis.pr.gov.br\/"},{"@type":"ListItem","position":2,"name":"Decreto Legislativo"}]}]}},"_links":{"self":[{"href":"https:\/\/cmflorestopolis.pr.gov.br\/index.php?rest_route=\/wp\/v2\/pages\/220"}],"collection":[{"href":"https:\/\/cmflorestopolis.pr.gov.br\/index.php?rest_route=\/wp\/v2\/pages"}],"about":[{"href":"https:\/\/cmflorestopolis.pr.gov.br\/index.php?rest_route=\/wp\/v2\/types\/page"}],"author":[{"embeddable":true,"href":"https:\/\/cmflorestopolis.pr.gov.br\/index.php?rest_route=\/wp\/v2\/users\/2"}],"replies":[{"embeddable":true,"href":"https:\/\/cmflorestopolis.pr.gov.br\/index.php?rest_route=%2Fwp%2Fv2%2Fcomments&post=220"}],"version-history":[{"count":0,"href":"https:\/\/cmflorestopolis.pr.gov.br\/index.php?rest_route=\/wp\/v2\/pages\/220\/revisions"}],"wp:attachment":[{"href":"https:\/\/cmflorestopolis.pr.gov.br\/index.php?rest_route=%2Fwp%2Fv2%2Fmedia&parent=220"}],"curies":[{"name":"wp","href":"https:\/\/api.w.org\/{rel}","templated":true}]}}