{"id":2085,"date":"2021-11-14T15:59:51","date_gmt":"2021-11-14T15:59:51","guid":{"rendered":"http:\/\/cmflorestopolis.pr.gov.br\/?page_id=2085"},"modified":"2022-06-01T17:12:25","modified_gmt":"2022-06-01T17:12:25","slug":"sessoes-ordinarias-2021","status":"publish","type":"page","link":"https:\/\/cmflorestopolis.pr.gov.br\/?page_id=2085","title":{"rendered":"Sess\u00f5es Ordin\u00e1rias 2021"},"content":{"rendered":"<p><b><span data-contrast=\"auto\">Sess\u00f5es Ordin\u00e1rias 2021<\/span><\/b><span data-contrast=\"auto\">\u00a0<\/span><span data-ccp-props=\"{&quot;201341983&quot;:0,&quot;335559739&quot;:160,&quot;335559740&quot;:259}\">\u00a0<\/span><\/p>\n<p><b><span data-contrast=\"auto\">As Sess\u00f5es Ordin\u00e1rias acontecem toda ter\u00e7a-feira \u00e0s 19:00<\/span><\/b><\/p>\n<h2>36\u00aa Sess\u00e3o Ordin\u00e1ria 2021<\/h2>\n<p><span data-contrast=\"none\">36\u00aa SESS\u00c3O ORDIN\u00c1RIA \u2013 14\/12\/2021<\/span><\/p>\n<p><iframe loading=\"lazy\" title=\"36\u00aa SESS\u00c3O ORDINARIA 2021  14\/12\/2021\" width=\"900\" height=\"506\" src=\"https:\/\/www.youtube.com\/embed\/isnGNL09nyI?feature=oembed\" frameborder=\"0\" allow=\"accelerometer; autoplay; clipboard-write; encrypted-media; gyroscope; picture-in-picture\" allowfullscreen><\/iframe><\/p>\n<h2>35\u00aa Sess\u00e3o Ordin\u00e1ria 2021<\/h2>\n<p><span data-contrast=\"none\">35\u00aa SESS\u00c3O ORDIN\u00c1RIA \u2013 07\/12\/2021<\/span><\/p>\n<p><iframe loading=\"lazy\" title=\"35\u00aa SESS\u00c3O ORDINARIA 2021 07\/12\/2021\" width=\"900\" height=\"506\" src=\"https:\/\/www.youtube.com\/embed\/bjPimhPZrUU?feature=oembed\" frameborder=\"0\" allow=\"accelerometer; autoplay; clipboard-write; encrypted-media; gyroscope; picture-in-picture\" allowfullscreen><\/iframe><\/p>\n<h2>34\u00aa Sess\u00e3o Ordin\u00e1ria 2021<\/h2>\n<p><span data-contrast=\"none\">34\u00aa SESS\u00c3O ORDIN\u00c1RIA \u2013 30\/11\/2021<\/span><span data-ccp-props=\"{&quot;201341983&quot;:0,&quot;335559738&quot;:240,&quot;335559739&quot;:0,&quot;335559740&quot;:259}\">\u00a0<\/span><\/p>\n<p><iframe loading=\"lazy\" title=\"34\u00aa SESS\u00c3O ORDINARIA - 30\/11\/2021\" width=\"900\" height=\"506\" src=\"https:\/\/www.youtube.com\/embed\/M4gbmRfsSZA?feature=oembed\" frameborder=\"0\" allow=\"accelerometer; autoplay; clipboard-write; encrypted-media; gyroscope; picture-in-picture\" allowfullscreen><\/iframe><\/p>\n<p><span data-ccp-props=\"{&quot;201341983&quot;:0,&quot;335559739&quot;:160,&quot;335559740&quot;:259}\">\u00a0<\/span><\/p>\n<h2>33\u00aa Sess\u00e3o Ordin\u00e1ria 2021<\/h2>\n<p><span data-contrast=\"none\">33\u00aa SESS\u00c3O ORDIN\u00c1RIA \u2013<\/span><span data-ccp-props=\"{&quot;201341983&quot;:0,&quot;335559738&quot;:240,&quot;335559739&quot;:0,&quot;335559740&quot;:259}\"> 23\/11\/2021<\/span><\/p>\n<p><iframe loading=\"lazy\" title=\"33\u00aa SESS\u00c3O ORDINARIA 2021\" width=\"900\" height=\"506\" src=\"https:\/\/www.youtube.com\/embed\/kdcLM8pQrx8?feature=oembed\" frameborder=\"0\" allow=\"accelerometer; autoplay; clipboard-write; encrypted-media; gyroscope; picture-in-picture\" allowfullscreen><\/iframe><\/p>\n<h2>32\u00aa Sess\u00e3o Ordin\u00e1ria 2021<\/h2>\n<p><span data-contrast=\"none\">32\u00aa SESS\u00c3O ORDIN\u00c1RIA \u2013<\/span><span data-ccp-props=\"{&quot;201341983&quot;:0,&quot;335559738&quot;:240,&quot;335559739&quot;:0,&quot;335559740&quot;:259}\"> 16\/11\/2021<\/span><\/p>\n<p><iframe loading=\"lazy\" title=\"32\u00aa SESS\u00c3O ORDINARIA 2021\" width=\"900\" height=\"506\" src=\"https:\/\/www.youtube.com\/embed\/biW46n-o4W8?start=1&#038;feature=oembed\" frameborder=\"0\" allow=\"accelerometer; autoplay; clipboard-write; encrypted-media; gyroscope; picture-in-picture\" allowfullscreen><\/iframe><\/p>\n<h2>31\u00aa Sess\u00e3o Ordin\u00e1ria 2021<\/h2>\n<p><span data-contrast=\"none\">31\u00aa SESS\u00c3O ORDIN\u00c1RIA \u2013<\/span><span data-ccp-props=\"{&quot;201341983&quot;:0,&quot;335559738&quot;:240,&quot;335559739&quot;:0,&quot;335559740&quot;:259}\"> 09\/11\/2021<\/span><\/p>\n<p><iframe loading=\"lazy\" title=\"31\u00aa SESS\u00c3O ORDINARIA 2021\" width=\"900\" height=\"506\" src=\"https:\/\/www.youtube.com\/embed\/Xz7h3YBYIs8?start=2&#038;feature=oembed\" frameborder=\"0\" allow=\"accelerometer; autoplay; clipboard-write; encrypted-media; gyroscope; picture-in-picture\" allowfullscreen><\/iframe><\/p>\n<h2>30\u00aa Sess\u00e3o Ordin\u00e1ria 2021<\/h2>\n<p><span data-contrast=\"none\">30\u00aa SESS\u00c3O ORDIN\u00c1RIA \u201302\/11\/2021<\/span><\/p>\n<p><iframe loading=\"lazy\" title=\"30\u00aa SESS\u00c3O ORDINARIA 2021\" width=\"900\" height=\"506\" src=\"https:\/\/www.youtube.com\/embed\/YILy4Y7vShA?feature=oembed\" frameborder=\"0\" allow=\"accelerometer; autoplay; clipboard-write; encrypted-media; gyroscope; picture-in-picture\" allowfullscreen><\/iframe><\/p>\n<h2>29\u00aa Sess\u00e3o Ordin\u00e1ria 2021<\/h2>\n<p><span data-contrast=\"none\">29\u00aa SESS\u00c3O ORDIN\u00c1RIA \u201326\/10\/2021<\/span><\/p>\n<p><iframe loading=\"lazy\" title=\"29\u00aa SESS\u00c3O ORDINARIA 2021\" width=\"900\" height=\"506\" src=\"https:\/\/www.youtube.com\/embed\/aYkNXde9z-g?feature=oembed\" frameborder=\"0\" allow=\"accelerometer; autoplay; clipboard-write; encrypted-media; gyroscope; picture-in-picture\" allowfullscreen><\/iframe><\/p>\n<h2>28\u00aa Sess\u00e3o Ordin\u00e1ria 2021<\/h2>\n<p><span data-contrast=\"none\">28\u00aa SESS\u00c3O ORDIN\u00c1RIA \u2013<\/span><span data-ccp-props=\"{&quot;201341983&quot;:0,&quot;335559738&quot;:240,&quot;335559739&quot;:0,&quot;335559740&quot;:259}\"> 19\/10\/2021<\/span><\/p>\n<p><iframe loading=\"lazy\" title=\"28\u00aa SESS\u00c3O ORDINARIA 2021\" width=\"900\" height=\"506\" src=\"https:\/\/www.youtube.com\/embed\/u2IV31QIQoE?feature=oembed\" frameborder=\"0\" allow=\"accelerometer; autoplay; clipboard-write; encrypted-media; gyroscope; picture-in-picture\" allowfullscreen><\/iframe><\/p>\n<h2>27\u00aa Sess\u00e3o Ordin\u00e1ria 2021<\/h2>\n<p><span data-contrast=\"none\">27\u00aa SESS\u00c3O ORDIN\u00c1RIA \u2013 28\/09\/2021<\/span><\/p>\n<p><iframe loading=\"lazy\" title=\"27\u00aa SESS\u00c3O ORDINARIA 2021\" width=\"900\" height=\"506\" src=\"https:\/\/www.youtube.com\/embed\/ACy32I1COSU?feature=oembed\" frameborder=\"0\" allow=\"accelerometer; autoplay; clipboard-write; encrypted-media; gyroscope; picture-in-picture\" allowfullscreen><\/iframe><\/p>\n<h2>26\u00aa Sess\u00e3o Ordin\u00e1ria 2021<\/h2>\n<p><span data-contrast=\"none\">26\u00aa SESS\u00c3O ORDIN\u00c1RIA \u2013 21\/09\/2021<\/span><span data-ccp-props=\"{&quot;201341983&quot;:0,&quot;335559738&quot;:240,&quot;335559739&quot;:0,&quot;335559740&quot;:259}\">\u00a0<\/span><\/p>\n<p><iframe loading=\"lazy\" title=\"26\u00aa SESS\u00c3O ORDINARIA 2021\" width=\"900\" height=\"506\" src=\"https:\/\/www.youtube.com\/embed\/C0GG6IvuL5c?feature=oembed\" frameborder=\"0\" allow=\"accelerometer; autoplay; clipboard-write; encrypted-media; gyroscope; picture-in-picture\" allowfullscreen><\/iframe><\/p>\n<h2>25\u00aa Sess\u00e3o Ordin\u00e1ria 2021<\/h2>\n<p><span data-contrast=\"none\">25\u00aa SESS\u00c3O ORDIN\u00c1RIA \u2013 14\/09\/2021<\/span><\/p>\n<p><iframe loading=\"lazy\" title=\"25\u00aa SESS\u00c3O ORDINARIA 2021\" width=\"900\" height=\"506\" src=\"https:\/\/www.youtube.com\/embed\/5f3pKbPLP80?feature=oembed\" frameborder=\"0\" allow=\"accelerometer; autoplay; clipboard-write; encrypted-media; gyroscope; picture-in-picture\" allowfullscreen><\/iframe><\/p>\n<h2>24\u00aa Sess\u00e3o Ordin\u00e1ria 2021<\/h2>\n<p><span data-contrast=\"none\">24\u00aa SESS\u00c3O ORDIN\u00c1RIA \u2013 31\/08\/2021<\/span><\/p>\n<p><iframe loading=\"lazy\" title=\"24\u00aa SESS\u00c3O ORDINARIA 2021\" width=\"900\" height=\"506\" src=\"https:\/\/www.youtube.com\/embed\/bWpI_J8pNsw?feature=oembed\" frameborder=\"0\" allow=\"accelerometer; autoplay; clipboard-write; encrypted-media; gyroscope; picture-in-picture\" allowfullscreen><\/iframe><\/p>\n<h2>23\u00aa Sess\u00e3o Ordin\u00e1ria 2021<\/h2>\n<p><span data-contrast=\"none\">23\u00aa SESS\u00c3O ORDIN\u00c1RIA \u2013 24\/08\/2021<\/span><\/p>\n<p><iframe loading=\"lazy\" title=\"23\u00aa SESS\u00c3O ORDINARIA 2021\" width=\"900\" height=\"506\" src=\"https:\/\/www.youtube.com\/embed\/BNzFiQiZo6M?feature=oembed\" frameborder=\"0\" allow=\"accelerometer; autoplay; clipboard-write; encrypted-media; gyroscope; picture-in-picture\" allowfullscreen><\/iframe><\/p>\n<h2>22\u00aa Sess\u00e3o Ordin\u00e1ria 2021<\/h2>\n<p><span data-contrast=\"none\">22\u00aa SESS\u00c3O ORDIN\u00c1RIA \u2013 17\/08\/2021<\/span><\/p>\n<p><iframe loading=\"lazy\" title=\"22\u00aa SESS\u00c3O ORDINARIA 2021\" width=\"900\" height=\"506\" src=\"https:\/\/www.youtube.com\/embed\/rfBwco3n7RU?start=1&#038;feature=oembed\" frameborder=\"0\" allow=\"accelerometer; autoplay; clipboard-write; encrypted-media; gyroscope; picture-in-picture\" allowfullscreen><\/iframe><\/p>\n<p>&nbsp;<\/p>\n<h2>21\u00aa Sess\u00e3o Ordin\u00e1ria 2021 (Parte 3\u00b0)<\/h2>\n<p><span data-contrast=\"none\">21\u00aa SESS\u00c3O ORDIN\u00c1RIA \u2013 (PARTE\u00a0 3\u00b0) 10\/08\/2021<\/span><\/p>\n<p><iframe loading=\"lazy\" title=\"21\u00aa SESS\u00c3O ORDINARIA 2021 ( PARTE 3\u00ba)\" width=\"900\" height=\"506\" src=\"https:\/\/www.youtube.com\/embed\/tyWQWRQwrr4?feature=oembed\" frameborder=\"0\" allow=\"accelerometer; autoplay; clipboard-write; encrypted-media; gyroscope; picture-in-picture\" allowfullscreen><\/iframe><\/p>\n<p>&nbsp;<\/p>\n<h2>21\u00aa Sess\u00e3o Ordin\u00e1ria 2021 (Parte 2\u00b0)<\/h2>\n<p><span data-contrast=\"none\">21\u00aa SESS\u00c3O ORDIN\u00c1RIA \u2013 (PARTE\u00a0 2\u00b0) 10\/08\/2021<\/span><\/p>\n<p><iframe loading=\"lazy\" title=\"21\u00aa SESS\u00c3O ORDINARIA 2021 ( PARTE 2\u00ba)\" width=\"900\" height=\"506\" src=\"https:\/\/www.youtube.com\/embed\/Tpv_E1hy2X8?feature=oembed\" frameborder=\"0\" allow=\"accelerometer; autoplay; clipboard-write; encrypted-media; gyroscope; picture-in-picture\" allowfullscreen><\/iframe><\/p>\n<p>&nbsp;<\/p>\n<h2>21\u00aa Sess\u00e3o Ordin\u00e1ria 2021 (Parte 1\u00b0)<\/h2>\n<p><span data-contrast=\"none\">21\u00aa SESS\u00c3O ORDIN\u00c1RIA \u2013 (PARTE\u00a0 1\u00b0) 10\/08\/2021<\/span><\/p>\n<p><iframe loading=\"lazy\" title=\"21\u00aa SESS\u00c3O ORDIN\u00c1RIA \u2013 (PARTE\u00a0 1\u00b0) 10\/08\/2021\" width=\"900\" height=\"506\" src=\"https:\/\/www.youtube.com\/embed\/7c8R3t_XcmI?feature=oembed\" frameborder=\"0\" allow=\"accelerometer; autoplay; clipboard-write; encrypted-media; gyroscope; picture-in-picture\" allowfullscreen><\/iframe><\/p>\n<p>&nbsp;<\/p>\n<p>&nbsp;<\/p>\n<h2>20\u00aa Sess\u00e3o Ordin\u00e1ria 2021<\/h2>\n<p><span data-contrast=\"none\">20\u00aa SESS\u00c3O ORDIN\u00c1RIA \u2013 03\/08\/2021<\/span><\/p>\n<p><iframe loading=\"lazy\" title=\"20\u00aa SESS\u00c3O ORDIN\u00c1RIA 03\/08\/2021\" width=\"900\" height=\"506\" src=\"https:\/\/www.youtube.com\/embed\/YNQX3BAq9jY?feature=oembed\" frameborder=\"0\" allow=\"accelerometer; autoplay; clipboard-write; encrypted-media; gyroscope; picture-in-picture\" allowfullscreen><\/iframe><\/p>\n<p>&nbsp;<\/p>\n<h2>19\u00aa Sess\u00e3o Ordin\u00e1ria 2021<\/h2>\n<p><span data-contrast=\"none\">19\u00aa SESS\u00c3O ORDIN\u00c1RIA \u2013 29\/06\/2021<\/span><span data-ccp-props=\"{&quot;201341983&quot;:0,&quot;335559738&quot;:240,&quot;335559739&quot;:0,&quot;335559740&quot;:259}\">\u00a0<\/span><\/p>\n<p><iframe loading=\"lazy\" title=\"19 Sess\u00e3o Ord 2021\" width=\"900\" height=\"506\" src=\"https:\/\/www.youtube.com\/embed\/voHeFK9GPzQ?start=1&#038;feature=oembed\" frameborder=\"0\" allow=\"accelerometer; autoplay; clipboard-write; encrypted-media; gyroscope; picture-in-picture\" allowfullscreen><\/iframe><\/p>\n<p>&nbsp;<\/p>\n<h2>18\u00aa Sess\u00e3o Ordin\u00e1ria 2021<\/h2>\n<p><span data-contrast=\"none\">18\u00aa SESS\u00c3O ORDIN\u00c1RIA \u2013 22\/06\/2021<\/span><\/p>\n<p><a href=\"https:\/\/cmflorestopolis.pr.gov.br\/wp-content\/uploads\/2022\/05\/ATA-18a-SESSAO-ORDINARIA_2021.pdf\">ATA 18\u00aa SESS\u00c3O ORDIN\u00c1RIA_2021<\/a><\/p>\n<p>&nbsp;<\/p>\n<h2>17\u00aa Sess\u00e3o Ordin\u00e1ria 2021<\/h2>\n<p><span data-contrast=\"none\">17\u00aa SESS\u00c3O ORDIN\u00c1RIA \u2013 15\/06\/2021<\/span><\/p>\n<p><iframe loading=\"lazy\" title=\"17 Sess\u00e3o Ord 2021\" width=\"900\" height=\"506\" src=\"https:\/\/www.youtube.com\/embed\/5hDT4Cfz0S8?start=1&#038;feature=oembed\" frameborder=\"0\" allow=\"accelerometer; autoplay; clipboard-write; encrypted-media; gyroscope; picture-in-picture\" allowfullscreen><\/iframe><\/p>\n<h2>16\u00aa Sess\u00e3o Ordin\u00e1ria 2021<\/h2>\n<p><span data-contrast=\"none\">16\u00aa SESS\u00c3O ORDIN\u00c1RIA \u2013 08\/06\/2021<\/span><span data-ccp-props=\"{&quot;201341983&quot;:0,&quot;335559738&quot;:240,&quot;335559739&quot;:0,&quot;335559740&quot;:259}\">\u00a0<\/span><\/p>\n<p><iframe loading=\"lazy\" title=\"16 Sess\u00e3o Ord 2021\" width=\"900\" height=\"506\" src=\"https:\/\/www.youtube.com\/embed\/p6g34A71Ivc?feature=oembed\" frameborder=\"0\" allow=\"accelerometer; autoplay; clipboard-write; encrypted-media; gyroscope; picture-in-picture\" allowfullscreen><\/iframe><\/p>\n<h2>15\u00aa Sess\u00e3o Ordin\u00e1ria 2021<\/h2>\n<p><span data-contrast=\"none\">15\u00aa SESS\u00c3O ORDIN\u00c1RIA \u2013 01\/06\/2021<\/span><\/p>\n<p><iframe loading=\"lazy\" title=\"15 Sess\u00e3o Ord 2021\" width=\"900\" height=\"506\" src=\"https:\/\/www.youtube.com\/embed\/VnyFpeQP8jQ?feature=oembed\" frameborder=\"0\" allow=\"accelerometer; autoplay; clipboard-write; encrypted-media; gyroscope; picture-in-picture\" allowfullscreen><\/iframe><\/p>\n<h2>14\u00aa Sess\u00e3o Ordin\u00e1ria 2021<\/h2>\n<p><span data-contrast=\"none\">14\u00aa SESS\u00c3O ORDIN\u00c1RIA \u2013 25\/05\/2021<\/span><span data-ccp-props=\"{&quot;201341983&quot;:0,&quot;335559738&quot;:240,&quot;335559739&quot;:0,&quot;335559740&quot;:259}\">\u00a0<\/span><\/p>\n<p>&nbsp;<\/p>\n<p><iframe loading=\"lazy\" title=\"14 Sess\u00e3o Ord 2021\" width=\"900\" height=\"506\" src=\"https:\/\/www.youtube.com\/embed\/QWDUjhaQ_OI?start=25&#038;feature=oembed\" frameborder=\"0\" allow=\"accelerometer; autoplay; clipboard-write; encrypted-media; gyroscope; picture-in-picture\" allowfullscreen><\/iframe><\/p>\n<h2>13\u00aa Sess\u00e3o Ordin\u00e1ria 2021<\/h2>\n<p><span data-contrast=\"none\">13\u00aa SESS\u00c3O ORDIN\u00c1RIA \u2013 18\/05\/2021<\/span><\/p>\n<p><iframe loading=\"lazy\" title=\"13 Sess\u00e3o Ord 2021\" width=\"900\" height=\"506\" src=\"https:\/\/www.youtube.com\/embed\/iSTqmpeUPqY?start=1&#038;feature=oembed\" frameborder=\"0\" allow=\"accelerometer; autoplay; clipboard-write; encrypted-media; gyroscope; picture-in-picture\" allowfullscreen><\/iframe><\/p>\n<h2>12\u00aa Sess\u00e3o Ordin\u00e1ria 2021<\/h2>\n<p><span data-contrast=\"none\">12\u00aa SESS\u00c3O ORDIN\u00c1RIA \u2013 11\/05\/2021<\/span><span data-ccp-props=\"{&quot;201341983&quot;:0,&quot;335559738&quot;:240,&quot;335559739&quot;:0,&quot;335559740&quot;:259}\">\u00a0<\/span><\/p>\n<p><iframe loading=\"lazy\" title=\"12 Sess\u00e3o Ord 2021\" width=\"900\" height=\"506\" src=\"https:\/\/www.youtube.com\/embed\/9u-jRucH_mM?start=3&#038;feature=oembed\" frameborder=\"0\" allow=\"accelerometer; autoplay; clipboard-write; encrypted-media; gyroscope; picture-in-picture\" allowfullscreen><\/iframe><\/p>\n<h2>11\u00aa Sess\u00e3o Ordin\u00e1ria 2021<\/h2>\n<p><span data-contrast=\"none\">11\u00aa SESS\u00c3O ORDIN\u00c1RIA \u2013 04\/05\/2021<\/span><\/p>\n<p><iframe loading=\"lazy\" title=\"11 Sess\u00e3o Ord 2021\" width=\"900\" height=\"506\" src=\"https:\/\/www.youtube.com\/embed\/lTxSKC_-4Lk?feature=oembed\" frameborder=\"0\" allow=\"accelerometer; autoplay; clipboard-write; encrypted-media; gyroscope; picture-in-picture\" allowfullscreen><\/iframe><\/p>\n<h2>10\u00aa Sess\u00e3o Ordin\u00e1ria 2021<\/h2>\n<p><span data-contrast=\"none\">10\u00aa SESS\u00c3O ORDIN\u00c1RIA \u2013 27\/04\/2021<\/span><\/p>\n<p><iframe loading=\"lazy\" title=\"10 Sess\u00e3o Ord 2021\" width=\"900\" height=\"506\" src=\"https:\/\/www.youtube.com\/embed\/8297WB-TNEI?start=1&#038;feature=oembed\" frameborder=\"0\" allow=\"accelerometer; autoplay; clipboard-write; encrypted-media; gyroscope; picture-in-picture\" allowfullscreen><\/iframe><\/p>\n<h2>09\u00aa Sess\u00e3o Ordin\u00e1ria 2021<\/h2>\n<p><span data-contrast=\"none\">09\u00aa SESS\u00c3O ORDIN\u00c1RIA \u2013 20\/04\/2021<\/span><\/p>\n<p><iframe loading=\"lazy\" title=\"09 Sess\u00e3o Ord 2021\" width=\"900\" height=\"506\" src=\"https:\/\/www.youtube.com\/embed\/G8LJBDC68LE?start=9&#038;feature=oembed\" frameborder=\"0\" allow=\"accelerometer; autoplay; clipboard-write; encrypted-media; gyroscope; picture-in-picture\" allowfullscreen><\/iframe><\/p>\n<h2>08\u00aa Sess\u00e3o Ordin\u00e1ria 2021<\/h2>\n<p><span data-contrast=\"none\">08\u00aa SESS\u00c3O ORDIN\u00c1RIA \u2013 13\/04\/2021<\/span><span data-ccp-props=\"{&quot;201341983&quot;:0,&quot;335559738&quot;:240,&quot;335559739&quot;:0,&quot;335559740&quot;:259}\">\u00a0<\/span><\/p>\n<p><iframe loading=\"lazy\" title=\"08 Sess\u00e3o Ord 2021\" width=\"900\" height=\"506\" src=\"https:\/\/www.youtube.com\/embed\/9pmJUjufUNo?start=1&#038;feature=oembed\" frameborder=\"0\" allow=\"accelerometer; autoplay; clipboard-write; encrypted-media; gyroscope; picture-in-picture\" allowfullscreen><\/iframe><\/p>\n<h2>07\u00aa Sess\u00e3o Ordin\u00e1ria 2021<\/h2>\n<p><span data-contrast=\"none\">07\u00aa SESS\u00c3O ORDIN\u00c1RIA \u2013 06\/04\/2021<\/span><span data-ccp-props=\"{&quot;201341983&quot;:0,&quot;335559738&quot;:240,&quot;335559739&quot;:0,&quot;335559740&quot;:259}\">\u00a0<\/span><\/p>\n<p><iframe loading=\"lazy\" title=\"07 Sess\u00e3o 06\/04\/2021\" width=\"900\" height=\"506\" src=\"https:\/\/www.youtube.com\/embed\/5vmXW--nOIE?feature=oembed\" frameborder=\"0\" allow=\"accelerometer; autoplay; clipboard-write; encrypted-media; gyroscope; picture-in-picture\" allowfullscreen><\/iframe><\/p>\n<h2>06\u00aa Sess\u00e3o Ordin\u00e1ria 2021<\/h2>\n<p><span data-contrast=\"none\">06\u00aa SESS\u00c3O ORDIN\u00c1RIA \u2013 30\/03\/2021<\/span><\/p>\n<p><iframe loading=\"lazy\" title=\"06 Sess\u00e3o Ord 2021\" width=\"900\" height=\"506\" src=\"https:\/\/www.youtube.com\/embed\/vjgWqWXNjMY?start=1&#038;feature=oembed\" frameborder=\"0\" allow=\"accelerometer; autoplay; clipboard-write; encrypted-media; gyroscope; picture-in-picture\" allowfullscreen><\/iframe><\/p>\n<h2>05\u00aa Sess\u00e3o Ordin\u00e1ria 2021<\/h2>\n<p><span data-contrast=\"none\">05\u00aa SESS\u00c3O ORDIN\u00c1RIA \u2013 23\/03\/2021<\/span><\/p>\n<p><iframe loading=\"lazy\" title=\"05 Sess\u00e3o Ord 2021\" width=\"900\" height=\"506\" src=\"https:\/\/www.youtube.com\/embed\/Ke5Etj3XgHU?feature=oembed\" frameborder=\"0\" allow=\"accelerometer; autoplay; clipboard-write; encrypted-media; gyroscope; picture-in-picture\" allowfullscreen><\/iframe><\/p>\n<h2>04\u00aa Sess\u00e3o Ordin\u00e1ria 2021<\/h2>\n<p><span data-contrast=\"none\">04\u00aa SESS\u00c3O ORDIN\u00c1RIA \u2013 16\/03\/2021<\/span><\/p>\n<p><iframe loading=\"lazy\" title=\"04 Sess\u00e3o Ord 2021\" width=\"900\" height=\"506\" src=\"https:\/\/www.youtube.com\/embed\/pjB1G_BWTZ8?feature=oembed\" frameborder=\"0\" allow=\"accelerometer; autoplay; clipboard-write; encrypted-media; gyroscope; picture-in-picture\" allowfullscreen><\/iframe><\/p>\n<h2>03\u00aa Sess\u00e3o Ordin\u00e1ria 2021<\/h2>\n<p><span data-contrast=\"none\">03\u00aa SESS\u00c3O ORDIN\u00c1RIA \u2013 09\/03\/2021<\/span><\/p>\n<p><iframe loading=\"lazy\" title=\"03 Sess\u00e3o Ordin\u00e1ria 2021\" width=\"900\" height=\"506\" src=\"https:\/\/www.youtube.com\/embed\/dIQPZbnmjxU?feature=oembed\" frameborder=\"0\" allow=\"accelerometer; autoplay; clipboard-write; encrypted-media; gyroscope; picture-in-picture\" allowfullscreen><\/iframe><\/p>\n<h2>02\u00aa Sess\u00e3o Ordin\u00e1ria 2021<\/h2>\n<p><span data-contrast=\"none\">02\u00aa SESS\u00c3O ORDIN\u00c1RIA \u2013 02\/03\/2021<\/span><\/p>\n<p><iframe loading=\"lazy\" title=\"02 Sess\u00e3o Ordin\u00e1ria 2021\" width=\"900\" height=\"506\" src=\"https:\/\/www.youtube.com\/embed\/r__S71XdTEM?start=3&#038;feature=oembed\" frameborder=\"0\" allow=\"accelerometer; autoplay; clipboard-write; encrypted-media; gyroscope; picture-in-picture\" allowfullscreen><\/iframe><\/p>\n<h2>01\u00aa Sess\u00e3o Ordin\u00e1ria 2021<\/h2>\n<p><span data-contrast=\"none\">01\u00aa SESS\u00c3O ORDIN\u00c1RIA \u2013 23\/02\/2021<\/span><\/p>\n<p>&nbsp;<\/p>\n<p><iframe loading=\"lazy\" title=\"1\u00aa Sess\u00e3o Ordin\u00e1ria 2021\" width=\"900\" height=\"506\" src=\"https:\/\/www.youtube.com\/embed\/hl5oMg4hez0?feature=oembed\" frameborder=\"0\" allow=\"accelerometer; autoplay; clipboard-write; encrypted-media; gyroscope; picture-in-picture\" allowfullscreen><\/iframe><\/p>\n<p>&nbsp;<\/p>\n","protected":false},"excerpt":{"rendered":"<p>Sess\u00f5es Ordin\u00e1rias 2021\u00a0\u00a0 As Sess\u00f5es Ordin\u00e1rias acontecem toda ter\u00e7a-feira \u00e0s 19:00 36\u00aa Sess\u00e3o Ordin\u00e1ria 2021 36\u00aa SESS\u00c3O ORDIN\u00c1RIA \u2013 14\/12\/2021 35\u00aa Sess\u00e3o Ordin\u00e1ria 2021 35\u00aa [&#8230;]<\/p>\n","protected":false},"author":1,"featured_media":0,"parent":0,"menu_order":0,"comment_status":"closed","ping_status":"closed","template":"","meta":[],"yoast_head":"<!-- This site is optimized with the Yoast SEO plugin v17.6 - https:\/\/yoast.com\/wordpress\/plugins\/seo\/ -->\n<title>Sess\u00f5es Ordin\u00e1rias 2021 - C\u00e2mara Municipal de Florest\u00f3polis<\/title>\n<meta name=\"robots\" content=\"index, follow, max-snippet:-1, max-image-preview:large, max-video-preview:-1\" \/>\n<link rel=\"canonical\" href=\"https:\/\/cmflorestopolis.pr.gov.br\/?page_id=2085\" \/>\n<meta property=\"og:locale\" content=\"pt_BR\" \/>\n<meta property=\"og:type\" content=\"article\" \/>\n<meta property=\"og:title\" content=\"Sess\u00f5es Ordin\u00e1rias 2021 - C\u00e2mara Municipal de Florest\u00f3polis\" \/>\n<meta property=\"og:description\" content=\"Sess\u00f5es Ordin\u00e1rias 2021\u00a0\u00a0 As Sess\u00f5es Ordin\u00e1rias acontecem toda ter\u00e7a-feira \u00e0s 19:00 36\u00aa Sess\u00e3o Ordin\u00e1ria 2021 36\u00aa SESS\u00c3O ORDIN\u00c1RIA \u2013 14\/12\/2021 35\u00aa Sess\u00e3o Ordin\u00e1ria 2021 35\u00aa [...]\" \/>\n<meta property=\"og:url\" content=\"https:\/\/cmflorestopolis.pr.gov.br\/?page_id=2085\" \/>\n<meta property=\"og:site_name\" content=\"C\u00e2mara Municipal de Florest\u00f3polis\" \/>\n<meta property=\"article:modified_time\" content=\"2022-06-01T17:12:25+00:00\" \/>\n<meta name=\"twitter:card\" content=\"summary_large_image\" \/>\n<meta name=\"twitter:label1\" content=\"Est. tempo de leitura\" \/>\n\t<meta name=\"twitter:data1\" content=\"2 minutos\" \/>\n<script type=\"application\/ld+json\" class=\"yoast-schema-graph\">{\"@context\":\"https:\/\/schema.org\",\"@graph\":[{\"@type\":\"WebSite\",\"@id\":\"https:\/\/cmflorestopolis.pr.gov.br\/#website\",\"url\":\"https:\/\/cmflorestopolis.pr.gov.br\/\",\"name\":\"C\\u00e2mara Municipal de Florest\\u00f3polis\",\"description\":\"\",\"potentialAction\":[{\"@type\":\"SearchAction\",\"target\":{\"@type\":\"EntryPoint\",\"urlTemplate\":\"https:\/\/cmflorestopolis.pr.gov.br\/?s={search_term_string}\"},\"query-input\":\"required name=search_term_string\"}],\"inLanguage\":\"pt-BR\"},{\"@type\":\"WebPage\",\"@id\":\"https:\/\/cmflorestopolis.pr.gov.br\/?page_id=2085#webpage\",\"url\":\"https:\/\/cmflorestopolis.pr.gov.br\/?page_id=2085\",\"name\":\"Sess\\u00f5es Ordin\\u00e1rias 2021 - C\\u00e2mara Municipal de Florest\\u00f3polis\",\"isPartOf\":{\"@id\":\"https:\/\/cmflorestopolis.pr.gov.br\/#website\"},\"datePublished\":\"2021-11-14T15:59:51+00:00\",\"dateModified\":\"2022-06-01T17:12:25+00:00\",\"breadcrumb\":{\"@id\":\"https:\/\/cmflorestopolis.pr.gov.br\/?page_id=2085#breadcrumb\"},\"inLanguage\":\"pt-BR\",\"potentialAction\":[{\"@type\":\"ReadAction\",\"target\":[\"https:\/\/cmflorestopolis.pr.gov.br\/?page_id=2085\"]}]},{\"@type\":\"BreadcrumbList\",\"@id\":\"https:\/\/cmflorestopolis.pr.gov.br\/?page_id=2085#breadcrumb\",\"itemListElement\":[{\"@type\":\"ListItem\",\"position\":1,\"name\":\"In\\u00edcio\",\"item\":\"https:\/\/cmflorestopolis.pr.gov.br\/\"},{\"@type\":\"ListItem\",\"position\":2,\"name\":\"Sess\\u00f5es Ordin\\u00e1rias 2021\"}]}]}<\/script>\n<!-- \/ Yoast SEO plugin. -->","yoast_head_json":{"title":"Sess\u00f5es Ordin\u00e1rias 2021 - C\u00e2mara Municipal de Florest\u00f3polis","robots":{"index":"index","follow":"follow","max-snippet":"max-snippet:-1","max-image-preview":"max-image-preview:large","max-video-preview":"max-video-preview:-1"},"canonical":"https:\/\/cmflorestopolis.pr.gov.br\/?page_id=2085","og_locale":"pt_BR","og_type":"article","og_title":"Sess\u00f5es Ordin\u00e1rias 2021 - C\u00e2mara Municipal de Florest\u00f3polis","og_description":"Sess\u00f5es Ordin\u00e1rias 2021\u00a0\u00a0 As Sess\u00f5es Ordin\u00e1rias acontecem toda ter\u00e7a-feira \u00e0s 19:00 36\u00aa Sess\u00e3o Ordin\u00e1ria 2021 36\u00aa SESS\u00c3O ORDIN\u00c1RIA \u2013 14\/12\/2021 35\u00aa Sess\u00e3o Ordin\u00e1ria 2021 35\u00aa [...]","og_url":"https:\/\/cmflorestopolis.pr.gov.br\/?page_id=2085","og_site_name":"C\u00e2mara Municipal de Florest\u00f3polis","article_modified_time":"2022-06-01T17:12:25+00:00","twitter_card":"summary_large_image","twitter_misc":{"Est. tempo de leitura":"2 minutos"},"schema":{"@context":"https:\/\/schema.org","@graph":[{"@type":"WebSite","@id":"https:\/\/cmflorestopolis.pr.gov.br\/#website","url":"https:\/\/cmflorestopolis.pr.gov.br\/","name":"C\u00e2mara Municipal de Florest\u00f3polis","description":"","potentialAction":[{"@type":"SearchAction","target":{"@type":"EntryPoint","urlTemplate":"https:\/\/cmflorestopolis.pr.gov.br\/?s={search_term_string}"},"query-input":"required name=search_term_string"}],"inLanguage":"pt-BR"},{"@type":"WebPage","@id":"https:\/\/cmflorestopolis.pr.gov.br\/?page_id=2085#webpage","url":"https:\/\/cmflorestopolis.pr.gov.br\/?page_id=2085","name":"Sess\u00f5es Ordin\u00e1rias 2021 - C\u00e2mara Municipal de Florest\u00f3polis","isPartOf":{"@id":"https:\/\/cmflorestopolis.pr.gov.br\/#website"},"datePublished":"2021-11-14T15:59:51+00:00","dateModified":"2022-06-01T17:12:25+00:00","breadcrumb":{"@id":"https:\/\/cmflorestopolis.pr.gov.br\/?page_id=2085#breadcrumb"},"inLanguage":"pt-BR","potentialAction":[{"@type":"ReadAction","target":["https:\/\/cmflorestopolis.pr.gov.br\/?page_id=2085"]}]},{"@type":"BreadcrumbList","@id":"https:\/\/cmflorestopolis.pr.gov.br\/?page_id=2085#breadcrumb","itemListElement":[{"@type":"ListItem","position":1,"name":"In\u00edcio","item":"https:\/\/cmflorestopolis.pr.gov.br\/"},{"@type":"ListItem","position":2,"name":"Sess\u00f5es Ordin\u00e1rias 2021"}]}]}},"_links":{"self":[{"href":"https:\/\/cmflorestopolis.pr.gov.br\/index.php?rest_route=\/wp\/v2\/pages\/2085"}],"collection":[{"href":"https:\/\/cmflorestopolis.pr.gov.br\/index.php?rest_route=\/wp\/v2\/pages"}],"about":[{"href":"https:\/\/cmflorestopolis.pr.gov.br\/index.php?rest_route=\/wp\/v2\/types\/page"}],"author":[{"embeddable":true,"href":"https:\/\/cmflorestopolis.pr.gov.br\/index.php?rest_route=\/wp\/v2\/users\/1"}],"replies":[{"embeddable":true,"href":"https:\/\/cmflorestopolis.pr.gov.br\/index.php?rest_route=%2Fwp%2Fv2%2Fcomments&post=2085"}],"version-history":[{"count":50,"href":"https:\/\/cmflorestopolis.pr.gov.br\/index.php?rest_route=\/wp\/v2\/pages\/2085\/revisions"}],"predecessor-version":[{"id":3297,"href":"https:\/\/cmflorestopolis.pr.gov.br\/index.php?rest_route=\/wp\/v2\/pages\/2085\/revisions\/3297"}],"wp:attachment":[{"href":"https:\/\/cmflorestopolis.pr.gov.br\/index.php?rest_route=%2Fwp%2Fv2%2Fmedia&parent=2085"}],"curies":[{"name":"wp","href":"https:\/\/api.w.org\/{rel}","templated":true}]}}