{"id":177,"date":"2021-07-09T13:38:41","date_gmt":"2021-07-09T16:38:41","guid":{"rendered":"https:\/\/camara897460250.wordpress.com\/?page_id=177"},"modified":"2022-06-29T18:49:58","modified_gmt":"2022-06-29T18:49:58","slug":"sessoes-ordinarias-2019","status":"publish","type":"page","link":"https:\/\/cmflorestopolis.pr.gov.br\/?page_id=177","title":{"rendered":"Sess\u00f5es Ordin\u00e1rias 2019"},"content":{"rendered":"<h2><\/h2>\n<h2><\/h2>\n<h2><\/h2>\n<h2><\/h2>\n<h2><\/h2>\n<h2><\/h2>\n<h2><\/h2>\n<p><b><span data-contrast=\"auto\">As Sess\u00f5es Ordin\u00e1rias acontecem toda ter\u00e7a-feira \u00e0s 19:00<\/span><\/b><\/p>\n<h2>25\u00aa Sess\u00e3o Ordin\u00e1ria<\/h2>\n<p><iframe loading=\"lazy\" title=\"25\u00aa SESS\u00c3O ORD  2019\" width=\"900\" height=\"506\" src=\"https:\/\/www.youtube.com\/embed\/pQiQEuIHugQ?feature=oembed\" frameborder=\"0\" allow=\"accelerometer; autoplay; clipboard-write; encrypted-media; gyroscope; picture-in-picture\" allowfullscreen><\/iframe><\/p>\n<h2>24\u00aa Sess\u00e3o Ordin\u00e1ria<\/h2>\n<p><iframe loading=\"lazy\" title=\"24\u00aa SESS\u00c3O ORD  2019\" width=\"900\" height=\"506\" src=\"https:\/\/www.youtube.com\/embed\/o9uO3y7iWas?feature=oembed\" frameborder=\"0\" allow=\"accelerometer; autoplay; clipboard-write; encrypted-media; gyroscope; picture-in-picture\" allowfullscreen><\/iframe><\/p>\n<h2>23\u00aa Sess\u00e3o Ordin\u00e1ria<\/h2>\n<p><iframe loading=\"lazy\" title=\"23\u00aa SESS\u00c3O ORD  2019\" width=\"900\" height=\"506\" src=\"https:\/\/www.youtube.com\/embed\/5_kFW-waI_4?feature=oembed\" frameborder=\"0\" allow=\"accelerometer; autoplay; clipboard-write; encrypted-media; gyroscope; picture-in-picture\" allowfullscreen><\/iframe><\/p>\n<h2>22\u00aa Sess\u00e3o Ordin\u00e1ria<\/h2>\n<p><iframe loading=\"lazy\" title=\"22\u00aa SESS\u00c3O ORD  2019\" width=\"900\" height=\"506\" src=\"https:\/\/www.youtube.com\/embed\/2QMlQGhuzbA?feature=oembed\" frameborder=\"0\" allow=\"accelerometer; autoplay; clipboard-write; encrypted-media; gyroscope; picture-in-picture\" allowfullscreen><\/iframe><\/p>\n<h2>21\u00aa Sess\u00e3o Ordin\u00e1ria<\/h2>\n<p><iframe loading=\"lazy\" title=\"21\u00aa SESS\u00c3O ORD  2019\" width=\"900\" height=\"506\" src=\"https:\/\/www.youtube.com\/embed\/ir3CTvoI5gI?feature=oembed\" frameborder=\"0\" allow=\"accelerometer; autoplay; clipboard-write; encrypted-media; gyroscope; picture-in-picture\" allowfullscreen><\/iframe><\/p>\n<h2><\/h2>\n<h2>20\u00aa Sess\u00e3o Ordin\u00e1ria<\/h2>\n<p><iframe loading=\"lazy\" title=\"20\u00aa SESS\u00c3O ORD  2019\" width=\"900\" height=\"506\" src=\"https:\/\/www.youtube.com\/embed\/NZs63_XdeV4?feature=oembed\" frameborder=\"0\" allow=\"accelerometer; autoplay; clipboard-write; encrypted-media; gyroscope; picture-in-picture\" allowfullscreen><\/iframe><\/p>\n<h2><\/h2>\n<h2>19\u00aa Sess\u00e3o Ordin\u00e1ria<\/h2>\n<p><iframe loading=\"lazy\" title=\"19\u00aa SESS\u00c3O ORD  2019\" width=\"900\" height=\"506\" src=\"https:\/\/www.youtube.com\/embed\/_wsDs8xpRuw?feature=oembed\" frameborder=\"0\" allow=\"accelerometer; autoplay; clipboard-write; encrypted-media; gyroscope; picture-in-picture\" allowfullscreen><\/iframe><\/p>\n<h2><\/h2>\n<p>&nbsp;<\/p>\n<h2>18\u00aa Sess\u00e3o Ordin\u00e1ria<\/h2>\n<p><iframe loading=\"lazy\" title=\"18\u00aa SESS\u00c3O ORD  2019\" width=\"900\" height=\"506\" src=\"https:\/\/www.youtube.com\/embed\/asdO1fMz1MY?feature=oembed\" frameborder=\"0\" allow=\"accelerometer; autoplay; clipboard-write; encrypted-media; gyroscope; picture-in-picture\" allowfullscreen><\/iframe><\/p>\n<h2>17\u00aa Sess\u00e3o Ordin\u00e1ria<\/h2>\n<p><iframe loading=\"lazy\" title=\"17\u00aa SESS\u00c3O ORD  2019\" width=\"900\" height=\"506\" src=\"https:\/\/www.youtube.com\/embed\/F9zPdQRnwd0?feature=oembed\" frameborder=\"0\" allow=\"accelerometer; autoplay; clipboard-write; encrypted-media; gyroscope; picture-in-picture\" allowfullscreen><\/iframe><\/p>\n<h2>16\u00aa Sess\u00e3o Ordin\u00e1ria<\/h2>\n<p><iframe loading=\"lazy\" title=\"16\u00aa SESS\u00c3O ORD  2019\" width=\"900\" height=\"506\" src=\"https:\/\/www.youtube.com\/embed\/Bo58feiMljc?feature=oembed\" frameborder=\"0\" allow=\"accelerometer; autoplay; clipboard-write; encrypted-media; gyroscope; picture-in-picture\" allowfullscreen><\/iframe><\/p>\n<p>&nbsp;<\/p>\n<h2>15\u00aa Sess\u00e3o Ordin\u00e1ria<\/h2>\n<p><iframe loading=\"lazy\" title=\"15\u00aa SESS\u00c3O ORD  2019\" width=\"900\" height=\"506\" src=\"https:\/\/www.youtube.com\/embed\/OqZL2uOwrjM?feature=oembed\" frameborder=\"0\" allow=\"accelerometer; autoplay; clipboard-write; encrypted-media; gyroscope; picture-in-picture\" allowfullscreen><\/iframe><\/p>\n<h2>14\u00aa Sess\u00e3o Ordin\u00e1ria<\/h2>\n<p><iframe loading=\"lazy\" title=\"14\u00aa SESS\u00c3O ORD  2019\" width=\"900\" height=\"506\" src=\"https:\/\/www.youtube.com\/embed\/8GWSYsp8wJY?feature=oembed\" frameborder=\"0\" allow=\"accelerometer; autoplay; clipboard-write; encrypted-media; gyroscope; picture-in-picture\" allowfullscreen><\/iframe><\/p>\n<h2>13\u00aa Sess\u00e3o Ordin\u00e1ria<\/h2>\n<p><iframe loading=\"lazy\" title=\"13\u00aa SESS\u00c3O ORD  2019\" width=\"900\" height=\"506\" src=\"https:\/\/www.youtube.com\/embed\/d3tO0KH0u-w?feature=oembed\" frameborder=\"0\" allow=\"accelerometer; autoplay; clipboard-write; encrypted-media; gyroscope; picture-in-picture\" allowfullscreen><\/iframe><\/p>\n<h2>12\u00aa Sess\u00e3o Ordin\u00e1ria<\/h2>\n<p><iframe loading=\"lazy\" title=\"12\u00aa SESS\u00c3O ORD  2019\" width=\"900\" height=\"506\" src=\"https:\/\/www.youtube.com\/embed\/x21GL6P8qT0?feature=oembed\" frameborder=\"0\" allow=\"accelerometer; autoplay; clipboard-write; encrypted-media; gyroscope; picture-in-picture\" allowfullscreen><\/iframe><\/p>\n<h2>11\u00aa Sess\u00e3o Ordin\u00e1ria<\/h2>\n<p><iframe loading=\"lazy\" title=\"11\u00aa SESS\u00c3O ORD  2019\" width=\"900\" height=\"506\" src=\"https:\/\/www.youtube.com\/embed\/WQ3l_5Uwo6I?feature=oembed\" frameborder=\"0\" allow=\"accelerometer; autoplay; clipboard-write; encrypted-media; gyroscope; picture-in-picture\" allowfullscreen><\/iframe><\/p>\n<h2>10\u00aa Sess\u00e3o Ordin\u00e1ria<\/h2>\n<p><iframe loading=\"lazy\" title=\"10\u00aa SESS\u00c3O ORD  2019\" width=\"900\" height=\"506\" src=\"https:\/\/www.youtube.com\/embed\/gXvIzhvRnVY?feature=oembed\" frameborder=\"0\" allow=\"accelerometer; autoplay; clipboard-write; encrypted-media; gyroscope; picture-in-picture\" allowfullscreen><\/iframe><\/p>\n<h2>9\u00aa Sess\u00e3o Ordin\u00e1ria<\/h2>\n<p><iframe loading=\"lazy\" title=\"09\u00aa SESS\u00c3O ORD  2019\" width=\"900\" height=\"506\" src=\"https:\/\/www.youtube.com\/embed\/cZIyMHKNe5I?feature=oembed\" frameborder=\"0\" allow=\"accelerometer; autoplay; clipboard-write; encrypted-media; gyroscope; picture-in-picture\" allowfullscreen><\/iframe><\/p>\n<h2>8\u00aa Sess\u00e3o Ordin\u00e1ria<\/h2>\n<p><iframe loading=\"lazy\" title=\"08\u00aa SESS\u00c3O ORD  2019\" width=\"900\" height=\"506\" src=\"https:\/\/www.youtube.com\/embed\/LLkUrxH-aIc?feature=oembed\" frameborder=\"0\" allow=\"accelerometer; autoplay; clipboard-write; encrypted-media; gyroscope; picture-in-picture\" allowfullscreen><\/iframe><\/p>\n<h2>7\u00aa Sess\u00e3o Ordin\u00e1ria<\/h2>\n<p><iframe loading=\"lazy\" title=\"07\u00aa SESS\u00c3O ORD  2019\" width=\"900\" height=\"506\" src=\"https:\/\/www.youtube.com\/embed\/FbxThEHQ_fc?feature=oembed\" frameborder=\"0\" allow=\"accelerometer; autoplay; clipboard-write; encrypted-media; gyroscope; picture-in-picture\" allowfullscreen><\/iframe><\/p>\n<h2>6\u00aa Sess\u00e3o Ordin\u00e1ria<\/h2>\n<p><iframe loading=\"lazy\" title=\"06\u00aa SESS\u00c3O ORD  2019\" width=\"900\" height=\"506\" src=\"https:\/\/www.youtube.com\/embed\/PRU1oM7J-CA?feature=oembed\" frameborder=\"0\" allow=\"accelerometer; autoplay; clipboard-write; encrypted-media; gyroscope; picture-in-picture\" allowfullscreen><\/iframe><\/p>\n<h2>5\u00aa Sess\u00e3o Ordin\u00e1ria<\/h2>\n<p><iframe loading=\"lazy\" title=\"05\u00aa SESS\u00c3O ORD  2019\" width=\"900\" height=\"506\" src=\"https:\/\/www.youtube.com\/embed\/cp1ktLtMMXA?feature=oembed\" frameborder=\"0\" allow=\"accelerometer; autoplay; clipboard-write; encrypted-media; gyroscope; picture-in-picture\" allowfullscreen><\/iframe><\/p>\n<h2>4\u00aa Sess\u00e3o Ordin\u00e1ria<\/h2>\n<p><iframe loading=\"lazy\" title=\"04\u00aa SESS\u00c3O ORD  2019\" width=\"900\" height=\"506\" src=\"https:\/\/www.youtube.com\/embed\/OjfAWFh_-wU?feature=oembed\" frameborder=\"0\" allow=\"accelerometer; autoplay; clipboard-write; encrypted-media; gyroscope; picture-in-picture\" allowfullscreen><\/iframe><\/p>\n<h2>2\u00aa Sess\u00e3o Ordin\u00e1ria \u2013 26\/02\/19<\/h2>\n<p><iframe loading=\"lazy\" title=\"2\u00aa Sess\u00e3o Ordin\u00e1ria - 26\/02\/19\" width=\"900\" height=\"506\" src=\"https:\/\/www.youtube.com\/embed\/XDS68Wtz0No?feature=oembed\" frameborder=\"0\" allow=\"accelerometer; autoplay; clipboard-write; encrypted-media; gyroscope; picture-in-picture\" allowfullscreen><\/iframe><\/p>\n<p>&nbsp;<\/p>\n<h2>1\u00aa Sess\u00e3o Ordin\u00e1ria \u2013 19\/02\/19<\/h2>\n<p><iframe loading=\"lazy\" title=\"1\u00aa Sess\u00e3o Ordin\u00e1ria 2019\" width=\"900\" height=\"506\" src=\"https:\/\/www.youtube.com\/embed\/Cn2ue6kTv4Q?feature=oembed\" frameborder=\"0\" allow=\"accelerometer; autoplay; clipboard-write; encrypted-media; gyroscope; picture-in-picture\" allowfullscreen><\/iframe><\/p>\n","protected":false},"excerpt":{"rendered":"<p>As Sess\u00f5es Ordin\u00e1rias acontecem toda ter\u00e7a-feira \u00e0s 19:00 25\u00aa Sess\u00e3o Ordin\u00e1ria 24\u00aa Sess\u00e3o Ordin\u00e1ria 23\u00aa Sess\u00e3o Ordin\u00e1ria 22\u00aa Sess\u00e3o Ordin\u00e1ria 21\u00aa Sess\u00e3o Ordin\u00e1ria 20\u00aa Sess\u00e3o [&#8230;]<\/p>\n","protected":false},"author":2,"featured_media":0,"parent":0,"menu_order":0,"comment_status":"closed","ping_status":"closed","template":"","meta":[],"yoast_head":"<!-- This site is optimized with the Yoast SEO plugin v17.6 - https:\/\/yoast.com\/wordpress\/plugins\/seo\/ -->\n<title>Sess\u00f5es Ordin\u00e1rias 2019 - C\u00e2mara Municipal de Florest\u00f3polis<\/title>\n<meta name=\"robots\" content=\"index, follow, max-snippet:-1, max-image-preview:large, max-video-preview:-1\" \/>\n<link rel=\"canonical\" href=\"https:\/\/cmflorestopolis.pr.gov.br\/?page_id=177\" \/>\n<meta property=\"og:locale\" content=\"pt_BR\" \/>\n<meta property=\"og:type\" content=\"article\" \/>\n<meta property=\"og:title\" content=\"Sess\u00f5es Ordin\u00e1rias 2019 - C\u00e2mara Municipal de Florest\u00f3polis\" \/>\n<meta property=\"og:description\" content=\"As Sess\u00f5es Ordin\u00e1rias acontecem toda ter\u00e7a-feira \u00e0s 19:00 25\u00aa Sess\u00e3o Ordin\u00e1ria 24\u00aa Sess\u00e3o Ordin\u00e1ria 23\u00aa Sess\u00e3o Ordin\u00e1ria 22\u00aa Sess\u00e3o Ordin\u00e1ria 21\u00aa Sess\u00e3o Ordin\u00e1ria 20\u00aa Sess\u00e3o [...]\" \/>\n<meta property=\"og:url\" content=\"https:\/\/cmflorestopolis.pr.gov.br\/?page_id=177\" \/>\n<meta property=\"og:site_name\" content=\"C\u00e2mara Municipal de Florest\u00f3polis\" \/>\n<meta property=\"article:modified_time\" content=\"2022-06-29T18:49:58+00:00\" \/>\n<meta name=\"twitter:card\" content=\"summary_large_image\" \/>\n<meta name=\"twitter:label1\" content=\"Est. tempo de leitura\" \/>\n\t<meta name=\"twitter:data1\" content=\"1 minuto\" \/>\n<script type=\"application\/ld+json\" class=\"yoast-schema-graph\">{\"@context\":\"https:\/\/schema.org\",\"@graph\":[{\"@type\":\"WebSite\",\"@id\":\"https:\/\/cmflorestopolis.pr.gov.br\/#website\",\"url\":\"https:\/\/cmflorestopolis.pr.gov.br\/\",\"name\":\"C\\u00e2mara Municipal de Florest\\u00f3polis\",\"description\":\"\",\"potentialAction\":[{\"@type\":\"SearchAction\",\"target\":{\"@type\":\"EntryPoint\",\"urlTemplate\":\"https:\/\/cmflorestopolis.pr.gov.br\/?s={search_term_string}\"},\"query-input\":\"required name=search_term_string\"}],\"inLanguage\":\"pt-BR\"},{\"@type\":\"WebPage\",\"@id\":\"https:\/\/cmflorestopolis.pr.gov.br\/?page_id=177#webpage\",\"url\":\"https:\/\/cmflorestopolis.pr.gov.br\/?page_id=177\",\"name\":\"Sess\\u00f5es Ordin\\u00e1rias 2019 - C\\u00e2mara Municipal de Florest\\u00f3polis\",\"isPartOf\":{\"@id\":\"https:\/\/cmflorestopolis.pr.gov.br\/#website\"},\"datePublished\":\"2021-07-09T16:38:41+00:00\",\"dateModified\":\"2022-06-29T18:49:58+00:00\",\"breadcrumb\":{\"@id\":\"https:\/\/cmflorestopolis.pr.gov.br\/?page_id=177#breadcrumb\"},\"inLanguage\":\"pt-BR\",\"potentialAction\":[{\"@type\":\"ReadAction\",\"target\":[\"https:\/\/cmflorestopolis.pr.gov.br\/?page_id=177\"]}]},{\"@type\":\"BreadcrumbList\",\"@id\":\"https:\/\/cmflorestopolis.pr.gov.br\/?page_id=177#breadcrumb\",\"itemListElement\":[{\"@type\":\"ListItem\",\"position\":1,\"name\":\"In\\u00edcio\",\"item\":\"https:\/\/cmflorestopolis.pr.gov.br\/\"},{\"@type\":\"ListItem\",\"position\":2,\"name\":\"Sess\\u00f5es Ordin\\u00e1rias 2019\"}]}]}<\/script>\n<!-- \/ Yoast SEO plugin. -->","yoast_head_json":{"title":"Sess\u00f5es Ordin\u00e1rias 2019 - C\u00e2mara Municipal de Florest\u00f3polis","robots":{"index":"index","follow":"follow","max-snippet":"max-snippet:-1","max-image-preview":"max-image-preview:large","max-video-preview":"max-video-preview:-1"},"canonical":"https:\/\/cmflorestopolis.pr.gov.br\/?page_id=177","og_locale":"pt_BR","og_type":"article","og_title":"Sess\u00f5es Ordin\u00e1rias 2019 - C\u00e2mara Municipal de Florest\u00f3polis","og_description":"As Sess\u00f5es Ordin\u00e1rias acontecem toda ter\u00e7a-feira \u00e0s 19:00 25\u00aa Sess\u00e3o Ordin\u00e1ria 24\u00aa Sess\u00e3o Ordin\u00e1ria 23\u00aa Sess\u00e3o Ordin\u00e1ria 22\u00aa Sess\u00e3o Ordin\u00e1ria 21\u00aa Sess\u00e3o Ordin\u00e1ria 20\u00aa Sess\u00e3o [...]","og_url":"https:\/\/cmflorestopolis.pr.gov.br\/?page_id=177","og_site_name":"C\u00e2mara Municipal de Florest\u00f3polis","article_modified_time":"2022-06-29T18:49:58+00:00","twitter_card":"summary_large_image","twitter_misc":{"Est. tempo de leitura":"1 minuto"},"schema":{"@context":"https:\/\/schema.org","@graph":[{"@type":"WebSite","@id":"https:\/\/cmflorestopolis.pr.gov.br\/#website","url":"https:\/\/cmflorestopolis.pr.gov.br\/","name":"C\u00e2mara Municipal de Florest\u00f3polis","description":"","potentialAction":[{"@type":"SearchAction","target":{"@type":"EntryPoint","urlTemplate":"https:\/\/cmflorestopolis.pr.gov.br\/?s={search_term_string}"},"query-input":"required name=search_term_string"}],"inLanguage":"pt-BR"},{"@type":"WebPage","@id":"https:\/\/cmflorestopolis.pr.gov.br\/?page_id=177#webpage","url":"https:\/\/cmflorestopolis.pr.gov.br\/?page_id=177","name":"Sess\u00f5es Ordin\u00e1rias 2019 - C\u00e2mara Municipal de Florest\u00f3polis","isPartOf":{"@id":"https:\/\/cmflorestopolis.pr.gov.br\/#website"},"datePublished":"2021-07-09T16:38:41+00:00","dateModified":"2022-06-29T18:49:58+00:00","breadcrumb":{"@id":"https:\/\/cmflorestopolis.pr.gov.br\/?page_id=177#breadcrumb"},"inLanguage":"pt-BR","potentialAction":[{"@type":"ReadAction","target":["https:\/\/cmflorestopolis.pr.gov.br\/?page_id=177"]}]},{"@type":"BreadcrumbList","@id":"https:\/\/cmflorestopolis.pr.gov.br\/?page_id=177#breadcrumb","itemListElement":[{"@type":"ListItem","position":1,"name":"In\u00edcio","item":"https:\/\/cmflorestopolis.pr.gov.br\/"},{"@type":"ListItem","position":2,"name":"Sess\u00f5es Ordin\u00e1rias 2019"}]}]}},"_links":{"self":[{"href":"https:\/\/cmflorestopolis.pr.gov.br\/index.php?rest_route=\/wp\/v2\/pages\/177"}],"collection":[{"href":"https:\/\/cmflorestopolis.pr.gov.br\/index.php?rest_route=\/wp\/v2\/pages"}],"about":[{"href":"https:\/\/cmflorestopolis.pr.gov.br\/index.php?rest_route=\/wp\/v2\/types\/page"}],"author":[{"embeddable":true,"href":"https:\/\/cmflorestopolis.pr.gov.br\/index.php?rest_route=\/wp\/v2\/users\/2"}],"replies":[{"embeddable":true,"href":"https:\/\/cmflorestopolis.pr.gov.br\/index.php?rest_route=%2Fwp%2Fv2%2Fcomments&post=177"}],"version-history":[{"count":23,"href":"https:\/\/cmflorestopolis.pr.gov.br\/index.php?rest_route=\/wp\/v2\/pages\/177\/revisions"}],"predecessor-version":[{"id":3386,"href":"https:\/\/cmflorestopolis.pr.gov.br\/index.php?rest_route=\/wp\/v2\/pages\/177\/revisions\/3386"}],"wp:attachment":[{"href":"https:\/\/cmflorestopolis.pr.gov.br\/index.php?rest_route=%2Fwp%2Fv2%2Fmedia&parent=177"}],"curies":[{"name":"wp","href":"https:\/\/api.w.org\/{rel}","templated":true}]}}