{"id":176,"date":"2021-07-09T13:38:41","date_gmt":"2021-07-09T16:38:41","guid":{"rendered":"https:\/\/camara897460250.wordpress.com\/?page_id=176"},"modified":"2021-11-11T14:13:46","modified_gmt":"2021-11-11T14:13:46","slug":"sessoes-ordinarias-2020","status":"publish","type":"page","link":"https:\/\/cmflorestopolis.pr.gov.br\/?page_id=176","title":{"rendered":"Sess\u00f5es Ordin\u00e1rias 2020"},"content":{"rendered":"<h2>01\u00aa Sess\u00e3o Ordin\u00e1ria 2020<\/h2>\n<p><strong>Primeira Sess\u00e3o Ordin\u00e1ria realizada no dia 18\u00a0<\/strong><strong>de fevereiro de 2020<\/strong><\/p>\n<p><iframe loading=\"lazy\" title=\"1\u00aa Sess\u00e3o Ordin\u00e1ria 2020 - 18\/02\/2020\" width=\"900\" height=\"506\" src=\"https:\/\/www.youtube.com\/embed\/TsV45mHafV4?feature=oembed\" frameborder=\"0\" allow=\"accelerometer; autoplay; clipboard-write; encrypted-media; gyroscope; picture-in-picture\" allowfullscreen><\/iframe><\/p>\n<h2>02\u00aa Sess\u00e3o Ordin\u00e1ria 2020<\/h2>\n<p><iframe loading=\"lazy\" title=\"02\u00aa Sess\u00e3o Ordin\u00e1ria 2020 - 03\/03\/2020\" width=\"900\" height=\"506\" src=\"https:\/\/www.youtube.com\/embed\/GIbg_OGnt4A?start=536&#038;feature=oembed\" frameborder=\"0\" allow=\"accelerometer; autoplay; clipboard-write; encrypted-media; gyroscope; picture-in-picture\" allowfullscreen><\/iframe><\/p>\n<h2>03\u00aa Sess\u00e3o Ordin\u00e1ria 2020<\/h2>\n<p><strong>Terceira Sess\u00e3o Ordin\u00e1ria realizada no dia 10\u00a0<\/strong><strong>de Mar\u00e7o de 2020<\/strong><\/p>\n<p><iframe loading=\"lazy\" title=\"03 Sess\u00e3o Ordin\u00e1ria 2020\" width=\"900\" height=\"506\" src=\"https:\/\/www.youtube.com\/embed\/axC_vq5JyRQ?start=2289&#038;feature=oembed\" frameborder=\"0\" allow=\"accelerometer; autoplay; clipboard-write; encrypted-media; gyroscope; picture-in-picture\" allowfullscreen><\/iframe><\/p>\n<h2>04\u00aa Sess\u00e3o Ordin\u00e1ria 2020<\/h2>\n<p><strong>Quarta Sess\u00e3o Ordin\u00e1ria realizada no dia 17\u00a0<\/strong><strong>de Mar\u00e7o de 2020.<\/strong><\/p>\n<p><iframe loading=\"lazy\" title=\"04 Sessao Ordinaria 2020\" width=\"900\" height=\"506\" src=\"https:\/\/www.youtube.com\/embed\/fJA-WNZku7s?feature=oembed\" frameborder=\"0\" allow=\"accelerometer; autoplay; clipboard-write; encrypted-media; gyroscope; picture-in-picture\" allowfullscreen><\/iframe><\/p>\n","protected":false},"excerpt":{"rendered":"<p>01\u00aa Sess\u00e3o Ordin\u00e1ria 2020 Primeira Sess\u00e3o Ordin\u00e1ria realizada no dia 18\u00a0de fevereiro de 2020 02\u00aa Sess\u00e3o Ordin\u00e1ria 2020 03\u00aa Sess\u00e3o Ordin\u00e1ria 2020 Terceira Sess\u00e3o Ordin\u00e1ria [&#8230;]<\/p>\n","protected":false},"author":2,"featured_media":0,"parent":0,"menu_order":0,"comment_status":"closed","ping_status":"closed","template":"","meta":[],"yoast_head":"<!-- This site is optimized with the Yoast SEO plugin v17.6 - https:\/\/yoast.com\/wordpress\/plugins\/seo\/ -->\n<title>Sess\u00f5es Ordin\u00e1rias 2020 - C\u00e2mara Municipal de Florest\u00f3polis<\/title>\n<meta name=\"robots\" content=\"index, follow, max-snippet:-1, max-image-preview:large, max-video-preview:-1\" \/>\n<link rel=\"canonical\" href=\"https:\/\/cmflorestopolis.pr.gov.br\/?page_id=176\" \/>\n<meta property=\"og:locale\" content=\"pt_BR\" \/>\n<meta property=\"og:type\" content=\"article\" \/>\n<meta property=\"og:title\" content=\"Sess\u00f5es Ordin\u00e1rias 2020 - C\u00e2mara Municipal de Florest\u00f3polis\" \/>\n<meta property=\"og:description\" content=\"01\u00aa Sess\u00e3o Ordin\u00e1ria 2020 Primeira Sess\u00e3o Ordin\u00e1ria realizada no dia 18\u00a0de fevereiro de 2020 02\u00aa Sess\u00e3o Ordin\u00e1ria 2020 03\u00aa Sess\u00e3o Ordin\u00e1ria 2020 Terceira Sess\u00e3o Ordin\u00e1ria [...]\" \/>\n<meta property=\"og:url\" content=\"https:\/\/cmflorestopolis.pr.gov.br\/?page_id=176\" \/>\n<meta property=\"og:site_name\" content=\"C\u00e2mara Municipal de Florest\u00f3polis\" \/>\n<meta property=\"article:modified_time\" content=\"2021-11-11T14:13:46+00:00\" \/>\n<meta name=\"twitter:card\" content=\"summary_large_image\" \/>\n<script type=\"application\/ld+json\" class=\"yoast-schema-graph\">{\"@context\":\"https:\/\/schema.org\",\"@graph\":[{\"@type\":\"WebSite\",\"@id\":\"https:\/\/cmflorestopolis.pr.gov.br\/#website\",\"url\":\"https:\/\/cmflorestopolis.pr.gov.br\/\",\"name\":\"C\\u00e2mara Municipal de Florest\\u00f3polis\",\"description\":\"\",\"potentialAction\":[{\"@type\":\"SearchAction\",\"target\":{\"@type\":\"EntryPoint\",\"urlTemplate\":\"https:\/\/cmflorestopolis.pr.gov.br\/?s={search_term_string}\"},\"query-input\":\"required name=search_term_string\"}],\"inLanguage\":\"pt-BR\"},{\"@type\":\"WebPage\",\"@id\":\"https:\/\/cmflorestopolis.pr.gov.br\/?page_id=176#webpage\",\"url\":\"https:\/\/cmflorestopolis.pr.gov.br\/?page_id=176\",\"name\":\"Sess\\u00f5es Ordin\\u00e1rias 2020 - C\\u00e2mara Municipal de Florest\\u00f3polis\",\"isPartOf\":{\"@id\":\"https:\/\/cmflorestopolis.pr.gov.br\/#website\"},\"datePublished\":\"2021-07-09T16:38:41+00:00\",\"dateModified\":\"2021-11-11T14:13:46+00:00\",\"breadcrumb\":{\"@id\":\"https:\/\/cmflorestopolis.pr.gov.br\/?page_id=176#breadcrumb\"},\"inLanguage\":\"pt-BR\",\"potentialAction\":[{\"@type\":\"ReadAction\",\"target\":[\"https:\/\/cmflorestopolis.pr.gov.br\/?page_id=176\"]}]},{\"@type\":\"BreadcrumbList\",\"@id\":\"https:\/\/cmflorestopolis.pr.gov.br\/?page_id=176#breadcrumb\",\"itemListElement\":[{\"@type\":\"ListItem\",\"position\":1,\"name\":\"In\\u00edcio\",\"item\":\"https:\/\/cmflorestopolis.pr.gov.br\/\"},{\"@type\":\"ListItem\",\"position\":2,\"name\":\"Sess\\u00f5es Ordin\\u00e1rias 2020\"}]}]}<\/script>\n<!-- \/ Yoast SEO plugin. -->","yoast_head_json":{"title":"Sess\u00f5es Ordin\u00e1rias 2020 - C\u00e2mara Municipal de Florest\u00f3polis","robots":{"index":"index","follow":"follow","max-snippet":"max-snippet:-1","max-image-preview":"max-image-preview:large","max-video-preview":"max-video-preview:-1"},"canonical":"https:\/\/cmflorestopolis.pr.gov.br\/?page_id=176","og_locale":"pt_BR","og_type":"article","og_title":"Sess\u00f5es Ordin\u00e1rias 2020 - C\u00e2mara Municipal de Florest\u00f3polis","og_description":"01\u00aa Sess\u00e3o Ordin\u00e1ria 2020 Primeira Sess\u00e3o Ordin\u00e1ria realizada no dia 18\u00a0de fevereiro de 2020 02\u00aa Sess\u00e3o Ordin\u00e1ria 2020 03\u00aa Sess\u00e3o Ordin\u00e1ria 2020 Terceira Sess\u00e3o Ordin\u00e1ria [...]","og_url":"https:\/\/cmflorestopolis.pr.gov.br\/?page_id=176","og_site_name":"C\u00e2mara Municipal de Florest\u00f3polis","article_modified_time":"2021-11-11T14:13:46+00:00","twitter_card":"summary_large_image","schema":{"@context":"https:\/\/schema.org","@graph":[{"@type":"WebSite","@id":"https:\/\/cmflorestopolis.pr.gov.br\/#website","url":"https:\/\/cmflorestopolis.pr.gov.br\/","name":"C\u00e2mara Municipal de Florest\u00f3polis","description":"","potentialAction":[{"@type":"SearchAction","target":{"@type":"EntryPoint","urlTemplate":"https:\/\/cmflorestopolis.pr.gov.br\/?s={search_term_string}"},"query-input":"required name=search_term_string"}],"inLanguage":"pt-BR"},{"@type":"WebPage","@id":"https:\/\/cmflorestopolis.pr.gov.br\/?page_id=176#webpage","url":"https:\/\/cmflorestopolis.pr.gov.br\/?page_id=176","name":"Sess\u00f5es Ordin\u00e1rias 2020 - C\u00e2mara Municipal de Florest\u00f3polis","isPartOf":{"@id":"https:\/\/cmflorestopolis.pr.gov.br\/#website"},"datePublished":"2021-07-09T16:38:41+00:00","dateModified":"2021-11-11T14:13:46+00:00","breadcrumb":{"@id":"https:\/\/cmflorestopolis.pr.gov.br\/?page_id=176#breadcrumb"},"inLanguage":"pt-BR","potentialAction":[{"@type":"ReadAction","target":["https:\/\/cmflorestopolis.pr.gov.br\/?page_id=176"]}]},{"@type":"BreadcrumbList","@id":"https:\/\/cmflorestopolis.pr.gov.br\/?page_id=176#breadcrumb","itemListElement":[{"@type":"ListItem","position":1,"name":"In\u00edcio","item":"https:\/\/cmflorestopolis.pr.gov.br\/"},{"@type":"ListItem","position":2,"name":"Sess\u00f5es Ordin\u00e1rias 2020"}]}]}},"_links":{"self":[{"href":"https:\/\/cmflorestopolis.pr.gov.br\/index.php?rest_route=\/wp\/v2\/pages\/176"}],"collection":[{"href":"https:\/\/cmflorestopolis.pr.gov.br\/index.php?rest_route=\/wp\/v2\/pages"}],"about":[{"href":"https:\/\/cmflorestopolis.pr.gov.br\/index.php?rest_route=\/wp\/v2\/types\/page"}],"author":[{"embeddable":true,"href":"https:\/\/cmflorestopolis.pr.gov.br\/index.php?rest_route=\/wp\/v2\/users\/2"}],"replies":[{"embeddable":true,"href":"https:\/\/cmflorestopolis.pr.gov.br\/index.php?rest_route=%2Fwp%2Fv2%2Fcomments&post=176"}],"version-history":[{"count":4,"href":"https:\/\/cmflorestopolis.pr.gov.br\/index.php?rest_route=\/wp\/v2\/pages\/176\/revisions"}],"predecessor-version":[{"id":1828,"href":"https:\/\/cmflorestopolis.pr.gov.br\/index.php?rest_route=\/wp\/v2\/pages\/176\/revisions\/1828"}],"wp:attachment":[{"href":"https:\/\/cmflorestopolis.pr.gov.br\/index.php?rest_route=%2Fwp%2Fv2%2Fmedia&parent=176"}],"curies":[{"name":"wp","href":"https:\/\/api.w.org\/{rel}","templated":true}]}}