{"id":141,"date":"2021-07-09T13:30:23","date_gmt":"2021-07-09T16:30:23","guid":{"rendered":"https:\/\/camara897460250.wordpress.com\/?page_id=141"},"modified":"2021-11-06T20:49:21","modified_gmt":"2021-11-06T20:49:21","slug":"atas-sessoes-2015","status":"publish","type":"page","link":"https:\/\/cmflorestopolis.pr.gov.br\/?page_id=141","title":{"rendered":"Atas Sess\u00f5es 2015"},"content":{"rendered":"<h1 class=\"page-title\">Atas Sess\u00f5es 2015<\/h1>\n<div class=\"entry-content\">\n<p><strong>Atas das Sess\u00f5es Ordin\u00e1rias e Extraordin\u00e1rias de 2015<br \/>\n* A ata depende de aprova\u00e7\u00e3o na Sess\u00e3o posterior<\/strong><\/p>\n<table>\n<tbody>\n<tr>\n<td colspan=\"3\"><strong>Sess\u00f5es Ordin\u00e1rias<\/strong><\/td>\n<\/tr>\n<tr>\n<td><strong>N\u00ba<\/strong><\/td>\n<td><strong>Data<\/strong><\/td>\n<td><strong>Visualizar<\/strong><\/td>\n<\/tr>\n<tr>\n<td><strong>31<\/strong><\/td>\n<td><strong>09\/11\/2015<\/strong><\/td>\n<td><\/td>\n<\/tr>\n<tr>\n<td><strong>30<\/strong><\/td>\n<td><strong>26\/10\/2015<\/strong><\/td>\n<td><\/td>\n<\/tr>\n<tr>\n<td><strong>29<\/strong><\/td>\n<td><strong>19\/10\/2015<\/strong><\/td>\n<td><\/td>\n<\/tr>\n<tr>\n<td><strong>28<\/strong><\/td>\n<td><strong>05\/10\/2015<\/strong><\/td>\n<td><\/td>\n<\/tr>\n<tr>\n<td><strong>27<\/strong><\/td>\n<td><strong>28\/09\/2015<\/strong><\/td>\n<td><\/td>\n<\/tr>\n<tr>\n<td><strong>26<\/strong><\/td>\n<td><strong>21\/09\/2015<\/strong><\/td>\n<td><\/td>\n<\/tr>\n<tr>\n<td><strong>25<\/strong><\/td>\n<td><strong>14\/09\/2015<\/strong><\/td>\n<td><\/td>\n<\/tr>\n<tr>\n<td><strong>24<\/strong><\/td>\n<td><strong>31\/08\/2015<\/strong><\/td>\n<td><\/td>\n<\/tr>\n<tr>\n<td><strong>23<\/strong><\/td>\n<td><strong>24\/08\/2015<\/strong><\/td>\n<td><\/td>\n<\/tr>\n<tr>\n<td><strong>22<\/strong><\/td>\n<td><strong>17\/08\/2015<\/strong><\/td>\n<td><\/td>\n<\/tr>\n<tr>\n<td><strong>21<\/strong><\/td>\n<td><strong>10\/08\/2015<\/strong><\/td>\n<td><\/td>\n<\/tr>\n<tr>\n<td><strong>20<\/strong><\/td>\n<td><strong>03\/08\/2015<\/strong><\/td>\n<td><\/td>\n<\/tr>\n<tr>\n<td><strong>19<\/strong><\/td>\n<td><strong>29\/06\/2015<\/strong><\/td>\n<td><\/td>\n<\/tr>\n<tr>\n<td><strong>18<\/strong><\/td>\n<td><strong>22\/06\/2015<\/strong><\/td>\n<td><strong>\u00a0<\/strong><\/td>\n<\/tr>\n<tr>\n<td><strong>17<\/strong><\/td>\n<td><strong>15\/06\/2015<\/strong><\/td>\n<td><strong>\u00a0<\/strong><\/td>\n<\/tr>\n<tr>\n<td><strong>16<\/strong><\/td>\n<td><strong>08\/06\/2015<\/strong><\/td>\n<td><strong>\u00a0<\/strong><\/td>\n<\/tr>\n<tr>\n<td><strong>15<\/strong><\/td>\n<td><strong>01\/06\/2015<\/strong><\/td>\n<td><strong>\u00a0<\/strong><\/td>\n<\/tr>\n<tr>\n<td><strong>14<\/strong><\/td>\n<td><strong>25\/05\/2015<\/strong><\/td>\n<td><strong>\u00a0<\/strong><\/td>\n<\/tr>\n<tr>\n<td><strong>13<\/strong><\/td>\n<td><strong>18\/05\/2015<\/strong><\/td>\n<td><strong>\u00a0<\/strong><\/td>\n<\/tr>\n<tr>\n<td><strong>12<\/strong><\/td>\n<td><strong>11\/05\/2015<\/strong><\/td>\n<td><strong>\u00a0<\/strong><\/td>\n<\/tr>\n<tr>\n<td><strong>11<\/strong><\/td>\n<td><strong>04\/05\/2015<\/strong><\/td>\n<td><strong>\u00a0<\/strong><\/td>\n<\/tr>\n<tr>\n<td><strong>10<\/strong><\/td>\n<td><strong>27\/04\/2015<\/strong><\/td>\n<td><strong>\u00a0<\/strong><\/td>\n<\/tr>\n<tr>\n<td><strong>09<\/strong><\/td>\n<td><strong>13\/04\/2015<\/strong><\/td>\n<td><\/td>\n<\/tr>\n<tr>\n<td><strong>08<\/strong><\/td>\n<td><strong>06\/04\/2015<\/strong><\/td>\n<td><\/td>\n<\/tr>\n<tr>\n<td><strong>07<\/strong><\/td>\n<td><strong>30\/03\/2015<\/strong><\/td>\n<td><\/td>\n<\/tr>\n<tr>\n<td><strong>06<\/strong><\/td>\n<td><strong>23\/03\/2015<\/strong><\/td>\n<td><\/td>\n<\/tr>\n<tr>\n<td><strong>05<\/strong><\/td>\n<td><strong>16\/03\/2015<\/strong><\/td>\n<td><\/td>\n<\/tr>\n<tr>\n<td><strong>04<\/strong><\/td>\n<td><strong>09\/03\/2015<\/strong><\/td>\n<td><\/td>\n<\/tr>\n<tr>\n<td><strong>03<\/strong><\/td>\n<td><strong>02\/03\/2015<\/strong><\/td>\n<td><\/td>\n<\/tr>\n<tr>\n<td><strong>02<\/strong><\/td>\n<td><strong>23\/02\/2015<\/strong><\/td>\n<td><\/td>\n<\/tr>\n<tr>\n<td><strong>01<\/strong><\/td>\n<td><strong>19\/02\/2015<\/strong><\/td>\n<td><\/td>\n<\/tr>\n<\/tbody>\n<\/table>\n<table>\n<tbody>\n<tr>\n<td colspan=\"3\"><strong>Sess\u00f5es Extraordin\u00e1rias<\/strong><\/td>\n<\/tr>\n<tr>\n<td><strong>N\u00ba<\/strong><\/td>\n<td><strong>Data<\/strong><\/td>\n<td><strong>Visualizar<\/strong><\/td>\n<\/tr>\n<tr>\n<td><strong>18<\/strong><\/td>\n<td><strong>15\/09\/2015<\/strong><\/td>\n<td><\/td>\n<\/tr>\n<tr>\n<td><strong>17<\/strong><\/td>\n<td><strong>14\/09\/2015<\/strong><\/td>\n<td><\/td>\n<\/tr>\n<tr>\n<td><strong>16<\/strong><\/td>\n<td><strong>31\/08\/2015<\/strong><\/td>\n<td><\/td>\n<\/tr>\n<tr>\n<td><strong>15<\/strong><\/td>\n<td><strong>24\/08\/2015<\/strong><\/td>\n<td><\/td>\n<\/tr>\n<tr>\n<td><strong>14<\/strong><\/td>\n<td><strong>29\/06\/2015<\/strong><\/td>\n<td><\/td>\n<\/tr>\n<tr>\n<td><strong>13<\/strong><\/td>\n<td><strong>03\/06\/2015<\/strong><\/td>\n<td><\/td>\n<\/tr>\n<tr>\n<td><strong>12<\/strong><\/td>\n<td><strong>02\/06\/2015<\/strong><\/td>\n<td><\/td>\n<\/tr>\n<tr>\n<td><strong>11<\/strong><\/td>\n<td><strong>13\/05\/2015<\/strong><\/td>\n<td><\/td>\n<\/tr>\n<tr>\n<td><strong>10<\/strong><\/td>\n<td><strong>12\/05\/2015<\/strong><\/td>\n<td><\/td>\n<\/tr>\n<tr>\n<td><strong>09<\/strong><\/td>\n<td><strong>04\/05\/2015<\/strong><\/td>\n<td><\/td>\n<\/tr>\n<tr>\n<td><strong>08<\/strong><\/td>\n<td><strong>14\/04\/2015<\/strong><\/td>\n<td><\/td>\n<\/tr>\n<tr>\n<td><strong>07<\/strong><\/td>\n<td><strong>13\/04\/2015<\/strong><\/td>\n<td><\/td>\n<\/tr>\n<tr>\n<td><strong>06<\/strong><\/td>\n<td><strong>06\/04\/2015<\/strong><\/td>\n<td><\/td>\n<\/tr>\n<tr>\n<td><strong>05<\/strong><\/td>\n<td><strong>02\/04\/2015<\/strong><\/td>\n<td><\/td>\n<\/tr>\n<tr>\n<td><strong>04<\/strong><\/td>\n<td><strong>01\/04\/2015<\/strong><\/td>\n<td><\/td>\n<\/tr>\n<tr>\n<td><strong>03<\/strong><\/td>\n<td><strong>25\/02\/2015<\/strong><\/td>\n<td><\/td>\n<\/tr>\n<tr>\n<td><strong>02<\/strong><\/td>\n<td><strong>24\/02\/2015<\/strong><\/td>\n<td><\/td>\n<\/tr>\n<tr>\n<td><strong>01<\/strong><\/td>\n<td><strong>09\/01\/2015<\/strong><\/td>\n<td><\/td>\n<\/tr>\n<\/tbody>\n<\/table>\n<\/div>\n","protected":false},"excerpt":{"rendered":"<p>Atas Sess\u00f5es 2015 Atas das Sess\u00f5es Ordin\u00e1rias e Extraordin\u00e1rias de 2015 * A ata depende de aprova\u00e7\u00e3o na Sess\u00e3o posterior Sess\u00f5es Ordin\u00e1rias N\u00ba Data Visualizar [&#8230;]<\/p>\n","protected":false},"author":2,"featured_media":0,"parent":0,"menu_order":0,"comment_status":"closed","ping_status":"closed","template":"","meta":[],"yoast_head":"<!-- This site is optimized with the Yoast SEO plugin v17.6 - https:\/\/yoast.com\/wordpress\/plugins\/seo\/ -->\n<title>Atas Sess\u00f5es 2015 - C\u00e2mara Municipal de Florest\u00f3polis<\/title>\n<meta name=\"robots\" content=\"index, follow, max-snippet:-1, max-image-preview:large, max-video-preview:-1\" \/>\n<link rel=\"canonical\" href=\"https:\/\/cmflorestopolis.pr.gov.br\/?page_id=141\" \/>\n<meta property=\"og:locale\" content=\"pt_BR\" \/>\n<meta property=\"og:type\" content=\"article\" \/>\n<meta property=\"og:title\" content=\"Atas Sess\u00f5es 2015 - C\u00e2mara Municipal de Florest\u00f3polis\" \/>\n<meta property=\"og:description\" content=\"Atas Sess\u00f5es 2015 Atas das Sess\u00f5es Ordin\u00e1rias e Extraordin\u00e1rias de 2015 * A ata depende de aprova\u00e7\u00e3o na Sess\u00e3o posterior Sess\u00f5es Ordin\u00e1rias N\u00ba Data Visualizar [...]\" \/>\n<meta property=\"og:url\" content=\"https:\/\/cmflorestopolis.pr.gov.br\/?page_id=141\" \/>\n<meta property=\"og:site_name\" content=\"C\u00e2mara Municipal de Florest\u00f3polis\" \/>\n<meta property=\"article:modified_time\" content=\"2021-11-06T20:49:21+00:00\" \/>\n<meta name=\"twitter:card\" content=\"summary_large_image\" \/>\n<script type=\"application\/ld+json\" class=\"yoast-schema-graph\">{\"@context\":\"https:\/\/schema.org\",\"@graph\":[{\"@type\":\"WebSite\",\"@id\":\"https:\/\/cmflorestopolis.pr.gov.br\/#website\",\"url\":\"https:\/\/cmflorestopolis.pr.gov.br\/\",\"name\":\"C\\u00e2mara Municipal de Florest\\u00f3polis\",\"description\":\"\",\"potentialAction\":[{\"@type\":\"SearchAction\",\"target\":{\"@type\":\"EntryPoint\",\"urlTemplate\":\"https:\/\/cmflorestopolis.pr.gov.br\/?s={search_term_string}\"},\"query-input\":\"required name=search_term_string\"}],\"inLanguage\":\"pt-BR\"},{\"@type\":\"WebPage\",\"@id\":\"https:\/\/cmflorestopolis.pr.gov.br\/?page_id=141#webpage\",\"url\":\"https:\/\/cmflorestopolis.pr.gov.br\/?page_id=141\",\"name\":\"Atas Sess\\u00f5es 2015 - C\\u00e2mara Municipal de Florest\\u00f3polis\",\"isPartOf\":{\"@id\":\"https:\/\/cmflorestopolis.pr.gov.br\/#website\"},\"datePublished\":\"2021-07-09T16:30:23+00:00\",\"dateModified\":\"2021-11-06T20:49:21+00:00\",\"breadcrumb\":{\"@id\":\"https:\/\/cmflorestopolis.pr.gov.br\/?page_id=141#breadcrumb\"},\"inLanguage\":\"pt-BR\",\"potentialAction\":[{\"@type\":\"ReadAction\",\"target\":[\"https:\/\/cmflorestopolis.pr.gov.br\/?page_id=141\"]}]},{\"@type\":\"BreadcrumbList\",\"@id\":\"https:\/\/cmflorestopolis.pr.gov.br\/?page_id=141#breadcrumb\",\"itemListElement\":[{\"@type\":\"ListItem\",\"position\":1,\"name\":\"In\\u00edcio\",\"item\":\"https:\/\/cmflorestopolis.pr.gov.br\/\"},{\"@type\":\"ListItem\",\"position\":2,\"name\":\"Atas Sess\\u00f5es 2015\"}]}]}<\/script>\n<!-- \/ Yoast SEO plugin. -->","yoast_head_json":{"title":"Atas Sess\u00f5es 2015 - C\u00e2mara Municipal de Florest\u00f3polis","robots":{"index":"index","follow":"follow","max-snippet":"max-snippet:-1","max-image-preview":"max-image-preview:large","max-video-preview":"max-video-preview:-1"},"canonical":"https:\/\/cmflorestopolis.pr.gov.br\/?page_id=141","og_locale":"pt_BR","og_type":"article","og_title":"Atas Sess\u00f5es 2015 - C\u00e2mara Municipal de Florest\u00f3polis","og_description":"Atas Sess\u00f5es 2015 Atas das Sess\u00f5es Ordin\u00e1rias e Extraordin\u00e1rias de 2015 * A ata depende de aprova\u00e7\u00e3o na Sess\u00e3o posterior Sess\u00f5es Ordin\u00e1rias N\u00ba Data Visualizar [...]","og_url":"https:\/\/cmflorestopolis.pr.gov.br\/?page_id=141","og_site_name":"C\u00e2mara Municipal de Florest\u00f3polis","article_modified_time":"2021-11-06T20:49:21+00:00","twitter_card":"summary_large_image","schema":{"@context":"https:\/\/schema.org","@graph":[{"@type":"WebSite","@id":"https:\/\/cmflorestopolis.pr.gov.br\/#website","url":"https:\/\/cmflorestopolis.pr.gov.br\/","name":"C\u00e2mara Municipal de Florest\u00f3polis","description":"","potentialAction":[{"@type":"SearchAction","target":{"@type":"EntryPoint","urlTemplate":"https:\/\/cmflorestopolis.pr.gov.br\/?s={search_term_string}"},"query-input":"required name=search_term_string"}],"inLanguage":"pt-BR"},{"@type":"WebPage","@id":"https:\/\/cmflorestopolis.pr.gov.br\/?page_id=141#webpage","url":"https:\/\/cmflorestopolis.pr.gov.br\/?page_id=141","name":"Atas Sess\u00f5es 2015 - C\u00e2mara Municipal de Florest\u00f3polis","isPartOf":{"@id":"https:\/\/cmflorestopolis.pr.gov.br\/#website"},"datePublished":"2021-07-09T16:30:23+00:00","dateModified":"2021-11-06T20:49:21+00:00","breadcrumb":{"@id":"https:\/\/cmflorestopolis.pr.gov.br\/?page_id=141#breadcrumb"},"inLanguage":"pt-BR","potentialAction":[{"@type":"ReadAction","target":["https:\/\/cmflorestopolis.pr.gov.br\/?page_id=141"]}]},{"@type":"BreadcrumbList","@id":"https:\/\/cmflorestopolis.pr.gov.br\/?page_id=141#breadcrumb","itemListElement":[{"@type":"ListItem","position":1,"name":"In\u00edcio","item":"https:\/\/cmflorestopolis.pr.gov.br\/"},{"@type":"ListItem","position":2,"name":"Atas Sess\u00f5es 2015"}]}]}},"_links":{"self":[{"href":"https:\/\/cmflorestopolis.pr.gov.br\/index.php?rest_route=\/wp\/v2\/pages\/141"}],"collection":[{"href":"https:\/\/cmflorestopolis.pr.gov.br\/index.php?rest_route=\/wp\/v2\/pages"}],"about":[{"href":"https:\/\/cmflorestopolis.pr.gov.br\/index.php?rest_route=\/wp\/v2\/types\/page"}],"author":[{"embeddable":true,"href":"https:\/\/cmflorestopolis.pr.gov.br\/index.php?rest_route=\/wp\/v2\/users\/2"}],"replies":[{"embeddable":true,"href":"https:\/\/cmflorestopolis.pr.gov.br\/index.php?rest_route=%2Fwp%2Fv2%2Fcomments&post=141"}],"version-history":[{"count":2,"href":"https:\/\/cmflorestopolis.pr.gov.br\/index.php?rest_route=\/wp\/v2\/pages\/141\/revisions"}],"predecessor-version":[{"id":1358,"href":"https:\/\/cmflorestopolis.pr.gov.br\/index.php?rest_route=\/wp\/v2\/pages\/141\/revisions\/1358"}],"wp:attachment":[{"href":"https:\/\/cmflorestopolis.pr.gov.br\/index.php?rest_route=%2Fwp%2Fv2%2Fmedia&parent=141"}],"curies":[{"name":"wp","href":"https:\/\/api.w.org\/{rel}","templated":true}]}}