{"id":140,"date":"2021-07-09T13:30:23","date_gmt":"2021-07-09T16:30:23","guid":{"rendered":"https:\/\/camara897460250.wordpress.com\/?page_id=140"},"modified":"2021-11-06T21:19:50","modified_gmt":"2021-11-06T21:19:50","slug":"atas-sessoes-2016","status":"publish","type":"page","link":"https:\/\/cmflorestopolis.pr.gov.br\/?page_id=140","title":{"rendered":"Atas Sess\u00f5es 2016"},"content":{"rendered":"<p><strong>Atas das Sess\u00f5es\u00a02016 \u2013 A ata depende de aprova\u00e7\u00e3o na Sess\u00e3o Posterior<\/strong><\/p>\n<p>ATA 31\u00aa SESS\u00c3O ORDIN\u00c1RIA_2016<\/p>\n<table style=\"height: 980px;\" width=\"225\">\n<tbody>\n<tr>\n<td colspan=\"2\"><strong>Sess\u00f5es Ordin\u00e1rias 2016<\/strong><\/td>\n<\/tr>\n<tr>\n<td><strong>N\u00ba<\/strong><\/td>\n<td><strong>Data<\/strong><\/td>\n<\/tr>\n<tr>\n<td><a href=\"https:\/\/cmflorestopolis.pr.gov.br\/wp-content\/uploads\/2021\/11\/ATA-31a-SESSAO-ORDINARIA_2016.pdf\"><strong>31<\/strong><\/a><\/td>\n<td><a href=\"https:\/\/cmflorestopolis.pr.gov.br\/wp-content\/uploads\/2021\/11\/ATA-31a-SESSAO-ORDINARIA_2016.pdf\"><strong>17\/10\/2016<\/strong><\/a><\/td>\n<\/tr>\n<tr>\n<td><a href=\"https:\/\/cmflorestopolis.pr.gov.br\/wp-content\/uploads\/2021\/11\/ATA-30a-SESSAO-ORDINARIA_2016.pdf\"><strong>30<\/strong><\/a><\/td>\n<td><a href=\"https:\/\/cmflorestopolis.pr.gov.br\/wp-content\/uploads\/2021\/11\/ATA-30a-SESSAO-ORDINARIA_2016.pdf\"><strong>10\/10\/2016<\/strong><\/a><\/td>\n<\/tr>\n<tr>\n<td><a href=\"https:\/\/cmflorestopolis.pr.gov.br\/wp-content\/uploads\/2021\/11\/ATA-29a-SESSAO-ORDINARIA_2016.pdf\"><strong>29<\/strong><\/a><\/td>\n<td><a href=\"https:\/\/cmflorestopolis.pr.gov.br\/wp-content\/uploads\/2021\/11\/ATA-29a-SESSAO-ORDINARIA_2016.pdf\"><strong>03\/10\/2016<\/strong><\/a><\/td>\n<\/tr>\n<tr>\n<td><a href=\"https:\/\/cmflorestopolis.pr.gov.br\/wp-content\/uploads\/2021\/11\/ATA-28a-SESSAO-ORDINARIA_2016.pdf\"><strong>28<\/strong><\/a><\/td>\n<td><a href=\"https:\/\/cmflorestopolis.pr.gov.br\/wp-content\/uploads\/2021\/11\/ATA-28a-SESSAO-ORDINARIA_2016.pdf\"><strong>26\/09\/2016<\/strong><\/a><\/td>\n<\/tr>\n<tr>\n<td><a href=\"https:\/\/cmflorestopolis.pr.gov.br\/wp-content\/uploads\/2021\/11\/ATA-27a-SESSAO-ORDINARIA_2016.pdf\"><strong>27<\/strong><\/a><\/td>\n<td><a href=\"https:\/\/cmflorestopolis.pr.gov.br\/wp-content\/uploads\/2021\/11\/ATA-27a-SESSAO-ORDINARIA_2016.pdf\"><strong>19\/09\/2016<\/strong><\/a><\/td>\n<\/tr>\n<tr>\n<td><a href=\"https:\/\/cmflorestopolis.pr.gov.br\/wp-content\/uploads\/2021\/11\/ATA-26a-SESSAO-ORDINARIA_2016.pdf\"><strong>26<\/strong><\/a><\/td>\n<td><a href=\"https:\/\/cmflorestopolis.pr.gov.br\/wp-content\/uploads\/2021\/11\/ATA-26a-SESSAO-ORDINARIA_2016.pdf\"><strong>12\/09\/2016<\/strong><\/a><\/td>\n<\/tr>\n<tr>\n<td><a href=\"https:\/\/cmflorestopolis.pr.gov.br\/wp-content\/uploads\/2021\/11\/ATA-25a-SESSAO-ORDINARIA_2016.pdf\"><strong>25<\/strong><\/a><\/td>\n<td><a href=\"https:\/\/cmflorestopolis.pr.gov.br\/wp-content\/uploads\/2021\/11\/ATA-25a-SESSAO-ORDINARIA_2016.pdf\"><strong>05\/09\/2016<\/strong><\/a><\/td>\n<\/tr>\n<tr>\n<td><a href=\"https:\/\/cmflorestopolis.pr.gov.br\/wp-content\/uploads\/2021\/11\/ATA-24a-SESSAO-ORDINARIA_2016.pdf\"><strong>24<\/strong><\/a><\/td>\n<td><a href=\"https:\/\/cmflorestopolis.pr.gov.br\/wp-content\/uploads\/2021\/11\/ATA-24a-SESSAO-ORDINARIA_2016.pdf\"><strong>29\/08\/2016<\/strong><\/a><\/td>\n<\/tr>\n<tr>\n<td><a href=\"https:\/\/cmflorestopolis.pr.gov.br\/wp-content\/uploads\/2021\/11\/ATA-23a-SESSAO-ORDINARIA_2016.pdf\"><strong>23<\/strong><\/a><\/td>\n<td><a href=\"https:\/\/cmflorestopolis.pr.gov.br\/wp-content\/uploads\/2021\/11\/ATA-23a-SESSAO-ORDINARIA_2016.pdf\"><strong>22\/08\/2016<\/strong><\/a><\/td>\n<\/tr>\n<tr>\n<td><a href=\"https:\/\/cmflorestopolis.pr.gov.br\/wp-content\/uploads\/2021\/11\/ATA-22a-SESSAO-ORDINARIA_2016.pdf\"><strong>22<\/strong><\/a><\/td>\n<td><a href=\"https:\/\/cmflorestopolis.pr.gov.br\/wp-content\/uploads\/2021\/11\/ATA-22a-SESSAO-ORDINARIA_2016.pdf\"><strong>15\/08\/2016<\/strong><\/a><\/td>\n<\/tr>\n<tr>\n<td><a href=\"https:\/\/cmflorestopolis.pr.gov.br\/wp-content\/uploads\/2021\/11\/ATA-21a-SESSAO-ORDINARIA_2016.pdf\"><strong>21<\/strong><\/a><\/td>\n<td><a href=\"https:\/\/cmflorestopolis.pr.gov.br\/wp-content\/uploads\/2021\/11\/ATA-21a-SESSAO-ORDINARIA_2016.pdf\"><strong>08\/08\/2016<\/strong><\/a><\/td>\n<\/tr>\n<tr>\n<td><a href=\"https:\/\/cmflorestopolis.pr.gov.br\/wp-content\/uploads\/2021\/11\/ATA-20a-SESSAO-ORDINARIA_2016.pdf\"><strong>20<\/strong><\/a><\/td>\n<td><a href=\"https:\/\/cmflorestopolis.pr.gov.br\/wp-content\/uploads\/2021\/11\/ATA-20a-SESSAO-ORDINARIA_2016.pdf\"><strong>01\/08\/2016<\/strong><\/a><\/td>\n<\/tr>\n<tr>\n<td><a href=\"https:\/\/cmflorestopolis.pr.gov.br\/wp-content\/uploads\/2021\/11\/ATA-19a-SESSAO-ORDINARIA_2016.pdf\"><strong>19<\/strong><\/a><\/td>\n<td><a href=\"https:\/\/cmflorestopolis.pr.gov.br\/wp-content\/uploads\/2021\/11\/ATA-19a-SESSAO-ORDINARIA_2016.pdf\"><strong>27\/06\/2016<\/strong><\/a><\/td>\n<\/tr>\n<tr>\n<td><a href=\"https:\/\/cmflorestopolis.pr.gov.br\/wp-content\/uploads\/2021\/11\/ATA-18a-SESSAO-ORDINARIA_2016.pdf\"><strong>18<\/strong><\/a><\/td>\n<td><a href=\"https:\/\/cmflorestopolis.pr.gov.br\/wp-content\/uploads\/2021\/11\/ATA-18a-SESSAO-ORDINARIA_2016.pdf\"><strong>20\/06\/2016<\/strong><\/a><\/td>\n<\/tr>\n<tr>\n<td><a href=\"https:\/\/cmflorestopolis.pr.gov.br\/wp-content\/uploads\/2021\/11\/ATA-17a-SESSAO-ORDINARIA_2016.pdf\"><strong>17<\/strong><\/a><\/td>\n<td><a href=\"https:\/\/cmflorestopolis.pr.gov.br\/wp-content\/uploads\/2021\/11\/ATA-17a-SESSAO-ORDINARIA_2016.pdf\"><strong>13\/06\/2016<\/strong><\/a><\/td>\n<\/tr>\n<tr>\n<td><strong>16<\/strong><\/td>\n<td><strong>06\/06\/2016<\/strong><\/td>\n<\/tr>\n<tr>\n<td><a href=\"https:\/\/cmflorestopolis.pr.gov.br\/wp-content\/uploads\/2021\/11\/ATA-15a-SESSAO-ORDINARIA_2016.pdf\"><strong>15<\/strong><\/a><\/td>\n<td><a href=\"https:\/\/cmflorestopolis.pr.gov.br\/wp-content\/uploads\/2021\/11\/ATA-15a-SESSAO-ORDINARIA_2016.pdf\"><strong>30\/05\/2016<\/strong><\/a><\/td>\n<\/tr>\n<tr>\n<td><a href=\"https:\/\/cmflorestopolis.pr.gov.br\/wp-content\/uploads\/2021\/11\/ATA-14a-SESSAO-ORDINARIA_2016.pdf\"><strong>14<\/strong><\/a><\/td>\n<td><a href=\"https:\/\/cmflorestopolis.pr.gov.br\/wp-content\/uploads\/2021\/11\/ATA-14a-SESSAO-ORDINARIA_2016.pdf\"><strong>23\/05\/2016<\/strong><\/a><\/td>\n<\/tr>\n<tr>\n<td><a href=\"https:\/\/cmflorestopolis.pr.gov.br\/wp-content\/uploads\/2021\/11\/ATA-13a-SESSAO-ORDINARIA_2016.pdf\"><strong>13<\/strong><\/a><\/td>\n<td><a href=\"https:\/\/cmflorestopolis.pr.gov.br\/wp-content\/uploads\/2021\/11\/ATA-13a-SESSAO-ORDINARIA_2016.pdf\"><strong>16\/05\/2016<\/strong><\/a><\/td>\n<\/tr>\n<tr>\n<td><a href=\"https:\/\/cmflorestopolis.pr.gov.br\/wp-content\/uploads\/2021\/11\/ATA-12a-SESSAO-ORDINARIA_2016.pdf\"><strong>12<\/strong><\/a><\/td>\n<td><a href=\"https:\/\/cmflorestopolis.pr.gov.br\/wp-content\/uploads\/2021\/11\/ATA-12a-SESSAO-ORDINARIA_2016.pdf\"><strong>09\/05\/2016<\/strong><\/a><\/td>\n<\/tr>\n<tr>\n<td><a href=\"https:\/\/cmflorestopolis.pr.gov.br\/wp-content\/uploads\/2021\/11\/ATA-11a-SESSAO-ORDINARIA_2016.pdf\"><strong>11<\/strong><\/a><\/td>\n<td><a href=\"https:\/\/cmflorestopolis.pr.gov.br\/wp-content\/uploads\/2021\/11\/ATA-11a-SESSAO-ORDINARIA_2016.pdf\"><strong>02\/05\/2016<\/strong><\/a><\/td>\n<\/tr>\n<tr>\n<td><a href=\"https:\/\/cmflorestopolis.pr.gov.br\/wp-content\/uploads\/2021\/11\/ATA-10a-SESSAO-ORDINARIA_2016.pdf\"><strong>10<\/strong><\/a><\/td>\n<td><strong>\u00a0<a href=\"https:\/\/cmflorestopolis.pr.gov.br\/wp-content\/uploads\/2021\/11\/ATA-10a-SESSAO-ORDINARIA_2016.pdf\">25\/04\/2016<\/a><\/strong><\/td>\n<\/tr>\n<tr>\n<td><a href=\"https:\/\/cmflorestopolis.pr.gov.br\/wp-content\/uploads\/2021\/11\/ATA-09a-SESSAO-ORDINARIA_2016.pdf\"><strong>09<\/strong><\/a><\/td>\n<td><strong>\u00a0<a href=\"https:\/\/cmflorestopolis.pr.gov.br\/wp-content\/uploads\/2021\/11\/ATA-09a-SESSAO-ORDINARIA_2016.pdf\">18\/04\/2016<\/a><\/strong><\/td>\n<\/tr>\n<tr>\n<td><a href=\"https:\/\/cmflorestopolis.pr.gov.br\/wp-content\/uploads\/2021\/11\/ATA-08a-SESSAO-ORDINARIA_2016.pdf\"><strong>08<\/strong><\/a><\/td>\n<td><strong>\u00a0<a href=\"https:\/\/cmflorestopolis.pr.gov.br\/wp-content\/uploads\/2021\/11\/ATA-08a-SESSAO-ORDINARIA_2016.pdf\">11\/04\/2016<\/a><\/strong><\/td>\n<\/tr>\n<tr>\n<td><a href=\"https:\/\/cmflorestopolis.pr.gov.br\/wp-content\/uploads\/2021\/11\/ATA-07a-SESSAO-ORDINARIA_2016.pdf\"><strong>07<\/strong><\/a><\/td>\n<td><strong>\u00a0<a href=\"https:\/\/cmflorestopolis.pr.gov.br\/wp-content\/uploads\/2021\/11\/ATA-07a-SESSAO-ORDINARIA_2016.pdf\">04\/04\/2016<\/a><\/strong><\/td>\n<\/tr>\n<tr>\n<td><a href=\"https:\/\/cmflorestopolis.pr.gov.br\/wp-content\/uploads\/2021\/11\/ATA-06a-SESSAO-ORDINARIA_2016.pdf\"><strong>06<\/strong><\/a><\/td>\n<td><strong>\u00a0<a href=\"https:\/\/cmflorestopolis.pr.gov.br\/wp-content\/uploads\/2021\/11\/ATA-06a-SESSAO-ORDINARIA_2016.pdf\">28\/03\/2016<\/a><\/strong><\/td>\n<\/tr>\n<tr>\n<td><a href=\"https:\/\/cmflorestopolis.pr.gov.br\/wp-content\/uploads\/2021\/11\/ATA-05a-SESSAO-ORDINARIA_2016.pdf\"><strong>05<\/strong><\/a><\/td>\n<td><strong>\u00a0<a href=\"https:\/\/cmflorestopolis.pr.gov.br\/wp-content\/uploads\/2021\/11\/ATA-05a-SESSAO-ORDINARIA_2016.pdf\">21\/03\/2016<\/a><\/strong><\/td>\n<\/tr>\n<tr>\n<td><a href=\"https:\/\/cmflorestopolis.pr.gov.br\/wp-content\/uploads\/2021\/11\/ATA-04a-SESSAO-ORDINARIA_2016.pdf\"><strong>04<\/strong><\/a><\/td>\n<td><strong>\u00a0<a href=\"https:\/\/cmflorestopolis.pr.gov.br\/wp-content\/uploads\/2021\/11\/ATA-04a-SESSAO-ORDINARIA_2016.pdf\">14\/03\/2016<\/a><\/strong><\/td>\n<\/tr>\n<tr>\n<td><a href=\"https:\/\/cmflorestopolis.pr.gov.br\/wp-content\/uploads\/2021\/11\/ATA-03a-SESSAO-ORDINARIA_2016.pdf\"><strong>03<\/strong><\/a><\/td>\n<td><strong>\u00a0<a href=\"https:\/\/cmflorestopolis.pr.gov.br\/wp-content\/uploads\/2021\/11\/ATA-03a-SESSAO-ORDINARIA_2016.pdf\">29\/02\/2016<\/a><\/strong><\/td>\n<\/tr>\n<tr>\n<td><a href=\"https:\/\/cmflorestopolis.pr.gov.br\/wp-content\/uploads\/2021\/11\/ATA-02a-SESSAO-ORDINARIA_2016.pdf\"><strong>02<\/strong><\/a><\/td>\n<td><strong>\u00a0<a href=\"https:\/\/cmflorestopolis.pr.gov.br\/wp-content\/uploads\/2021\/11\/ATA-02a-SESSAO-ORDINARIA_2016.pdf\">22\/02\/2016<\/a><\/strong><\/td>\n<\/tr>\n<tr>\n<td><a href=\"https:\/\/cmflorestopolis.pr.gov.br\/wp-content\/uploads\/2021\/11\/ATA-01a-SESSAO-ORDINARIA_2016.pdf\"><strong>01<\/strong><\/a><\/td>\n<td><a href=\"https:\/\/cmflorestopolis.pr.gov.br\/wp-content\/uploads\/2021\/11\/ATA-01a-SESSAO-ORDINARIA_2016.pdf\"><strong>15\/02\/2016<\/strong><\/a><\/td>\n<\/tr>\n<\/tbody>\n<\/table>\n<table width=\"277\">\n<tbody>\n<tr>\n<td colspan=\"2\"><strong>Sess\u00f5es Extraordin\u00e1rias 2016<\/strong><\/td>\n<\/tr>\n<tr>\n<td><strong>N\u00ba<\/strong><\/td>\n<td><strong>Data<\/strong><\/td>\n<\/tr>\n<tr>\n<td><a href=\"https:\/\/cmflorestopolis.pr.gov.br\/wp-content\/uploads\/2021\/11\/ATA-09a-SESSAO-EXTRAORD._2016.pdf\"><strong>09<\/strong><\/a><\/td>\n<td><strong>\u00a0<a href=\"https:\/\/cmflorestopolis.pr.gov.br\/wp-content\/uploads\/2021\/11\/ATA-09a-SESSAO-EXTRAORD._2016.pdf\">30\/03\/2016<\/a><\/strong><\/td>\n<\/tr>\n<tr>\n<td><a href=\"https:\/\/cmflorestopolis.pr.gov.br\/wp-content\/uploads\/2021\/11\/ATA-08a-SESSAO-EXTRAORD._2016.pdf\"><strong>08<\/strong><\/a><\/td>\n<td><strong>\u00a0<a href=\"https:\/\/cmflorestopolis.pr.gov.br\/wp-content\/uploads\/2021\/11\/ATA-08a-SESSAO-EXTRAORD._2016.pdf\">29\/03\/2016<\/a><\/strong><\/td>\n<\/tr>\n<tr>\n<td><a href=\"https:\/\/cmflorestopolis.pr.gov.br\/wp-content\/uploads\/2021\/11\/ATA-07a-SESSAO-EXTRAORD._2016.pdf\"><strong>07<\/strong><\/a><\/td>\n<td><strong>\u00a0<a href=\"https:\/\/cmflorestopolis.pr.gov.br\/wp-content\/uploads\/2021\/11\/ATA-07a-SESSAO-EXTRAORD._2016.pdf\">16\/03\/2016<\/a><\/strong><\/td>\n<\/tr>\n<tr>\n<td><a href=\"https:\/\/cmflorestopolis.pr.gov.br\/wp-content\/uploads\/2021\/11\/ATA-06a-SESSAO-EXTRAORD._2016.pdf\"><strong>06<\/strong><\/a><\/td>\n<td><strong>\u00a0<a href=\"https:\/\/cmflorestopolis.pr.gov.br\/wp-content\/uploads\/2021\/11\/ATA-06a-SESSAO-EXTRAORD._2016.pdf\">15\/03\/2016<\/a><\/strong><\/td>\n<\/tr>\n<tr>\n<td><a href=\"https:\/\/cmflorestopolis.pr.gov.br\/wp-content\/uploads\/2021\/11\/ATA-05a-SESSAO-EXTRAORD._2016.pdf\"><strong>05<\/strong><\/a><\/td>\n<td><strong>\u00a0<a href=\"https:\/\/cmflorestopolis.pr.gov.br\/wp-content\/uploads\/2021\/11\/ATA-05a-SESSAO-EXTRAORD._2016.pdf\">04\/03\/2016<\/a><\/strong><\/td>\n<\/tr>\n<tr>\n<td><a href=\"https:\/\/cmflorestopolis.pr.gov.br\/wp-content\/uploads\/2021\/11\/ATA-04a-SESSAO-EXTRAORD._2016.pdf\"><strong>04<\/strong><\/a><\/td>\n<td><a href=\"https:\/\/cmflorestopolis.pr.gov.br\/wp-content\/uploads\/2021\/11\/ATA-04a-SESSAO-EXTRAORD._2016.pdf\"><strong>\u00a003\/03\/2016<\/strong><\/a><\/td>\n<\/tr>\n<tr>\n<td><a href=\"https:\/\/cmflorestopolis.pr.gov.br\/wp-content\/uploads\/2021\/11\/ATA-03a-SESSAO-EXTRAORD._2016.pdf\"><strong>03<\/strong><\/a><\/td>\n<td><strong>\u00a0<a href=\"https:\/\/cmflorestopolis.pr.gov.br\/wp-content\/uploads\/2021\/11\/ATA-03a-SESSAO-EXTRAORD._2016.pdf\">19\/01\/2016<\/a><\/strong><\/td>\n<\/tr>\n<tr>\n<td><a href=\"https:\/\/cmflorestopolis.pr.gov.br\/wp-content\/uploads\/2021\/11\/ATA-02a-SESSAO-EXTRAORD._2016.pdf\"><strong>02<\/strong><\/a><\/td>\n<td><a href=\"https:\/\/cmflorestopolis.pr.gov.br\/wp-content\/uploads\/2021\/11\/ATA-02a-SESSAO-EXTRAORD._2016.pdf\"><strong>\u00a018\/01\/2016<\/strong><\/a><\/td>\n<\/tr>\n<tr>\n<td><a href=\"https:\/\/cmflorestopolis.pr.gov.br\/wp-content\/uploads\/2021\/11\/ATA-01a-SESSAO-EXTRAORD._2016.pdf\"><strong>01<\/strong><\/a><\/td>\n<td><a href=\"https:\/\/cmflorestopolis.pr.gov.br\/wp-content\/uploads\/2021\/11\/ATA-01a-SESSAO-EXTRAORD._2016.pdf\"><strong>15\/01\/2016<\/strong><\/a><\/td>\n<\/tr>\n<\/tbody>\n<\/table>\n","protected":false},"excerpt":{"rendered":"<p>Atas das Sess\u00f5es\u00a02016 \u2013 A ata depende de aprova\u00e7\u00e3o na Sess\u00e3o Posterior ATA 31\u00aa SESS\u00c3O ORDIN\u00c1RIA_2016 Sess\u00f5es Ordin\u00e1rias 2016 N\u00ba Data 31 17\/10\/2016 30 10\/10\/2016 [&#8230;]<\/p>\n","protected":false},"author":2,"featured_media":0,"parent":0,"menu_order":0,"comment_status":"closed","ping_status":"closed","template":"","meta":[],"yoast_head":"<!-- This site is optimized with the Yoast SEO plugin v17.6 - https:\/\/yoast.com\/wordpress\/plugins\/seo\/ -->\n<title>Atas Sess\u00f5es 2016 - C\u00e2mara Municipal de Florest\u00f3polis<\/title>\n<meta name=\"robots\" content=\"index, follow, max-snippet:-1, max-image-preview:large, max-video-preview:-1\" \/>\n<link rel=\"canonical\" href=\"https:\/\/cmflorestopolis.pr.gov.br\/?page_id=140\" \/>\n<meta property=\"og:locale\" content=\"pt_BR\" \/>\n<meta property=\"og:type\" content=\"article\" \/>\n<meta property=\"og:title\" content=\"Atas Sess\u00f5es 2016 - C\u00e2mara Municipal de Florest\u00f3polis\" \/>\n<meta property=\"og:description\" content=\"Atas das Sess\u00f5es\u00a02016 \u2013 A ata depende de aprova\u00e7\u00e3o na Sess\u00e3o Posterior ATA 31\u00aa SESS\u00c3O ORDIN\u00c1RIA_2016 Sess\u00f5es Ordin\u00e1rias 2016 N\u00ba Data 31 17\/10\/2016 30 10\/10\/2016 [...]\" \/>\n<meta property=\"og:url\" content=\"https:\/\/cmflorestopolis.pr.gov.br\/?page_id=140\" \/>\n<meta property=\"og:site_name\" content=\"C\u00e2mara Municipal de Florest\u00f3polis\" \/>\n<meta property=\"article:modified_time\" content=\"2021-11-06T21:19:50+00:00\" \/>\n<meta name=\"twitter:card\" content=\"summary_large_image\" \/>\n<script type=\"application\/ld+json\" class=\"yoast-schema-graph\">{\"@context\":\"https:\/\/schema.org\",\"@graph\":[{\"@type\":\"WebSite\",\"@id\":\"https:\/\/cmflorestopolis.pr.gov.br\/#website\",\"url\":\"https:\/\/cmflorestopolis.pr.gov.br\/\",\"name\":\"C\\u00e2mara Municipal de Florest\\u00f3polis\",\"description\":\"\",\"potentialAction\":[{\"@type\":\"SearchAction\",\"target\":{\"@type\":\"EntryPoint\",\"urlTemplate\":\"https:\/\/cmflorestopolis.pr.gov.br\/?s={search_term_string}\"},\"query-input\":\"required name=search_term_string\"}],\"inLanguage\":\"pt-BR\"},{\"@type\":\"WebPage\",\"@id\":\"https:\/\/cmflorestopolis.pr.gov.br\/?page_id=140#webpage\",\"url\":\"https:\/\/cmflorestopolis.pr.gov.br\/?page_id=140\",\"name\":\"Atas Sess\\u00f5es 2016 - C\\u00e2mara Municipal de Florest\\u00f3polis\",\"isPartOf\":{\"@id\":\"https:\/\/cmflorestopolis.pr.gov.br\/#website\"},\"datePublished\":\"2021-07-09T16:30:23+00:00\",\"dateModified\":\"2021-11-06T21:19:50+00:00\",\"breadcrumb\":{\"@id\":\"https:\/\/cmflorestopolis.pr.gov.br\/?page_id=140#breadcrumb\"},\"inLanguage\":\"pt-BR\",\"potentialAction\":[{\"@type\":\"ReadAction\",\"target\":[\"https:\/\/cmflorestopolis.pr.gov.br\/?page_id=140\"]}]},{\"@type\":\"BreadcrumbList\",\"@id\":\"https:\/\/cmflorestopolis.pr.gov.br\/?page_id=140#breadcrumb\",\"itemListElement\":[{\"@type\":\"ListItem\",\"position\":1,\"name\":\"In\\u00edcio\",\"item\":\"https:\/\/cmflorestopolis.pr.gov.br\/\"},{\"@type\":\"ListItem\",\"position\":2,\"name\":\"Atas Sess\\u00f5es 2016\"}]}]}<\/script>\n<!-- \/ Yoast SEO plugin. -->","yoast_head_json":{"title":"Atas Sess\u00f5es 2016 - C\u00e2mara Municipal de Florest\u00f3polis","robots":{"index":"index","follow":"follow","max-snippet":"max-snippet:-1","max-image-preview":"max-image-preview:large","max-video-preview":"max-video-preview:-1"},"canonical":"https:\/\/cmflorestopolis.pr.gov.br\/?page_id=140","og_locale":"pt_BR","og_type":"article","og_title":"Atas Sess\u00f5es 2016 - C\u00e2mara Municipal de Florest\u00f3polis","og_description":"Atas das Sess\u00f5es\u00a02016 \u2013 A ata depende de aprova\u00e7\u00e3o na Sess\u00e3o Posterior ATA 31\u00aa SESS\u00c3O ORDIN\u00c1RIA_2016 Sess\u00f5es Ordin\u00e1rias 2016 N\u00ba Data 31 17\/10\/2016 30 10\/10\/2016 [...]","og_url":"https:\/\/cmflorestopolis.pr.gov.br\/?page_id=140","og_site_name":"C\u00e2mara Municipal de Florest\u00f3polis","article_modified_time":"2021-11-06T21:19:50+00:00","twitter_card":"summary_large_image","schema":{"@context":"https:\/\/schema.org","@graph":[{"@type":"WebSite","@id":"https:\/\/cmflorestopolis.pr.gov.br\/#website","url":"https:\/\/cmflorestopolis.pr.gov.br\/","name":"C\u00e2mara Municipal de Florest\u00f3polis","description":"","potentialAction":[{"@type":"SearchAction","target":{"@type":"EntryPoint","urlTemplate":"https:\/\/cmflorestopolis.pr.gov.br\/?s={search_term_string}"},"query-input":"required name=search_term_string"}],"inLanguage":"pt-BR"},{"@type":"WebPage","@id":"https:\/\/cmflorestopolis.pr.gov.br\/?page_id=140#webpage","url":"https:\/\/cmflorestopolis.pr.gov.br\/?page_id=140","name":"Atas Sess\u00f5es 2016 - C\u00e2mara Municipal de Florest\u00f3polis","isPartOf":{"@id":"https:\/\/cmflorestopolis.pr.gov.br\/#website"},"datePublished":"2021-07-09T16:30:23+00:00","dateModified":"2021-11-06T21:19:50+00:00","breadcrumb":{"@id":"https:\/\/cmflorestopolis.pr.gov.br\/?page_id=140#breadcrumb"},"inLanguage":"pt-BR","potentialAction":[{"@type":"ReadAction","target":["https:\/\/cmflorestopolis.pr.gov.br\/?page_id=140"]}]},{"@type":"BreadcrumbList","@id":"https:\/\/cmflorestopolis.pr.gov.br\/?page_id=140#breadcrumb","itemListElement":[{"@type":"ListItem","position":1,"name":"In\u00edcio","item":"https:\/\/cmflorestopolis.pr.gov.br\/"},{"@type":"ListItem","position":2,"name":"Atas Sess\u00f5es 2016"}]}]}},"_links":{"self":[{"href":"https:\/\/cmflorestopolis.pr.gov.br\/index.php?rest_route=\/wp\/v2\/pages\/140"}],"collection":[{"href":"https:\/\/cmflorestopolis.pr.gov.br\/index.php?rest_route=\/wp\/v2\/pages"}],"about":[{"href":"https:\/\/cmflorestopolis.pr.gov.br\/index.php?rest_route=\/wp\/v2\/types\/page"}],"author":[{"embeddable":true,"href":"https:\/\/cmflorestopolis.pr.gov.br\/index.php?rest_route=\/wp\/v2\/users\/2"}],"replies":[{"embeddable":true,"href":"https:\/\/cmflorestopolis.pr.gov.br\/index.php?rest_route=%2Fwp%2Fv2%2Fcomments&post=140"}],"version-history":[{"count":10,"href":"https:\/\/cmflorestopolis.pr.gov.br\/index.php?rest_route=\/wp\/v2\/pages\/140\/revisions"}],"predecessor-version":[{"id":1407,"href":"https:\/\/cmflorestopolis.pr.gov.br\/index.php?rest_route=\/wp\/v2\/pages\/140\/revisions\/1407"}],"wp:attachment":[{"href":"https:\/\/cmflorestopolis.pr.gov.br\/index.php?rest_route=%2Fwp%2Fv2%2Fmedia&parent=140"}],"curies":[{"name":"wp","href":"https:\/\/api.w.org\/{rel}","templated":true}]}}