{"id":139,"date":"2021-07-09T13:30:23","date_gmt":"2021-07-09T16:30:23","guid":{"rendered":"https:\/\/camara897460250.wordpress.com\/?page_id=139"},"modified":"2021-11-06T23:01:08","modified_gmt":"2021-11-06T23:01:08","slug":"atas-sessoes-2017","status":"publish","type":"page","link":"https:\/\/cmflorestopolis.pr.gov.br\/?page_id=139","title":{"rendered":"Atas Sess\u00f5es 2017"},"content":{"rendered":"<h1 class=\"page-title\">Atas Sess\u00f5es 2017<\/h1>\n<div class=\"entry-content\">\n<p><strong>Sess\u00f5es Ordin\u00e1rias 2017<\/strong><\/p>\n<div class=\"entry\">\n<table>\n<tbody>\n<tr>\n<td><a href=\"https:\/\/cmflorestopolis.pr.gov.br\/wp-content\/uploads\/2021\/11\/ATA-35a-SESSAO-ORDINARIA_2017.pdf\"><strong>35\u00aa Sess\u00e3o Ordin\u00e1ria \u2013 12\/12\/2017<\/strong><\/a><\/td>\n<\/tr>\n<tr>\n<td><a href=\"https:\/\/cmflorestopolis.pr.gov.br\/wp-content\/uploads\/2021\/11\/ATA-34a-SESSAO-ORDINARIA_2017.pdf\"><strong>34\u00aa Sess\u00e3o Ordin\u00e1ria \u2013 05\/12\/2017<\/strong><\/a><\/td>\n<\/tr>\n<tr>\n<td><a href=\"https:\/\/cmflorestopolis.pr.gov.br\/wp-content\/uploads\/2021\/11\/ATA-33a-SESSAO-ORDINARIA_2017.pdf\"><strong>33\u00aa Sess\u00e3o Ordin\u00e1ria \u2013 28\/11\/2017<\/strong><\/a><\/td>\n<\/tr>\n<tr>\n<td><a href=\"https:\/\/cmflorestopolis.pr.gov.br\/wp-content\/uploads\/2021\/11\/ATA-32a-SESSAO-ORDINARIA_2017.pdf\"><strong>32\u00aa Sess\u00e3o Ordin\u00e1ria \u2013 21\/11\/2017<\/strong><\/a><\/td>\n<\/tr>\n<tr>\n<td><a href=\"https:\/\/cmflorestopolis.pr.gov.br\/wp-content\/uploads\/2021\/11\/ATA-31a-SESSAO-ORDINARIA_2017.pdf\"><strong>31\u00aa Sess\u00e3o Ordin\u00e1ria \u2013 07\/11\/2017<\/strong><\/a><\/td>\n<\/tr>\n<tr>\n<td><a href=\"https:\/\/cmflorestopolis.pr.gov.br\/wp-content\/uploads\/2021\/11\/ATA-30a-SESSAO-ORDINARIA_2017.pdf\"><strong>30\u00aa Sess\u00e3o Ordin\u00e1ria \u2013 31\/10\/2017<\/strong><\/a><\/td>\n<\/tr>\n<tr>\n<td><strong><a href=\"https:\/\/cmflorestopolis.pr.gov.br\/wp-content\/uploads\/2021\/11\/ATA-29a-SESSAO-ORDINARIA_2017.pdf\">29\u00aa Sess\u00e3o Ordin\u00e1ria \u2013 24\/10\/2017<\/a><br \/>\n<\/strong><\/td>\n<\/tr>\n<tr>\n<td><strong><a href=\"https:\/\/cmflorestopolis.pr.gov.br\/wp-content\/uploads\/2021\/11\/ATA-28a-SESSAO-ORDINARIA_2017.pdf\">28\u00aa Sess\u00e3o Ordin\u00e1ria \u2013 17\/10\/2017<\/a><br \/>\n<\/strong><\/td>\n<\/tr>\n<tr>\n<td><strong><a href=\"https:\/\/cmflorestopolis.pr.gov.br\/wp-content\/uploads\/2021\/11\/ATA-27a-SESSAO-ORDINARIA_2017.pdf\">27\u00aa Sess\u00e3o Ordin\u00e1ria \u2013 10\/10\/2017<\/a><br \/>\n<\/strong><\/td>\n<\/tr>\n<tr>\n<td><a href=\"https:\/\/cmflorestopolis.pr.gov.br\/wp-content\/uploads\/2021\/11\/ATA-26a-SESSAO-ORDINARIA_2017.pdf\"><strong>26\u00aa Sess\u00e3o Ordin\u00e1ria \u2013 03\/10\/2017<\/strong><\/a><\/td>\n<\/tr>\n<tr>\n<td><a href=\"https:\/\/cmflorestopolis.pr.gov.br\/wp-content\/uploads\/2021\/11\/ATA-25a-SESSAO-ORDINARIA_2017.pdf\"><strong>25\u00aa Sess\u00e3o Ordin\u00e1ria \u2013 26\/09\/2017<\/strong><\/a><\/td>\n<\/tr>\n<tr>\n<td><a href=\"https:\/\/cmflorestopolis.pr.gov.br\/wp-content\/uploads\/2021\/11\/ATA-24a-SESSAO-ORDINARIA_2017.pdf\"><strong>24\u00aa Sess\u00e3o Ordin\u00e1ria \u2013 19\/09\/2017<\/strong><\/a><\/td>\n<\/tr>\n<tr>\n<td><a href=\"https:\/\/cmflorestopolis.pr.gov.br\/wp-content\/uploads\/2021\/11\/ATA-23a-SESSAO-ORDINARIA_2017.pdf\"><strong>23\u00aa Sess\u00e3o Ordin\u00e1ria \u2013 12\/09\/2017<\/strong><\/a><\/td>\n<\/tr>\n<tr>\n<td><a href=\"https:\/\/cmflorestopolis.pr.gov.br\/wp-content\/uploads\/2021\/11\/ATA-22a-SESSAO-ORDINARIA_2017.pdf\"><strong>22\u00aa Sess\u00e3o Ordin\u00e1ria \u2013 04\/09\/2017<\/strong><\/a><\/td>\n<\/tr>\n<tr>\n<td><a href=\"https:\/\/cmflorestopolis.pr.gov.br\/wp-content\/uploads\/2021\/11\/ATA-21a-SESSAO-ORDINARIA_2017.pdf\"><strong>21\u00aa Sess\u00e3o Ordin\u00e1ria \u2013 28\/08\/2017<\/strong><\/a><\/td>\n<\/tr>\n<tr>\n<td><a href=\"https:\/\/cmflorestopolis.pr.gov.br\/wp-content\/uploads\/2021\/11\/ATA-20a-SESSAO-ORDINARIA_2017.pdf\"><strong>20\u00aa Sess\u00e3o Ordin\u00e1ria \u2013 21\/08\/2017<\/strong><\/a><\/td>\n<\/tr>\n<tr>\n<td><a href=\"https:\/\/cmflorestopolis.pr.gov.br\/wp-content\/uploads\/2021\/11\/ATA-19a-SESSAO-ORDINARIA_2017.pdf\"><strong>19\u00aa Sess\u00e3o Ordin\u00e1ria \u2013 14\/08\/2017<\/strong><\/a><\/td>\n<\/tr>\n<tr>\n<td><a href=\"https:\/\/cmflorestopolis.pr.gov.br\/wp-content\/uploads\/2021\/11\/ATA-18a-SESSAO-ORDINARIA_2017.pdf\"><strong>18\u00aa Sess\u00e3o Ordin\u00e1ria \u2013 07\/08\/2017<\/strong><\/a><\/td>\n<\/tr>\n<tr>\n<td><a href=\"https:\/\/cmflorestopolis.pr.gov.br\/wp-content\/uploads\/2021\/11\/ATA-17a-SESSAO-ORDINARIA_2017.pdf\"><strong>17\u00aa Sess\u00e3o Ordin\u00e1ria \u2013 26\/06\/2017<\/strong><\/a><\/td>\n<\/tr>\n<tr>\n<td><a href=\"https:\/\/cmflorestopolis.pr.gov.br\/wp-content\/uploads\/2021\/11\/ATA-16a-SESSAO-ORDINARIA_2017.pdf\"><strong>16\u00aa Sess\u00e3o Ordin\u00e1ria \u2013 19\/06\/2017<\/strong><\/a><\/td>\n<\/tr>\n<tr>\n<td><a href=\"https:\/\/cmflorestopolis.pr.gov.br\/wp-content\/uploads\/2021\/11\/ATA-15a-SESSAO-ORDINARIA_2017.pdf\"><strong>15\u00aa Sess\u00e3o Ordin\u00e1ria \u2013 12\/06\/2017<\/strong><\/a><\/td>\n<\/tr>\n<tr>\n<td><a href=\"https:\/\/cmflorestopolis.pr.gov.br\/wp-content\/uploads\/2021\/11\/ATA-14a-SESSAO-ORDINARIA_2017.pdf\"><strong>14\u00aa Sess\u00e3o Ordin\u00e1ria \u2013 05\/06\/2017<\/strong><\/a><\/td>\n<\/tr>\n<tr>\n<td><a href=\"https:\/\/cmflorestopolis.pr.gov.br\/wp-content\/uploads\/2021\/11\/ATA-13a-SESSAO-ORDINARIA_2017.pdf\"><strong>13\u00aa Sess\u00e3o Ordin\u00e1ria \u2013 29\/05\/2017<\/strong><\/a><\/td>\n<\/tr>\n<tr>\n<td><a href=\"https:\/\/cmflorestopolis.pr.gov.br\/wp-content\/uploads\/2021\/11\/ATA-12a-SESSAO-ORDINARIA_2017.pdf\"><strong>12\u00aa Sess\u00e3o Ordin\u00e1ria \u2013 22\/05\/2017<\/strong><\/a><\/td>\n<\/tr>\n<tr>\n<td><a href=\"https:\/\/cmflorestopolis.pr.gov.br\/wp-content\/uploads\/2021\/11\/ATA-11a-SESSAO-ORDINARIA_2017-1.pdf\"><strong>11\u00aa Sess\u00e3o Ordin\u00e1ria \u2013 15\/05\/2017<\/strong><\/a><\/td>\n<\/tr>\n<tr>\n<td><a href=\"https:\/\/cmflorestopolis.pr.gov.br\/wp-content\/uploads\/2021\/11\/ATA-10a-SESSAO-ORDINARIA_2017.pdf\"><strong>10\u00aa Sess\u00e3o Ordin\u00e1ria \u2013 08\/05\/2017<\/strong><\/a><\/td>\n<\/tr>\n<tr>\n<td><a href=\"https:\/\/cmflorestopolis.pr.gov.br\/wp-content\/uploads\/2021\/11\/ATA-09a-SESSAO-ORDINARIA_2017.pdf\"><strong>09 \u00aa Sess\u00e3o Ordin\u00e1ria \u2013 24\/04\/2017<\/strong><\/a><\/td>\n<\/tr>\n<tr>\n<td><a href=\"https:\/\/cmflorestopolis.pr.gov.br\/wp-content\/uploads\/2021\/11\/ATA-08a-SESSAO-ORDINARIA_2017.pdf\"><strong>08 \u00aa Sess\u00e3o Ordin\u00e1ria -17\/04\/2017<\/strong><\/a><\/td>\n<\/tr>\n<tr>\n<td><a href=\"https:\/\/cmflorestopolis.pr.gov.br\/wp-content\/uploads\/2021\/11\/ATA-07a-SESSAO-ORDINARIA_2017.pdf\"><strong>07 \u00aa Sess\u00e3o Ordin\u00e1ria -10\/04\/2017<\/strong><\/a><\/td>\n<\/tr>\n<tr>\n<td><a href=\"https:\/\/cmflorestopolis.pr.gov.br\/wp-content\/uploads\/2021\/11\/ATA-06a-SESSAO-ORDINARIA_2017.pdf\"><strong>06 \u00aa Sess\u00e3o Ordin\u00e1ria -03\/04\/2017<\/strong><\/a><\/td>\n<\/tr>\n<tr>\n<td><a href=\"https:\/\/cmflorestopolis.pr.gov.br\/wp-content\/uploads\/2021\/11\/ATA-05a-SESSAO-ORDINARIA_2017.pdf\"><strong>05 \u00aa Sess\u00e3o Ordin\u00e1ria -27\/03\/2017<\/strong><\/a><\/td>\n<\/tr>\n<tr>\n<td><a href=\"https:\/\/cmflorestopolis.pr.gov.br\/wp-content\/uploads\/2021\/11\/ATA-04a-SESSAO-ORDINARIA_2017.pdf\"><strong>04 \u00aa Sess\u00e3o Ordin\u00e1ria -20\/03\/2017<\/strong><\/a><\/td>\n<\/tr>\n<tr>\n<td><a href=\"https:\/\/cmflorestopolis.pr.gov.br\/wp-content\/uploads\/2021\/11\/ATA-03a-SESSAO-ORDINARIA_2017.pdf\"><strong>03 \u00aa Sess\u00e3o Ordin\u00e1ria -13\/03\/2017<\/strong><\/a><\/td>\n<\/tr>\n<tr>\n<td><a href=\"https:\/\/cmflorestopolis.pr.gov.br\/wp-content\/uploads\/2021\/11\/ATA-02a-SESSAO-ORDINARIA_2017.pdf\"><strong>02 \u00aa Sess\u00e3o Ordin\u00e1ria -06\/03\/2017<\/strong><\/a><\/td>\n<\/tr>\n<tr>\n<td><a href=\"https:\/\/cmflorestopolis.pr.gov.br\/wp-content\/uploads\/2021\/11\/ATA-01a-SESSAO-ORDINARIA_2017.pdf\"><strong>01 \u00aa Sess\u00e3o Ordin\u00e1ria -20\/02\/2017<\/strong><\/a><\/td>\n<\/tr>\n<tr>\n<td><strong>\u00a0<span class=\"fontstyle0\">Ata da Sess\u00e3o Solene Especial<\/span><\/strong><\/td>\n<\/tr>\n<\/tbody>\n<\/table>\n<p><strong>Sess\u00f5es Extraordin\u00e1rias 2017<\/strong><\/p>\n<table width=\"418\">\n<tbody>\n<tr>\n<td><a href=\"https:\/\/cmflorestopolis.pr.gov.br\/wp-content\/uploads\/2021\/11\/ATA-11a-SESSAO-EXTRAORDINARIA_2017.pdf\"><strong>11\u00aa Sess\u00e3o Extraordin\u00e1ria \u2013 22\/08\/2017<\/strong><\/a><\/td>\n<\/tr>\n<tr>\n<td><a href=\"https:\/\/cmflorestopolis.pr.gov.br\/wp-content\/uploads\/2021\/11\/ATA-10a-SESSAO-EXTRAORDINARIA_2017.pdf\"><strong>10\u00aa Sess\u00e3o Extraordin\u00e1ria \u2013 26\/06\/2017<\/strong><\/a><\/td>\n<\/tr>\n<tr>\n<td><a href=\"https:\/\/cmflorestopolis.pr.gov.br\/wp-content\/uploads\/2021\/11\/ATA-09a-SESSAO-EXTRAORDINARIA_2017.pdf\"><strong>09\u00aa Sess\u00e3o Extraordin\u00e1ria \u2013 19\/06\/2017<\/strong><\/a><\/td>\n<\/tr>\n<tr>\n<td><a href=\"https:\/\/cmflorestopolis.pr.gov.br\/wp-content\/uploads\/2021\/11\/ATA-08a-SESSAO-EXTRAORDINARIA_2017.pdf\"><strong>08\u00aa Sess\u00e3o Extraordin\u00e1ria \u2013 08\/05\/2017<\/strong><\/a><\/td>\n<\/tr>\n<tr>\n<td><a href=\"https:\/\/cmflorestopolis.pr.gov.br\/wp-content\/uploads\/2021\/11\/ATA-07a-SESSAO-EXTRAORDINARIA_2017.pdf\"><strong>07\u00aa Sess\u00e3o Extraordin\u00e1ria \u2013 24\/02\/2017<\/strong><\/a><\/td>\n<\/tr>\n<tr>\n<td><a href=\"https:\/\/cmflorestopolis.pr.gov.br\/wp-content\/uploads\/2021\/11\/ATA-06a-SESSAO-EXTRAORDINARIA_2017.pdf\"><strong>06\u00aa Sess\u00e3o Extraordin\u00e1ria \u2013 23\/02\/2017<\/strong><\/a><\/td>\n<\/tr>\n<tr>\n<td><a href=\"https:\/\/cmflorestopolis.pr.gov.br\/wp-content\/uploads\/2021\/11\/ATA-05a-SESSAO-EXTRAORDINARIA_2017.pdf\"><strong>05\u00aa Sess\u00e3o Extraordin\u00e1ria \u2013 22\/02\/2017<\/strong><\/a><\/td>\n<\/tr>\n<tr>\n<td><a href=\"https:\/\/cmflorestopolis.pr.gov.br\/wp-content\/uploads\/2021\/11\/ATA-04a-SESSAO-EXTRAORDINARIA_2017.pdf\"><strong>04\u00aa Sess\u00e3o Extraordin\u00e1ria 11\/02\/2017<\/strong><\/a><\/td>\n<\/tr>\n<tr>\n<td><a href=\"https:\/\/cmflorestopolis.pr.gov.br\/wp-content\/uploads\/2021\/11\/ATA-03a-SESSAO-EXTRAORDINARIA_2017.pdf\"><strong>03\u00aa Sess\u00e3o Extraordin\u00e1ria 10\/02\/2017<\/strong><\/a><\/td>\n<\/tr>\n<tr>\n<td><a href=\"https:\/\/cmflorestopolis.pr.gov.br\/wp-content\/uploads\/2021\/11\/ATA-02a-SESSAO-EXTRAORDINARIA_2017.pdf\"><strong>02\u00aa Sess\u00e3o Extraordin\u00e1ria 09\/02\/2017<\/strong><\/a><\/td>\n<\/tr>\n<tr>\n<td><a href=\"https:\/\/cmflorestopolis.pr.gov.br\/wp-content\/uploads\/2021\/11\/ATA-01a-SESSAO-EXTRAORDINARIA_2017.pdf\"><strong>01\u00aa Sess\u00e3o Extraordin\u00e1ria 19\/01\/2017<\/strong><\/a><\/td>\n<\/tr>\n<\/tbody>\n<\/table>\n<\/div>\n<\/div>\n","protected":false},"excerpt":{"rendered":"<p>Atas Sess\u00f5es 2017 Sess\u00f5es Ordin\u00e1rias 2017 35\u00aa Sess\u00e3o Ordin\u00e1ria \u2013 12\/12\/2017 34\u00aa Sess\u00e3o Ordin\u00e1ria \u2013 05\/12\/2017 33\u00aa Sess\u00e3o Ordin\u00e1ria \u2013 28\/11\/2017 32\u00aa Sess\u00e3o Ordin\u00e1ria \u2013 [&#8230;]<\/p>\n","protected":false},"author":2,"featured_media":0,"parent":0,"menu_order":0,"comment_status":"closed","ping_status":"closed","template":"","meta":[],"yoast_head":"<!-- This site is optimized with the Yoast SEO plugin v17.6 - https:\/\/yoast.com\/wordpress\/plugins\/seo\/ -->\n<title>Atas Sess\u00f5es 2017 - C\u00e2mara Municipal de Florest\u00f3polis<\/title>\n<meta name=\"robots\" content=\"index, follow, max-snippet:-1, max-image-preview:large, max-video-preview:-1\" \/>\n<link rel=\"canonical\" href=\"https:\/\/cmflorestopolis.pr.gov.br\/?page_id=139\" \/>\n<meta property=\"og:locale\" content=\"pt_BR\" \/>\n<meta property=\"og:type\" content=\"article\" \/>\n<meta property=\"og:title\" content=\"Atas Sess\u00f5es 2017 - C\u00e2mara Municipal de Florest\u00f3polis\" \/>\n<meta property=\"og:description\" content=\"Atas Sess\u00f5es 2017 Sess\u00f5es Ordin\u00e1rias 2017 35\u00aa Sess\u00e3o Ordin\u00e1ria \u2013 12\/12\/2017 34\u00aa Sess\u00e3o Ordin\u00e1ria \u2013 05\/12\/2017 33\u00aa Sess\u00e3o Ordin\u00e1ria \u2013 28\/11\/2017 32\u00aa Sess\u00e3o Ordin\u00e1ria \u2013 [...]\" \/>\n<meta property=\"og:url\" content=\"https:\/\/cmflorestopolis.pr.gov.br\/?page_id=139\" \/>\n<meta property=\"og:site_name\" content=\"C\u00e2mara Municipal de Florest\u00f3polis\" \/>\n<meta property=\"article:modified_time\" content=\"2021-11-06T23:01:08+00:00\" \/>\n<meta name=\"twitter:card\" content=\"summary_large_image\" \/>\n<meta name=\"twitter:label1\" content=\"Est. tempo de leitura\" \/>\n\t<meta name=\"twitter:data1\" content=\"1 minuto\" \/>\n<script type=\"application\/ld+json\" class=\"yoast-schema-graph\">{\"@context\":\"https:\/\/schema.org\",\"@graph\":[{\"@type\":\"WebSite\",\"@id\":\"https:\/\/cmflorestopolis.pr.gov.br\/#website\",\"url\":\"https:\/\/cmflorestopolis.pr.gov.br\/\",\"name\":\"C\\u00e2mara Municipal de Florest\\u00f3polis\",\"description\":\"\",\"potentialAction\":[{\"@type\":\"SearchAction\",\"target\":{\"@type\":\"EntryPoint\",\"urlTemplate\":\"https:\/\/cmflorestopolis.pr.gov.br\/?s={search_term_string}\"},\"query-input\":\"required name=search_term_string\"}],\"inLanguage\":\"pt-BR\"},{\"@type\":\"WebPage\",\"@id\":\"https:\/\/cmflorestopolis.pr.gov.br\/?page_id=139#webpage\",\"url\":\"https:\/\/cmflorestopolis.pr.gov.br\/?page_id=139\",\"name\":\"Atas Sess\\u00f5es 2017 - C\\u00e2mara Municipal de Florest\\u00f3polis\",\"isPartOf\":{\"@id\":\"https:\/\/cmflorestopolis.pr.gov.br\/#website\"},\"datePublished\":\"2021-07-09T16:30:23+00:00\",\"dateModified\":\"2021-11-06T23:01:08+00:00\",\"breadcrumb\":{\"@id\":\"https:\/\/cmflorestopolis.pr.gov.br\/?page_id=139#breadcrumb\"},\"inLanguage\":\"pt-BR\",\"potentialAction\":[{\"@type\":\"ReadAction\",\"target\":[\"https:\/\/cmflorestopolis.pr.gov.br\/?page_id=139\"]}]},{\"@type\":\"BreadcrumbList\",\"@id\":\"https:\/\/cmflorestopolis.pr.gov.br\/?page_id=139#breadcrumb\",\"itemListElement\":[{\"@type\":\"ListItem\",\"position\":1,\"name\":\"In\\u00edcio\",\"item\":\"https:\/\/cmflorestopolis.pr.gov.br\/\"},{\"@type\":\"ListItem\",\"position\":2,\"name\":\"Atas Sess\\u00f5es 2017\"}]}]}<\/script>\n<!-- \/ Yoast SEO plugin. -->","yoast_head_json":{"title":"Atas Sess\u00f5es 2017 - C\u00e2mara Municipal de Florest\u00f3polis","robots":{"index":"index","follow":"follow","max-snippet":"max-snippet:-1","max-image-preview":"max-image-preview:large","max-video-preview":"max-video-preview:-1"},"canonical":"https:\/\/cmflorestopolis.pr.gov.br\/?page_id=139","og_locale":"pt_BR","og_type":"article","og_title":"Atas Sess\u00f5es 2017 - C\u00e2mara Municipal de Florest\u00f3polis","og_description":"Atas Sess\u00f5es 2017 Sess\u00f5es Ordin\u00e1rias 2017 35\u00aa Sess\u00e3o Ordin\u00e1ria \u2013 12\/12\/2017 34\u00aa Sess\u00e3o Ordin\u00e1ria \u2013 05\/12\/2017 33\u00aa Sess\u00e3o Ordin\u00e1ria \u2013 28\/11\/2017 32\u00aa Sess\u00e3o Ordin\u00e1ria \u2013 [...]","og_url":"https:\/\/cmflorestopolis.pr.gov.br\/?page_id=139","og_site_name":"C\u00e2mara Municipal de Florest\u00f3polis","article_modified_time":"2021-11-06T23:01:08+00:00","twitter_card":"summary_large_image","twitter_misc":{"Est. tempo de leitura":"1 minuto"},"schema":{"@context":"https:\/\/schema.org","@graph":[{"@type":"WebSite","@id":"https:\/\/cmflorestopolis.pr.gov.br\/#website","url":"https:\/\/cmflorestopolis.pr.gov.br\/","name":"C\u00e2mara Municipal de Florest\u00f3polis","description":"","potentialAction":[{"@type":"SearchAction","target":{"@type":"EntryPoint","urlTemplate":"https:\/\/cmflorestopolis.pr.gov.br\/?s={search_term_string}"},"query-input":"required name=search_term_string"}],"inLanguage":"pt-BR"},{"@type":"WebPage","@id":"https:\/\/cmflorestopolis.pr.gov.br\/?page_id=139#webpage","url":"https:\/\/cmflorestopolis.pr.gov.br\/?page_id=139","name":"Atas Sess\u00f5es 2017 - C\u00e2mara Municipal de Florest\u00f3polis","isPartOf":{"@id":"https:\/\/cmflorestopolis.pr.gov.br\/#website"},"datePublished":"2021-07-09T16:30:23+00:00","dateModified":"2021-11-06T23:01:08+00:00","breadcrumb":{"@id":"https:\/\/cmflorestopolis.pr.gov.br\/?page_id=139#breadcrumb"},"inLanguage":"pt-BR","potentialAction":[{"@type":"ReadAction","target":["https:\/\/cmflorestopolis.pr.gov.br\/?page_id=139"]}]},{"@type":"BreadcrumbList","@id":"https:\/\/cmflorestopolis.pr.gov.br\/?page_id=139#breadcrumb","itemListElement":[{"@type":"ListItem","position":1,"name":"In\u00edcio","item":"https:\/\/cmflorestopolis.pr.gov.br\/"},{"@type":"ListItem","position":2,"name":"Atas Sess\u00f5es 2017"}]}]}},"_links":{"self":[{"href":"https:\/\/cmflorestopolis.pr.gov.br\/index.php?rest_route=\/wp\/v2\/pages\/139"}],"collection":[{"href":"https:\/\/cmflorestopolis.pr.gov.br\/index.php?rest_route=\/wp\/v2\/pages"}],"about":[{"href":"https:\/\/cmflorestopolis.pr.gov.br\/index.php?rest_route=\/wp\/v2\/types\/page"}],"author":[{"embeddable":true,"href":"https:\/\/cmflorestopolis.pr.gov.br\/index.php?rest_route=\/wp\/v2\/users\/2"}],"replies":[{"embeddable":true,"href":"https:\/\/cmflorestopolis.pr.gov.br\/index.php?rest_route=%2Fwp%2Fv2%2Fcomments&post=139"}],"version-history":[{"count":9,"href":"https:\/\/cmflorestopolis.pr.gov.br\/index.php?rest_route=\/wp\/v2\/pages\/139\/revisions"}],"predecessor-version":[{"id":1462,"href":"https:\/\/cmflorestopolis.pr.gov.br\/index.php?rest_route=\/wp\/v2\/pages\/139\/revisions\/1462"}],"wp:attachment":[{"href":"https:\/\/cmflorestopolis.pr.gov.br\/index.php?rest_route=%2Fwp%2Fv2%2Fmedia&parent=139"}],"curies":[{"name":"wp","href":"https:\/\/api.w.org\/{rel}","templated":true}]}}