{"id":138,"date":"2021-07-09T13:30:23","date_gmt":"2021-07-09T16:30:23","guid":{"rendered":"https:\/\/camara897460250.wordpress.com\/?page_id=138"},"modified":"2021-11-06T23:21:08","modified_gmt":"2021-11-06T23:21:08","slug":"atas-sessoes-2018","status":"publish","type":"page","link":"https:\/\/cmflorestopolis.pr.gov.br\/?page_id=138","title":{"rendered":"Atas Sess\u00f5es 2018"},"content":{"rendered":"<p><strong>Sess\u00f5es Ordin\u00e1rias 2018<\/strong><\/p>\n<table width=\"445\">\n<tbody>\n<tr>\n<td><a href=\"https:\/\/cmflorestopolis.pr.gov.br\/wp-content\/uploads\/2021\/11\/ATA-19a-SESSAO-ORDINARIA_2018.pdf\"><strong>19 \u00aa Sess\u00e3o Ordin\u00e1ria<\/strong><\/a><strong><br \/>\n<\/strong><\/td>\n<\/tr>\n<tr>\n<td><a href=\"https:\/\/cmflorestopolis.pr.gov.br\/wp-content\/uploads\/2021\/11\/ATA-18a-SESSAO-ORDINARIA_2018.pdf\"><strong>18 \u00aa Sess\u00e3o Ordin\u00e1ria<\/strong><\/a><strong><br \/>\n<\/strong><\/td>\n<\/tr>\n<tr>\n<td><a href=\"https:\/\/cmflorestopolis.pr.gov.br\/wp-content\/uploads\/2021\/11\/ATA-17a-SESSAO-ORDINARIA_2018.pdf\"><strong>17 \u00aa Sess\u00e3o Ordin\u00e1ria<\/strong><\/a><\/td>\n<\/tr>\n<tr>\n<td><a href=\"https:\/\/cmflorestopolis.pr.gov.br\/wp-content\/uploads\/2021\/11\/ATA-16a-SESSAO-ORDINARIA_2018.pdf\"><strong>16 \u00aa Sess\u00e3o Ordin\u00e1ria<\/strong><\/a><\/td>\n<\/tr>\n<tr>\n<td><a href=\"https:\/\/cmflorestopolis.pr.gov.br\/wp-content\/uploads\/2021\/11\/ATA-15a-SESSAO-ORDINARIA_2018.pdf\"><strong>15 \u00aa Sess\u00e3o Ordin\u00e1ria<\/strong><\/a><\/td>\n<\/tr>\n<tr>\n<td><a href=\"https:\/\/cmflorestopolis.pr.gov.br\/wp-content\/uploads\/2021\/11\/ATA-14a-SESSAO-ORDINARIA_2018.pdf\"><strong>14 \u00aa Sess\u00e3o Ordin\u00e1ria<\/strong><\/a><\/td>\n<\/tr>\n<tr>\n<td><a href=\"https:\/\/cmflorestopolis.pr.gov.br\/wp-content\/uploads\/2021\/11\/ATA-13a-SESSAO-ORDINARIA_2018.pdf\"><strong>13 \u00aa Sess\u00e3o Ordin\u00e1ria<\/strong><\/a><\/td>\n<\/tr>\n<tr>\n<td><a href=\"https:\/\/cmflorestopolis.pr.gov.br\/wp-content\/uploads\/2021\/11\/ATA-12a-SESSAO-ORDINARIA_2018.pdf\"><strong>12 \u00aa Sess\u00e3o Ordin\u00e1ria<\/strong><\/a><\/td>\n<\/tr>\n<tr>\n<td><strong><a href=\"https:\/\/cmflorestopolis.pr.gov.br\/wp-content\/uploads\/2021\/11\/ATA-11a-SESSAO-ORDINARIA_2018.pdf\">11 \u00aa Sess\u00e3o Ordin\u00e1ria<\/a><br \/>\n<\/strong><\/td>\n<\/tr>\n<tr>\n<td><strong><a href=\"https:\/\/cmflorestopolis.pr.gov.br\/wp-content\/uploads\/2021\/11\/ATA-10a-SESSAO-ORDINARIA_2018.pdf\">10 \u00aa Sess\u00e3o Ordin\u00e1ria<\/a><br \/>\n<\/strong><\/td>\n<\/tr>\n<tr>\n<td><a href=\"https:\/\/cmflorestopolis.pr.gov.br\/wp-content\/uploads\/2021\/11\/ATA-09a-SESSAO-ORDINARIA_2018.pdf\"><strong>09 \u00aa Sess\u00e3o Ordin\u00e1ria<\/strong><\/a><\/td>\n<\/tr>\n<tr>\n<td><strong><a href=\"https:\/\/cmflorestopolis.pr.gov.br\/wp-content\/uploads\/2021\/11\/ATA-08a-SESSAO-ORDINARIA_2018.pdf\">08 \u00aa Sess\u00e3o Ordin\u00e1ria<\/a><br \/>\n<\/strong><\/td>\n<\/tr>\n<tr>\n<td><strong><a href=\"https:\/\/cmflorestopolis.pr.gov.br\/wp-content\/uploads\/2021\/11\/ATA-07a-SESSAO-ORDINARIA_2018.pdf\">07 \u00aa Sess\u00e3o Ordin\u00e1ria<\/a><br \/>\n<\/strong><\/td>\n<\/tr>\n<tr>\n<td><strong><a href=\"https:\/\/cmflorestopolis.pr.gov.br\/wp-content\/uploads\/2021\/11\/ATA-06a-SESSAO-ORDINARIA_2018.pdf\">06 \u00aa Sess\u00e3o Ordin\u00e1ria<\/a><br \/>\n<\/strong><\/td>\n<\/tr>\n<tr>\n<td><a href=\"https:\/\/cmflorestopolis.pr.gov.br\/wp-content\/uploads\/2021\/11\/ATA-05a-SESSAO-ORDINARIA_2018.pdf\"><strong>05 \u00aa Sess\u00e3o Ordin\u00e1ria<\/strong><\/a><\/td>\n<\/tr>\n<tr>\n<td><a href=\"https:\/\/cmflorestopolis.pr.gov.br\/wp-content\/uploads\/2021\/11\/ATA-04a-SESSAO-ORDINARIA_2018-_VOTACAO-CONTAS_.pdf\"><strong>04 \u00aa Sess\u00e3o Ordin\u00e1ria<\/strong><\/a><\/td>\n<\/tr>\n<tr>\n<td><a href=\"https:\/\/cmflorestopolis.pr.gov.br\/wp-content\/uploads\/2021\/11\/ATA-03a-SESSAO-ORDINARIA_2018.pdf\"><strong>03 \u00aa Sess\u00e3o Ordin\u00e1ria<\/strong><\/a><\/td>\n<\/tr>\n<tr>\n<td><a href=\"https:\/\/cmflorestopolis.pr.gov.br\/wp-content\/uploads\/2021\/11\/ATA-02a-SESSAO-ORDINARIA_2018.pdf\"><strong>02 \u00aa Sess\u00e3o Ordin\u00e1ria<\/strong><\/a><\/td>\n<\/tr>\n<tr>\n<td><a href=\"https:\/\/cmflorestopolis.pr.gov.br\/wp-content\/uploads\/2021\/11\/ATA-01a-SESSAO-ORDINARIA_2018.pdf\"><strong>01 \u00aa Sess\u00e3o Ordin\u00e1ria<\/strong><\/a><\/td>\n<\/tr>\n<\/tbody>\n<\/table>\n<div class=\"entry\">\n<p><strong>Sess\u00f5es Extraordin\u00e1rias 2018<\/strong><\/p>\n<table width=\"454\">\n<tbody>\n<tr>\n<td><a href=\"https:\/\/cmflorestopolis.pr.gov.br\/wp-content\/uploads\/2021\/11\/ATA-12a-SESSAO-EXTRAORDINARIA_2018.pdf\"><strong>ATA 12\u00aa SESS\u00c3O EXTRAORDIN\u00c1RIA<\/strong><\/a><\/td>\n<\/tr>\n<tr>\n<td><a href=\"https:\/\/cmflorestopolis.pr.gov.br\/wp-content\/uploads\/2021\/11\/ATA-11a-SESSAO-EXTRAORDINARIA_2018.pdf\"><strong>ATA 11\u00aa SESS\u00c3O EXTRAORDIN\u00c1RIA<\/strong><\/a><\/td>\n<\/tr>\n<tr>\n<td><a href=\"https:\/\/cmflorestopolis.pr.gov.br\/wp-content\/uploads\/2021\/11\/ATA-10a-SESSAO-EXTRAORDINARIA_2018.pdf\"><strong>ATA 10\u00aa SESS\u00c3O EXTRAORDIN\u00c1RIA<\/strong><\/a><\/td>\n<\/tr>\n<tr>\n<td><a href=\"https:\/\/cmflorestopolis.pr.gov.br\/wp-content\/uploads\/2021\/11\/ATA-09a-SESSAO-EXTRAORDINARIA_2018.pdf\"><strong>ATA 09\u00aa SESS\u00c3O EXTRAORDIN\u00c1RIA<\/strong><\/a><\/td>\n<\/tr>\n<tr>\n<td><a href=\"https:\/\/cmflorestopolis.pr.gov.br\/wp-content\/uploads\/2021\/11\/ATA-08a-SESSAO-EXTRAORDINARIA_2018.pdf\"><strong>ATA 08\u00aa SESS\u00c3O EXTRAORDIN\u00c1RIA<\/strong><\/a><\/td>\n<\/tr>\n<tr>\n<td><a href=\"https:\/\/cmflorestopolis.pr.gov.br\/wp-content\/uploads\/2021\/11\/ATA-07a-SESSAO-EXTRAORDINARIA_2018.pdf\"><strong>ATA 07\u00aa SESS\u00c3O EXTRAORDIN\u00c1RIA<\/strong><\/a><\/td>\n<\/tr>\n<tr>\n<td><a href=\"https:\/\/cmflorestopolis.pr.gov.br\/wp-content\/uploads\/2021\/11\/ATA-06a-SESSAO-EXTRAORDINARIA_2018.pdf\"><strong>ATA 06\u00aa SESS\u00c3O EXTRAORDIN\u00c1RIA<\/strong><\/a><\/td>\n<\/tr>\n<tr>\n<td><a href=\"https:\/\/cmflorestopolis.pr.gov.br\/wp-content\/uploads\/2021\/11\/ATA-05a-SESSAO-EXTRAORDINARIA_2018.pdf\"><strong>\u00a0ATA 05\u00aa SESS\u00c3O EXTRAORDIN\u00c1RIA<\/strong><\/a><\/td>\n<\/tr>\n<tr>\n<td>\u00a0<a href=\"https:\/\/cmflorestopolis.pr.gov.br\/wp-content\/uploads\/2021\/11\/ATA-04a-SESSAO-EXTRAORDINARIA_2018.pdf\"><strong>ATA 04\u00aa SESS\u00c3O EXTRAORDIN\u00c1RIA<\/strong><\/a><\/td>\n<\/tr>\n<tr>\n<td><strong>\u00a0<a href=\"https:\/\/cmflorestopolis.pr.gov.br\/wp-content\/uploads\/2021\/11\/ATA-03a-SESSAO-EXTRAORDINARIA_2018.pdf\">ATA 03\u00aa SESS\u00c3O EXTRAORDIN\u00c1RIA<\/a><\/strong><\/td>\n<\/tr>\n<tr>\n<td><a href=\"https:\/\/cmflorestopolis.pr.gov.br\/wp-content\/uploads\/2021\/11\/ATA-02a-SESSAO-EXTRAORDINARIA_2018.pdf\"><strong>ATA 02\u00aa SESS\u00c3O EXTRAORDIN\u00c1RIA<\/strong><\/a><\/td>\n<\/tr>\n<tr>\n<td><a href=\"https:\/\/cmflorestopolis.pr.gov.br\/wp-content\/uploads\/2021\/11\/ATA-01a-SESSAO-EXTRAORDINARIA_2018.pdf\"><strong>ATA 01\u00aa SESS\u00c3O EXTRAORDIN\u00c1RIA<\/strong><\/a><\/td>\n<\/tr>\n<\/tbody>\n<\/table>\n<\/div>\n","protected":false},"excerpt":{"rendered":"<p>Sess\u00f5es Ordin\u00e1rias 2018 19 \u00aa Sess\u00e3o Ordin\u00e1ria 18 \u00aa Sess\u00e3o Ordin\u00e1ria 17 \u00aa Sess\u00e3o Ordin\u00e1ria 16 \u00aa Sess\u00e3o Ordin\u00e1ria 15 \u00aa Sess\u00e3o Ordin\u00e1ria 14 \u00aa [&#8230;]<\/p>\n","protected":false},"author":2,"featured_media":0,"parent":0,"menu_order":0,"comment_status":"closed","ping_status":"closed","template":"","meta":[],"yoast_head":"<!-- This site is optimized with the Yoast SEO plugin v17.6 - https:\/\/yoast.com\/wordpress\/plugins\/seo\/ -->\n<title>Atas Sess\u00f5es 2018 - C\u00e2mara Municipal de Florest\u00f3polis<\/title>\n<meta name=\"robots\" content=\"index, follow, max-snippet:-1, max-image-preview:large, max-video-preview:-1\" \/>\n<link rel=\"canonical\" href=\"https:\/\/cmflorestopolis.pr.gov.br\/?page_id=138\" \/>\n<meta property=\"og:locale\" content=\"pt_BR\" \/>\n<meta property=\"og:type\" content=\"article\" \/>\n<meta property=\"og:title\" content=\"Atas Sess\u00f5es 2018 - C\u00e2mara Municipal de Florest\u00f3polis\" \/>\n<meta property=\"og:description\" content=\"Sess\u00f5es Ordin\u00e1rias 2018 19 \u00aa Sess\u00e3o Ordin\u00e1ria 18 \u00aa Sess\u00e3o Ordin\u00e1ria 17 \u00aa Sess\u00e3o Ordin\u00e1ria 16 \u00aa Sess\u00e3o Ordin\u00e1ria 15 \u00aa Sess\u00e3o Ordin\u00e1ria 14 \u00aa [...]\" \/>\n<meta property=\"og:url\" content=\"https:\/\/cmflorestopolis.pr.gov.br\/?page_id=138\" \/>\n<meta property=\"og:site_name\" content=\"C\u00e2mara Municipal de Florest\u00f3polis\" \/>\n<meta property=\"article:modified_time\" content=\"2021-11-06T23:21:08+00:00\" \/>\n<meta name=\"twitter:card\" content=\"summary_large_image\" \/>\n<meta name=\"twitter:label1\" content=\"Est. tempo de leitura\" \/>\n\t<meta name=\"twitter:data1\" content=\"1 minuto\" \/>\n<script type=\"application\/ld+json\" class=\"yoast-schema-graph\">{\"@context\":\"https:\/\/schema.org\",\"@graph\":[{\"@type\":\"WebSite\",\"@id\":\"https:\/\/cmflorestopolis.pr.gov.br\/#website\",\"url\":\"https:\/\/cmflorestopolis.pr.gov.br\/\",\"name\":\"C\\u00e2mara Municipal de Florest\\u00f3polis\",\"description\":\"\",\"potentialAction\":[{\"@type\":\"SearchAction\",\"target\":{\"@type\":\"EntryPoint\",\"urlTemplate\":\"https:\/\/cmflorestopolis.pr.gov.br\/?s={search_term_string}\"},\"query-input\":\"required name=search_term_string\"}],\"inLanguage\":\"pt-BR\"},{\"@type\":\"WebPage\",\"@id\":\"https:\/\/cmflorestopolis.pr.gov.br\/?page_id=138#webpage\",\"url\":\"https:\/\/cmflorestopolis.pr.gov.br\/?page_id=138\",\"name\":\"Atas Sess\\u00f5es 2018 - C\\u00e2mara Municipal de Florest\\u00f3polis\",\"isPartOf\":{\"@id\":\"https:\/\/cmflorestopolis.pr.gov.br\/#website\"},\"datePublished\":\"2021-07-09T16:30:23+00:00\",\"dateModified\":\"2021-11-06T23:21:08+00:00\",\"breadcrumb\":{\"@id\":\"https:\/\/cmflorestopolis.pr.gov.br\/?page_id=138#breadcrumb\"},\"inLanguage\":\"pt-BR\",\"potentialAction\":[{\"@type\":\"ReadAction\",\"target\":[\"https:\/\/cmflorestopolis.pr.gov.br\/?page_id=138\"]}]},{\"@type\":\"BreadcrumbList\",\"@id\":\"https:\/\/cmflorestopolis.pr.gov.br\/?page_id=138#breadcrumb\",\"itemListElement\":[{\"@type\":\"ListItem\",\"position\":1,\"name\":\"In\\u00edcio\",\"item\":\"https:\/\/cmflorestopolis.pr.gov.br\/\"},{\"@type\":\"ListItem\",\"position\":2,\"name\":\"Atas Sess\\u00f5es 2018\"}]}]}<\/script>\n<!-- \/ Yoast SEO plugin. -->","yoast_head_json":{"title":"Atas Sess\u00f5es 2018 - C\u00e2mara Municipal de Florest\u00f3polis","robots":{"index":"index","follow":"follow","max-snippet":"max-snippet:-1","max-image-preview":"max-image-preview:large","max-video-preview":"max-video-preview:-1"},"canonical":"https:\/\/cmflorestopolis.pr.gov.br\/?page_id=138","og_locale":"pt_BR","og_type":"article","og_title":"Atas Sess\u00f5es 2018 - C\u00e2mara Municipal de Florest\u00f3polis","og_description":"Sess\u00f5es Ordin\u00e1rias 2018 19 \u00aa Sess\u00e3o Ordin\u00e1ria 18 \u00aa Sess\u00e3o Ordin\u00e1ria 17 \u00aa Sess\u00e3o Ordin\u00e1ria 16 \u00aa Sess\u00e3o Ordin\u00e1ria 15 \u00aa Sess\u00e3o Ordin\u00e1ria 14 \u00aa [...]","og_url":"https:\/\/cmflorestopolis.pr.gov.br\/?page_id=138","og_site_name":"C\u00e2mara Municipal de Florest\u00f3polis","article_modified_time":"2021-11-06T23:21:08+00:00","twitter_card":"summary_large_image","twitter_misc":{"Est. tempo de leitura":"1 minuto"},"schema":{"@context":"https:\/\/schema.org","@graph":[{"@type":"WebSite","@id":"https:\/\/cmflorestopolis.pr.gov.br\/#website","url":"https:\/\/cmflorestopolis.pr.gov.br\/","name":"C\u00e2mara Municipal de Florest\u00f3polis","description":"","potentialAction":[{"@type":"SearchAction","target":{"@type":"EntryPoint","urlTemplate":"https:\/\/cmflorestopolis.pr.gov.br\/?s={search_term_string}"},"query-input":"required name=search_term_string"}],"inLanguage":"pt-BR"},{"@type":"WebPage","@id":"https:\/\/cmflorestopolis.pr.gov.br\/?page_id=138#webpage","url":"https:\/\/cmflorestopolis.pr.gov.br\/?page_id=138","name":"Atas Sess\u00f5es 2018 - C\u00e2mara Municipal de Florest\u00f3polis","isPartOf":{"@id":"https:\/\/cmflorestopolis.pr.gov.br\/#website"},"datePublished":"2021-07-09T16:30:23+00:00","dateModified":"2021-11-06T23:21:08+00:00","breadcrumb":{"@id":"https:\/\/cmflorestopolis.pr.gov.br\/?page_id=138#breadcrumb"},"inLanguage":"pt-BR","potentialAction":[{"@type":"ReadAction","target":["https:\/\/cmflorestopolis.pr.gov.br\/?page_id=138"]}]},{"@type":"BreadcrumbList","@id":"https:\/\/cmflorestopolis.pr.gov.br\/?page_id=138#breadcrumb","itemListElement":[{"@type":"ListItem","position":1,"name":"In\u00edcio","item":"https:\/\/cmflorestopolis.pr.gov.br\/"},{"@type":"ListItem","position":2,"name":"Atas Sess\u00f5es 2018"}]}]}},"_links":{"self":[{"href":"https:\/\/cmflorestopolis.pr.gov.br\/index.php?rest_route=\/wp\/v2\/pages\/138"}],"collection":[{"href":"https:\/\/cmflorestopolis.pr.gov.br\/index.php?rest_route=\/wp\/v2\/pages"}],"about":[{"href":"https:\/\/cmflorestopolis.pr.gov.br\/index.php?rest_route=\/wp\/v2\/types\/page"}],"author":[{"embeddable":true,"href":"https:\/\/cmflorestopolis.pr.gov.br\/index.php?rest_route=\/wp\/v2\/users\/2"}],"replies":[{"embeddable":true,"href":"https:\/\/cmflorestopolis.pr.gov.br\/index.php?rest_route=%2Fwp%2Fv2%2Fcomments&post=138"}],"version-history":[{"count":5,"href":"https:\/\/cmflorestopolis.pr.gov.br\/index.php?rest_route=\/wp\/v2\/pages\/138\/revisions"}],"predecessor-version":[{"id":1498,"href":"https:\/\/cmflorestopolis.pr.gov.br\/index.php?rest_route=\/wp\/v2\/pages\/138\/revisions\/1498"}],"wp:attachment":[{"href":"https:\/\/cmflorestopolis.pr.gov.br\/index.php?rest_route=%2Fwp%2Fv2%2Fmedia&parent=138"}],"curies":[{"name":"wp","href":"https:\/\/api.w.org\/{rel}","templated":true}]}}